{"id":306,"date":"2026-02-23T13:41:16","date_gmt":"2026-02-23T06:41:16","guid":{"rendered":"https:\/\/dotuvechinhhang.vn\/?post_type=product&#038;p=306"},"modified":"2026-02-23T13:41:16","modified_gmt":"2026-02-23T06:41:16","slug":"baton-bam-tu-dong","status":"publish","type":"product","link":"https:\/\/dotuvechinhhang.vn\/?product=baton-bam-tu-dong","title":{"rendered":"Baton b\u1ea5m t\u1ef1 \u0111\u1ed9ng"},"content":{"rendered":"<h2 data-start=\"284\" data-end=\"311\">\ud83d\udd2b Baton b\u1ea5m m\u1edf l\u00e0 g\u00ec?<\/h2>\n<p data-start=\"313\" data-end=\"663\"><strong data-start=\"313\" data-end=\"329\">Baton b\u1ea5m m\u1edf<\/strong> (hay <em data-start=\"335\" data-end=\"365\">telescopic\/push-button baton<\/em>) l\u00e0 lo\u1ea1i <strong data-start=\"375\" data-end=\"402\">g\u1eady t\u1ef1 v\u1ec7 du\u1ed7i d\u00e0i \u0111\u01b0\u1ee3c<\/strong> khi thao t\u00e1c nh\u1ea5n n\u00fat ho\u1eb7c k\u00e9o v\u00e0 t\u1ef1 kh\u00f3a l\u1ea1i \u0111\u1ec3 s\u1eed d\u1ee5ng, v\u00e0 c\u00f3 th\u1ec3 <strong data-start=\"471\" data-end=\"524\">thu g\u1ecdn l\u1ea1i sau khi d\u00f9ng b\u1eb1ng c\u00e1ch nh\u1ea5n n\u00fat \u1edf \u0111\u1ea7u<\/strong>. Hi\u1ec7n nay nhi\u1ec1u baton s\u1eed d\u1ee5ng c\u01a1 ch\u1ebf <em data-start=\"562\" data-end=\"575\">kh\u00f3a c\u01a1 h\u1ecdc<\/em> ho\u1eb7c <em data-start=\"581\" data-end=\"595\">kh\u00f3a t\u1ef1 \u0111\u1ed9ng<\/em> \u0111\u1ec3 c\u1ed1 \u0111\u1ecbnh c\u00e1c \u1ed1ng khi m\u1edf ra.<\/p>\n<p data-start=\"665\" data-end=\"970\">\ud83d\udea8 L\u01b0u \u00fd: Baton l\u00e0 d\u1ee5ng c\u1ee5 ph\u00f2ng th\u00e2n v\u00e0 trong m\u1ed9t s\u1ed1 qu\u1ed1c gia\/v\u00f9ng l\u00e3nh th\u1ed5, <strong data-start=\"743\" data-end=\"837\">vi\u1ec7c s\u1edf h\u1eefu\/mang theo lo\u1ea1i n\u00e0y c\u00f3 th\u1ec3 b\u1ecb coi l\u00e0 mang v\u0169 kh\u00ed v\u00e0 ph\u00e1p lu\u1eadt c\u00f3 quy \u0111\u1ecbnh ri\u00eang<\/strong> \u2014 n\u00ean ki\u1ec3m tra quy \u0111\u1ecbnh ph\u00e1p lu\u1eadt t\u1ea1i n\u01a1i b\u1ea1n sinh s\u1ed1ng tr\u01b0\u1edbc khi mua ho\u1eb7c mang theo ra ngo\u00e0i.<\/p>\n<hr data-start=\"972\" data-end=\"975\" \/>\n<h2 data-start=\"977\" data-end=\"1016\">\ud83d\udccf C\u00e1c k\u00edch th\u01b0\u1edbc baton b\u1ea5m ph\u1ed5 bi\u1ebfn<\/h2>\n<h3 data-start=\"1018\" data-end=\"1070\">\ud83e\udeb6 1. <strong data-start=\"1028\" data-end=\"1038\">~40 cm<\/strong> (thu g\u1ecdn \/ di chuy\u1ec3n d\u1ec5 d\u00e0ng)<\/h3>\n<ul data-start=\"1071\" data-end=\"1440\">\n<li data-start=\"1071\" data-end=\"1166\">\n<p data-start=\"1073\" data-end=\"1166\">\u0110\u00e2y l\u00e0 size ng\u1eafn nh\u1ea5t trong 3 lo\u1ea1i, t\u01b0\u01a1ng \u0111\u01b0\u01a1ng kho\u1ea3ng <strong data-start=\"1128\" data-end=\"1139\">16 inch<\/strong> (~40\u201343 cm khi du\u1ed7i ra).<\/p>\n<\/li>\n<li data-start=\"1167\" data-end=\"1288\">\n<p data-start=\"1169\" data-end=\"1288\"><strong data-start=\"1169\" data-end=\"1181\">\u01afu \u0111i\u1ec3m:<\/strong> nh\u1ecf g\u1ecdn, <strong data-start=\"1191\" data-end=\"1209\">thao t\u00e1c nhanh<\/strong>, d\u1ec5 mang theo, c\u1ea5t trong balo, c\u1ed1p xe.<\/p>\n<\/li>\n<li data-start=\"1289\" data-end=\"1368\">\n<p data-start=\"1291\" data-end=\"1368\"><strong data-start=\"1291\" data-end=\"1301\">Nh\u01b0\u1ee3c:<\/strong> l\u1ef1c \u0111\u00e1nh\/\u0111\u00f2n s\u1ebd \u00edt h\u01a1n so v\u1edbi baton d\u00e0i h\u01a1n v\u00ec d\u1ee5ng c\u1ee5 ng\u1eafn h\u01a1n.<\/p>\n<\/li>\n<li data-start=\"1369\" data-end=\"1440\">\n<p data-start=\"1371\" data-end=\"1440\">Ph\u00f9 h\u1ee3p v\u1edbi: t\u1ef1 v\u1ec7 \u1edf kh\u00f4ng gian nh\u1ecf, mang theo khi di chuy\u1ec3n nhi\u1ec1u.<\/p>\n<\/li>\n<\/ul>\n<hr data-start=\"1442\" data-end=\"1445\" \/>\n<h3 data-start=\"1447\" data-end=\"1511\">\ud83d\udee1\ufe0f 2. <strong data-start=\"1458\" data-end=\"1468\">~52 cm<\/strong> (v\u1eeba t\u1ea7m, c\u00e2n b\u1eb1ng gi\u1eefa g\u1ecdn v\u00e0 hi\u1ec7u qu\u1ea3)<\/h3>\n<ul data-start=\"1512\" data-end=\"1881\">\n<li data-start=\"1512\" data-end=\"1598\">\n<p data-start=\"1514\" data-end=\"1598\">L\u00e0 k\u00edch th\u01b0\u1edbc trung b\u00ecnh (kho\u1ea3ng <strong data-start=\"1547\" data-end=\"1561\">20\u201322 inch<\/strong>) v\u00e0 l\u00e0 l\u1ef1a ch\u1ecdn c\u00e2n b\u1eb1ng l\u00fd t\u01b0\u1edfng.<\/p>\n<\/li>\n<li data-start=\"1599\" data-end=\"1749\">\n<p data-start=\"1601\" data-end=\"1615\"><strong data-start=\"1601\" data-end=\"1613\">\u01afu \u0111i\u1ec3m:<\/strong><\/p>\n<ul data-start=\"1618\" data-end=\"1749\">\n<li data-start=\"1618\" data-end=\"1675\">\n<p data-start=\"1620\" data-end=\"1675\">Cho <strong data-start=\"1624\" data-end=\"1649\">kho\u1ea3ng c\u00e1ch t\u1ef1 v\u1ec7 t\u1ed1t<\/strong> h\u01a1n so v\u1edbi baton 40 cm.<\/p>\n<\/li>\n<li data-start=\"1678\" data-end=\"1749\">\n<p data-start=\"1680\" data-end=\"1749\">\u0110\u1ed9 d\u00e0i \u0111\u1ee7 mang l\u1ea1i \u0111\u00f2n l\u1ef1c m\u1ea1nh h\u01a1n, nh\u01b0ng v\u1eabn kh\u00f4ng qu\u00e1 c\u1ed3ng k\u1ec1nh.<\/p>\n<\/li>\n<\/ul>\n<\/li>\n<li data-start=\"1750\" data-end=\"1881\">\n<p data-start=\"1752\" data-end=\"1881\"><strong data-start=\"1752\" data-end=\"1762\">Nh\u01b0\u1ee3c:<\/strong> v\u1eabn ng\u1eafn h\u01a1n so v\u1edbi 65 cm n\u00ean l\u1ef1c t\u00e1c \u0111\u1ed9ng t\u1ed5ng th\u1ec3 th\u1ea5p h\u01a1n thi\u1ebft b\u1ecb d\u00e0i h\u01a1n.<\/p>\n<\/li>\n<\/ul>\n<hr data-start=\"1883\" data-end=\"1886\" \/>\n<h3 data-start=\"1888\" data-end=\"1947\">\ud83e\uddbe 3. <strong data-start=\"1898\" data-end=\"1908\">~65 cm<\/strong> (\u0111\u1ee7 \u0111\u1ec3 t\u1ef1 v\u1ec7 trong \u0111a s\u1ed1 t\u00ecnh hu\u1ed1ng)<\/h3>\n<ul data-start=\"1948\" data-end=\"2337\">\n<li data-start=\"1948\" data-end=\"2028\">\n<p data-start=\"1950\" data-end=\"2028\">\u0110\u00e2y l\u00e0 length ph\u1ed5 bi\u1ebfn nh\u1ea5t khi baton \u0111\u01b0\u1ee3c m\u1edf ra \u2014 x\u1ea5p x\u1ec9 ~26 inch khi du\u1ed7i.<\/p>\n<\/li>\n<li data-start=\"2029\" data-end=\"2198\">\n<p data-start=\"2031\" data-end=\"2045\"><strong data-start=\"2031\" data-end=\"2043\">\u01afu \u0111i\u1ec3m:<\/strong><\/p>\n<ul data-start=\"2048\" data-end=\"2198\">\n<li data-start=\"2048\" data-end=\"2107\">\n<p data-start=\"2050\" data-end=\"2107\">Cung c\u1ea5p <strong data-start=\"2059\" data-end=\"2091\">kho\u1ea3ng c\u00e1ch an to\u00e0n t\u1ed1t nh\u1ea5t<\/strong> trong 3 lo\u1ea1i.<\/p>\n<\/li>\n<li data-start=\"2110\" data-end=\"2198\">\n<p data-start=\"2112\" data-end=\"2198\">Cho l\u1ef1c t\u00e1c \u0111\u1ed9ng m\u1ea1nh h\u01a1n (v\u00ec \u0111\u1ed9 d\u00e0i c\u1ea7n thi\u1ebft \u0111\u1ec3 t\u1ea1o qu\u00e1n t\u00ednh) khi \u0111\u1ea9y\/d\u00f9ng baton.<\/p>\n<\/li>\n<\/ul>\n<\/li>\n<li data-start=\"2199\" data-end=\"2337\">\n<p data-start=\"2201\" data-end=\"2337\"><strong data-start=\"2201\" data-end=\"2211\">Nh\u01b0\u1ee3c:<\/strong> k\u00edch th\u01b0\u1edbc l\u1edbn h\u01a1n n\u00ean thu g\u1ecdn v\u00e0 mang theo c\u00f3 th\u1ec3 n\u1eb7ng v\u00e0 d\u00e0i h\u01a1n khi c\u1ea5t trong t\u00fai.<\/p>\n<\/li>\n<\/ul>\n<hr data-start=\"2339\" data-end=\"2342\" \/>\n<h2 data-start=\"2344\" data-end=\"2384\">\ud83c\udfaf C\u00e1ch ho\u1ea1t \u0111\u1ed9ng &amp; c\u01a1 ch\u1ebf <em data-start=\"2374\" data-end=\"2382\">b\u1ea5m m\u1edf<\/em><\/h2>\n<p data-start=\"2386\" data-end=\"2739\">\ud83d\udd39 Th\u00f4ng th\u01b0\u1eddng khi baton \u0111ang trong <strong data-start=\"2423\" data-end=\"2445\">tr\u1ea1ng th\u00e1i thu g\u1ecdn<\/strong>, b\u1ea1n nh\u1ea5n n\u00fat b\u00ean h\u00f4ng ho\u1eb7c k\u00e9o c\u00e1c \u1ed1ng ngo\u00e0i \u2014 baton s\u1ebd t\u1ef1 <strong data-start=\"2506\" data-end=\"2554\">m\u1edf ra v\u00e0 kh\u00f3a l\u1ea1i b\u1eb1ng c\u01a1 ch\u1ebf l\u00f2 xo\/kim lo\u1ea1i<\/strong>. <br data-start=\"2593\" data-end=\"2596\" \/>\ud83d\udd39 Khi c\u1ea7n thu g\u1ecdn, b\u1ea1n <strong data-start=\"2620\" data-end=\"2650\">nh\u1ea5n n\u00fat kh\u00f3a \u1edf \u0111u\u00f4i baton<\/strong> \u0111\u1ec3 gi\u1ea3i ph\u00f3ng c\u00e1c kh\u1edbp v\u00e0 \u0111\u1ea9y c\u00e1c \u1ed1ng v\u00e0o trong.<\/p>\n<p data-start=\"2741\" data-end=\"2924\">\u27a1\ufe0f \u0110i\u1ec1u n\u00e0y l\u00e0m cho baton b\u1ea5m m\u1edf tr\u1edf n\u00ean <strong data-start=\"2782\" data-end=\"2804\">nhanh \u2013 g\u1ecdn \u2013 ch\u1eafc<\/strong> v\u00e0 ph\u00f9 h\u1ee3p v\u1edbi \u0111\u1ed9i b\u1ea3o v\u1ec7, l\u1ef1c l\u01b0\u1ee3ng an ninh ho\u1eb7c ng\u01b0\u1eddi d\u00f9ng c\u00e1 nh\u00e2n trong t\u1ef1 v\u1ec7.<\/p>\n","protected":false},"excerpt":{"rendered":"<p>\ud83d\udd2b Baton b\u1ea5m m\u1edf l\u00e0 g\u00ec? Baton b\u1ea5m m\u1edf (hay telescopic\/push-button baton) l\u00e0 lo\u1ea1i g\u1eady t\u1ef1 v\u1ec7 du\u1ed7i d\u00e0i \u0111\u01b0\u1ee3c khi thao t\u00e1c nh\u1ea5n n\u00fat ho\u1eb7c k\u00e9o v\u00e0 t\u1ef1 kh\u00f3a l\u1ea1i \u0111\u1ec3 s\u1eed d\u1ee5ng, v\u00e0 c\u00f3 th\u1ec3 thu g\u1ecdn l\u1ea1i sau khi d\u00f9ng b\u1eb1ng c\u00e1ch nh\u1ea5n n\u00fat \u1edf \u0111\u1ea7u. Hi\u1ec7n nay nhi\u1ec1u baton s\u1eed d\u1ee5ng [&#8230;]\n","protected":false},"featured_media":310,"template":"","meta":[],"product_brand":[],"product_cat":[20,28],"product_tag":[],"class_list":{"0":"post-306","1":"product","2":"type-product","3":"status-publish","4":"has-post-thumbnail","6":"product_cat-baton","7":"product_cat-baton-bam-tu-dong","9":"first","10":"instock","11":"shipping-taxable","12":"purchasable","13":"product-type-variable"},"yoast_head":"<!-- This site is optimized with the Yoast SEO plugin v27.0 - https:\/\/yoast.com\/product\/yoast-seo-wordpress\/ -->\n<title>Baton b\u1ea5m t\u1ef1 \u0111\u1ed9ng - Baton - Ch\u00edch \u0110i\u1ec7n - X\u1ecbt Cay ch\u00ednh h\u00e3ng<\/title>\n<meta name=\"robots\" content=\"index, follow, max-snippet:-1, max-image-preview:large, max-video-preview:-1\" \/>\n<link rel=\"canonical\" href=\"https:\/\/dotuvechinhhang.vn\/?product=baton-bam-tu-dong\" \/>\n<meta property=\"og:locale\" content=\"vi_VN\" \/>\n<meta property=\"og:type\" content=\"article\" \/>\n<meta property=\"og:title\" content=\"Baton b\u1ea5m t\u1ef1 \u0111\u1ed9ng - Baton - Ch\u00edch \u0110i\u1ec7n - X\u1ecbt Cay ch\u00ednh h\u00e3ng\" \/>\n<meta property=\"og:description\" content=\"\ud83d\udd2b Baton b\u1ea5m m\u1edf l\u00e0 g\u00ec? Baton b\u1ea5m m\u1edf (hay telescopic\/push-button baton) l\u00e0 lo\u1ea1i g\u1eady t\u1ef1 v\u1ec7 du\u1ed7i d\u00e0i \u0111\u01b0\u1ee3c khi thao t\u00e1c nh\u1ea5n n\u00fat ho\u1eb7c k\u00e9o v\u00e0 t\u1ef1 kh\u00f3a l\u1ea1i \u0111\u1ec3 s\u1eed d\u1ee5ng, v\u00e0 c\u00f3 th\u1ec3 thu g\u1ecdn l\u1ea1i sau khi d\u00f9ng b\u1eb1ng c\u00e1ch nh\u1ea5n n\u00fat \u1edf \u0111\u1ea7u. Hi\u1ec7n nay nhi\u1ec1u baton s\u1eed d\u1ee5ng [...]\" \/>\n<meta property=\"og:url\" content=\"https:\/\/dotuvechinhhang.vn\/?product=baton-bam-tu-dong\" \/>\n<meta property=\"og:site_name\" content=\"Baton - Ch\u00edch \u0110i\u1ec7n - X\u1ecbt Cay ch\u00ednh h\u00e3ng\" \/>\n<meta property=\"og:image\" content=\"https:\/\/dotuvechinhhang.vn\/wp-content\/uploads\/2026\/02\/img_4620_95138d4fa7554fd5a30357dc17df1501_master.jpg\" \/>\n\t<meta property=\"og:image:width\" content=\"1200\" \/>\n\t<meta property=\"og:image:height\" content=\"1200\" \/>\n\t<meta property=\"og:image:type\" content=\"image\/jpeg\" \/>\n<meta name=\"twitter:card\" content=\"summary_large_image\" \/>\n<meta name=\"twitter:label1\" content=\"\u01af\u1edbc t\u00ednh th\u1eddi gian \u0111\u1ecdc\" \/>\n\t<meta name=\"twitter:data1\" content=\"3 ph\u00fat\" \/>\n<script type=\"application\/ld+json\" class=\"yoast-schema-graph\">{\"@context\":\"https:\/\/schema.org\",\"@graph\":[{\"@type\":\"WebPage\",\"@id\":\"https:\/\/dotuvechinhhang.vn\/?product=baton-bam-tu-dong\",\"url\":\"https:\/\/dotuvechinhhang.vn\/?product=baton-bam-tu-dong\",\"name\":\"Baton b\u1ea5m t\u1ef1 \u0111\u1ed9ng - Baton - Ch\u00edch \u0110i\u1ec7n - X\u1ecbt Cay ch\u00ednh h\u00e3ng\",\"isPartOf\":{\"@id\":\"https:\/\/dotuvechinhhang.vn\/#website\"},\"primaryImageOfPage\":{\"@id\":\"https:\/\/dotuvechinhhang.vn\/?product=baton-bam-tu-dong#primaryimage\"},\"image\":{\"@id\":\"https:\/\/dotuvechinhhang.vn\/?product=baton-bam-tu-dong#primaryimage\"},\"thumbnailUrl\":\"https:\/\/dotuvechinhhang.vn\/wp-content\/uploads\/2026\/02\/img_4620_95138d4fa7554fd5a30357dc17df1501_master.jpg\",\"datePublished\":\"2026-02-23T06:41:16+00:00\",\"breadcrumb\":{\"@id\":\"https:\/\/dotuvechinhhang.vn\/?product=baton-bam-tu-dong#breadcrumb\"},\"inLanguage\":\"vi\",\"potentialAction\":[{\"@type\":\"ReadAction\",\"target\":[\"https:\/\/dotuvechinhhang.vn\/?product=baton-bam-tu-dong\"]}]},{\"@type\":\"ImageObject\",\"inLanguage\":\"vi\",\"@id\":\"https:\/\/dotuvechinhhang.vn\/?product=baton-bam-tu-dong#primaryimage\",\"url\":\"https:\/\/dotuvechinhhang.vn\/wp-content\/uploads\/2026\/02\/img_4620_95138d4fa7554fd5a30357dc17df1501_master.jpg\",\"contentUrl\":\"https:\/\/dotuvechinhhang.vn\/wp-content\/uploads\/2026\/02\/img_4620_95138d4fa7554fd5a30357dc17df1501_master.jpg\",\"width\":1200,\"height\":1200},{\"@type\":\"BreadcrumbList\",\"@id\":\"https:\/\/dotuvechinhhang.vn\/?product=baton-bam-tu-dong#breadcrumb\",\"itemListElement\":[{\"@type\":\"ListItem\",\"position\":1,\"name\":\"Trang ch\u1ee7\",\"item\":\"https:\/\/dotuvechinhhang.vn\/\"},{\"@type\":\"ListItem\",\"position\":2,\"name\":\"S\u1ea3n ph\u1ea9m\",\"item\":\"https:\/\/dotuvechinhhang.vn\/?post_type=product\"},{\"@type\":\"ListItem\",\"position\":3,\"name\":\"Baton b\u1ea5m t\u1ef1 \u0111\u1ed9ng\"}]},{\"@type\":\"WebSite\",\"@id\":\"https:\/\/dotuvechinhhang.vn\/#website\",\"url\":\"https:\/\/dotuvechinhhang.vn\/\",\"name\":\"Baton - Ch\u00edch \u0110i\u1ec7n - X\u1ecbt Cay ch\u00ednh h\u00e3ng\",\"description\":\"\",\"potentialAction\":[{\"@type\":\"SearchAction\",\"target\":{\"@type\":\"EntryPoint\",\"urlTemplate\":\"https:\/\/dotuvechinhhang.vn\/?s={search_term_string}\"},\"query-input\":{\"@type\":\"PropertyValueSpecification\",\"valueRequired\":true,\"valueName\":\"search_term_string\"}}],\"inLanguage\":\"vi\"}]}<\/script>\n<!-- \/ Yoast SEO plugin. -->","yoast_head_json":{"title":"Baton b\u1ea5m t\u1ef1 \u0111\u1ed9ng - Baton - Ch\u00edch \u0110i\u1ec7n - X\u1ecbt Cay ch\u00ednh h\u00e3ng","robots":{"index":"index","follow":"follow","max-snippet":"max-snippet:-1","max-image-preview":"max-image-preview:large","max-video-preview":"max-video-preview:-1"},"canonical":"https:\/\/dotuvechinhhang.vn\/?product=baton-bam-tu-dong","og_locale":"vi_VN","og_type":"article","og_title":"Baton b\u1ea5m t\u1ef1 \u0111\u1ed9ng - Baton - Ch\u00edch \u0110i\u1ec7n - X\u1ecbt Cay ch\u00ednh h\u00e3ng","og_description":"\ud83d\udd2b Baton b\u1ea5m m\u1edf l\u00e0 g\u00ec? Baton b\u1ea5m m\u1edf (hay telescopic\/push-button baton) l\u00e0 lo\u1ea1i g\u1eady t\u1ef1 v\u1ec7 du\u1ed7i d\u00e0i \u0111\u01b0\u1ee3c khi thao t\u00e1c nh\u1ea5n n\u00fat ho\u1eb7c k\u00e9o v\u00e0 t\u1ef1 kh\u00f3a l\u1ea1i \u0111\u1ec3 s\u1eed d\u1ee5ng, v\u00e0 c\u00f3 th\u1ec3 thu g\u1ecdn l\u1ea1i sau khi d\u00f9ng b\u1eb1ng c\u00e1ch nh\u1ea5n n\u00fat \u1edf \u0111\u1ea7u. Hi\u1ec7n nay nhi\u1ec1u baton s\u1eed d\u1ee5ng [...]","og_url":"https:\/\/dotuvechinhhang.vn\/?product=baton-bam-tu-dong","og_site_name":"Baton - Ch\u00edch \u0110i\u1ec7n - X\u1ecbt Cay ch\u00ednh h\u00e3ng","og_image":[{"width":1200,"height":1200,"url":"https:\/\/dotuvechinhhang.vn\/wp-content\/uploads\/2026\/02\/img_4620_95138d4fa7554fd5a30357dc17df1501_master.jpg","type":"image\/jpeg"}],"twitter_card":"summary_large_image","twitter_misc":{"\u01af\u1edbc t\u00ednh th\u1eddi gian \u0111\u1ecdc":"3 ph\u00fat"},"schema":{"@context":"https:\/\/schema.org","@graph":[{"@type":"WebPage","@id":"https:\/\/dotuvechinhhang.vn\/?product=baton-bam-tu-dong","url":"https:\/\/dotuvechinhhang.vn\/?product=baton-bam-tu-dong","name":"Baton b\u1ea5m t\u1ef1 \u0111\u1ed9ng - Baton - Ch\u00edch \u0110i\u1ec7n - X\u1ecbt Cay ch\u00ednh h\u00e3ng","isPartOf":{"@id":"https:\/\/dotuvechinhhang.vn\/#website"},"primaryImageOfPage":{"@id":"https:\/\/dotuvechinhhang.vn\/?product=baton-bam-tu-dong#primaryimage"},"image":{"@id":"https:\/\/dotuvechinhhang.vn\/?product=baton-bam-tu-dong#primaryimage"},"thumbnailUrl":"https:\/\/dotuvechinhhang.vn\/wp-content\/uploads\/2026\/02\/img_4620_95138d4fa7554fd5a30357dc17df1501_master.jpg","datePublished":"2026-02-23T06:41:16+00:00","breadcrumb":{"@id":"https:\/\/dotuvechinhhang.vn\/?product=baton-bam-tu-dong#breadcrumb"},"inLanguage":"vi","potentialAction":[{"@type":"ReadAction","target":["https:\/\/dotuvechinhhang.vn\/?product=baton-bam-tu-dong"]}]},{"@type":"ImageObject","inLanguage":"vi","@id":"https:\/\/dotuvechinhhang.vn\/?product=baton-bam-tu-dong#primaryimage","url":"https:\/\/dotuvechinhhang.vn\/wp-content\/uploads\/2026\/02\/img_4620_95138d4fa7554fd5a30357dc17df1501_master.jpg","contentUrl":"https:\/\/dotuvechinhhang.vn\/wp-content\/uploads\/2026\/02\/img_4620_95138d4fa7554fd5a30357dc17df1501_master.jpg","width":1200,"height":1200},{"@type":"BreadcrumbList","@id":"https:\/\/dotuvechinhhang.vn\/?product=baton-bam-tu-dong#breadcrumb","itemListElement":[{"@type":"ListItem","position":1,"name":"Trang ch\u1ee7","item":"https:\/\/dotuvechinhhang.vn\/"},{"@type":"ListItem","position":2,"name":"S\u1ea3n ph\u1ea9m","item":"https:\/\/dotuvechinhhang.vn\/?post_type=product"},{"@type":"ListItem","position":3,"name":"Baton b\u1ea5m t\u1ef1 \u0111\u1ed9ng"}]},{"@type":"WebSite","@id":"https:\/\/dotuvechinhhang.vn\/#website","url":"https:\/\/dotuvechinhhang.vn\/","name":"Baton - Ch\u00edch \u0110i\u1ec7n - X\u1ecbt Cay ch\u00ednh h\u00e3ng","description":"","potentialAction":[{"@type":"SearchAction","target":{"@type":"EntryPoint","urlTemplate":"https:\/\/dotuvechinhhang.vn\/?s={search_term_string}"},"query-input":{"@type":"PropertyValueSpecification","valueRequired":true,"valueName":"search_term_string"}}],"inLanguage":"vi"}]}},"_links":{"self":[{"href":"https:\/\/dotuvechinhhang.vn\/index.php?rest_route=\/wp\/v2\/product\/306","targetHints":{"allow":["GET"]}}],"collection":[{"href":"https:\/\/dotuvechinhhang.vn\/index.php?rest_route=\/wp\/v2\/product"}],"about":[{"href":"https:\/\/dotuvechinhhang.vn\/index.php?rest_route=\/wp\/v2\/types\/product"}],"wp:featuredmedia":[{"embeddable":true,"href":"https:\/\/dotuvechinhhang.vn\/index.php?rest_route=\/wp\/v2\/media\/310"}],"wp:attachment":[{"href":"https:\/\/dotuvechinhhang.vn\/index.php?rest_route=%2Fwp%2Fv2%2Fmedia&parent=306"}],"wp:term":[{"taxonomy":"product_brand","embeddable":true,"href":"https:\/\/dotuvechinhhang.vn\/index.php?rest_route=%2Fwp%2Fv2%2Fproduct_brand&post=306"},{"taxonomy":"product_cat","embeddable":true,"href":"https:\/\/dotuvechinhhang.vn\/index.php?rest_route=%2Fwp%2Fv2%2Fproduct_cat&post=306"},{"taxonomy":"product_tag","embeddable":true,"href":"https:\/\/dotuvechinhhang.vn\/index.php?rest_route=%2Fwp%2Fv2%2Fproduct_tag&post=306"}],"curies":[{"name":"wp","href":"https:\/\/api.w.org\/{rel}","templated":true}]}}