{"id":290,"date":"2026-02-23T13:31:23","date_gmt":"2026-02-23T06:31:23","guid":{"rendered":"https:\/\/dotuvechinhhang.vn\/?post_type=product&#038;p=290"},"modified":"2026-02-23T13:31:23","modified_gmt":"2026-02-23T06:31:23","slug":"baton-autolock-tay-cam-van-vuong-65cm","status":"publish","type":"product","link":"https:\/\/dotuvechinhhang.vn\/?product=baton-autolock-tay-cam-van-vuong-65cm","title":{"rendered":"Baton Autolock tay c\u1ea7m v\u00e2n vu\u00f4ng 65cm"},"content":{"rendered":"<p data-start=\"163\" data-end=\"608\"><strong data-start=\"163\" data-end=\"172\">Baton<\/strong> l\u00e0 <strong data-start=\"176\" data-end=\"202\">g\u1eady t\u1ef1 v\u1ec7 d\u1ea1ng thu g\u1ecdn<\/strong> d\u00f9ng trong ph\u00f2ng th\u00e2n ho\u1eb7c t\u1ef1 v\u1ec7 \u2014 thi\u1ebft k\u1ebf nhi\u1ec1u kh\u00fac (3 kh\u00fac ho\u1eb7c 2 kh\u00fac) cho ph\u00e9p <strong data-start=\"288\" data-end=\"317\">thu nh\u1ecf g\u1ecdn khi mang theo<\/strong> v\u00e0 <strong data-start=\"321\" data-end=\"349\">du\u1ed7i d\u00e0i khi c\u1ea7n s\u1eed d\u1ee5ng<\/strong>. Khi ho\u00e0n ch\u1ec9nh, chi\u1ec1u d\u00e0i th\u01b0\u1eddng l\u00e0 <strong data-start=\"387\" data-end=\"426\">kho\u1ea3ng ~65 cm (t\u01b0\u01a1ng \u0111\u01b0\u01a1ng 26 inch)<\/strong> \u2014 \u0111\u00e2y c\u0169ng l\u00e0 k\u00edch th\u01b0\u1edbc ph\u1ed5 bi\u1ebfn v\u00ec d\u00e0i \u0111\u1ee7 \u0111\u1ec3 gi\u1eef kho\u1ea3ng c\u00e1ch an to\u00e0n m\u00e0 v\u1eabn thu\u1eadn ti\u1ec7n khi xoay, \u0111\u1eadp ho\u1eb7c ch\u1eb7n \u0111\u1ee1 trong t\u00ecnh hu\u1ed1ng nguy hi\u1ec3m.<\/p>\n<p data-start=\"610\" data-end=\"995\"><strong data-start=\"610\" data-end=\"630\">Baton \u201cAutolock\u201d<\/strong> l\u00e0 <strong data-start=\"634\" data-end=\"700\">lo\u1ea1i baton m\u1edf ra r\u1ed3i t\u1ef1 kh\u00f3a c\u1ed1 \u0111\u1ecbnh \u1edf tr\u1ea1ng th\u00e1i d\u00e0i (deploy)<\/strong> nh\u1edd c\u01a1 ch\u1ebf <em data-start=\"712\" data-end=\"722\">AutoLock<\/em> \u2014 khi g\u1eady \u0111\u01b0\u1ee3c \u0111\u1ea9y ra \u0111\u1ea7y \u0111\u1ee7, c\u00e1c kh\u1edbp t\u1ef1 \u0111\u1ed9ng <strong data-start=\"770\" data-end=\"792\">kh\u00f3a l\u1ea1i ch\u1eafc ch\u1eafn<\/strong>, gi\u00fap g\u1eady kh\u00f4ng b\u1ecb t\u1ee5t l\u1ea1i v\u00e0o trong khi va ch\u1ea1m ho\u1eb7c s\u1eed d\u1ee5ng. \u0110\u1ec3 thu l\u1ea1i, ng\u01b0\u1eddi d\u00f9ng th\u01b0\u1eddng <strong data-start=\"886\" data-end=\"908\">nh\u1ea5n n\u00fat \u1edf tay c\u1ea7m<\/strong> ho\u1eb7c thao t\u00e1c n\u00fat c\u01a1 h\u1ecdc \u0111\u1ec3 m\u1edf kh\u00f3a r\u1ed3i thu g\u1ecdn.<\/p>\n<p data-start=\"997\" data-end=\"1015\">\ud83d\udc49 N\u00f3i ng\u1eafn g\u1ecdn:<\/p>\n<ul data-start=\"1016\" data-end=\"1317\">\n<li data-start=\"1016\" data-end=\"1106\">\n<p data-start=\"1018\" data-end=\"1106\"><strong data-start=\"1018\" data-end=\"1029\">Thu g\u1ecdn<\/strong>: \u0111i l\u1ea1i d\u1ec5 d\u00e0ng, c\u1ea5t trong balo\/t\u00fai.<\/p>\n<\/li>\n<li data-start=\"1107\" data-end=\"1206\">\n<p data-start=\"1109\" data-end=\"1206\"><strong data-start=\"1109\" data-end=\"1128\">M\u1edf ra &amp; t\u1ef1 kh\u00f3a<\/strong>: thao t\u00e1c nhanh, an to\u00e0n khi s\u1eed d\u1ee5ng.<\/p>\n<\/li>\n<li data-start=\"1207\" data-end=\"1317\">\n<p data-start=\"1209\" data-end=\"1317\"><strong data-start=\"1209\" data-end=\"1229\">D\u00e0i kho\u1ea3ng 65 cm<\/strong>: \u0111\u1ed9 d\u00e0i l\u00fd t\u01b0\u1edfng \u0111\u1ec3 t\u1ef1 v\u1ec7 m\u00e0 kh\u00f4ng qu\u00e1 c\u1ed3ng k\u1ec1nh.<\/p>\n<\/li>\n<\/ul>\n<h3 data-start=\"1319\" data-end=\"1362\">\ud83d\udd27 T\u00ednh n\u0103ng ch\u00ednh c\u1ee7a Baton Autolock<\/h3>\n<p data-start=\"1363\" data-end=\"1893\">\u2714 <strong data-start=\"1365\" data-end=\"1399\">C\u01a1 ch\u1ebf kh\u00f3a t\u1ef1 \u0111\u1ed9ng (AutoLock)<\/strong>: khi \u0111\u1ea9y g\u1eady ra t\u1edbi \u0111\u1ed9 d\u00e0i t\u1ed1i \u0111a th\u00ec s\u1ebd kh\u00f3a l\u1ea1i ch\u1eafc ch\u1eafn \u0111\u1ec3 t\u0103ng \u0111\u1ed9 c\u1ee9ng khi s\u1eed d\u1ee5ng. <br data-start=\"1526\" data-end=\"1529\" \/>\u2714 <strong data-start=\"1531\" data-end=\"1550\">Thu g\u1ecdn d\u1ec5 d\u00e0ng<\/strong>: c\u00f3 n\u00fat b\u1ea5m ho\u1eb7c c\u01a1 ch\u1ebf nh\u1ea3 \u0111\u1ec3 thu v\u00e0o sau khi d\u00f9ng. <br data-start=\"1641\" data-end=\"1644\" \/>\u2714 <strong data-start=\"1646\" data-end=\"1659\">Ch\u1ea5t li\u1ec7u<\/strong>: th\u01b0\u1eddng b\u1eb1ng th\u00e9p ho\u1eb7c h\u1ee3p kim b\u1ec1n, c\u1ee9ng \u0111\u1ec3 ch\u1ecbu va \u0111\u1eadp khi t\u00e1c \u0111\u1ed9ng. <br data-start=\"1767\" data-end=\"1770\" \/>\u2714 <strong data-start=\"1772\" data-end=\"1797\">C\u1ea7m ch\u1eafc, d\u1ec5 thao t\u00e1c<\/strong>: thi\u1ebft k\u1ebf tay c\u1ea7m b\u00e1m gi\u00fap c\u1ea7m n\u1eafm an to\u00e0n h\u01a1n khi t\u1ef1 v\u1ec7.<\/p>\n<h3 data-start=\"1895\" data-end=\"1923\">\ud83d\udccd Khi n\u00e0o d\u00f9ng baton?<\/h3>\n<ul data-start=\"1924\" data-end=\"2196\">\n<li data-start=\"1924\" data-end=\"2079\">\n<p data-start=\"1926\" data-end=\"2079\">\u0110\u1ec3 <strong data-start=\"1929\" data-end=\"1949\">t\u1ef1 v\u1ec7\/ph\u00f2ng th\u00e2n<\/strong> trong t\u00ecnh hu\u1ed1ng nguy hi\u1ec3m (nh\u01b0ng c\u1ea7n c\u00e2n nh\u1eafc ph\u00e1p l\u00fd \u1edf \u0111\u1ecba ph\u01b0\u01a1ng tr\u01b0\u1edbc khi mang theo).<\/p>\n<\/li>\n<li data-start=\"2080\" data-end=\"2196\">\n<p data-start=\"2082\" data-end=\"2196\">T\u1eadp luy\u1ec7n ph\u00e2n thu\u1eadt ho\u1eb7c t\u1eadp luy\u1ec7n k\u1ef9 n\u0103ng ph\u00f2ng v\u1ec7 v\u1edbi gi\u00e1m s\u00e1t ph\u00f9 h\u1ee3p.<\/p>\n<\/li>\n<\/ul>\n","protected":false},"excerpt":{"rendered":"<div>\u2705 Mi\u1ec5n ship to\u00e0n qu\u1ed1c<\/div>\n<div>\u2705 Nh\u1eadn h\u00e0ng ki\u1ec3m tra thanh to\u00e1n<\/div>\n<div>\u2705B\u1ea3o h\u00e0nh 1 th\u00e1ng l\u1ed7i 1 \u0111\u1ed5i 1<\/div>\n<div><\/div>\n<div><\/div>\n","protected":false},"featured_media":294,"template":"","meta":[],"product_brand":[],"product_cat":[20,25],"product_tag":[],"class_list":{"0":"post-290","1":"product","2":"type-product","3":"status-publish","4":"has-post-thumbnail","6":"product_cat-baton","7":"product_cat-baton-autolock-cao-cap","9":"first","10":"instock","11":"shipping-taxable","12":"purchasable","13":"product-type-simple"},"yoast_head":"<!-- This site is optimized with the Yoast SEO plugin v27.0 - https:\/\/yoast.com\/product\/yoast-seo-wordpress\/ -->\n<title>Baton Autolock tay c\u1ea7m v\u00e2n vu\u00f4ng 65cm - Baton - Ch\u00edch \u0110i\u1ec7n - X\u1ecbt Cay ch\u00ednh h\u00e3ng<\/title>\n<meta name=\"robots\" content=\"index, follow, max-snippet:-1, max-image-preview:large, max-video-preview:-1\" \/>\n<link rel=\"canonical\" href=\"https:\/\/dotuvechinhhang.vn\/?product=baton-autolock-tay-cam-van-vuong-65cm\" \/>\n<meta property=\"og:locale\" content=\"vi_VN\" \/>\n<meta property=\"og:type\" content=\"article\" \/>\n<meta property=\"og:title\" content=\"Baton Autolock tay c\u1ea7m v\u00e2n vu\u00f4ng 65cm - Baton - Ch\u00edch \u0110i\u1ec7n - X\u1ecbt Cay ch\u00ednh h\u00e3ng\" \/>\n<meta property=\"og:description\" content=\"\u2705 Mi\u1ec5n ship to\u00e0n qu\u1ed1c \u2705 Nh\u1eadn h\u00e0ng ki\u1ec3m tra thanh to\u00e1n \u2705B\u1ea3o h\u00e0nh 1 th\u00e1ng l\u1ed7i 1 \u0111\u1ed5i 1\" \/>\n<meta property=\"og:url\" content=\"https:\/\/dotuvechinhhang.vn\/?product=baton-autolock-tay-cam-van-vuong-65cm\" \/>\n<meta property=\"og:site_name\" content=\"Baton - Ch\u00edch \u0110i\u1ec7n - X\u1ecbt Cay ch\u00ednh h\u00e3ng\" \/>\n<meta property=\"og:image\" content=\"https:\/\/dotuvechinhhang.vn\/wp-content\/uploads\/2026\/02\/z7280022169705_e7789074e7ee20a122d876a3c32c3991-300x300-1.jpg\" \/>\n\t<meta property=\"og:image:width\" content=\"300\" \/>\n\t<meta property=\"og:image:height\" content=\"300\" \/>\n\t<meta property=\"og:image:type\" content=\"image\/jpeg\" \/>\n<meta name=\"twitter:card\" content=\"summary_large_image\" \/>\n<meta name=\"twitter:label1\" content=\"\u01af\u1edbc t\u00ednh th\u1eddi gian \u0111\u1ecdc\" \/>\n\t<meta name=\"twitter:data1\" content=\"3 ph\u00fat\" \/>\n<script type=\"application\/ld+json\" class=\"yoast-schema-graph\">{\"@context\":\"https:\/\/schema.org\",\"@graph\":[{\"@type\":\"WebPage\",\"@id\":\"https:\/\/dotuvechinhhang.vn\/?product=baton-autolock-tay-cam-van-vuong-65cm\",\"url\":\"https:\/\/dotuvechinhhang.vn\/?product=baton-autolock-tay-cam-van-vuong-65cm\",\"name\":\"Baton Autolock tay c\u1ea7m v\u00e2n vu\u00f4ng 65cm - Baton - Ch\u00edch \u0110i\u1ec7n - X\u1ecbt Cay ch\u00ednh h\u00e3ng\",\"isPartOf\":{\"@id\":\"https:\/\/dotuvechinhhang.vn\/#website\"},\"primaryImageOfPage\":{\"@id\":\"https:\/\/dotuvechinhhang.vn\/?product=baton-autolock-tay-cam-van-vuong-65cm#primaryimage\"},\"image\":{\"@id\":\"https:\/\/dotuvechinhhang.vn\/?product=baton-autolock-tay-cam-van-vuong-65cm#primaryimage\"},\"thumbnailUrl\":\"https:\/\/dotuvechinhhang.vn\/wp-content\/uploads\/2026\/02\/z7280022169705_e7789074e7ee20a122d876a3c32c3991-300x300-1.jpg\",\"datePublished\":\"2026-02-23T06:31:23+00:00\",\"breadcrumb\":{\"@id\":\"https:\/\/dotuvechinhhang.vn\/?product=baton-autolock-tay-cam-van-vuong-65cm#breadcrumb\"},\"inLanguage\":\"vi\",\"potentialAction\":[{\"@type\":\"ReadAction\",\"target\":[\"https:\/\/dotuvechinhhang.vn\/?product=baton-autolock-tay-cam-van-vuong-65cm\"]}]},{\"@type\":\"ImageObject\",\"inLanguage\":\"vi\",\"@id\":\"https:\/\/dotuvechinhhang.vn\/?product=baton-autolock-tay-cam-van-vuong-65cm#primaryimage\",\"url\":\"https:\/\/dotuvechinhhang.vn\/wp-content\/uploads\/2026\/02\/z7280022169705_e7789074e7ee20a122d876a3c32c3991-300x300-1.jpg\",\"contentUrl\":\"https:\/\/dotuvechinhhang.vn\/wp-content\/uploads\/2026\/02\/z7280022169705_e7789074e7ee20a122d876a3c32c3991-300x300-1.jpg\",\"width\":300,\"height\":300},{\"@type\":\"BreadcrumbList\",\"@id\":\"https:\/\/dotuvechinhhang.vn\/?product=baton-autolock-tay-cam-van-vuong-65cm#breadcrumb\",\"itemListElement\":[{\"@type\":\"ListItem\",\"position\":1,\"name\":\"Trang ch\u1ee7\",\"item\":\"https:\/\/dotuvechinhhang.vn\/\"},{\"@type\":\"ListItem\",\"position\":2,\"name\":\"S\u1ea3n ph\u1ea9m\",\"item\":\"https:\/\/dotuvechinhhang.vn\/?post_type=product\"},{\"@type\":\"ListItem\",\"position\":3,\"name\":\"Baton Autolock tay c\u1ea7m v\u00e2n vu\u00f4ng 65cm\"}]},{\"@type\":\"WebSite\",\"@id\":\"https:\/\/dotuvechinhhang.vn\/#website\",\"url\":\"https:\/\/dotuvechinhhang.vn\/\",\"name\":\"Baton - Ch\u00edch \u0110i\u1ec7n - X\u1ecbt Cay ch\u00ednh h\u00e3ng\",\"description\":\"\",\"potentialAction\":[{\"@type\":\"SearchAction\",\"target\":{\"@type\":\"EntryPoint\",\"urlTemplate\":\"https:\/\/dotuvechinhhang.vn\/?s={search_term_string}\"},\"query-input\":{\"@type\":\"PropertyValueSpecification\",\"valueRequired\":true,\"valueName\":\"search_term_string\"}}],\"inLanguage\":\"vi\"}]}<\/script>\n<!-- \/ Yoast SEO plugin. -->","yoast_head_json":{"title":"Baton Autolock tay c\u1ea7m v\u00e2n vu\u00f4ng 65cm - Baton - Ch\u00edch \u0110i\u1ec7n - X\u1ecbt Cay ch\u00ednh h\u00e3ng","robots":{"index":"index","follow":"follow","max-snippet":"max-snippet:-1","max-image-preview":"max-image-preview:large","max-video-preview":"max-video-preview:-1"},"canonical":"https:\/\/dotuvechinhhang.vn\/?product=baton-autolock-tay-cam-van-vuong-65cm","og_locale":"vi_VN","og_type":"article","og_title":"Baton Autolock tay c\u1ea7m v\u00e2n vu\u00f4ng 65cm - Baton - Ch\u00edch \u0110i\u1ec7n - X\u1ecbt Cay ch\u00ednh h\u00e3ng","og_description":"\u2705 Mi\u1ec5n ship to\u00e0n qu\u1ed1c \u2705 Nh\u1eadn h\u00e0ng ki\u1ec3m tra thanh to\u00e1n \u2705B\u1ea3o h\u00e0nh 1 th\u00e1ng l\u1ed7i 1 \u0111\u1ed5i 1","og_url":"https:\/\/dotuvechinhhang.vn\/?product=baton-autolock-tay-cam-van-vuong-65cm","og_site_name":"Baton - Ch\u00edch \u0110i\u1ec7n - X\u1ecbt Cay ch\u00ednh h\u00e3ng","og_image":[{"width":300,"height":300,"url":"https:\/\/dotuvechinhhang.vn\/wp-content\/uploads\/2026\/02\/z7280022169705_e7789074e7ee20a122d876a3c32c3991-300x300-1.jpg","type":"image\/jpeg"}],"twitter_card":"summary_large_image","twitter_misc":{"\u01af\u1edbc t\u00ednh th\u1eddi gian \u0111\u1ecdc":"3 ph\u00fat"},"schema":{"@context":"https:\/\/schema.org","@graph":[{"@type":"WebPage","@id":"https:\/\/dotuvechinhhang.vn\/?product=baton-autolock-tay-cam-van-vuong-65cm","url":"https:\/\/dotuvechinhhang.vn\/?product=baton-autolock-tay-cam-van-vuong-65cm","name":"Baton Autolock tay c\u1ea7m v\u00e2n vu\u00f4ng 65cm - Baton - Ch\u00edch \u0110i\u1ec7n - X\u1ecbt Cay ch\u00ednh h\u00e3ng","isPartOf":{"@id":"https:\/\/dotuvechinhhang.vn\/#website"},"primaryImageOfPage":{"@id":"https:\/\/dotuvechinhhang.vn\/?product=baton-autolock-tay-cam-van-vuong-65cm#primaryimage"},"image":{"@id":"https:\/\/dotuvechinhhang.vn\/?product=baton-autolock-tay-cam-van-vuong-65cm#primaryimage"},"thumbnailUrl":"https:\/\/dotuvechinhhang.vn\/wp-content\/uploads\/2026\/02\/z7280022169705_e7789074e7ee20a122d876a3c32c3991-300x300-1.jpg","datePublished":"2026-02-23T06:31:23+00:00","breadcrumb":{"@id":"https:\/\/dotuvechinhhang.vn\/?product=baton-autolock-tay-cam-van-vuong-65cm#breadcrumb"},"inLanguage":"vi","potentialAction":[{"@type":"ReadAction","target":["https:\/\/dotuvechinhhang.vn\/?product=baton-autolock-tay-cam-van-vuong-65cm"]}]},{"@type":"ImageObject","inLanguage":"vi","@id":"https:\/\/dotuvechinhhang.vn\/?product=baton-autolock-tay-cam-van-vuong-65cm#primaryimage","url":"https:\/\/dotuvechinhhang.vn\/wp-content\/uploads\/2026\/02\/z7280022169705_e7789074e7ee20a122d876a3c32c3991-300x300-1.jpg","contentUrl":"https:\/\/dotuvechinhhang.vn\/wp-content\/uploads\/2026\/02\/z7280022169705_e7789074e7ee20a122d876a3c32c3991-300x300-1.jpg","width":300,"height":300},{"@type":"BreadcrumbList","@id":"https:\/\/dotuvechinhhang.vn\/?product=baton-autolock-tay-cam-van-vuong-65cm#breadcrumb","itemListElement":[{"@type":"ListItem","position":1,"name":"Trang ch\u1ee7","item":"https:\/\/dotuvechinhhang.vn\/"},{"@type":"ListItem","position":2,"name":"S\u1ea3n ph\u1ea9m","item":"https:\/\/dotuvechinhhang.vn\/?post_type=product"},{"@type":"ListItem","position":3,"name":"Baton Autolock tay c\u1ea7m v\u00e2n vu\u00f4ng 65cm"}]},{"@type":"WebSite","@id":"https:\/\/dotuvechinhhang.vn\/#website","url":"https:\/\/dotuvechinhhang.vn\/","name":"Baton - Ch\u00edch \u0110i\u1ec7n - X\u1ecbt Cay ch\u00ednh h\u00e3ng","description":"","potentialAction":[{"@type":"SearchAction","target":{"@type":"EntryPoint","urlTemplate":"https:\/\/dotuvechinhhang.vn\/?s={search_term_string}"},"query-input":{"@type":"PropertyValueSpecification","valueRequired":true,"valueName":"search_term_string"}}],"inLanguage":"vi"}]}},"_links":{"self":[{"href":"https:\/\/dotuvechinhhang.vn\/index.php?rest_route=\/wp\/v2\/product\/290","targetHints":{"allow":["GET"]}}],"collection":[{"href":"https:\/\/dotuvechinhhang.vn\/index.php?rest_route=\/wp\/v2\/product"}],"about":[{"href":"https:\/\/dotuvechinhhang.vn\/index.php?rest_route=\/wp\/v2\/types\/product"}],"wp:featuredmedia":[{"embeddable":true,"href":"https:\/\/dotuvechinhhang.vn\/index.php?rest_route=\/wp\/v2\/media\/294"}],"wp:attachment":[{"href":"https:\/\/dotuvechinhhang.vn\/index.php?rest_route=%2Fwp%2Fv2%2Fmedia&parent=290"}],"wp:term":[{"taxonomy":"product_brand","embeddable":true,"href":"https:\/\/dotuvechinhhang.vn\/index.php?rest_route=%2Fwp%2Fv2%2Fproduct_brand&post=290"},{"taxonomy":"product_cat","embeddable":true,"href":"https:\/\/dotuvechinhhang.vn\/index.php?rest_route=%2Fwp%2Fv2%2Fproduct_cat&post=290"},{"taxonomy":"product_tag","embeddable":true,"href":"https:\/\/dotuvechinhhang.vn\/index.php?rest_route=%2Fwp%2Fv2%2Fproduct_tag&post=290"}],"curies":[{"name":"wp","href":"https:\/\/api.w.org\/{rel}","templated":true}]}}