{"id":226,"date":"2026-02-23T11:20:19","date_gmt":"2026-02-23T04:20:19","guid":{"rendered":"https:\/\/dotuvechinhhang.vn\/?post_type=product&#038;p=226"},"modified":"2026-02-23T11:20:19","modified_gmt":"2026-02-23T04:20:19","slug":"den-pin-chich-dien-x5","status":"publish","type":"product","link":"https:\/\/dotuvechinhhang.vn\/?product=den-pin-chich-dien-x5","title":{"rendered":"\u0110\u00e8n pin ch\u00edch \u0111i\u1ec7n X5"},"content":{"rendered":"<h2 data-start=\"614\" data-end=\"661\">\ud83d\udd26 <strong data-start=\"620\" data-end=\"661\">\u0110\u00e8n pin t\u1ef1 v\u1ec7 X5 \u2014 T\u1ed5ng quan s\u1ea3n ph\u1ea9m<\/strong><\/h2>\n<p data-start=\"663\" data-end=\"807\"><strong data-start=\"663\" data-end=\"675\">T\u00ean g\u1ecdi:<\/strong> \u0110\u00e8n pin t\u1ef1 v\u1ec7 <em data-start=\"690\" data-end=\"694\">X5<\/em><br data-start=\"694\" data-end=\"697\" \/><strong data-start=\"697\" data-end=\"706\">Lo\u1ea1i:<\/strong> \u0110\u00e8n pin c\u1ea7m tay LED<br data-start=\"726\" data-end=\"729\" \/><strong data-start=\"729\" data-end=\"742\">M\u1ee5c \u0111\u00edch:<\/strong> Chi\u1ebfu s\u00e1ng + h\u1ed7 tr\u1ee3 b\u1ea3o v\u1ec7\/ t\u1ef1 v\u1ec7 trong c\u00e1c t\u00ecnh hu\u1ed1ng c\u1ea7n thi\u1ebft<\/p>\n<p data-start=\"809\" data-end=\"988\">T\u00ean <em data-start=\"813\" data-end=\"817\">X5<\/em> th\u01b0\u1eddng \u0111\u01b0\u1ee3c c\u00e1c c\u1eeda h\u00e0ng d\u1ee5ng c\u1ee5 t\u1ef1 v\u1ec7 s\u1eed d\u1ee5ng \u0111\u1ec3 g\u1ecdi m\u1ed9t d\u00f2ng \u0111\u00e8n pin c\u00f3 ki\u1ec3u d\u00e1ng v\u00e0 t\u00ednh n\u0103ng <em data-start=\"915\" data-end=\"928\">\u0111a m\u1ee5c \u0111\u00edch<\/em>, ch\u1ee9 <strong data-start=\"934\" data-end=\"987\">kh\u00f4ng ph\u1ea3i m\u1ed9t t\u00ean th\u01b0\u01a1ng hi\u1ec7u ti\u00eau chu\u1ea9n qu\u1ed1c t\u1ebf<\/strong>.<\/p>\n<hr data-start=\"990\" data-end=\"993\" \/>\n<h2 data-start=\"995\" data-end=\"1018\">\ud83d\udca1 \u0110\u1eb7c \u0111i\u1ec3m thi\u1ebft k\u1ebf<\/h2>\n<h3 data-start=\"1020\" data-end=\"1053\">\ud83d\udd26 1. \u0110\u00e8n LED chi\u1ebfu s\u00e1ng m\u1ea1nh<\/h3>\n<ul data-start=\"1054\" data-end=\"1261\">\n<li data-start=\"1054\" data-end=\"1261\">\n<p data-start=\"1056\" data-end=\"1261\">Th\u01b0\u1eddng s\u1eed d\u1ee5ng <strong data-start=\"1071\" data-end=\"1091\">\u0111\u00e8n LED s\u00e1ng cao<\/strong> v\u1edbi nhi\u1ec1u m\u1ee9c \u0111\u1ed9:<br data-start=\"1109\" data-end=\"1112\" \/>\u2022 <strong data-start=\"1116\" data-end=\"1124\">Th\u1ea5p<\/strong> \u2014 d\u00f9ng chi\u1ebfu g\u1ea7n, ti\u1ebft ki\u1ec7m pin<br data-start=\"1156\" data-end=\"1159\" \/>\u2022 <strong data-start=\"1163\" data-end=\"1170\">Cao<\/strong> \u2014 d\u00f9ng chi\u1ebfu xa trong t\u1ed1i<br data-start=\"1196\" data-end=\"1199\" \/>\u2022 <strong data-start=\"1203\" data-end=\"1227\">Ch\u1ebf \u0111\u1ed9 ch\u1edbp (strobe)<\/strong> \u2014 \u00e1nh s\u00e1ng nh\u1ea5p nh\u00e1y t\u1ea7n su\u1ea5t cao<\/p>\n<\/li>\n<\/ul>\n<p data-start=\"1263\" data-end=\"1500\">\ud83d\udca1 <strong data-start=\"1266\" data-end=\"1290\">Ch\u1ebf \u0111\u1ed9 ch\u1edbp (strobe)<\/strong> l\u00e0 \u0111i\u1ec3m m\u00e0 nhi\u1ec1u n\u01a1i d\u00f9ng \u0111\u1ec3 qu\u1ea3ng b\u00e1 nh\u01b0 <em data-start=\"1333\" data-end=\"1357\">ch\u1ee9c n\u0103ng h\u1ed7 tr\u1ee3 t\u1ef1 v\u1ec7<\/em> \u2014 c\u00f3 th\u1ec3 g\u00e2y <strong data-start=\"1371\" data-end=\"1391\">r\u1ed1i m\u1eaft t\u1ea1m th\u1eddi<\/strong> \u0111\u1ed1i t\u01b0\u1ee3ng khi chi\u1ebfu tr\u1ef1c ti\u1ebfp v\u00e0o m\u1eaft trong kho\u1ea3ng c\u00e1ch g\u1ea7n, gi\u00fap ng\u01b0\u1eddi d\u00f9ng c\u00f3 th\u00eam v\u00e0i gi\u00e2y \u0111\u1ec3 tho\u00e1t th\u00e2n.<\/p>\n<hr data-start=\"1502\" data-end=\"1505\" \/>\n<h3 data-start=\"1507\" data-end=\"1534\">\ud83e\uddf1 2. Th\u00e2n v\u1ecf ch\u1eafc ch\u1eafn<\/h3>\n<ul data-start=\"1535\" data-end=\"1688\">\n<li data-start=\"1535\" data-end=\"1635\">\n<p data-start=\"1537\" data-end=\"1635\">V\u1ecf l\u00e0m t\u1eeb <strong data-start=\"1547\" data-end=\"1586\">h\u1ee3p kim kim lo\u1ea1i ho\u1eb7c nh\u00f4m ch\u1ecbu l\u1ef1c<\/strong>, gi\u00fap \u0111\u00e8n b\u1ec1n, ch\u1ed1ng tr\u01b0\u1ee3t v\u00e0 ch\u1ecbu va \u0111\u1eadp t\u1ed1t.<\/p>\n<\/li>\n<li data-start=\"1636\" data-end=\"1688\">\n<p data-start=\"1638\" data-end=\"1688\">D\u00e1ng c\u1ea7m tay g\u1ecdn ti\u1ec7n, d\u1ec5 mang theo t\u00fai ho\u1eb7c balo.<\/p>\n<\/li>\n<\/ul>\n<hr data-start=\"1690\" data-end=\"1693\" \/>\n<h3 data-start=\"1695\" data-end=\"1729\">\ud83d\udd29 3. T\u00ednh n\u0103ng \u201ch\u1ed7 tr\u1ee3 t\u1ef1 v\u1ec7\u201d<\/h3>\n<p data-start=\"1730\" data-end=\"1809\">C\u00e1c m\u1eabu \u0111\u00e8n pin t\u1ef1 v\u1ec7 nh\u01b0 <em data-start=\"1756\" data-end=\"1760\">X5<\/em> th\u01b0\u1eddng \u0111\u01b0\u1ee3c m\u00f4 t\u1ea3 c\u00f3 m\u1ed9t s\u1ed1 t\u00ednh n\u0103ng ph\u1ee5 sau:<\/p>\n<p data-start=\"1811\" data-end=\"2124\">\u2714 <strong data-start=\"1813\" data-end=\"1848\">Ch\u1ebf \u0111\u1ed9 \u00e1nh s\u00e1ng ch\u1edbp t\u1ea7n s\u1ed1 cao<\/strong> \u2014 g\u00e2y r\u1ed1i th\u1ecb gi\u00e1c t\u1ea1m th\u1eddi khi chi\u1ebfu v\u00e0o m\u1eaft \u0111\u1ed1i t\u01b0\u1ee3ng g\u1ea7n.<br data-start=\"1909\" data-end=\"1912\" \/>\u2714 <strong data-start=\"1914\" data-end=\"1965\">\u0110\u1ea7u\/\u0111u\u00f4i \u0111\u00e8n c\u00f3 c\u1ea1nh vu\u00f4ng ho\u1eb7c kho\u00e9t r\u0103ng c\u1ee9ng<\/strong> \u2014 d\u00f9ng \u0111\u1ec3 ph\u1ea3n l\u1ef1c v\u1eadt l\u00fd trong t\u00ecnh hu\u1ed1ng nguy hi\u1ec3m (kh\u00f4ng ph\u1ea3i l\u00e0 \u0111i\u1ec7n ph\u00f3ng).<br data-start=\"2046\" data-end=\"2049\" \/>\u2714 <strong data-start=\"2051\" data-end=\"2121\">\u0110\u00e8n si\u00eau s\u00e1ng c\u00f3 th\u1ec3 g\u00e2y m\u1ea5t ph\u01b0\u01a1ng h\u01b0\u1edbng \u0111\u1ed1i t\u01b0\u1ee3ng trong gi\u00e2y l\u00e1t<\/strong>.<\/p>\n<p data-start=\"2126\" data-end=\"2325\">\u26a0\ufe0f <em data-start=\"2129\" data-end=\"2137\">L\u01b0u \u00fd:<\/em> C\u00e1c t\u00ednh n\u0103ng n\u00e0y <strong data-start=\"2156\" data-end=\"2186\">l\u00e0 tr\u1ee3 l\u1ef1c v\u1eadt l\u00fd\/\u00e1nh s\u00e1ng<\/strong>, kh\u00f4ng ph\u1ea3i l\u00e0 <em data-start=\"2202\" data-end=\"2214\">ch\u00edch \u0111i\u1ec7n<\/em>. Ch\u00fang h\u1ed7 tr\u1ee3 t\u00e2m l\u00fd v\u00e0 t\u1ea1o c\u01a1 h\u1ed9i tho\u00e1t hi\u1ec3m \u2014 kh\u00f4ng ph\u1ea3i \u0111\u01b0\u1ee3c ki\u1ec3m ch\u1ee9ng nh\u01b0 c\u00f4ng c\u1ee5 g\u00e2y cho\u00e1ng chuy\u00ean d\u1ee5ng.<\/p>\n<hr data-start=\"2327\" data-end=\"2330\" \/>\n<h2 data-start=\"2332\" data-end=\"2359\">\ud83d\udccf Ch\u1ee9c n\u0103ng &amp; c\u00e1ch d\u00f9ng<\/h2>\n<h3 data-start=\"2361\" data-end=\"2389\">\ud83c\udf13 <strong data-start=\"2368\" data-end=\"2389\">Ch\u1ebf \u0111\u1ed9 chi\u1ebfu s\u00e1ng<\/strong><\/h3>\n<ul data-start=\"2390\" data-end=\"2605\">\n<li data-start=\"2390\" data-end=\"2447\">\n<p data-start=\"2392\" data-end=\"2447\"><strong data-start=\"2392\" data-end=\"2406\">S\u00e1ng m\u1ea1nh:<\/strong> soi \u0111\u01b0\u1eddng t\u1ed1i, quan s\u00e1t m\u00f4i tr\u01b0\u1eddng xa.<\/p>\n<\/li>\n<li data-start=\"2448\" data-end=\"2501\">\n<p data-start=\"2450\" data-end=\"2501\"><strong data-start=\"2450\" data-end=\"2476\">S\u00e1ng trung b\u00ecnh\/ th\u1ea5p:<\/strong> s\u1eed d\u1ee5ng ti\u1ebft ki\u1ec7m pin.<\/p>\n<\/li>\n<li data-start=\"2502\" data-end=\"2605\">\n<p data-start=\"2504\" data-end=\"2605\"><strong data-start=\"2504\" data-end=\"2522\">Ch\u1ebf \u0111\u1ed9 strobe:<\/strong> d\u00f9ng \u0111\u1ec3 h\u1ed7 tr\u1ee3 t\u1ef1 v\u1ec7 ho\u1eb7c c\u1ea3nh b\u00e1o k\u1ebb x\u1ea5u khi chi\u1ebfu tr\u1ef1c ti\u1ebfp \u00e1nh s\u00e1ng v\u00e0o m\u1eaft h\u1ecd.<\/p>\n<\/li>\n<\/ul>\n<h3 data-start=\"2607\" data-end=\"2637\">\ud83d\udd26 <strong data-start=\"2614\" data-end=\"2637\">Ch\u1ebf \u0111\u1ed9 h\u1ed7 tr\u1ee3 t\u1ef1 v\u1ec7<\/strong><\/h3>\n<ul data-start=\"2638\" data-end=\"2755\">\n<li data-start=\"2638\" data-end=\"2690\">\n<p data-start=\"2640\" data-end=\"2690\">Ch\u1ea1m \u00e1nh s\u00e1ng v\u00e0o m\u1eaft k\u1ebb \u0111e d\u1ecda \u1edf kho\u1ea3ng c\u00e1ch g\u1ea7n.<\/p>\n<\/li>\n<li data-start=\"2691\" data-end=\"2755\">\n<p data-start=\"2693\" data-end=\"2755\">D\u00f9ng c\u1ea1nh \u0111\u00e8n vu\u00f4ng\/nh\u1ecdn \u0111\u1ec3 <em data-start=\"2721\" data-end=\"2731\">ph\u1ea3n l\u1ef1c<\/em> n\u1ebfu bu\u1ed9c ph\u1ea3i v\u1eadt l\u00fd.<\/p>\n<\/li>\n<\/ul>\n<p data-start=\"2757\" data-end=\"2935\">\u2139\ufe0f Hi\u1ec7u qu\u1ea3 ph\u1ee5 thu\u1ed9c v\u00e0o kho\u1ea3ng c\u00e1ch, \u00e1nh s\u00e1ng v\u00e0 k\u1ef9 n\u0103ng s\u1eed d\u1ee5ng \u2014 \u0111\u00e2y <strong data-start=\"2830\" data-end=\"2889\">kh\u00f4ng ph\u1ea3i c\u00f4ng c\u1ee5 \u0111i\u1ec7n g\u00e2y xung nh\u01b0 stun gun hay taser<\/strong> (m\u00e0 ch\u1ec9 s\u1eed d\u1ee5ng \u00e1nh s\u00e1ng v\u00e0 ph\u1ea3n l\u1ef1c c\u01a1 h\u1ecdc).<\/p>\n<hr data-start=\"2937\" data-end=\"2940\" \/>\n<h2 data-start=\"2942\" data-end=\"2965\">\ud83d\udccc \u01afu \u0111i\u1ec3m &amp; h\u1ea1n ch\u1ebf<\/h2>\n<h3 data-start=\"2967\" data-end=\"2985\">\ud83d\udc4d <strong data-start=\"2974\" data-end=\"2985\">\u01afu \u0111i\u1ec3m<\/strong><\/h3>\n<p data-start=\"2986\" data-end=\"3127\">\u2714 Chi\u1ebfu s\u00e1ng m\u1ea1nh, nhi\u1ec1u m\u1ee9c \u0111\u1ed9<br data-start=\"3017\" data-end=\"3020\" \/>\u2714 C\u00f3 <strong data-start=\"3025\" data-end=\"3047\">ch\u1ebf \u0111\u1ed9 ch\u1edbp\/strobe<\/strong> h\u1ed7 tr\u1ee3 r\u1ed1i m\u1eaft t\u1ea1m th\u1eddi<br data-start=\"3071\" data-end=\"3074\" \/>\u2714 Thi\u1ebft k\u1ebf b\u1ec1n, d\u1ec5 c\u1ea7m<br data-start=\"3096\" data-end=\"3099\" \/>\u2714 C\u00f3 th\u1ec3 mang theo h\u1eb1ng ng\u00e0y<\/p>\n<h3 data-start=\"3129\" data-end=\"3147\">\ud83d\udc4e <strong data-start=\"3136\" data-end=\"3147\">H\u1ea1n ch\u1ebf<\/strong><\/h3>\n<p data-start=\"3148\" data-end=\"3312\">\u274c Kh\u00f4ng ph\u1ea3i thi\u1ebft b\u1ecb g\u00e2y \u0111i\u1ec7n th\u1ef1c s\u1ef1<br data-start=\"3186\" data-end=\"3189\" \/>\u274c T\u00e1c d\u1ee5ng t\u1ef1 v\u1ec7 ph\u1ee5 thu\u1ed9c v\u00e0o t\u00ecnh hu\u1ed1ng v\u00e0 k\u1ef9 n\u0103ng<br data-start=\"3241\" data-end=\"3244\" \/>\u274c M\u1ed9t s\u1ed1 t\u00ednh n\u0103ng \u0111\u01b0\u1ee3c qu\u1ea3ng b\u00e1 ch\u01b0a \u0111\u01b0\u1ee3c ki\u1ec3m ch\u1ee9ng chu\u1ea9n k\u1ef9 thu\u1eadt<\/p>\n","protected":false},"excerpt":{"rendered":"<div>\u2705 Mi\u1ec5n ship to\u00e0n qu\u1ed1c<\/div>\n<div>\u2705 Nh\u1eadn h\u00e0ng ki\u1ec3m tra thanh to\u00e1n<\/div>\n<div>\u2705B\u1ea3o h\u00e0nh 1 th\u00e1ng l\u1ed7i 1 \u0111\u1ed5i 1<\/div>\n<div><\/div>\n<div><\/div>\n","protected":false},"featured_media":228,"template":"","meta":[],"product_brand":[],"product_cat":[21,30],"product_tag":[],"class_list":{"0":"post-226","1":"product","2":"type-product","3":"status-publish","4":"has-post-thumbnail","6":"product_cat-chich-dien","7":"product_cat-den-pin-chich-dien","9":"first","10":"instock","11":"shipping-taxable","12":"purchasable","13":"product-type-simple"},"yoast_head":"<!-- This site is optimized with the Yoast SEO plugin v27.0 - https:\/\/yoast.com\/product\/yoast-seo-wordpress\/ -->\n<title>\u0110\u00e8n pin ch\u00edch \u0111i\u1ec7n X5 - Baton - Ch\u00edch \u0110i\u1ec7n - X\u1ecbt Cay ch\u00ednh h\u00e3ng<\/title>\n<meta name=\"robots\" content=\"index, follow, max-snippet:-1, max-image-preview:large, max-video-preview:-1\" \/>\n<link rel=\"canonical\" href=\"https:\/\/dotuvechinhhang.vn\/?product=den-pin-chich-dien-x5\" \/>\n<meta property=\"og:locale\" content=\"vi_VN\" \/>\n<meta property=\"og:type\" content=\"article\" \/>\n<meta property=\"og:title\" content=\"\u0110\u00e8n pin ch\u00edch \u0111i\u1ec7n X5 - Baton - Ch\u00edch \u0110i\u1ec7n - X\u1ecbt Cay ch\u00ednh h\u00e3ng\" \/>\n<meta property=\"og:description\" content=\"\u2705 Mi\u1ec5n ship to\u00e0n qu\u1ed1c \u2705 Nh\u1eadn h\u00e0ng ki\u1ec3m tra thanh to\u00e1n \u2705B\u1ea3o h\u00e0nh 1 th\u00e1ng l\u1ed7i 1 \u0111\u1ed5i 1\" \/>\n<meta property=\"og:url\" content=\"https:\/\/dotuvechinhhang.vn\/?product=den-pin-chich-dien-x5\" \/>\n<meta property=\"og:site_name\" content=\"Baton - Ch\u00edch \u0110i\u1ec7n - X\u1ecbt Cay ch\u00ednh h\u00e3ng\" \/>\n<meta property=\"og:image\" content=\"https:\/\/dotuvechinhhang.vn\/wp-content\/uploads\/2026\/02\/z6541163972317_1a8c024ac9ff77bf4cd07b6a6d643f40-scaled.jpg\" \/>\n\t<meta property=\"og:image:width\" content=\"2560\" \/>\n\t<meta property=\"og:image:height\" content=\"2560\" \/>\n\t<meta property=\"og:image:type\" content=\"image\/jpeg\" \/>\n<meta name=\"twitter:card\" content=\"summary_large_image\" \/>\n<meta name=\"twitter:label1\" content=\"\u01af\u1edbc t\u00ednh th\u1eddi gian \u0111\u1ecdc\" \/>\n\t<meta name=\"twitter:data1\" content=\"4 ph\u00fat\" \/>\n<script type=\"application\/ld+json\" class=\"yoast-schema-graph\">{\"@context\":\"https:\/\/schema.org\",\"@graph\":[{\"@type\":\"WebPage\",\"@id\":\"https:\/\/dotuvechinhhang.vn\/?product=den-pin-chich-dien-x5\",\"url\":\"https:\/\/dotuvechinhhang.vn\/?product=den-pin-chich-dien-x5\",\"name\":\"\u0110\u00e8n pin ch\u00edch \u0111i\u1ec7n X5 - Baton - Ch\u00edch \u0110i\u1ec7n - X\u1ecbt Cay ch\u00ednh h\u00e3ng\",\"isPartOf\":{\"@id\":\"https:\/\/dotuvechinhhang.vn\/#website\"},\"primaryImageOfPage\":{\"@id\":\"https:\/\/dotuvechinhhang.vn\/?product=den-pin-chich-dien-x5#primaryimage\"},\"image\":{\"@id\":\"https:\/\/dotuvechinhhang.vn\/?product=den-pin-chich-dien-x5#primaryimage\"},\"thumbnailUrl\":\"https:\/\/dotuvechinhhang.vn\/wp-content\/uploads\/2026\/02\/z6541163972317_1a8c024ac9ff77bf4cd07b6a6d643f40-scaled.jpg\",\"datePublished\":\"2026-02-23T04:20:19+00:00\",\"breadcrumb\":{\"@id\":\"https:\/\/dotuvechinhhang.vn\/?product=den-pin-chich-dien-x5#breadcrumb\"},\"inLanguage\":\"vi\",\"potentialAction\":[{\"@type\":\"ReadAction\",\"target\":[\"https:\/\/dotuvechinhhang.vn\/?product=den-pin-chich-dien-x5\"]}]},{\"@type\":\"ImageObject\",\"inLanguage\":\"vi\",\"@id\":\"https:\/\/dotuvechinhhang.vn\/?product=den-pin-chich-dien-x5#primaryimage\",\"url\":\"https:\/\/dotuvechinhhang.vn\/wp-content\/uploads\/2026\/02\/z6541163972317_1a8c024ac9ff77bf4cd07b6a6d643f40-scaled.jpg\",\"contentUrl\":\"https:\/\/dotuvechinhhang.vn\/wp-content\/uploads\/2026\/02\/z6541163972317_1a8c024ac9ff77bf4cd07b6a6d643f40-scaled.jpg\",\"width\":2560,\"height\":2560},{\"@type\":\"BreadcrumbList\",\"@id\":\"https:\/\/dotuvechinhhang.vn\/?product=den-pin-chich-dien-x5#breadcrumb\",\"itemListElement\":[{\"@type\":\"ListItem\",\"position\":1,\"name\":\"Trang ch\u1ee7\",\"item\":\"https:\/\/dotuvechinhhang.vn\/\"},{\"@type\":\"ListItem\",\"position\":2,\"name\":\"S\u1ea3n ph\u1ea9m\",\"item\":\"https:\/\/dotuvechinhhang.vn\/?post_type=product\"},{\"@type\":\"ListItem\",\"position\":3,\"name\":\"\u0110\u00e8n pin ch\u00edch \u0111i\u1ec7n X5\"}]},{\"@type\":\"WebSite\",\"@id\":\"https:\/\/dotuvechinhhang.vn\/#website\",\"url\":\"https:\/\/dotuvechinhhang.vn\/\",\"name\":\"Baton - Ch\u00edch \u0110i\u1ec7n - X\u1ecbt Cay ch\u00ednh h\u00e3ng\",\"description\":\"\",\"potentialAction\":[{\"@type\":\"SearchAction\",\"target\":{\"@type\":\"EntryPoint\",\"urlTemplate\":\"https:\/\/dotuvechinhhang.vn\/?s={search_term_string}\"},\"query-input\":{\"@type\":\"PropertyValueSpecification\",\"valueRequired\":true,\"valueName\":\"search_term_string\"}}],\"inLanguage\":\"vi\"}]}<\/script>\n<!-- \/ Yoast SEO plugin. -->","yoast_head_json":{"title":"\u0110\u00e8n pin ch\u00edch \u0111i\u1ec7n X5 - Baton - Ch\u00edch \u0110i\u1ec7n - X\u1ecbt Cay ch\u00ednh h\u00e3ng","robots":{"index":"index","follow":"follow","max-snippet":"max-snippet:-1","max-image-preview":"max-image-preview:large","max-video-preview":"max-video-preview:-1"},"canonical":"https:\/\/dotuvechinhhang.vn\/?product=den-pin-chich-dien-x5","og_locale":"vi_VN","og_type":"article","og_title":"\u0110\u00e8n pin ch\u00edch \u0111i\u1ec7n X5 - Baton - Ch\u00edch \u0110i\u1ec7n - X\u1ecbt Cay ch\u00ednh h\u00e3ng","og_description":"\u2705 Mi\u1ec5n ship to\u00e0n qu\u1ed1c \u2705 Nh\u1eadn h\u00e0ng ki\u1ec3m tra thanh to\u00e1n \u2705B\u1ea3o h\u00e0nh 1 th\u00e1ng l\u1ed7i 1 \u0111\u1ed5i 1","og_url":"https:\/\/dotuvechinhhang.vn\/?product=den-pin-chich-dien-x5","og_site_name":"Baton - Ch\u00edch \u0110i\u1ec7n - X\u1ecbt Cay ch\u00ednh h\u00e3ng","og_image":[{"width":2560,"height":2560,"url":"https:\/\/dotuvechinhhang.vn\/wp-content\/uploads\/2026\/02\/z6541163972317_1a8c024ac9ff77bf4cd07b6a6d643f40-scaled.jpg","type":"image\/jpeg"}],"twitter_card":"summary_large_image","twitter_misc":{"\u01af\u1edbc t\u00ednh th\u1eddi gian \u0111\u1ecdc":"4 ph\u00fat"},"schema":{"@context":"https:\/\/schema.org","@graph":[{"@type":"WebPage","@id":"https:\/\/dotuvechinhhang.vn\/?product=den-pin-chich-dien-x5","url":"https:\/\/dotuvechinhhang.vn\/?product=den-pin-chich-dien-x5","name":"\u0110\u00e8n pin ch\u00edch \u0111i\u1ec7n X5 - Baton - Ch\u00edch \u0110i\u1ec7n - X\u1ecbt Cay ch\u00ednh h\u00e3ng","isPartOf":{"@id":"https:\/\/dotuvechinhhang.vn\/#website"},"primaryImageOfPage":{"@id":"https:\/\/dotuvechinhhang.vn\/?product=den-pin-chich-dien-x5#primaryimage"},"image":{"@id":"https:\/\/dotuvechinhhang.vn\/?product=den-pin-chich-dien-x5#primaryimage"},"thumbnailUrl":"https:\/\/dotuvechinhhang.vn\/wp-content\/uploads\/2026\/02\/z6541163972317_1a8c024ac9ff77bf4cd07b6a6d643f40-scaled.jpg","datePublished":"2026-02-23T04:20:19+00:00","breadcrumb":{"@id":"https:\/\/dotuvechinhhang.vn\/?product=den-pin-chich-dien-x5#breadcrumb"},"inLanguage":"vi","potentialAction":[{"@type":"ReadAction","target":["https:\/\/dotuvechinhhang.vn\/?product=den-pin-chich-dien-x5"]}]},{"@type":"ImageObject","inLanguage":"vi","@id":"https:\/\/dotuvechinhhang.vn\/?product=den-pin-chich-dien-x5#primaryimage","url":"https:\/\/dotuvechinhhang.vn\/wp-content\/uploads\/2026\/02\/z6541163972317_1a8c024ac9ff77bf4cd07b6a6d643f40-scaled.jpg","contentUrl":"https:\/\/dotuvechinhhang.vn\/wp-content\/uploads\/2026\/02\/z6541163972317_1a8c024ac9ff77bf4cd07b6a6d643f40-scaled.jpg","width":2560,"height":2560},{"@type":"BreadcrumbList","@id":"https:\/\/dotuvechinhhang.vn\/?product=den-pin-chich-dien-x5#breadcrumb","itemListElement":[{"@type":"ListItem","position":1,"name":"Trang ch\u1ee7","item":"https:\/\/dotuvechinhhang.vn\/"},{"@type":"ListItem","position":2,"name":"S\u1ea3n ph\u1ea9m","item":"https:\/\/dotuvechinhhang.vn\/?post_type=product"},{"@type":"ListItem","position":3,"name":"\u0110\u00e8n pin ch\u00edch \u0111i\u1ec7n X5"}]},{"@type":"WebSite","@id":"https:\/\/dotuvechinhhang.vn\/#website","url":"https:\/\/dotuvechinhhang.vn\/","name":"Baton - Ch\u00edch \u0110i\u1ec7n - X\u1ecbt Cay ch\u00ednh h\u00e3ng","description":"","potentialAction":[{"@type":"SearchAction","target":{"@type":"EntryPoint","urlTemplate":"https:\/\/dotuvechinhhang.vn\/?s={search_term_string}"},"query-input":{"@type":"PropertyValueSpecification","valueRequired":true,"valueName":"search_term_string"}}],"inLanguage":"vi"}]}},"_links":{"self":[{"href":"https:\/\/dotuvechinhhang.vn\/index.php?rest_route=\/wp\/v2\/product\/226","targetHints":{"allow":["GET"]}}],"collection":[{"href":"https:\/\/dotuvechinhhang.vn\/index.php?rest_route=\/wp\/v2\/product"}],"about":[{"href":"https:\/\/dotuvechinhhang.vn\/index.php?rest_route=\/wp\/v2\/types\/product"}],"wp:featuredmedia":[{"embeddable":true,"href":"https:\/\/dotuvechinhhang.vn\/index.php?rest_route=\/wp\/v2\/media\/228"}],"wp:attachment":[{"href":"https:\/\/dotuvechinhhang.vn\/index.php?rest_route=%2Fwp%2Fv2%2Fmedia&parent=226"}],"wp:term":[{"taxonomy":"product_brand","embeddable":true,"href":"https:\/\/dotuvechinhhang.vn\/index.php?rest_route=%2Fwp%2Fv2%2Fproduct_brand&post=226"},{"taxonomy":"product_cat","embeddable":true,"href":"https:\/\/dotuvechinhhang.vn\/index.php?rest_route=%2Fwp%2Fv2%2Fproduct_cat&post=226"},{"taxonomy":"product_tag","embeddable":true,"href":"https:\/\/dotuvechinhhang.vn\/index.php?rest_route=%2Fwp%2Fv2%2Fproduct_tag&post=226"}],"curies":[{"name":"wp","href":"https:\/\/api.w.org\/{rel}","templated":true}]}}