{"id":216,"date":"2026-02-23T11:17:22","date_gmt":"2026-02-23T04:17:22","guid":{"rendered":"https:\/\/dotuvechinhhang.vn\/?post_type=product&#038;p=216"},"modified":"2026-02-23T11:17:22","modified_gmt":"2026-02-23T04:17:22","slug":"den-pin-chich-dien-1101","status":"publish","type":"product","link":"https:\/\/dotuvechinhhang.vn\/?product=den-pin-chich-dien-1101","title":{"rendered":"\u0110\u00e8n pin ch\u00edch \u0111i\u1ec7n 1101"},"content":{"rendered":"<h2 data-start=\"571\" data-end=\"619\">\ud83d\udd26 Gi\u1edbi thi\u1ec7u chung v\u1ec1 <strong data-start=\"597\" data-end=\"619\">\u0111\u00e8n pin t\u1ef1 v\u1ec7 1101<\/strong><\/h2>\n<p data-start=\"621\" data-end=\"816\"><strong data-start=\"621\" data-end=\"638\">T\u00ean s\u1ea3n ph\u1ea9m:<\/strong> \u0110\u00e8n pin t\u1ef1 v\u1ec7 1101<br data-start=\"657\" data-end=\"660\" \/><strong data-start=\"660\" data-end=\"669\">Lo\u1ea1i:<\/strong> \u0110\u00e8n pin c\u1ea7m tay t\u00edch h\u1ee3p ch\u1ee9c n\u0103ng h\u1ed7 tr\u1ee3 t\u1ef1 v\u1ec7<br data-start=\"717\" data-end=\"720\" \/><strong data-start=\"720\" data-end=\"733\">M\u1ee5c \u0111\u00edch:<\/strong><br data-start=\"733\" data-end=\"736\" \/>\u2022 \u0110\u00e8n pin chi\u1ebfu s\u00e1ng khi \u0111i t\u1ed1i,<br data-start=\"768\" data-end=\"771\" \/>\u2022 C\u00f4ng c\u1ee5 h\u1ed7 tr\u1ee3 trong t\u00ecnh hu\u1ed1ng ph\u00f2ng th\u00e2n.<\/p>\n<p data-start=\"818\" data-end=\"948\">T\u00ean \u201c1101\u201d th\u01b0\u1eddng l\u00e0 <strong data-start=\"839\" data-end=\"901\">m\u00e3 model \u0111\u01b0\u1ee3c d\u00f9ng ph\u1ed5 bi\u1ebfn tr\u00ean th\u1ecb tr\u01b0\u1eddng thi\u1ebft b\u1ecb t\u1ef1 v\u1ec7<\/strong> ch\u1ee9 kh\u00f4ng ph\u1ea3i l\u00e0 ti\u00eau chu\u1ea9n k\u1ef9 thu\u1eadt qu\u1ed1c t\u1ebf.<\/p>\n<hr data-start=\"950\" data-end=\"953\" \/>\n<h2 data-start=\"955\" data-end=\"983\">\ud83d\udca1 \u0110\u1eb7c \u0111i\u1ec3m c\u1ea5u t\u1ea1o chung<\/h2>\n<p data-start=\"985\" data-end=\"1171\">\u2699\ufe0f <strong data-start=\"988\" data-end=\"1035\">Thi\u1ebft k\u1ebf th\u00e2n \u0111\u00e8n d\u1ef1a tr\u00ean \u0111\u00e8n pin c\u1ea7m tay:<\/strong><br data-start=\"1035\" data-end=\"1038\" \/>\u2013 V\u1ecf ngo\u00e0i th\u01b0\u1eddng l\u00e0 <strong data-start=\"1059\" data-end=\"1101\">h\u1ee3p kim kim lo\u1ea1i ho\u1eb7c nh\u00f4m ch\u1ecbu va \u0111\u1eadp<\/strong>, ch\u1ed1ng tr\u01b0\u1ee3t.<br data-start=\"1115\" data-end=\"1118\" \/>\u2013 K\u00edch th\u01b0\u1edbc c\u1ea7m tay g\u1ecdn, d\u1ec5 mang theo t\u00fai\/qu\u1ea7n balo.<\/p>\n<p data-start=\"1173\" data-end=\"1429\">\ud83d\udca1 <strong data-start=\"1176\" data-end=\"1199\">\u0110\u00e8n chi\u1ebfu s\u00e1ng LED:<\/strong><br data-start=\"1199\" data-end=\"1202\" \/>\u2013 Chi\u1ebfu s\u00e1ng r\u00f5 r\u00e0ng, th\u01b0\u1eddng c\u00f3 2\u20133 ch\u1ebf \u0111\u1ed9:<br data-start=\"1245\" data-end=\"1248\" \/>\u2022 Ch\u1ebf \u0111\u1ed9 s\u00e1ng trung b\u00ecnh<br data-start=\"1274\" data-end=\"1277\" \/>\u2022 Ch\u1ebf \u0111\u1ed9 s\u00e1ng m\u1ea1nh<br data-start=\"1297\" data-end=\"1300\" \/>\u2022 Ch\u1ebf \u0111\u1ed9 ch\u1edbp nhanh\/strobe<br data-start=\"1328\" data-end=\"1331\" \/>\ud83d\udc49 Ch\u1ebf \u0111\u1ed9 <strong data-start=\"1341\" data-end=\"1356\">ch\u1edbp\/strobe<\/strong> c\u00f3 th\u1ec3 g\u00e2y r\u1ed1i m\u1eaft t\u1ea1m th\u1eddi \u0111\u1ed1i t\u01b0\u1ee3ng, gi\u00fap b\u1ea1n t\u1ea1o kho\u1ea3ng c\u00e1ch an to\u00e0n.<\/p>\n<p data-start=\"1431\" data-end=\"1991\">\ud83d\udee1\ufe0f <strong data-start=\"1435\" data-end=\"1462\">T\u00ednh n\u0103ng h\u1ed7 tr\u1ee3 t\u1ef1 v\u1ec7:<\/strong><br data-start=\"1462\" data-end=\"1465\" \/>C\u00e1c m\u1eabu \u0111\u00e8n pin t\u1ef1 v\u1ec7 ki\u1ec3u \u201c1101\u201d th\u01b0\u1eddng \u0111\u01b0\u1ee3c qu\u1ea3ng b\u00e1 c\u00f3 m\u1ed9t trong c\u00e1c t\u00ednh n\u0103ng sau:<br data-start=\"1551\" data-end=\"1554\" \/>\u2714 Ph\u1ea7n \u0111\u1ea7u\/\u0111u\u00f4i \u0111\u00e8n c\u00f3 <strong data-start=\"1577\" data-end=\"1608\">ph\u1ea7n c\u1ea1nh gai ho\u1eb7c \u0111\u1ea7u nh\u1ecdn<\/strong>, d\u00f9ng \u0111\u1ec3 \u0111\u1eadp v\u00e0o v\u1eadt c\u1ee9ng trong tr\u01b0\u1eddng h\u1ee3p c\u1ea7n thi\u1ebft.<br data-start=\"1662\" data-end=\"1665\" \/>\u2714 Ch\u1ebf \u0111\u1ed9 <strong data-start=\"1674\" data-end=\"1704\">ch\u1edbp LED strobe t\u1ea7n s\u1ed1 cao<\/strong>, d\u00f9ng \u0111\u1ec3 l\u00e0m \u0111\u1ed1i t\u01b0\u1ee3ng m\u1ea5t ph\u01b0\u01a1ng h\u01b0\u1edbng t\u1ea1m th\u1eddi trong ch\u1edbp m\u1eaft.<br data-start=\"1769\" data-end=\"1772\" \/>\u2714 M\u1ed9t s\u1ed1 phi\u00ean b\u1ea3n \u0111\u01b0\u1ee3c qu\u1ea3ng b\u00e1 c\u00f3 <strong data-start=\"1808\" data-end=\"1849\">t\u1ea1o l\u1eeda\/ \u0111i\u1ec7n t\u00edch nh\u1ecf \u0111\u1ec3 g\u00e2y b\u1ea5t ng\u1edd<\/strong>, tuy nhi\u00ean t\u00ednh n\u0103ng n\u00e0y <strong data-start=\"1875\" data-end=\"1946\">kh\u00f4ng \u0111\u1ed3ng nh\u1ea5t tr\u00ean m\u1ecdi m\u1eabu v\u00e0 d\u1ec5 g\u00e2y hi\u1ec3u l\u1ea7m v\u1ec1 hi\u1ec7u qu\u1ea3 th\u1ef1c t\u1ebf<\/strong> n\u1ebfu kh\u00f4ng c\u00f3 th\u00f4ng s\u1ed1 k\u1ef9 thu\u1eadt ki\u1ec3m ch\u1ee9ng.<\/p>\n<p data-start=\"1993\" data-end=\"2211\">\u2757 \u0110i\u1ec3m m\u1ea5u ch\u1ed1t: <strong data-start=\"2010\" data-end=\"2105\">Hi\u1ec7u qu\u1ea3 ph\u00e1t xung\/ \u0111i\u1ec7n th\u01b0\u1eddng k\u00e9m h\u01a1n thi\u1ebft b\u1ecb chuy\u00ean d\u1ee5ng nh\u01b0 stun gun hay taser th\u1ef1c s\u1ef1<\/strong>, v\u00e0 nhi\u1ec1u m\u1eabu ch\u1ec9 d\u1ef1a tr\u00ean \u201c\u0111\u1ea7u gai + ch\u1edbp strobe\u201d l\u00e0m c\u00f4ng c\u1ee5 h\u1ed7 tr\u1ee3 ch\u1ee9 kh\u00f4ng ph\u1ea3i v\u0169 kh\u00ed \u0111i\u1ec7n th\u1eadt s\u1ef1.<\/p>\n<hr data-start=\"2213\" data-end=\"2216\" \/>\n<h2 data-start=\"2218\" data-end=\"2254\">\ud83d\udccf Th\u00f4ng s\u1ed1 tham kh\u1ea3o (t\u1ed5ng quan)<\/h2>\n<div class=\"TyagGW_tableContainer\">\n<div class=\"group TyagGW_tableWrapper flex flex-col-reverse w-fit\" tabindex=\"-1\">\n<table class=\"w-fit min-w-(--thread-content-width)\" data-start=\"2256\" data-end=\"2570\">\n<thead data-start=\"2256\" data-end=\"2276\">\n<tr data-start=\"2256\" data-end=\"2276\">\n<th class=\"\" data-start=\"2256\" data-end=\"2267\" data-col-size=\"sm\">Th\u00f4ng s\u1ed1<\/th>\n<th class=\"\" data-start=\"2267\" data-end=\"2276\" data-col-size=\"sm\">M\u00f4 t\u1ea3<\/th>\n<\/tr>\n<\/thead>\n<tbody data-start=\"2298\" data-end=\"2570\">\n<tr data-start=\"2298\" data-end=\"2353\">\n<td data-start=\"2298\" data-end=\"2319\" data-col-size=\"sm\"><strong data-start=\"2300\" data-end=\"2318\">Ch\u1ea5t li\u1ec7u th\u00e2n<\/strong><\/td>\n<td data-start=\"2319\" data-end=\"2353\" data-col-size=\"sm\">H\u1ee3p kim nh\u00f4m\/kim lo\u1ea1i ch\u1ecbu l\u1ef1c<\/td>\n<\/tr>\n<tr data-start=\"2354\" data-end=\"2401\">\n<td data-start=\"2354\" data-end=\"2371\" data-col-size=\"sm\"><strong data-start=\"2356\" data-end=\"2370\">Ngu\u1ed3n s\u00e1ng<\/strong><\/td>\n<td data-col-size=\"sm\" data-start=\"2371\" data-end=\"2401\">LED chi\u1ebfu s\u00e1ng (nhi\u1ec1u m\u1ee9c)<\/td>\n<\/tr>\n<tr data-start=\"2402\" data-end=\"2466\">\n<td data-start=\"2402\" data-end=\"2424\" data-col-size=\"sm\"><strong data-start=\"2404\" data-end=\"2423\">Ch\u1ebf \u0111\u1ed9 \u0111\u1eb7c bi\u1ec7t<\/strong><\/td>\n<td data-start=\"2424\" data-end=\"2466\" data-col-size=\"sm\">Ch\u1ebf \u0111\u1ed9 strobe \/ ch\u1edbp s\u00e1ng h\u1ed7 tr\u1ee3 t\u1ef1 v\u1ec7<\/td>\n<\/tr>\n<tr data-start=\"2467\" data-end=\"2510\">\n<td data-start=\"2467\" data-end=\"2484\" data-col-size=\"sm\"><strong data-start=\"2469\" data-end=\"2483\">K\u00edch th\u01b0\u1edbc<\/strong><\/td>\n<td data-start=\"2484\" data-end=\"2510\" data-col-size=\"sm\">C\u1ea7m tay \u2014 d\u1ec5 mang theo<\/td>\n<\/tr>\n<tr data-start=\"2511\" data-end=\"2570\">\n<td data-start=\"2511\" data-end=\"2531\" data-col-size=\"sm\"><strong data-start=\"2513\" data-end=\"2530\">T\u00ednh n\u0103ng ph\u1ee5<\/strong><\/td>\n<td data-start=\"2531\" data-end=\"2570\" data-col-size=\"sm\">\u0110\u1ea7u nh\u1ecdn\/gai \u0111\u1ec3 \u0111\u1eadp ph\u1ea3n \u1ee9ng v\u1eadt l\u00fd<\/td>\n<\/tr>\n<\/tbody>\n<\/table>\n<\/div>\n<\/div>\n<blockquote data-start=\"2572\" data-end=\"2718\">\n<p data-start=\"2574\" data-end=\"2718\">L\u01b0u \u00fd: nh\u1eefng th\u00f4ng s\u1ed1 tr\u00ean chung cho nh\u00f3m \u0111\u00e8n pin t\u1ef1 v\u1ec7 marketed nh\u01b0 <em data-start=\"2643\" data-end=\"2649\">1101<\/em>, ch\u1ee9 kh\u00f4ng ph\u1ea3i s\u1ed1 li\u1ec7u k\u1ef9 thu\u1eadt ch\u00ednh th\u1ee9c t\u1eeb nh\u00e0 s\u1ea3n xu\u1ea5t qu\u1ed1c t\u1ebf.<\/p>\n<\/blockquote>\n<hr data-start=\"2720\" data-end=\"2723\" \/>\n<h2 data-start=\"2725\" data-end=\"2746\">\ud83d\udccc \u01afu &amp; nh\u01b0\u1ee3c \u0111i\u1ec3m<\/h2>\n<h3 data-start=\"2748\" data-end=\"2762\">\ud83d\udc4d \u01afu \u0111i\u1ec3m<\/h3>\n<p data-start=\"2763\" data-end=\"3007\">\u2714 <strong data-start=\"2765\" data-end=\"2782\">\u0110a ch\u1ee9c n\u0103ng:<\/strong> Chi\u1ebfu s\u00e1ng + h\u1ed7 tr\u1ee3 t\u1ef1 v\u1ec7 trong ho\u00e0n c\u1ea3nh thi\u1ebfu s\u00e1ng<br data-start=\"2835\" data-end=\"2838\" \/>\u2714 <strong data-start=\"2840\" data-end=\"2863\">Thi\u1ebft k\u1ebf ch\u1eafc ch\u1eafn:<\/strong> V\u1ecf ch\u1ed1ng tr\u01b0\u1ee3t, ch\u1ed1ng va \u0111\u1eadp<br data-start=\"2892\" data-end=\"2895\" \/>\u2714 <strong data-start=\"2897\" data-end=\"2915\">Ch\u1ebf \u0111\u1ed9 strobe:<\/strong> C\u00f3 th\u1ec3 g\u00e2y r\u1ed1i m\u1eaft t\u1ea1m th\u1eddi, gi\u00fap b\u1ea1n tr\u1ed1n tho\u00e1t<br data-start=\"2964\" data-end=\"2967\" \/>\u2714 <strong data-start=\"2969\" data-end=\"2986\">D\u1ec5 mang theo:<\/strong> Nh\u1ecf g\u1ecdn, ti\u1ec7n b\u1ecf t\u00fai<\/p>\n<h3 data-start=\"3009\" data-end=\"3036\">\ud83d\udc4e Nh\u01b0\u1ee3c \u0111i\u1ec3m \/ H\u1ea1n ch\u1ebf<\/h3>\n<p data-start=\"3037\" data-end=\"3327\">\u274c Kh\u00f4ng ph\u1ea3i thi\u1ebft b\u1ecb ch\u00edch \u0111i\u1ec7n \u0111\u00fang ngh\u0129a \u2014 n\u1ebfu c\u00f3 xung \u0111i\u1ec7n th\u00ec r\u1ea5t y\u1ebfu v\u00e0 kh\u00f4ng th\u1ec3 so v\u1edbi stun gun\/taser chuy\u00ean d\u1ee5ng<br data-start=\"3158\" data-end=\"3161\" \/>\u274c Hi\u1ec7u qu\u1ea3 <em data-start=\"3172\" data-end=\"3198\">t\u1ef1 v\u1ec7 b\u1eb1ng \u00e1nh s\u00e1ng\/ch\u1edbp<\/em> c\u00f2n ph\u1ee5 thu\u1ed9c v\u00e0o k\u1ef9 n\u0103ng v\u00e0 ho\u00e0n c\u1ea3nh<br data-start=\"3237\" data-end=\"3240\" \/>\u274c M\u1ed9t s\u1ed1 t\u00ednh n\u0103ng ch\u1ec9 l\u00e0 <em data-start=\"3266\" data-end=\"3288\">qu\u1ea3ng c\u00e1o th\u01b0\u01a1ng m\u1ea1i<\/em> n\u1ebfu kh\u00f4ng c\u00f3 th\u00f4ng s\u1ed1 k\u1ef9 thu\u1eadt r\u00f5 r\u00e0ng<\/p>\n","protected":false},"excerpt":{"rendered":"<div>\u2705 Mi\u1ec5n ship to\u00e0n qu\u1ed1c<\/div>\n<div>\u2705 Nh\u1eadn h\u00e0ng ki\u1ec3m tra thanh to\u00e1n<\/div>\n<div>\u2705B\u1ea3o h\u00e0nh 1 th\u00e1ng l\u1ed7i 1 \u0111\u1ed5i 1<\/div>\n<div><\/div>\n<div><\/div>\n","protected":false},"featured_media":217,"template":"","meta":[],"product_brand":[],"product_cat":[21,30],"product_tag":[],"class_list":{"0":"post-216","1":"product","2":"type-product","3":"status-publish","4":"has-post-thumbnail","6":"product_cat-chich-dien","7":"product_cat-den-pin-chich-dien","9":"first","10":"instock","11":"shipping-taxable","12":"purchasable","13":"product-type-simple"},"yoast_head":"<!-- This site is optimized with the Yoast SEO plugin v27.0 - https:\/\/yoast.com\/product\/yoast-seo-wordpress\/ -->\n<title>\u0110\u00e8n pin ch\u00edch \u0111i\u1ec7n 1101 - Baton - Ch\u00edch \u0110i\u1ec7n - X\u1ecbt Cay ch\u00ednh h\u00e3ng<\/title>\n<meta name=\"robots\" content=\"index, follow, max-snippet:-1, max-image-preview:large, max-video-preview:-1\" \/>\n<link rel=\"canonical\" href=\"https:\/\/dotuvechinhhang.vn\/?product=den-pin-chich-dien-1101\" \/>\n<meta property=\"og:locale\" content=\"vi_VN\" \/>\n<meta property=\"og:type\" content=\"article\" \/>\n<meta property=\"og:title\" content=\"\u0110\u00e8n pin ch\u00edch \u0111i\u1ec7n 1101 - Baton - Ch\u00edch \u0110i\u1ec7n - X\u1ecbt Cay ch\u00ednh h\u00e3ng\" \/>\n<meta property=\"og:description\" content=\"\u2705 Mi\u1ec5n ship to\u00e0n qu\u1ed1c \u2705 Nh\u1eadn h\u00e0ng ki\u1ec3m tra thanh to\u00e1n \u2705B\u1ea3o h\u00e0nh 1 th\u00e1ng l\u1ed7i 1 \u0111\u1ed5i 1\" \/>\n<meta property=\"og:url\" content=\"https:\/\/dotuvechinhhang.vn\/?product=den-pin-chich-dien-1101\" \/>\n<meta property=\"og:site_name\" content=\"Baton - Ch\u00edch \u0110i\u1ec7n - X\u1ecbt Cay ch\u00ednh h\u00e3ng\" \/>\n<meta property=\"og:image\" content=\"https:\/\/dotuvechinhhang.vn\/wp-content\/uploads\/2026\/02\/z7280021889788_fd7a2eee701db411382ab60b98763000-300x300-1.jpg\" \/>\n\t<meta property=\"og:image:width\" content=\"300\" \/>\n\t<meta property=\"og:image:height\" content=\"300\" \/>\n\t<meta property=\"og:image:type\" content=\"image\/jpeg\" \/>\n<meta name=\"twitter:card\" content=\"summary_large_image\" \/>\n<meta name=\"twitter:label1\" content=\"\u01af\u1edbc t\u00ednh th\u1eddi gian \u0111\u1ecdc\" \/>\n\t<meta name=\"twitter:data1\" content=\"4 ph\u00fat\" \/>\n<script type=\"application\/ld+json\" class=\"yoast-schema-graph\">{\"@context\":\"https:\/\/schema.org\",\"@graph\":[{\"@type\":\"WebPage\",\"@id\":\"https:\/\/dotuvechinhhang.vn\/?product=den-pin-chich-dien-1101\",\"url\":\"https:\/\/dotuvechinhhang.vn\/?product=den-pin-chich-dien-1101\",\"name\":\"\u0110\u00e8n pin ch\u00edch \u0111i\u1ec7n 1101 - Baton - Ch\u00edch \u0110i\u1ec7n - X\u1ecbt Cay ch\u00ednh h\u00e3ng\",\"isPartOf\":{\"@id\":\"https:\/\/dotuvechinhhang.vn\/#website\"},\"primaryImageOfPage\":{\"@id\":\"https:\/\/dotuvechinhhang.vn\/?product=den-pin-chich-dien-1101#primaryimage\"},\"image\":{\"@id\":\"https:\/\/dotuvechinhhang.vn\/?product=den-pin-chich-dien-1101#primaryimage\"},\"thumbnailUrl\":\"https:\/\/dotuvechinhhang.vn\/wp-content\/uploads\/2026\/02\/z7280021889788_fd7a2eee701db411382ab60b98763000-300x300-1.jpg\",\"datePublished\":\"2026-02-23T04:17:22+00:00\",\"breadcrumb\":{\"@id\":\"https:\/\/dotuvechinhhang.vn\/?product=den-pin-chich-dien-1101#breadcrumb\"},\"inLanguage\":\"vi\",\"potentialAction\":[{\"@type\":\"ReadAction\",\"target\":[\"https:\/\/dotuvechinhhang.vn\/?product=den-pin-chich-dien-1101\"]}]},{\"@type\":\"ImageObject\",\"inLanguage\":\"vi\",\"@id\":\"https:\/\/dotuvechinhhang.vn\/?product=den-pin-chich-dien-1101#primaryimage\",\"url\":\"https:\/\/dotuvechinhhang.vn\/wp-content\/uploads\/2026\/02\/z7280021889788_fd7a2eee701db411382ab60b98763000-300x300-1.jpg\",\"contentUrl\":\"https:\/\/dotuvechinhhang.vn\/wp-content\/uploads\/2026\/02\/z7280021889788_fd7a2eee701db411382ab60b98763000-300x300-1.jpg\",\"width\":300,\"height\":300},{\"@type\":\"BreadcrumbList\",\"@id\":\"https:\/\/dotuvechinhhang.vn\/?product=den-pin-chich-dien-1101#breadcrumb\",\"itemListElement\":[{\"@type\":\"ListItem\",\"position\":1,\"name\":\"Trang ch\u1ee7\",\"item\":\"https:\/\/dotuvechinhhang.vn\/\"},{\"@type\":\"ListItem\",\"position\":2,\"name\":\"S\u1ea3n ph\u1ea9m\",\"item\":\"https:\/\/dotuvechinhhang.vn\/?post_type=product\"},{\"@type\":\"ListItem\",\"position\":3,\"name\":\"\u0110\u00e8n pin ch\u00edch \u0111i\u1ec7n 1101\"}]},{\"@type\":\"WebSite\",\"@id\":\"https:\/\/dotuvechinhhang.vn\/#website\",\"url\":\"https:\/\/dotuvechinhhang.vn\/\",\"name\":\"Baton - Ch\u00edch \u0110i\u1ec7n - X\u1ecbt Cay ch\u00ednh h\u00e3ng\",\"description\":\"\",\"potentialAction\":[{\"@type\":\"SearchAction\",\"target\":{\"@type\":\"EntryPoint\",\"urlTemplate\":\"https:\/\/dotuvechinhhang.vn\/?s={search_term_string}\"},\"query-input\":{\"@type\":\"PropertyValueSpecification\",\"valueRequired\":true,\"valueName\":\"search_term_string\"}}],\"inLanguage\":\"vi\"}]}<\/script>\n<!-- \/ Yoast SEO plugin. -->","yoast_head_json":{"title":"\u0110\u00e8n pin ch\u00edch \u0111i\u1ec7n 1101 - Baton - Ch\u00edch \u0110i\u1ec7n - X\u1ecbt Cay ch\u00ednh h\u00e3ng","robots":{"index":"index","follow":"follow","max-snippet":"max-snippet:-1","max-image-preview":"max-image-preview:large","max-video-preview":"max-video-preview:-1"},"canonical":"https:\/\/dotuvechinhhang.vn\/?product=den-pin-chich-dien-1101","og_locale":"vi_VN","og_type":"article","og_title":"\u0110\u00e8n pin ch\u00edch \u0111i\u1ec7n 1101 - Baton - Ch\u00edch \u0110i\u1ec7n - X\u1ecbt Cay ch\u00ednh h\u00e3ng","og_description":"\u2705 Mi\u1ec5n ship to\u00e0n qu\u1ed1c \u2705 Nh\u1eadn h\u00e0ng ki\u1ec3m tra thanh to\u00e1n \u2705B\u1ea3o h\u00e0nh 1 th\u00e1ng l\u1ed7i 1 \u0111\u1ed5i 1","og_url":"https:\/\/dotuvechinhhang.vn\/?product=den-pin-chich-dien-1101","og_site_name":"Baton - Ch\u00edch \u0110i\u1ec7n - X\u1ecbt Cay ch\u00ednh h\u00e3ng","og_image":[{"width":300,"height":300,"url":"https:\/\/dotuvechinhhang.vn\/wp-content\/uploads\/2026\/02\/z7280021889788_fd7a2eee701db411382ab60b98763000-300x300-1.jpg","type":"image\/jpeg"}],"twitter_card":"summary_large_image","twitter_misc":{"\u01af\u1edbc t\u00ednh th\u1eddi gian \u0111\u1ecdc":"4 ph\u00fat"},"schema":{"@context":"https:\/\/schema.org","@graph":[{"@type":"WebPage","@id":"https:\/\/dotuvechinhhang.vn\/?product=den-pin-chich-dien-1101","url":"https:\/\/dotuvechinhhang.vn\/?product=den-pin-chich-dien-1101","name":"\u0110\u00e8n pin ch\u00edch \u0111i\u1ec7n 1101 - Baton - Ch\u00edch \u0110i\u1ec7n - X\u1ecbt Cay ch\u00ednh h\u00e3ng","isPartOf":{"@id":"https:\/\/dotuvechinhhang.vn\/#website"},"primaryImageOfPage":{"@id":"https:\/\/dotuvechinhhang.vn\/?product=den-pin-chich-dien-1101#primaryimage"},"image":{"@id":"https:\/\/dotuvechinhhang.vn\/?product=den-pin-chich-dien-1101#primaryimage"},"thumbnailUrl":"https:\/\/dotuvechinhhang.vn\/wp-content\/uploads\/2026\/02\/z7280021889788_fd7a2eee701db411382ab60b98763000-300x300-1.jpg","datePublished":"2026-02-23T04:17:22+00:00","breadcrumb":{"@id":"https:\/\/dotuvechinhhang.vn\/?product=den-pin-chich-dien-1101#breadcrumb"},"inLanguage":"vi","potentialAction":[{"@type":"ReadAction","target":["https:\/\/dotuvechinhhang.vn\/?product=den-pin-chich-dien-1101"]}]},{"@type":"ImageObject","inLanguage":"vi","@id":"https:\/\/dotuvechinhhang.vn\/?product=den-pin-chich-dien-1101#primaryimage","url":"https:\/\/dotuvechinhhang.vn\/wp-content\/uploads\/2026\/02\/z7280021889788_fd7a2eee701db411382ab60b98763000-300x300-1.jpg","contentUrl":"https:\/\/dotuvechinhhang.vn\/wp-content\/uploads\/2026\/02\/z7280021889788_fd7a2eee701db411382ab60b98763000-300x300-1.jpg","width":300,"height":300},{"@type":"BreadcrumbList","@id":"https:\/\/dotuvechinhhang.vn\/?product=den-pin-chich-dien-1101#breadcrumb","itemListElement":[{"@type":"ListItem","position":1,"name":"Trang ch\u1ee7","item":"https:\/\/dotuvechinhhang.vn\/"},{"@type":"ListItem","position":2,"name":"S\u1ea3n ph\u1ea9m","item":"https:\/\/dotuvechinhhang.vn\/?post_type=product"},{"@type":"ListItem","position":3,"name":"\u0110\u00e8n pin ch\u00edch \u0111i\u1ec7n 1101"}]},{"@type":"WebSite","@id":"https:\/\/dotuvechinhhang.vn\/#website","url":"https:\/\/dotuvechinhhang.vn\/","name":"Baton - Ch\u00edch \u0110i\u1ec7n - X\u1ecbt Cay ch\u00ednh h\u00e3ng","description":"","potentialAction":[{"@type":"SearchAction","target":{"@type":"EntryPoint","urlTemplate":"https:\/\/dotuvechinhhang.vn\/?s={search_term_string}"},"query-input":{"@type":"PropertyValueSpecification","valueRequired":true,"valueName":"search_term_string"}}],"inLanguage":"vi"}]}},"_links":{"self":[{"href":"https:\/\/dotuvechinhhang.vn\/index.php?rest_route=\/wp\/v2\/product\/216","targetHints":{"allow":["GET"]}}],"collection":[{"href":"https:\/\/dotuvechinhhang.vn\/index.php?rest_route=\/wp\/v2\/product"}],"about":[{"href":"https:\/\/dotuvechinhhang.vn\/index.php?rest_route=\/wp\/v2\/types\/product"}],"wp:featuredmedia":[{"embeddable":true,"href":"https:\/\/dotuvechinhhang.vn\/index.php?rest_route=\/wp\/v2\/media\/217"}],"wp:attachment":[{"href":"https:\/\/dotuvechinhhang.vn\/index.php?rest_route=%2Fwp%2Fv2%2Fmedia&parent=216"}],"wp:term":[{"taxonomy":"product_brand","embeddable":true,"href":"https:\/\/dotuvechinhhang.vn\/index.php?rest_route=%2Fwp%2Fv2%2Fproduct_brand&post=216"},{"taxonomy":"product_cat","embeddable":true,"href":"https:\/\/dotuvechinhhang.vn\/index.php?rest_route=%2Fwp%2Fv2%2Fproduct_cat&post=216"},{"taxonomy":"product_tag","embeddable":true,"href":"https:\/\/dotuvechinhhang.vn\/index.php?rest_route=%2Fwp%2Fv2%2Fproduct_tag&post=216"}],"curies":[{"name":"wp","href":"https:\/\/api.w.org\/{rel}","templated":true}]}}