{"id":201,"date":"2026-02-23T11:12:07","date_gmt":"2026-02-23T04:12:07","guid":{"rendered":"https:\/\/dotuvechinhhang.vn\/?post_type=product&#038;p=201"},"modified":"2026-02-23T11:12:07","modified_gmt":"2026-02-23T04:12:07","slug":"moc-khoa-chich-dien-1502","status":"publish","type":"product","link":"https:\/\/dotuvechinhhang.vn\/?product=moc-khoa-chich-dien-1502","title":{"rendered":"M\u00f3c kh\u00f3a ch\u00edch \u0111i\u1ec7n 1502"},"content":{"rendered":"<p data-start=\"802\" data-end=\"1178\"><strong data-start=\"802\" data-end=\"825\">T\u00ean g\u1ecdi th\u01b0\u1eddng g\u1eb7p:<\/strong> M\u00f3c kh\u00f3a ch\u00edch \u0111i\u1ec7n 1502<br data-start=\"850\" data-end=\"853\" \/><strong data-start=\"853\" data-end=\"862\">Lo\u1ea1i:<\/strong> Thi\u1ebft b\u1ecb <em data-start=\"872\" data-end=\"882\">stun gun<\/em> \/ m\u00f3c kh\u00f3a \u0111i\u1ec7n t\u1ef1 v\u1ec7<br data-start=\"904\" data-end=\"907\" \/><strong data-start=\"907\" data-end=\"927\">C\u00f4ng d\u1ee5ng m\u00f4 t\u1ea3:<\/strong> G\u00e2y xung \u0111i\u1ec7n cao \u00e1p t\u1ea1m th\u1eddi v\u00e0o \u0111\u1ed1i t\u01b0\u1ee3ng khi ch\u1ea1m v\u00e0o \u0111i\u1ec7n c\u1ef1c, nh\u1eb1m l\u00e0m r\u1ed1i lo\u1ea1n t\u1ea1m th\u1eddi c\u01a1 b\u1eafp\/ h\u1ec7 th\u1ea7n kinh.<br data-start=\"1043\" data-end=\"1046\" \/><strong data-start=\"1046\" data-end=\"1059\">Thi\u1ebft k\u1ebf:<\/strong> H\u00ecnh d\u00e1ng nh\u1ecf g\u1ecdn nh\u01b0 m\u00f3c kh\u00f3a \u0111\u1ec3 mang theo d\u1ec5 d\u00e0ng.<br data-start=\"1112\" data-end=\"1115\" \/><strong data-start=\"1115\" data-end=\"1125\">Ngu\u1ed3n:<\/strong> Pin s\u1ea1c t\u00edch h\u1ee3p \u0111\u1ec3 duy tr\u00ec \u0111i\u1ec7n t\u00edch cho xung \u0111i\u1ec7n.<\/p>\n<hr data-start=\"1180\" data-end=\"1183\" \/>\n<h2 data-start=\"1185\" data-end=\"1220\">\u26a1 Nguy\u00ean l\u00fd ho\u1ea1t \u0111\u1ed9ng (k\u1ef9 thu\u1eadt)<\/h2>\n<p data-start=\"1222\" data-end=\"1303\">Thi\u1ebft b\u1ecb lo\u1ea1i n\u00e0y n\u00f3i chung ho\u1ea1t \u0111\u1ed9ng d\u1ef1a tr\u00ean nguy\u00ean l\u00fd <em data-start=\"1279\" data-end=\"1300\">electroshock weapon<\/em>:<\/p>\n<ul data-start=\"1305\" data-end=\"1731\">\n<li data-start=\"1305\" data-end=\"1377\">\n<p data-start=\"1307\" data-end=\"1377\">C\u00f3 <strong data-start=\"1310\" data-end=\"1374\">m\u1ea1ch t\u1ea1o xung \u0111i\u1ec7n cao \u00e1p, \u0111i\u1ec7n th\u1ebf l\u1edbn nh\u01b0ng d\u00f2ng \u0111i\u1ec7n th\u1ea5p<\/strong>.<\/p>\n<\/li>\n<li data-start=\"1378\" data-end=\"1503\">\n<p data-start=\"1380\" data-end=\"1503\">Khi nh\u1ea5n n\u00fat v\u00e0 c\u00e1c <strong data-start=\"1400\" data-end=\"1456\">\u0111i\u1ec7n c\u1ef1c ti\u1ebfp x\u00fac tr\u1ef1c ti\u1ebfp v\u1edbi da\/qu\u1ea7n \u00e1o \u0111\u1ed1i t\u01b0\u1ee3ng<\/strong>, l\u01b0\u1ee1ng c\u1ef1c s\u1ebd ph\u00f3ng xung \u0111i\u1ec7n v\u00e0o v\u1ecb tr\u00ed \u0111\u00f3.<\/p>\n<\/li>\n<li data-start=\"1504\" data-end=\"1731\">\n<p data-start=\"1506\" data-end=\"1731\">K\u1ebft qu\u1ea3 l\u00e0 \u0111\u1ed1i t\u01b0\u1ee3ng <strong data-start=\"1527\" data-end=\"1575\">c\u1ea3m th\u1ea5y \u0111au, co c\u01a1, m\u1ea5t th\u0103ng b\u1eb1ng t\u1ea1m th\u1eddi<\/strong> \u2014 gi\u00fap ng\u01b0\u1eddi s\u1eed d\u1ee5ng c\u00f3 th\u1eddi gian tho\u00e1t hi\u1ec3m.<br data-start=\"1621\" data-end=\"1624\" \/>\ud83d\udc49 L\u01b0u \u00fd: \u0110\u00e2y <em data-start=\"1638\" data-end=\"1682\">kh\u00f4ng ph\u1ea3i thi\u1ebft b\u1ecb ph\u00e1t \u0111i\u1ec7n xa nh\u01b0 TASER<\/em>, m\u00e0 th\u01b0\u1eddng y\u00eau c\u1ea7u <strong data-start=\"1702\" data-end=\"1729\">ti\u1ebfp x\u00fac g\u1ea7n\/ tr\u1ef1c ti\u1ebfp<\/strong>.<\/p>\n<\/li>\n<\/ul>\n<hr data-start=\"1733\" data-end=\"1736\" \/>\n<h2 data-start=\"1738\" data-end=\"1792\">\ud83e\uddf0 \u0110\u1eb7c \u0111i\u1ec3m thi\u1ebft k\u1ebf (tham kh\u1ea3o d\u00f2ng m\u00f3c kh\u00f3a \u0111i\u1ec7n)<\/h2>\n<h3 data-start=\"1794\" data-end=\"1818\">\u2728 Thi\u1ebft k\u1ebf nh\u1ecf g\u1ecdn<\/h3>\n<ul data-start=\"1819\" data-end=\"1965\">\n<li data-start=\"1819\" data-end=\"1926\">\n<p data-start=\"1821\" data-end=\"1926\">Nh\u00ecn nh\u01b0 <strong data-start=\"1830\" data-end=\"1861\">m\u00f3c kh\u00f3a ho\u1eb7c v\u1eadt trang tr\u00ed<\/strong>, d\u1ec5 c\u1ea7m, thu\u1eadn ti\u1ec7n \u0111\u1ec3 treo ch\u00eca kh\u00f3a ho\u1eb7c mang theo t\u00fai qu\u1ea7n.<\/p>\n<\/li>\n<li data-start=\"1927\" data-end=\"1965\">\n<p data-start=\"1929\" data-end=\"1965\">V\u1ecf b\u1eb1ng nh\u1ef1a\/kim lo\u1ea1i c\u1ee9ng ch\u1ecbu l\u1ef1c.<\/p>\n<\/li>\n<\/ul>\n<h3 data-start=\"1967\" data-end=\"1995\">\u26a1 \u0110i\u1ec7n c\u1ef1c &amp; c\u00f4ng su\u1ea5t<\/h3>\n<ul data-start=\"1996\" data-end=\"2262\">\n<li data-start=\"1996\" data-end=\"2038\">\n<p data-start=\"1998\" data-end=\"2038\">C\u00f3 2 \u0111i\u1ec7n c\u1ef1c nh\u1ecf \u1edf \u0111\u1ea7u \u0111\u1ec3 ph\u00f3ng \u0111i\u1ec7n.<\/p>\n<\/li>\n<li data-start=\"2039\" data-end=\"2191\">\n<p data-start=\"2041\" data-end=\"2191\">\u0110i\u1ec7n \u00e1p \u0111\u1ea7u ra c\u00f3 th\u1ec3 t\u1eeb <strong data-start=\"2066\" data-end=\"2125\">v\u00e0i ch\u1ee5c ngh\u00ecn cho \u0111\u1ebfn h\u01a1n 100 000 V (khi \u0111o kh\u00f4ng t\u1ea3i)<\/strong> \u2014 nh\u01b0ng d\u00f2ng \u0111i\u1ec7n th\u1ef1c t\u1ebf kh\u00e1 th\u1ea5p \u0111\u1ec3 gi\u1ea3m nguy c\u01a1 g\u00e2y t\u1eed vong.<\/p>\n<\/li>\n<li data-start=\"2192\" data-end=\"2262\">\n<p data-start=\"2194\" data-end=\"2262\">C\u00f3 <strong data-start=\"2197\" data-end=\"2230\">n\u00fat b\u1eadt\/t\u1eaft v\u00e0 b\u1ea3o v\u1ec7 an to\u00e0n<\/strong> \u0111\u1ec3 tr\u00e1nh xung \u0111i\u1ec7n kh\u00f4ng ch\u1ee7 \u00fd.<\/p>\n<\/li>\n<\/ul>\n<h3 data-start=\"2264\" data-end=\"2283\">\ud83d\udd0b Ngu\u1ed3n \u0111i\u1ec7n<\/h3>\n<ul data-start=\"2284\" data-end=\"2366\">\n<li data-start=\"2284\" data-end=\"2366\">\n<p data-start=\"2286\" data-end=\"2366\">Pin s\u1ea1c t\u00edch h\u1ee3p \u2014 s\u1ea1c qua adapter (th\u01b0\u1eddng 220 V) \u2014 s\u1eb5n s\u00e0ng cho xung ti\u1ebfp theo.<\/p>\n<\/li>\n<\/ul>\n<hr data-start=\"2368\" data-end=\"2371\" \/>\n<h2 data-start=\"2373\" data-end=\"2408\">\ud83d\udee1\ufe0f T\u00e1c d\u1ee5ng v\u00e0 m\u1ee5c \u0111\u00edch s\u1eed d\u1ee5ng<\/h2>\n<p data-start=\"2410\" data-end=\"2432\">\u2714 <strong data-start=\"2412\" data-end=\"2430\">T\u1ef1 v\u1ec7 c\u00e1 nh\u00e2n:<\/strong><\/p>\n<ul data-start=\"2433\" data-end=\"2563\">\n<li data-start=\"2433\" data-end=\"2563\">\n<p data-start=\"2435\" data-end=\"2563\">Khi b\u1ecb \u0111e d\u1ecda, thi\u1ebft b\u1ecb c\u00f3 th\u1ec3 <strong data-start=\"2466\" data-end=\"2493\">g\u00e2y \u0111au\/cho\u00e1ng t\u1ea1m th\u1eddi<\/strong> khi\u1ebfn \u0111\u1ed1i ph\u01b0\u01a1ng b\u1ecb r\u1ed1i lo\u1ea1n c\u01a1 b\u1eafp, m\u1ea5t ph\u01b0\u01a1ng h\u01b0\u1edbng trong v\u00e0i gi\u00e2y.<\/p>\n<\/li>\n<\/ul>\n<p data-start=\"2565\" data-end=\"2590\">\u2714 <strong data-start=\"2567\" data-end=\"2588\">Kh\u1ea3 n\u0103ng r\u00fat lui:<\/strong><\/p>\n<ul data-start=\"2591\" data-end=\"2699\">\n<li data-start=\"2591\" data-end=\"2699\">\n<p data-start=\"2593\" data-end=\"2699\">M\u1ee5c ti\u00eau l\u00e0 gi\u00fap ng\u01b0\u1eddi s\u1eed d\u1ee5ng <strong data-start=\"2624\" data-end=\"2659\">tho\u00e1t kh\u1ecfi t\u00ecnh hu\u1ed1ng nguy hi\u1ec3m<\/strong> ch\u1ee9 kh\u00f4ng g\u00e2y th\u01b0\u01a1ng t\u00edch nghi\u00eam tr\u1ecdng.<\/p>\n<\/li>\n<\/ul>\n<p data-start=\"2701\" data-end=\"2741\">\u2714 <strong data-start=\"2703\" data-end=\"2739\">Kh\u00f4ng g\u00e2y th\u01b0\u01a1ng t\u00edch v\u0129nh vi\u1ec5n:<\/strong><\/p>\n<ul data-start=\"2742\" data-end=\"2854\">\n<li data-start=\"2742\" data-end=\"2854\">\n<p data-start=\"2744\" data-end=\"2854\">Thi\u1ebft k\u1ebf \u0111i\u1ec7n \u00e1p cao\/d\u00f2ng th\u1ea5p gi\u00fap t\u1ed1i \u01b0u t\u00e1c d\u1ee5ng m\u00e0 <em data-start=\"2799\" data-end=\"2853\">kh\u00f4ng g\u00e2y t\u1ed5n th\u01b0\u01a1ng l\u00e2u d\u00e0i n\u1ebfu d\u00f9ng \u0111\u00fang m\u1ee5c \u0111\u00edch.<\/em><\/p>\n<\/li>\n<\/ul>\n","protected":false},"excerpt":{"rendered":"<div>\u2705 Mi\u1ec5n ship to\u00e0n qu\u1ed1c<\/div>\n<div>\u2705 Nh\u1eadn h\u00e0ng ki\u1ec3m tra thanh to\u00e1n<\/div>\n<div>\u2705B\u1ea3o h\u00e0nh 1 th\u00e1ng l\u1ed7i 1 \u0111\u1ed5i 1<\/div>\n<div><\/div>\n<div><\/div>\n","protected":false},"featured_media":202,"template":"","meta":[],"product_brand":[],"product_cat":[21,32],"product_tag":[],"class_list":{"0":"post-201","1":"product","2":"type-product","3":"status-publish","4":"has-post-thumbnail","6":"product_cat-chich-dien","7":"product_cat-chich-dien-mini","9":"first","10":"instock","11":"shipping-taxable","12":"purchasable","13":"product-type-simple"},"yoast_head":"<!-- This site is optimized with the Yoast SEO plugin v27.0 - https:\/\/yoast.com\/product\/yoast-seo-wordpress\/ -->\n<title>M\u00f3c kh\u00f3a ch\u00edch \u0111i\u1ec7n 1502 - Baton - Ch\u00edch \u0110i\u1ec7n - X\u1ecbt Cay ch\u00ednh h\u00e3ng<\/title>\n<meta name=\"robots\" content=\"index, follow, max-snippet:-1, max-image-preview:large, max-video-preview:-1\" \/>\n<link rel=\"canonical\" href=\"https:\/\/dotuvechinhhang.vn\/?product=moc-khoa-chich-dien-1502\" \/>\n<meta property=\"og:locale\" content=\"vi_VN\" \/>\n<meta property=\"og:type\" content=\"article\" \/>\n<meta property=\"og:title\" content=\"M\u00f3c kh\u00f3a ch\u00edch \u0111i\u1ec7n 1502 - Baton - Ch\u00edch \u0110i\u1ec7n - X\u1ecbt Cay ch\u00ednh h\u00e3ng\" \/>\n<meta property=\"og:description\" content=\"\u2705 Mi\u1ec5n ship to\u00e0n qu\u1ed1c \u2705 Nh\u1eadn h\u00e0ng ki\u1ec3m tra thanh to\u00e1n \u2705B\u1ea3o h\u00e0nh 1 th\u00e1ng l\u1ed7i 1 \u0111\u1ed5i 1\" \/>\n<meta property=\"og:url\" content=\"https:\/\/dotuvechinhhang.vn\/?product=moc-khoa-chich-dien-1502\" \/>\n<meta property=\"og:site_name\" content=\"Baton - Ch\u00edch \u0110i\u1ec7n - X\u1ecbt Cay ch\u00ednh h\u00e3ng\" \/>\n<meta property=\"og:image\" content=\"https:\/\/dotuvechinhhang.vn\/wp-content\/uploads\/2026\/02\/z6538502666573_10ff8f84242978a126b5e7ef8d4e7a06-scaled.jpg\" \/>\n\t<meta property=\"og:image:width\" content=\"2560\" \/>\n\t<meta property=\"og:image:height\" content=\"2560\" \/>\n\t<meta property=\"og:image:type\" content=\"image\/jpeg\" \/>\n<meta name=\"twitter:card\" content=\"summary_large_image\" \/>\n<meta name=\"twitter:label1\" content=\"\u01af\u1edbc t\u00ednh th\u1eddi gian \u0111\u1ecdc\" \/>\n\t<meta name=\"twitter:data1\" content=\"3 ph\u00fat\" \/>\n<script type=\"application\/ld+json\" class=\"yoast-schema-graph\">{\"@context\":\"https:\/\/schema.org\",\"@graph\":[{\"@type\":\"WebPage\",\"@id\":\"https:\/\/dotuvechinhhang.vn\/?product=moc-khoa-chich-dien-1502\",\"url\":\"https:\/\/dotuvechinhhang.vn\/?product=moc-khoa-chich-dien-1502\",\"name\":\"M\u00f3c kh\u00f3a ch\u00edch \u0111i\u1ec7n 1502 - Baton - Ch\u00edch \u0110i\u1ec7n - X\u1ecbt Cay ch\u00ednh h\u00e3ng\",\"isPartOf\":{\"@id\":\"https:\/\/dotuvechinhhang.vn\/#website\"},\"primaryImageOfPage\":{\"@id\":\"https:\/\/dotuvechinhhang.vn\/?product=moc-khoa-chich-dien-1502#primaryimage\"},\"image\":{\"@id\":\"https:\/\/dotuvechinhhang.vn\/?product=moc-khoa-chich-dien-1502#primaryimage\"},\"thumbnailUrl\":\"https:\/\/dotuvechinhhang.vn\/wp-content\/uploads\/2026\/02\/z6538502666573_10ff8f84242978a126b5e7ef8d4e7a06-scaled.jpg\",\"datePublished\":\"2026-02-23T04:12:07+00:00\",\"breadcrumb\":{\"@id\":\"https:\/\/dotuvechinhhang.vn\/?product=moc-khoa-chich-dien-1502#breadcrumb\"},\"inLanguage\":\"vi\",\"potentialAction\":[{\"@type\":\"ReadAction\",\"target\":[\"https:\/\/dotuvechinhhang.vn\/?product=moc-khoa-chich-dien-1502\"]}]},{\"@type\":\"ImageObject\",\"inLanguage\":\"vi\",\"@id\":\"https:\/\/dotuvechinhhang.vn\/?product=moc-khoa-chich-dien-1502#primaryimage\",\"url\":\"https:\/\/dotuvechinhhang.vn\/wp-content\/uploads\/2026\/02\/z6538502666573_10ff8f84242978a126b5e7ef8d4e7a06-scaled.jpg\",\"contentUrl\":\"https:\/\/dotuvechinhhang.vn\/wp-content\/uploads\/2026\/02\/z6538502666573_10ff8f84242978a126b5e7ef8d4e7a06-scaled.jpg\",\"width\":2560,\"height\":2560},{\"@type\":\"BreadcrumbList\",\"@id\":\"https:\/\/dotuvechinhhang.vn\/?product=moc-khoa-chich-dien-1502#breadcrumb\",\"itemListElement\":[{\"@type\":\"ListItem\",\"position\":1,\"name\":\"Trang ch\u1ee7\",\"item\":\"https:\/\/dotuvechinhhang.vn\/\"},{\"@type\":\"ListItem\",\"position\":2,\"name\":\"S\u1ea3n ph\u1ea9m\",\"item\":\"https:\/\/dotuvechinhhang.vn\/?post_type=product\"},{\"@type\":\"ListItem\",\"position\":3,\"name\":\"M\u00f3c kh\u00f3a ch\u00edch \u0111i\u1ec7n 1502\"}]},{\"@type\":\"WebSite\",\"@id\":\"https:\/\/dotuvechinhhang.vn\/#website\",\"url\":\"https:\/\/dotuvechinhhang.vn\/\",\"name\":\"Baton - Ch\u00edch \u0110i\u1ec7n - X\u1ecbt Cay ch\u00ednh h\u00e3ng\",\"description\":\"\",\"potentialAction\":[{\"@type\":\"SearchAction\",\"target\":{\"@type\":\"EntryPoint\",\"urlTemplate\":\"https:\/\/dotuvechinhhang.vn\/?s={search_term_string}\"},\"query-input\":{\"@type\":\"PropertyValueSpecification\",\"valueRequired\":true,\"valueName\":\"search_term_string\"}}],\"inLanguage\":\"vi\"}]}<\/script>\n<!-- \/ Yoast SEO plugin. -->","yoast_head_json":{"title":"M\u00f3c kh\u00f3a ch\u00edch \u0111i\u1ec7n 1502 - Baton - Ch\u00edch \u0110i\u1ec7n - X\u1ecbt Cay ch\u00ednh h\u00e3ng","robots":{"index":"index","follow":"follow","max-snippet":"max-snippet:-1","max-image-preview":"max-image-preview:large","max-video-preview":"max-video-preview:-1"},"canonical":"https:\/\/dotuvechinhhang.vn\/?product=moc-khoa-chich-dien-1502","og_locale":"vi_VN","og_type":"article","og_title":"M\u00f3c kh\u00f3a ch\u00edch \u0111i\u1ec7n 1502 - Baton - Ch\u00edch \u0110i\u1ec7n - X\u1ecbt Cay ch\u00ednh h\u00e3ng","og_description":"\u2705 Mi\u1ec5n ship to\u00e0n qu\u1ed1c \u2705 Nh\u1eadn h\u00e0ng ki\u1ec3m tra thanh to\u00e1n \u2705B\u1ea3o h\u00e0nh 1 th\u00e1ng l\u1ed7i 1 \u0111\u1ed5i 1","og_url":"https:\/\/dotuvechinhhang.vn\/?product=moc-khoa-chich-dien-1502","og_site_name":"Baton - Ch\u00edch \u0110i\u1ec7n - X\u1ecbt Cay ch\u00ednh h\u00e3ng","og_image":[{"width":2560,"height":2560,"url":"https:\/\/dotuvechinhhang.vn\/wp-content\/uploads\/2026\/02\/z6538502666573_10ff8f84242978a126b5e7ef8d4e7a06-scaled.jpg","type":"image\/jpeg"}],"twitter_card":"summary_large_image","twitter_misc":{"\u01af\u1edbc t\u00ednh th\u1eddi gian \u0111\u1ecdc":"3 ph\u00fat"},"schema":{"@context":"https:\/\/schema.org","@graph":[{"@type":"WebPage","@id":"https:\/\/dotuvechinhhang.vn\/?product=moc-khoa-chich-dien-1502","url":"https:\/\/dotuvechinhhang.vn\/?product=moc-khoa-chich-dien-1502","name":"M\u00f3c kh\u00f3a ch\u00edch \u0111i\u1ec7n 1502 - Baton - Ch\u00edch \u0110i\u1ec7n - X\u1ecbt Cay ch\u00ednh h\u00e3ng","isPartOf":{"@id":"https:\/\/dotuvechinhhang.vn\/#website"},"primaryImageOfPage":{"@id":"https:\/\/dotuvechinhhang.vn\/?product=moc-khoa-chich-dien-1502#primaryimage"},"image":{"@id":"https:\/\/dotuvechinhhang.vn\/?product=moc-khoa-chich-dien-1502#primaryimage"},"thumbnailUrl":"https:\/\/dotuvechinhhang.vn\/wp-content\/uploads\/2026\/02\/z6538502666573_10ff8f84242978a126b5e7ef8d4e7a06-scaled.jpg","datePublished":"2026-02-23T04:12:07+00:00","breadcrumb":{"@id":"https:\/\/dotuvechinhhang.vn\/?product=moc-khoa-chich-dien-1502#breadcrumb"},"inLanguage":"vi","potentialAction":[{"@type":"ReadAction","target":["https:\/\/dotuvechinhhang.vn\/?product=moc-khoa-chich-dien-1502"]}]},{"@type":"ImageObject","inLanguage":"vi","@id":"https:\/\/dotuvechinhhang.vn\/?product=moc-khoa-chich-dien-1502#primaryimage","url":"https:\/\/dotuvechinhhang.vn\/wp-content\/uploads\/2026\/02\/z6538502666573_10ff8f84242978a126b5e7ef8d4e7a06-scaled.jpg","contentUrl":"https:\/\/dotuvechinhhang.vn\/wp-content\/uploads\/2026\/02\/z6538502666573_10ff8f84242978a126b5e7ef8d4e7a06-scaled.jpg","width":2560,"height":2560},{"@type":"BreadcrumbList","@id":"https:\/\/dotuvechinhhang.vn\/?product=moc-khoa-chich-dien-1502#breadcrumb","itemListElement":[{"@type":"ListItem","position":1,"name":"Trang ch\u1ee7","item":"https:\/\/dotuvechinhhang.vn\/"},{"@type":"ListItem","position":2,"name":"S\u1ea3n ph\u1ea9m","item":"https:\/\/dotuvechinhhang.vn\/?post_type=product"},{"@type":"ListItem","position":3,"name":"M\u00f3c kh\u00f3a ch\u00edch \u0111i\u1ec7n 1502"}]},{"@type":"WebSite","@id":"https:\/\/dotuvechinhhang.vn\/#website","url":"https:\/\/dotuvechinhhang.vn\/","name":"Baton - Ch\u00edch \u0110i\u1ec7n - X\u1ecbt Cay ch\u00ednh h\u00e3ng","description":"","potentialAction":[{"@type":"SearchAction","target":{"@type":"EntryPoint","urlTemplate":"https:\/\/dotuvechinhhang.vn\/?s={search_term_string}"},"query-input":{"@type":"PropertyValueSpecification","valueRequired":true,"valueName":"search_term_string"}}],"inLanguage":"vi"}]}},"_links":{"self":[{"href":"https:\/\/dotuvechinhhang.vn\/index.php?rest_route=\/wp\/v2\/product\/201","targetHints":{"allow":["GET"]}}],"collection":[{"href":"https:\/\/dotuvechinhhang.vn\/index.php?rest_route=\/wp\/v2\/product"}],"about":[{"href":"https:\/\/dotuvechinhhang.vn\/index.php?rest_route=\/wp\/v2\/types\/product"}],"wp:featuredmedia":[{"embeddable":true,"href":"https:\/\/dotuvechinhhang.vn\/index.php?rest_route=\/wp\/v2\/media\/202"}],"wp:attachment":[{"href":"https:\/\/dotuvechinhhang.vn\/index.php?rest_route=%2Fwp%2Fv2%2Fmedia&parent=201"}],"wp:term":[{"taxonomy":"product_brand","embeddable":true,"href":"https:\/\/dotuvechinhhang.vn\/index.php?rest_route=%2Fwp%2Fv2%2Fproduct_brand&post=201"},{"taxonomy":"product_cat","embeddable":true,"href":"https:\/\/dotuvechinhhang.vn\/index.php?rest_route=%2Fwp%2Fv2%2Fproduct_cat&post=201"},{"taxonomy":"product_tag","embeddable":true,"href":"https:\/\/dotuvechinhhang.vn\/index.php?rest_route=%2Fwp%2Fv2%2Fproduct_tag&post=201"}],"curies":[{"name":"wp","href":"https:\/\/api.w.org\/{rel}","templated":true}]}}