{"id":186,"date":"2026-02-23T11:06:30","date_gmt":"2026-02-23T04:06:30","guid":{"rendered":"https:\/\/dotuvechinhhang.vn\/?post_type=product&#038;p=186"},"modified":"2026-02-23T11:06:30","modified_gmt":"2026-02-23T04:06:30","slug":"kim-chich-dien-tw-398-type","status":"publish","type":"product","link":"https:\/\/dotuvechinhhang.vn\/?product=kim-chich-dien-tw-398-type","title":{"rendered":"K\u00ecm ch\u00edch \u0111i\u1ec7n TW-398 Type"},"content":{"rendered":"<h3 data-start=\"442\" data-end=\"467\">\ud83d\udccc T\u1ed5ng quan s\u1ea3n ph\u1ea9m<\/h3>\n<ul data-start=\"468\" data-end=\"891\">\n<li data-start=\"468\" data-end=\"534\">\n<p data-start=\"470\" data-end=\"534\"><strong data-start=\"470\" data-end=\"488\">Lo\u1ea1i s\u1ea3n ph\u1ea9m:<\/strong> Thi\u1ebft b\u1ecb ch\u00edch \u0111i\u1ec7n \/ stun gun (t\u1ef1 v\u1ec7 \u0111i\u1ec7n)<\/p>\n<\/li>\n<li data-start=\"535\" data-end=\"670\">\n<p data-start=\"537\" data-end=\"670\"><strong data-start=\"537\" data-end=\"550\">M\u1ee5c \u0111\u00edch:<\/strong> T\u1ef1 v\u1ec7 c\u00e1 nh\u00e2n \u2013 l\u00e0m \u0111\u1ed1i ph\u01b0\u01a1ng t\u1ea1m th\u1eddi <strong data-start=\"591\" data-end=\"624\">m\u1ea5t ph\u01b0\u01a1ng h\u01b0\u1edbng ho\u1eb7c \u0111au r\u00e1t<\/strong> b\u1eb1ng xung \u0111i\u1ec7n m\u1ea1nh khi ti\u1ebfp x\u00fac tr\u1ef1c ti\u1ebfp.<\/p>\n<\/li>\n<li data-start=\"671\" data-end=\"729\">\n<p data-start=\"673\" data-end=\"729\"><strong data-start=\"673\" data-end=\"691\">Ki\u1ec3u thi\u1ebft k\u1ebf:<\/strong> C\u1ea7m tay nh\u1ecf g\u1ecdn d\u1ec5 mang theo ng\u01b0\u1eddi.<\/p>\n<\/li>\n<li data-start=\"730\" data-end=\"891\">\n<p data-start=\"732\" data-end=\"891\"><strong data-start=\"732\" data-end=\"753\">Ph\u1ea1m vi t\u00e1c d\u1ee5ng:<\/strong> Thi\u1ebft b\u1ecb n\u00e0y ho\u1ea1t \u0111\u1ed9ng <strong data-start=\"777\" data-end=\"818\">ch\u1ea1m g\u1ea7n\/electrode ti\u1ebfp x\u00fac tr\u1ef1c ti\u1ebfp<\/strong> v\u1edbi \u0111\u1ed1i ph\u01b0\u01a1ng (kh\u00f4ng phun ra xa).<\/p>\n<\/li>\n<\/ul>\n<hr data-start=\"893\" data-end=\"896\" \/>\n<h2 data-start=\"898\" data-end=\"922\">\u26a1 Nguy\u00ean l\u00fd ho\u1ea1t \u0111\u1ed9ng<\/h2>\n<p data-start=\"924\" data-end=\"1366\">Thi\u1ebft b\u1ecb <em data-start=\"933\" data-end=\"954\">stun gun\/ch\u00edch \u0111i\u1ec7n<\/em> nh\u01b0 m\u1eabu n\u00e0y (v\u00e0 theo b\u1ea1n g\u1ecdi \u201ck\u00ecm ch\u00edch \u0111i\u1ec7n TW-398\u201d) ho\u1ea1t \u0111\u1ed9ng d\u1ef1a tr\u00ean <strong data-start=\"1028\" data-end=\"1064\">xung \u0111i\u1ec7n cao \u00e1p, d\u00f2ng \u0111i\u1ec7n th\u1ea5p<\/strong>, g\u00e2y t\u00e1c \u0111\u1ed9ng l\u00ean h\u1ec7 th\u1ea7n kinh v\u00e0 c\u01a1 b\u1eafp c\u1ee7a ng\u01b0\u1eddi b\u1ecb ch\u1ea1m v\u00e0o thi\u1ebft b\u1ecb \u2014 t\u1ea1o c\u1ea3m gi\u00e1c \u0111au, co th\u1eaft c\u01a1, m\u1ea5t kh\u1ea3 n\u0103ng ch\u1ed1ng c\u1ef1 t\u1ea1m th\u1eddi. \u0110\u00e2y l\u00e0 nguy\u00ean l\u00fd c\u1ee7a c\u00e1c <strong data-start=\"1226\" data-end=\"1274\">v\u0169 kh\u00ed \u0111i\u1ec7n g\u00e2y cho\u00e1ng (electroshock weapon)<\/strong> kh\u00e1c nhau nh\u01b0 stun gun, taser hay electroshock baton.<\/p>\n<hr data-start=\"1368\" data-end=\"1371\" \/>\n<h2 data-start=\"1373\" data-end=\"1393\">\ud83e\uddf0 \u0110\u1eb7c \u0111i\u1ec3m ch\u00ednh<\/h2>\n<p data-start=\"1395\" data-end=\"1421\">\u2714\ufe0f <strong data-start=\"1398\" data-end=\"1419\">Thi\u1ebft k\u1ebf c\u1ea7m tay:<\/strong><\/p>\n<ul data-start=\"1422\" data-end=\"1497\">\n<li data-start=\"1422\" data-end=\"1497\">\n<p data-start=\"1424\" data-end=\"1497\">Nh\u1ecf g\u1ecdn, d\u1ec5 mang theo t\u00fai\/x\u00e1ch ho\u1eb7c balo, thu\u1eadn ti\u1ec7n cho t\u1ef1 v\u1ec7 c\u00e1 nh\u00e2n.<\/p>\n<\/li>\n<\/ul>\n<p data-start=\"1499\" data-end=\"1526\">\u2714\ufe0f <strong data-start=\"1502\" data-end=\"1524\">\u0110i\u1ec7n \u00e1p xung m\u1ea1nh:<\/strong><\/p>\n<ul data-start=\"1527\" data-end=\"1771\">\n<li data-start=\"1527\" data-end=\"1631\">\n<p data-start=\"1529\" data-end=\"1631\">Ph\u00e1t ra xung \u0111i\u1ec7n m\u1ea1nh khi <em data-start=\"1556\" data-end=\"1571\">ch\u1ea1m \u0111i\u1ec7n c\u1ef1c<\/em> \u2014 g\u00e2y \u0111au v\u00e0 <strong data-start=\"1585\" data-end=\"1614\">m\u1ea5t ph\u01b0\u01a1ng h\u01b0\u1edbng t\u1ea1m th\u1eddi<\/strong> cho \u0111\u1ed1i t\u01b0\u1ee3ng.<\/p>\n<\/li>\n<li data-start=\"1632\" data-end=\"1771\">\n<p data-start=\"1634\" data-end=\"1771\">Kh\u00f4ng phun hay b\u1eafn \u0111i\u1ec7n xa nh\u01b0 taser; stun gun <strong data-start=\"1681\" data-end=\"1705\">y\u00eau c\u1ea7u ti\u1ebfp x\u00fac g\u1ea7n<\/strong> v\u1edbi \u0111\u1ed1i ph\u01b0\u01a1ng \u0111\u1ec3 t\u00e1c d\u1ee5ng.<\/p>\n<\/li>\n<\/ul>\n<p data-start=\"1773\" data-end=\"1799\">\u2714\ufe0f <strong data-start=\"1776\" data-end=\"1797\">S\u1eed d\u1ee5ng \u0111\u01a1n gi\u1ea3n:<\/strong><\/p>\n<ul data-start=\"1800\" data-end=\"1882\">\n<li data-start=\"1800\" data-end=\"1882\">\n<p data-start=\"1802\" data-end=\"1882\">C\u00f3 n\u00fat b\u1eadt\/t\u1eaft, tay c\u1ea7m ch\u1eafc, \u0111i\u1ec7n c\u1ef1c n\u1eb1m \u1edf \u0111\u1ea7u thi\u1ebft b\u1ecb \u0111\u1ec3 ti\u1ebfp x\u00fac tr\u1ef1c ti\u1ebfp.<\/p>\n<\/li>\n<\/ul>\n<hr data-start=\"1884\" data-end=\"1887\" \/>\n<h2 data-start=\"1889\" data-end=\"1915\">\ud83e\udde0 \u1ee8ng d\u1ee5ng trong t\u1ef1 v\u1ec7<\/h2>\n<ul data-start=\"1917\" data-end=\"2240\">\n<li data-start=\"1917\" data-end=\"2041\">\n<p data-start=\"1919\" data-end=\"2041\"><strong data-start=\"1919\" data-end=\"1937\">T\u1ef1 v\u1ec7 c\u00e1 nh\u00e2n:<\/strong> Khi b\u1ecb \u0111e d\u1ecda, thi\u1ebft b\u1ecb cung c\u1ea5p xung \u0111i\u1ec7n t\u1ee9c th\u00ec \u0111\u1ec3 g\u00e2y cho\u00e1ng v\u00e0 gi\u00fap b\u1ea1n c\u00f3 th\u1eddi gian tho\u00e1t hi\u1ec3m.<\/p>\n<\/li>\n<li data-start=\"2042\" data-end=\"2240\">\n<p data-start=\"2044\" data-end=\"2240\"><strong data-start=\"2044\" data-end=\"2078\">Kh\u00f4ng g\u00e2y th\u01b0\u01a1ng t\u00edch l\u00e2u d\u00e0i:<\/strong> Xung \u0111i\u1ec7n c\u1ee7a stun gun \u0111\u01b0\u1ee3c thi\u1ebft k\u1ebf \u0111\u1ec3 <strong data-start=\"2119\" data-end=\"2143\">t\u1ea1m th\u1eddi v\u00f4 hi\u1ec7u h\u00f3a<\/strong> ch\u1ee9 kh\u00f4ng g\u00e2y th\u01b0\u01a1ng t\u00edch nghi\u00eam tr\u1ecdng n\u1ebfu d\u00f9ng \u0111\u00fang c\u00e1ch.<\/p>\n<\/li>\n<\/ul>\n","protected":false},"excerpt":{"rendered":"<div>\u2705 Mi\u1ec5n ship to\u00e0n qu\u1ed1c<\/div>\n<div>\u2705 Nh\u1eadn h\u00e0ng ki\u1ec3m tra thanh to\u00e1n<\/div>\n<div>\u2705B\u1ea3o h\u00e0nh 1 th\u00e1ng l\u1ed7i 1 \u0111\u1ed5i 1<\/div>\n<div><\/div>\n<div><\/div>\n","protected":false},"featured_media":187,"template":"","meta":[],"product_brand":[],"product_cat":[21,31],"product_tag":[],"class_list":{"0":"post-186","1":"product","2":"type-product","3":"status-publish","4":"has-post-thumbnail","6":"product_cat-chich-dien","7":"product_cat-roi-dien","9":"first","10":"instock","11":"shipping-taxable","12":"purchasable","13":"product-type-simple"},"yoast_head":"<!-- This site is optimized with the Yoast SEO plugin v27.0 - https:\/\/yoast.com\/product\/yoast-seo-wordpress\/ -->\n<title>K\u00ecm ch\u00edch \u0111i\u1ec7n TW-398 Type - Baton - Ch\u00edch \u0110i\u1ec7n - X\u1ecbt Cay ch\u00ednh h\u00e3ng<\/title>\n<meta name=\"robots\" content=\"index, follow, max-snippet:-1, max-image-preview:large, max-video-preview:-1\" \/>\n<link rel=\"canonical\" href=\"https:\/\/dotuvechinhhang.vn\/?product=kim-chich-dien-tw-398-type\" \/>\n<meta property=\"og:locale\" content=\"vi_VN\" \/>\n<meta property=\"og:type\" content=\"article\" \/>\n<meta property=\"og:title\" content=\"K\u00ecm ch\u00edch \u0111i\u1ec7n TW-398 Type - Baton - Ch\u00edch \u0110i\u1ec7n - X\u1ecbt Cay ch\u00ednh h\u00e3ng\" \/>\n<meta property=\"og:description\" content=\"\u2705 Mi\u1ec5n ship to\u00e0n qu\u1ed1c \u2705 Nh\u1eadn h\u00e0ng ki\u1ec3m tra thanh to\u00e1n \u2705B\u1ea3o h\u00e0nh 1 th\u00e1ng l\u1ed7i 1 \u0111\u1ed5i 1\" \/>\n<meta property=\"og:url\" content=\"https:\/\/dotuvechinhhang.vn\/?product=kim-chich-dien-tw-398-type\" \/>\n<meta property=\"og:site_name\" content=\"Baton - Ch\u00edch \u0110i\u1ec7n - X\u1ecbt Cay ch\u00ednh h\u00e3ng\" \/>\n<meta property=\"og:image\" content=\"https:\/\/dotuvechinhhang.vn\/wp-content\/uploads\/2026\/02\/z6538504298192_78395b3c1bb9276a44a35c23814197f8-300x300-1.jpg\" \/>\n\t<meta property=\"og:image:width\" content=\"300\" \/>\n\t<meta property=\"og:image:height\" content=\"300\" \/>\n\t<meta property=\"og:image:type\" content=\"image\/jpeg\" \/>\n<meta name=\"twitter:card\" content=\"summary_large_image\" \/>\n<meta name=\"twitter:label1\" content=\"\u01af\u1edbc t\u00ednh th\u1eddi gian \u0111\u1ecdc\" \/>\n\t<meta name=\"twitter:data1\" content=\"2 ph\u00fat\" \/>\n<script type=\"application\/ld+json\" class=\"yoast-schema-graph\">{\"@context\":\"https:\/\/schema.org\",\"@graph\":[{\"@type\":\"WebPage\",\"@id\":\"https:\/\/dotuvechinhhang.vn\/?product=kim-chich-dien-tw-398-type\",\"url\":\"https:\/\/dotuvechinhhang.vn\/?product=kim-chich-dien-tw-398-type\",\"name\":\"K\u00ecm ch\u00edch \u0111i\u1ec7n TW-398 Type - Baton - Ch\u00edch \u0110i\u1ec7n - X\u1ecbt Cay ch\u00ednh h\u00e3ng\",\"isPartOf\":{\"@id\":\"https:\/\/dotuvechinhhang.vn\/#website\"},\"primaryImageOfPage\":{\"@id\":\"https:\/\/dotuvechinhhang.vn\/?product=kim-chich-dien-tw-398-type#primaryimage\"},\"image\":{\"@id\":\"https:\/\/dotuvechinhhang.vn\/?product=kim-chich-dien-tw-398-type#primaryimage\"},\"thumbnailUrl\":\"https:\/\/dotuvechinhhang.vn\/wp-content\/uploads\/2026\/02\/z6538504298192_78395b3c1bb9276a44a35c23814197f8-300x300-1.jpg\",\"datePublished\":\"2026-02-23T04:06:30+00:00\",\"breadcrumb\":{\"@id\":\"https:\/\/dotuvechinhhang.vn\/?product=kim-chich-dien-tw-398-type#breadcrumb\"},\"inLanguage\":\"vi\",\"potentialAction\":[{\"@type\":\"ReadAction\",\"target\":[\"https:\/\/dotuvechinhhang.vn\/?product=kim-chich-dien-tw-398-type\"]}]},{\"@type\":\"ImageObject\",\"inLanguage\":\"vi\",\"@id\":\"https:\/\/dotuvechinhhang.vn\/?product=kim-chich-dien-tw-398-type#primaryimage\",\"url\":\"https:\/\/dotuvechinhhang.vn\/wp-content\/uploads\/2026\/02\/z6538504298192_78395b3c1bb9276a44a35c23814197f8-300x300-1.jpg\",\"contentUrl\":\"https:\/\/dotuvechinhhang.vn\/wp-content\/uploads\/2026\/02\/z6538504298192_78395b3c1bb9276a44a35c23814197f8-300x300-1.jpg\",\"width\":300,\"height\":300},{\"@type\":\"BreadcrumbList\",\"@id\":\"https:\/\/dotuvechinhhang.vn\/?product=kim-chich-dien-tw-398-type#breadcrumb\",\"itemListElement\":[{\"@type\":\"ListItem\",\"position\":1,\"name\":\"Trang ch\u1ee7\",\"item\":\"https:\/\/dotuvechinhhang.vn\/\"},{\"@type\":\"ListItem\",\"position\":2,\"name\":\"S\u1ea3n ph\u1ea9m\",\"item\":\"https:\/\/dotuvechinhhang.vn\/?post_type=product\"},{\"@type\":\"ListItem\",\"position\":3,\"name\":\"K\u00ecm ch\u00edch \u0111i\u1ec7n TW-398 Type\"}]},{\"@type\":\"WebSite\",\"@id\":\"https:\/\/dotuvechinhhang.vn\/#website\",\"url\":\"https:\/\/dotuvechinhhang.vn\/\",\"name\":\"Baton - Ch\u00edch \u0110i\u1ec7n - X\u1ecbt Cay ch\u00ednh h\u00e3ng\",\"description\":\"\",\"potentialAction\":[{\"@type\":\"SearchAction\",\"target\":{\"@type\":\"EntryPoint\",\"urlTemplate\":\"https:\/\/dotuvechinhhang.vn\/?s={search_term_string}\"},\"query-input\":{\"@type\":\"PropertyValueSpecification\",\"valueRequired\":true,\"valueName\":\"search_term_string\"}}],\"inLanguage\":\"vi\"}]}<\/script>\n<!-- \/ Yoast SEO plugin. -->","yoast_head_json":{"title":"K\u00ecm ch\u00edch \u0111i\u1ec7n TW-398 Type - Baton - Ch\u00edch \u0110i\u1ec7n - X\u1ecbt Cay ch\u00ednh h\u00e3ng","robots":{"index":"index","follow":"follow","max-snippet":"max-snippet:-1","max-image-preview":"max-image-preview:large","max-video-preview":"max-video-preview:-1"},"canonical":"https:\/\/dotuvechinhhang.vn\/?product=kim-chich-dien-tw-398-type","og_locale":"vi_VN","og_type":"article","og_title":"K\u00ecm ch\u00edch \u0111i\u1ec7n TW-398 Type - Baton - Ch\u00edch \u0110i\u1ec7n - X\u1ecbt Cay ch\u00ednh h\u00e3ng","og_description":"\u2705 Mi\u1ec5n ship to\u00e0n qu\u1ed1c \u2705 Nh\u1eadn h\u00e0ng ki\u1ec3m tra thanh to\u00e1n \u2705B\u1ea3o h\u00e0nh 1 th\u00e1ng l\u1ed7i 1 \u0111\u1ed5i 1","og_url":"https:\/\/dotuvechinhhang.vn\/?product=kim-chich-dien-tw-398-type","og_site_name":"Baton - Ch\u00edch \u0110i\u1ec7n - X\u1ecbt Cay ch\u00ednh h\u00e3ng","og_image":[{"width":300,"height":300,"url":"https:\/\/dotuvechinhhang.vn\/wp-content\/uploads\/2026\/02\/z6538504298192_78395b3c1bb9276a44a35c23814197f8-300x300-1.jpg","type":"image\/jpeg"}],"twitter_card":"summary_large_image","twitter_misc":{"\u01af\u1edbc t\u00ednh th\u1eddi gian \u0111\u1ecdc":"2 ph\u00fat"},"schema":{"@context":"https:\/\/schema.org","@graph":[{"@type":"WebPage","@id":"https:\/\/dotuvechinhhang.vn\/?product=kim-chich-dien-tw-398-type","url":"https:\/\/dotuvechinhhang.vn\/?product=kim-chich-dien-tw-398-type","name":"K\u00ecm ch\u00edch \u0111i\u1ec7n TW-398 Type - Baton - Ch\u00edch \u0110i\u1ec7n - X\u1ecbt Cay ch\u00ednh h\u00e3ng","isPartOf":{"@id":"https:\/\/dotuvechinhhang.vn\/#website"},"primaryImageOfPage":{"@id":"https:\/\/dotuvechinhhang.vn\/?product=kim-chich-dien-tw-398-type#primaryimage"},"image":{"@id":"https:\/\/dotuvechinhhang.vn\/?product=kim-chich-dien-tw-398-type#primaryimage"},"thumbnailUrl":"https:\/\/dotuvechinhhang.vn\/wp-content\/uploads\/2026\/02\/z6538504298192_78395b3c1bb9276a44a35c23814197f8-300x300-1.jpg","datePublished":"2026-02-23T04:06:30+00:00","breadcrumb":{"@id":"https:\/\/dotuvechinhhang.vn\/?product=kim-chich-dien-tw-398-type#breadcrumb"},"inLanguage":"vi","potentialAction":[{"@type":"ReadAction","target":["https:\/\/dotuvechinhhang.vn\/?product=kim-chich-dien-tw-398-type"]}]},{"@type":"ImageObject","inLanguage":"vi","@id":"https:\/\/dotuvechinhhang.vn\/?product=kim-chich-dien-tw-398-type#primaryimage","url":"https:\/\/dotuvechinhhang.vn\/wp-content\/uploads\/2026\/02\/z6538504298192_78395b3c1bb9276a44a35c23814197f8-300x300-1.jpg","contentUrl":"https:\/\/dotuvechinhhang.vn\/wp-content\/uploads\/2026\/02\/z6538504298192_78395b3c1bb9276a44a35c23814197f8-300x300-1.jpg","width":300,"height":300},{"@type":"BreadcrumbList","@id":"https:\/\/dotuvechinhhang.vn\/?product=kim-chich-dien-tw-398-type#breadcrumb","itemListElement":[{"@type":"ListItem","position":1,"name":"Trang ch\u1ee7","item":"https:\/\/dotuvechinhhang.vn\/"},{"@type":"ListItem","position":2,"name":"S\u1ea3n ph\u1ea9m","item":"https:\/\/dotuvechinhhang.vn\/?post_type=product"},{"@type":"ListItem","position":3,"name":"K\u00ecm ch\u00edch \u0111i\u1ec7n TW-398 Type"}]},{"@type":"WebSite","@id":"https:\/\/dotuvechinhhang.vn\/#website","url":"https:\/\/dotuvechinhhang.vn\/","name":"Baton - Ch\u00edch \u0110i\u1ec7n - X\u1ecbt Cay ch\u00ednh h\u00e3ng","description":"","potentialAction":[{"@type":"SearchAction","target":{"@type":"EntryPoint","urlTemplate":"https:\/\/dotuvechinhhang.vn\/?s={search_term_string}"},"query-input":{"@type":"PropertyValueSpecification","valueRequired":true,"valueName":"search_term_string"}}],"inLanguage":"vi"}]}},"_links":{"self":[{"href":"https:\/\/dotuvechinhhang.vn\/index.php?rest_route=\/wp\/v2\/product\/186","targetHints":{"allow":["GET"]}}],"collection":[{"href":"https:\/\/dotuvechinhhang.vn\/index.php?rest_route=\/wp\/v2\/product"}],"about":[{"href":"https:\/\/dotuvechinhhang.vn\/index.php?rest_route=\/wp\/v2\/types\/product"}],"wp:featuredmedia":[{"embeddable":true,"href":"https:\/\/dotuvechinhhang.vn\/index.php?rest_route=\/wp\/v2\/media\/187"}],"wp:attachment":[{"href":"https:\/\/dotuvechinhhang.vn\/index.php?rest_route=%2Fwp%2Fv2%2Fmedia&parent=186"}],"wp:term":[{"taxonomy":"product_brand","embeddable":true,"href":"https:\/\/dotuvechinhhang.vn\/index.php?rest_route=%2Fwp%2Fv2%2Fproduct_brand&post=186"},{"taxonomy":"product_cat","embeddable":true,"href":"https:\/\/dotuvechinhhang.vn\/index.php?rest_route=%2Fwp%2Fv2%2Fproduct_cat&post=186"},{"taxonomy":"product_tag","embeddable":true,"href":"https:\/\/dotuvechinhhang.vn\/index.php?rest_route=%2Fwp%2Fv2%2Fproduct_tag&post=186"}],"curies":[{"name":"wp","href":"https:\/\/api.w.org\/{rel}","templated":true}]}}