{"id":180,"date":"2026-02-23T11:01:22","date_gmt":"2026-02-23T04:01:22","guid":{"rendered":"https:\/\/dotuvechinhhang.vn\/?post_type=product&#038;p=180"},"modified":"2026-02-23T11:01:22","modified_gmt":"2026-02-23T04:01:22","slug":"xit-cay-thoi-son","status":"publish","type":"product","link":"https:\/\/dotuvechinhhang.vn\/?product=xit-cay-thoi-son","title":{"rendered":"X\u1ecbt cay th\u1ecfi son"},"content":{"rendered":"<h3 data-start=\"1113\" data-end=\"1160\">\ud83e\udde0 Gi\u1edbi thi\u1ec7u chung v\u1ec1 <strong data-start=\"1140\" data-end=\"1160\">x\u1ecbt cay th\u1ecfi son<\/strong><\/h3>\n<p data-start=\"1161\" data-end=\"1610\">Kh\u00e1i ni\u1ec7m <em data-start=\"1171\" data-end=\"1191\">\u201cx\u1ecbt cay th\u1ecfi son\u201d<\/em> th\u01b0\u1eddng d\u00f9ng \u0111\u1ec3 ch\u1ec9 <strong data-start=\"1211\" data-end=\"1272\">b\u00ecnh x\u1ecbt h\u01a1i cay ho\u1eb7c thi\u1ebft b\u1ecb t\u1ef1 v\u1ec7 g\u1ecdn nh\u01b0 th\u1ecfi son m\u00f4i<\/strong> m\u00e0 b\u1ea1n c\u00f3 th\u1ec3 mang b\u00ean ng\u01b0\u1eddi. Tuy nhi\u00ean, hi\u1ec7n c\u00f3 <strong data-start=\"1322\" data-end=\"1403\">\u00edt d\u00f2ng \u201cx\u1ecbt cay th\u1eadt\u201d \u0111\u01b0\u1ee3c ghi nh\u1eadn b\u00e1n r\u1ed9ng r\u00e3i tr\u00ean th\u1ecb tr\u01b0\u1eddng ch\u00ednh th\u1ed1ng<\/strong>; nhi\u1ec1u s\u1ea3n ph\u1ea9m t\u1ef1 v\u1ec7 th\u1ecfi son th\u1ef1c ra l\u00e0 <strong data-start=\"1446\" data-end=\"1483\">thi\u1ebft b\u1ecb b\u00e1o \u0111\u1ed9ng\/chu\u00f4ng kh\u1ea9n c\u1ea5p<\/strong>, ho\u1eb7c b\u00ecnh x\u1ecbt h\u01a1i cay mini \u0111\u01b0\u1ee3c thi\u1ebft k\u1ebf gi\u1ea3 d\u1ea1ng son \u0111\u1ec3 h\u1ee3p v\u1edbi phong c\u00e1ch v\u00e0 d\u1ec5 gi\u1ea5u.<\/p>\n<p data-start=\"1612\" data-end=\"1649\">\ud83d\udd0e C\u00e1c \u0111\u1eb7c \u0111i\u1ec3m chung c\u1ee7a d\u00f2ng n\u00e0y:<\/p>\n<ul data-start=\"1650\" data-end=\"2118\">\n<li data-start=\"1650\" data-end=\"1773\">\n<p data-start=\"1652\" data-end=\"1773\"><strong data-start=\"1652\" data-end=\"1682\">Thi\u1ebft k\u1ebf nh\u1ecf g\u1ecdn, k\u00edn \u0111\u00e1o:<\/strong> Nh\u00ecn nh\u01b0 \u0111\u1ed3 trang \u0111i\u1ec3m n\u00ean d\u1ec5 mang theo h\u1eb1ng ng\u00e0y.<\/p>\n<\/li>\n<li data-start=\"1774\" data-end=\"1938\">\n<p data-start=\"1776\" data-end=\"1938\"><strong data-start=\"1776\" data-end=\"1796\">C\u00f4ng d\u1ee5ng t\u1ef1 v\u1ec7:<\/strong> C\u00f3 th\u1ec3 l\u00e0 <strong data-start=\"1807\" data-end=\"1832\">x\u1ecbt h\u01a1i cay d\u1ea1ng mini<\/strong> ho\u1eb7c <strong data-start=\"1838\" data-end=\"1859\">thi\u1ebft b\u1ecb b\u00e1o \u0111\u1ed9ng<\/strong> \u0111\u1ec3 thu h\u00fat s\u1ef1 ch\u00fa \u00fd khi g\u1eb7p nguy hi\u1ec3m.<\/p>\n<\/li>\n<li data-start=\"1939\" data-end=\"2118\">\n<p data-start=\"1941\" data-end=\"2118\"><strong data-start=\"1941\" data-end=\"1954\">Hi\u1ec7u qu\u1ea3:<\/strong> N\u1ebfu l\u00e0 x\u1ecbt cay th\u1ef1c, anche ho\u1ea1t ch\u1ea5t cay (nh\u01b0 OC\/capsaicin) g\u00e2y <strong data-start=\"2019\" data-end=\"2049\">cay m\u1eaft, kh\u00f3 ch\u1ecbu t\u1ea1m th\u1eddi<\/strong> nh\u1eb1m t\u1ea1o c\u01a1 h\u1ed9i \u0111\u1ec3 ch\u1ea1y tho\u00e1t.<\/p>\n<\/li>\n<\/ul>\n","protected":false},"excerpt":{"rendered":"<div>\u2705 Mi\u1ec5n ship to\u00e0n qu\u1ed1c<\/div>\n<div>\u2705 Nh\u1eadn h\u00e0ng ki\u1ec3m tra thanh to\u00e1n<\/div>\n<div>\u2705B\u1ea3o h\u00e0nh 1 th\u00e1ng l\u1ed7i 1 \u0111\u1ed5i 1<\/div>\n<div><\/div>\n<div><\/div>\n","protected":false},"featured_media":183,"template":"","meta":[],"product_brand":[],"product_cat":[37,22],"product_tag":[],"class_list":{"0":"post-180","1":"product","2":"type-product","3":"status-publish","4":"has-post-thumbnail","6":"product_cat-xit-cay-thoi-son","7":"product_cat-xit-hoi-cay","9":"first","10":"instock","11":"shipping-taxable","12":"purchasable","13":"product-type-simple"},"yoast_head":"<!-- This site is optimized with the Yoast SEO plugin v27.0 - https:\/\/yoast.com\/product\/yoast-seo-wordpress\/ -->\n<title>X\u1ecbt cay th\u1ecfi son - Baton - Ch\u00edch \u0110i\u1ec7n - X\u1ecbt Cay ch\u00ednh h\u00e3ng<\/title>\n<meta name=\"robots\" content=\"index, follow, max-snippet:-1, max-image-preview:large, max-video-preview:-1\" \/>\n<link rel=\"canonical\" href=\"https:\/\/dotuvechinhhang.vn\/?product=xit-cay-thoi-son\" \/>\n<meta property=\"og:locale\" content=\"vi_VN\" \/>\n<meta property=\"og:type\" content=\"article\" \/>\n<meta property=\"og:title\" content=\"X\u1ecbt cay th\u1ecfi son - Baton - Ch\u00edch \u0110i\u1ec7n - X\u1ecbt Cay ch\u00ednh h\u00e3ng\" \/>\n<meta property=\"og:description\" content=\"\u2705 Mi\u1ec5n ship to\u00e0n qu\u1ed1c \u2705 Nh\u1eadn h\u00e0ng ki\u1ec3m tra thanh to\u00e1n \u2705B\u1ea3o h\u00e0nh 1 th\u00e1ng l\u1ed7i 1 \u0111\u1ed5i 1\" \/>\n<meta property=\"og:url\" content=\"https:\/\/dotuvechinhhang.vn\/?product=xit-cay-thoi-son\" \/>\n<meta property=\"og:site_name\" content=\"Baton - Ch\u00edch \u0110i\u1ec7n - X\u1ecbt Cay ch\u00ednh h\u00e3ng\" \/>\n<meta property=\"og:image\" content=\"https:\/\/dotuvechinhhang.vn\/wp-content\/uploads\/2026\/02\/z7280021713173_fd6e98bffae2dcccd3ce39cb52653f1f-300x300-1.jpg\" \/>\n\t<meta property=\"og:image:width\" content=\"300\" \/>\n\t<meta property=\"og:image:height\" content=\"300\" \/>\n\t<meta property=\"og:image:type\" content=\"image\/jpeg\" \/>\n<meta name=\"twitter:card\" content=\"summary_large_image\" \/>\n<meta name=\"twitter:label1\" content=\"\u01af\u1edbc t\u00ednh th\u1eddi gian \u0111\u1ecdc\" \/>\n\t<meta name=\"twitter:data1\" content=\"2 ph\u00fat\" \/>\n<script type=\"application\/ld+json\" class=\"yoast-schema-graph\">{\"@context\":\"https:\/\/schema.org\",\"@graph\":[{\"@type\":\"WebPage\",\"@id\":\"https:\/\/dotuvechinhhang.vn\/?product=xit-cay-thoi-son\",\"url\":\"https:\/\/dotuvechinhhang.vn\/?product=xit-cay-thoi-son\",\"name\":\"X\u1ecbt cay th\u1ecfi son - Baton - Ch\u00edch \u0110i\u1ec7n - X\u1ecbt Cay ch\u00ednh h\u00e3ng\",\"isPartOf\":{\"@id\":\"https:\/\/dotuvechinhhang.vn\/#website\"},\"primaryImageOfPage\":{\"@id\":\"https:\/\/dotuvechinhhang.vn\/?product=xit-cay-thoi-son#primaryimage\"},\"image\":{\"@id\":\"https:\/\/dotuvechinhhang.vn\/?product=xit-cay-thoi-son#primaryimage\"},\"thumbnailUrl\":\"https:\/\/dotuvechinhhang.vn\/wp-content\/uploads\/2026\/02\/z7280021713173_fd6e98bffae2dcccd3ce39cb52653f1f-300x300-1.jpg\",\"datePublished\":\"2026-02-23T04:01:22+00:00\",\"breadcrumb\":{\"@id\":\"https:\/\/dotuvechinhhang.vn\/?product=xit-cay-thoi-son#breadcrumb\"},\"inLanguage\":\"vi\",\"potentialAction\":[{\"@type\":\"ReadAction\",\"target\":[\"https:\/\/dotuvechinhhang.vn\/?product=xit-cay-thoi-son\"]}]},{\"@type\":\"ImageObject\",\"inLanguage\":\"vi\",\"@id\":\"https:\/\/dotuvechinhhang.vn\/?product=xit-cay-thoi-son#primaryimage\",\"url\":\"https:\/\/dotuvechinhhang.vn\/wp-content\/uploads\/2026\/02\/z7280021713173_fd6e98bffae2dcccd3ce39cb52653f1f-300x300-1.jpg\",\"contentUrl\":\"https:\/\/dotuvechinhhang.vn\/wp-content\/uploads\/2026\/02\/z7280021713173_fd6e98bffae2dcccd3ce39cb52653f1f-300x300-1.jpg\",\"width\":300,\"height\":300},{\"@type\":\"BreadcrumbList\",\"@id\":\"https:\/\/dotuvechinhhang.vn\/?product=xit-cay-thoi-son#breadcrumb\",\"itemListElement\":[{\"@type\":\"ListItem\",\"position\":1,\"name\":\"Trang ch\u1ee7\",\"item\":\"https:\/\/dotuvechinhhang.vn\/\"},{\"@type\":\"ListItem\",\"position\":2,\"name\":\"S\u1ea3n ph\u1ea9m\",\"item\":\"https:\/\/dotuvechinhhang.vn\/?post_type=product\"},{\"@type\":\"ListItem\",\"position\":3,\"name\":\"X\u1ecbt cay th\u1ecfi son\"}]},{\"@type\":\"WebSite\",\"@id\":\"https:\/\/dotuvechinhhang.vn\/#website\",\"url\":\"https:\/\/dotuvechinhhang.vn\/\",\"name\":\"Baton - Ch\u00edch \u0110i\u1ec7n - X\u1ecbt Cay ch\u00ednh h\u00e3ng\",\"description\":\"\",\"potentialAction\":[{\"@type\":\"SearchAction\",\"target\":{\"@type\":\"EntryPoint\",\"urlTemplate\":\"https:\/\/dotuvechinhhang.vn\/?s={search_term_string}\"},\"query-input\":{\"@type\":\"PropertyValueSpecification\",\"valueRequired\":true,\"valueName\":\"search_term_string\"}}],\"inLanguage\":\"vi\"}]}<\/script>\n<!-- \/ Yoast SEO plugin. -->","yoast_head_json":{"title":"X\u1ecbt cay th\u1ecfi son - Baton - Ch\u00edch \u0110i\u1ec7n - X\u1ecbt Cay ch\u00ednh h\u00e3ng","robots":{"index":"index","follow":"follow","max-snippet":"max-snippet:-1","max-image-preview":"max-image-preview:large","max-video-preview":"max-video-preview:-1"},"canonical":"https:\/\/dotuvechinhhang.vn\/?product=xit-cay-thoi-son","og_locale":"vi_VN","og_type":"article","og_title":"X\u1ecbt cay th\u1ecfi son - Baton - Ch\u00edch \u0110i\u1ec7n - X\u1ecbt Cay ch\u00ednh h\u00e3ng","og_description":"\u2705 Mi\u1ec5n ship to\u00e0n qu\u1ed1c \u2705 Nh\u1eadn h\u00e0ng ki\u1ec3m tra thanh to\u00e1n \u2705B\u1ea3o h\u00e0nh 1 th\u00e1ng l\u1ed7i 1 \u0111\u1ed5i 1","og_url":"https:\/\/dotuvechinhhang.vn\/?product=xit-cay-thoi-son","og_site_name":"Baton - Ch\u00edch \u0110i\u1ec7n - X\u1ecbt Cay ch\u00ednh h\u00e3ng","og_image":[{"width":300,"height":300,"url":"https:\/\/dotuvechinhhang.vn\/wp-content\/uploads\/2026\/02\/z7280021713173_fd6e98bffae2dcccd3ce39cb52653f1f-300x300-1.jpg","type":"image\/jpeg"}],"twitter_card":"summary_large_image","twitter_misc":{"\u01af\u1edbc t\u00ednh th\u1eddi gian \u0111\u1ecdc":"2 ph\u00fat"},"schema":{"@context":"https:\/\/schema.org","@graph":[{"@type":"WebPage","@id":"https:\/\/dotuvechinhhang.vn\/?product=xit-cay-thoi-son","url":"https:\/\/dotuvechinhhang.vn\/?product=xit-cay-thoi-son","name":"X\u1ecbt cay th\u1ecfi son - Baton - Ch\u00edch \u0110i\u1ec7n - X\u1ecbt Cay ch\u00ednh h\u00e3ng","isPartOf":{"@id":"https:\/\/dotuvechinhhang.vn\/#website"},"primaryImageOfPage":{"@id":"https:\/\/dotuvechinhhang.vn\/?product=xit-cay-thoi-son#primaryimage"},"image":{"@id":"https:\/\/dotuvechinhhang.vn\/?product=xit-cay-thoi-son#primaryimage"},"thumbnailUrl":"https:\/\/dotuvechinhhang.vn\/wp-content\/uploads\/2026\/02\/z7280021713173_fd6e98bffae2dcccd3ce39cb52653f1f-300x300-1.jpg","datePublished":"2026-02-23T04:01:22+00:00","breadcrumb":{"@id":"https:\/\/dotuvechinhhang.vn\/?product=xit-cay-thoi-son#breadcrumb"},"inLanguage":"vi","potentialAction":[{"@type":"ReadAction","target":["https:\/\/dotuvechinhhang.vn\/?product=xit-cay-thoi-son"]}]},{"@type":"ImageObject","inLanguage":"vi","@id":"https:\/\/dotuvechinhhang.vn\/?product=xit-cay-thoi-son#primaryimage","url":"https:\/\/dotuvechinhhang.vn\/wp-content\/uploads\/2026\/02\/z7280021713173_fd6e98bffae2dcccd3ce39cb52653f1f-300x300-1.jpg","contentUrl":"https:\/\/dotuvechinhhang.vn\/wp-content\/uploads\/2026\/02\/z7280021713173_fd6e98bffae2dcccd3ce39cb52653f1f-300x300-1.jpg","width":300,"height":300},{"@type":"BreadcrumbList","@id":"https:\/\/dotuvechinhhang.vn\/?product=xit-cay-thoi-son#breadcrumb","itemListElement":[{"@type":"ListItem","position":1,"name":"Trang ch\u1ee7","item":"https:\/\/dotuvechinhhang.vn\/"},{"@type":"ListItem","position":2,"name":"S\u1ea3n ph\u1ea9m","item":"https:\/\/dotuvechinhhang.vn\/?post_type=product"},{"@type":"ListItem","position":3,"name":"X\u1ecbt cay th\u1ecfi son"}]},{"@type":"WebSite","@id":"https:\/\/dotuvechinhhang.vn\/#website","url":"https:\/\/dotuvechinhhang.vn\/","name":"Baton - Ch\u00edch \u0110i\u1ec7n - X\u1ecbt Cay ch\u00ednh h\u00e3ng","description":"","potentialAction":[{"@type":"SearchAction","target":{"@type":"EntryPoint","urlTemplate":"https:\/\/dotuvechinhhang.vn\/?s={search_term_string}"},"query-input":{"@type":"PropertyValueSpecification","valueRequired":true,"valueName":"search_term_string"}}],"inLanguage":"vi"}]}},"_links":{"self":[{"href":"https:\/\/dotuvechinhhang.vn\/index.php?rest_route=\/wp\/v2\/product\/180","targetHints":{"allow":["GET"]}}],"collection":[{"href":"https:\/\/dotuvechinhhang.vn\/index.php?rest_route=\/wp\/v2\/product"}],"about":[{"href":"https:\/\/dotuvechinhhang.vn\/index.php?rest_route=\/wp\/v2\/types\/product"}],"wp:featuredmedia":[{"embeddable":true,"href":"https:\/\/dotuvechinhhang.vn\/index.php?rest_route=\/wp\/v2\/media\/183"}],"wp:attachment":[{"href":"https:\/\/dotuvechinhhang.vn\/index.php?rest_route=%2Fwp%2Fv2%2Fmedia&parent=180"}],"wp:term":[{"taxonomy":"product_brand","embeddable":true,"href":"https:\/\/dotuvechinhhang.vn\/index.php?rest_route=%2Fwp%2Fv2%2Fproduct_brand&post=180"},{"taxonomy":"product_cat","embeddable":true,"href":"https:\/\/dotuvechinhhang.vn\/index.php?rest_route=%2Fwp%2Fv2%2Fproduct_cat&post=180"},{"taxonomy":"product_tag","embeddable":true,"href":"https:\/\/dotuvechinhhang.vn\/index.php?rest_route=%2Fwp%2Fv2%2Fproduct_tag&post=180"}],"curies":[{"name":"wp","href":"https:\/\/api.w.org\/{rel}","templated":true}]}}