{"id":176,"date":"2026-02-23T10:58:00","date_gmt":"2026-02-23T03:58:00","guid":{"rendered":"https:\/\/dotuvechinhhang.vn\/?post_type=product&#038;p=176"},"modified":"2026-02-23T10:58:12","modified_gmt":"2026-02-23T03:58:12","slug":"binh-xit-hoi-cay-takedown-470ml","status":"publish","type":"product","link":"https:\/\/dotuvechinhhang.vn\/?product=binh-xit-hoi-cay-takedown-470ml","title":{"rendered":"B\u00ecnh x\u1ecbt h\u01a1i cay Takedown 470ml"},"content":{"rendered":"<h2 data-start=\"443\" data-end=\"498\">\ud83e\uddf4 B\u00ecnh x\u1ecbt h\u01a1i cay <em data-start=\"466\" data-end=\"477\">Take Down<\/em> ~470 ml \u2014 Gi\u1edbi thi\u1ec7u<\/h2>\n<p data-start=\"500\" data-end=\"863\"><strong data-start=\"500\" data-end=\"512\">T\u00ean g\u1ecdi:<\/strong> B\u00ecnh x\u1ecbt h\u01a1i cay <em data-start=\"530\" data-end=\"541\">Take Down<\/em> (th\u01b0\u1eddng ghi <em data-start=\"554\" data-end=\"565\">TAKE DOWN<\/em> tr\u00ean th\u00e2n b\u00ecnh)<br data-start=\"581\" data-end=\"584\" \/><strong data-start=\"584\" data-end=\"598\">Dung t\u00edch:<\/strong> ~470 ml<br data-start=\"606\" data-end=\"609\" \/><strong data-start=\"609\" data-end=\"618\">Lo\u1ea1i:<\/strong> B\u00ecnh x\u1ecbt h\u01a1i cay t\u1ef1 v\u1ec7 \/ h\u1ed7 tr\u1ee3 an ninh<br data-start=\"658\" data-end=\"661\" \/><strong data-start=\"661\" data-end=\"682\">Th\u00e0nh ph\u1ea7n ch\u00ednh:<\/strong> th\u01b0\u1eddng ch\u1ee9a ch\u1ea5t k\u00edch th\u00edch cay (v\u00ed d\u1ee5 OC \u2013 oleoresin capsicum ho\u1eb7c CS) t\u00e1c d\u1ee5ng g\u00e2y cay m\u1eaft, kh\u00f3 th\u1edf, m\u1ea5t ph\u01b0\u01a1ng h\u01b0\u1edbng t\u1ea1m th\u1eddi khi ti\u1ebfp x\u00fac.<\/p>\n<p data-start=\"865\" data-end=\"1063\">Lo\u1ea1i n\u00e0y th\u01b0\u1eddng xu\u1ea5t hi\u1ec7n trong c\u00e1c v\u1ee5 \u00e1n \u1edf Vi\u1ec7t Nam v\u1edbi nh\u00e3n <em data-start=\"927\" data-end=\"938\">TAKE DOWN<\/em>, \u0111\u01b0\u1ee3c gi\u00e1m \u0111\u1ecbnh l\u00e0 <strong data-start=\"958\" data-end=\"1024\">c\u00f4ng c\u1ee5 h\u1ed7 tr\u1ee3 c\u00f3 t\u00ednh n\u0103ng &amp; t\u00e1c d\u1ee5ng t\u01b0\u01a1ng t\u1ef1 thi\u1ebft b\u1ecb t\u1ef1 v\u1ec7<\/strong>.<\/p>\n<hr data-start=\"1065\" data-end=\"1068\" \/>\n<h2 data-start=\"1070\" data-end=\"1098\">\ud83c\udf36\ufe0f Th\u00e0nh ph\u1ea7n &amp; t\u00e1c \u0111\u1ed9ng<\/h2>\n<ul data-start=\"1100\" data-end=\"1551\">\n<li data-start=\"1100\" data-end=\"1197\">\n<p data-start=\"1102\" data-end=\"1197\">B\u00ecnh x\u1ecbt ch\u1ee9a ch\u1ea5t cay (nh\u01b0 <strong data-start=\"1130\" data-end=\"1167\">2-Chlorobenzal Malononitrile \u2013 CS<\/strong>) ho\u1eb7c c\u00e1c h\u1ed7n h\u1ee3p cay kh\u00e1c.<\/p>\n<\/li>\n<li data-start=\"1198\" data-end=\"1398\">\n<p data-start=\"1200\" data-end=\"1398\">Khi phun, ch\u1ea5t cay khi\u1ebfn <strong data-start=\"1225\" data-end=\"1291\">ch\u1ea3y n\u01b0\u1edbc m\u1eaft, cay m\u1eaft, n\u00f3ng r\u00e1t v\u00f9ng m\u1eb7t, ho s\u1eb7c s\u1ee5a, kh\u00f3 th\u1edf<\/strong>, c\u00f3 th\u1ec3 k\u00e9o d\u00e0i trong m\u1ed9t th\u1eddi gian sau khi d\u00ednh ph\u1ea3i h\u1ed7n h\u1ee3p cay.<\/p>\n<\/li>\n<li data-start=\"1399\" data-end=\"1551\">\n<p data-start=\"1401\" data-end=\"1551\">T\u00e1c d\u1ee5ng ch\u1ee7 y\u1ebfu l\u00e0 <strong data-start=\"1421\" data-end=\"1465\">l\u00e0m m\u1ea5t ph\u01b0\u01a1ng h\u01b0\u1edbng &amp; g\u00e2y kh\u00f3 ch\u1ecbu m\u1ea1nh<\/strong> t\u1ea1m th\u1eddi, gi\u00fap ng\u01b0\u1eddi d\u00f9ng t\u1ea1o kho\u1ea3ng c\u00e1ch an to\u00e0n v\u00e0 tho\u00e1t kh\u1ecfi t\u00ecnh hu\u1ed1ng nguy hi\u1ec3m.<\/p>\n<\/li>\n<\/ul>\n<hr data-start=\"1553\" data-end=\"1556\" \/>\n<h2 data-start=\"1558\" data-end=\"1584\">\ud83d\udccf Thi\u1ebft k\u1ebf &amp; c\u00f4ng n\u0103ng<\/h2>\n<h3 data-start=\"1586\" data-end=\"1601\">\ud83e\uddf4 Thi\u1ebft k\u1ebf<\/h3>\n<ul data-start=\"1602\" data-end=\"1902\">\n<li data-start=\"1602\" data-end=\"1803\">\n<p data-start=\"1604\" data-end=\"1803\">B\u00ecnh ki\u1ec3u <strong data-start=\"1614\" data-end=\"1646\">d\u1ea1ng chai\/ lon l\u1edbn (~470 ml)<\/strong> \u2014 l\u1edbn h\u01a1n nhi\u1ec1u so v\u1edbi c\u00e1c phi\u00ean b\u1ea3n nh\u1ecf (20 ml, 50 ml, 110 ml), ph\u00f9 h\u1ee3p v\u1edbi <strong data-start=\"1724\" data-end=\"1800\">c\u00e1c m\u1ee5c \u0111\u00edch s\u1eed d\u1ee5ng c\u1ea7n ph\u1ea1m vi phun r\u1ed9ng h\u01a1n ho\u1eb7c nhi\u1ec1u l\u01b0\u1ee3ng phun h\u01a1n<\/strong>.<\/p>\n<\/li>\n<li data-start=\"1804\" data-end=\"1902\">\n<p data-start=\"1806\" data-end=\"1902\">V\u1ecf b\u00ecnh th\u01b0\u1eddng b\u1eb1ng <strong data-start=\"1826\" data-end=\"1857\">kim lo\u1ea1i ho\u1eb7c nh\u1ef1a ch\u1ecbu l\u1ef1c<\/strong>, ch\u1eafc ch\u1eafn \u0111\u1ec3 b\u1ea3o qu\u1ea3n ch\u1ea5t h\u01a1i cay an to\u00e0n.<\/p>\n<\/li>\n<\/ul>\n<h3 data-start=\"1904\" data-end=\"1923\">\ud83c\udfaf Ph\u1ea1m vi phun<\/h3>\n<ul data-start=\"1924\" data-end=\"2303\">\n<li data-start=\"1924\" data-end=\"2145\">\n<p data-start=\"1926\" data-end=\"2145\">Do dung t\u00edch l\u1edbn h\u01a1n, b\u00ecnh c\u00f3 th\u1ec3 <strong data-start=\"1960\" data-end=\"2032\">phun nhi\u1ec1u tia ho\u1eb7c tia k\u00e9o d\u00e0i trong m\u1ed9t kho\u1ea3ng th\u1eddi gian t\u01b0\u01a1ng \u0111\u1ed1i<\/strong>, gi\u00fap t\u0103ng kh\u1ea3 n\u0103ng v\u00f4 hi\u1ec7u h\u00f3a m\u1ee5c ti\u00eau trong ph\u1ea1m vi t\u01b0\u01a1ng \u0111\u01b0\u01a1ng v\u00e0i m\u00e9t (t\u00f9y lo\u1ea1i v\u00e0 \u0111i\u1ec1u ki\u1ec7n m\u00f4i tr\u01b0\u1eddng).<\/p>\n<\/li>\n<li data-start=\"2146\" data-end=\"2303\">\n<p data-start=\"2148\" data-end=\"2303\">V\u00ec dung t\u00edch l\u1edbn n\u00ean th\u01b0\u1eddng <strong data-start=\"2176\" data-end=\"2210\">kh\u00f4ng g\u1ecdn b\u1eb1ng nh\u1eefng b\u00ecnh mini<\/strong> \u2014 ph\u00f9 h\u1ee3p \u0111\u1ec3 \u0111\u1eb7t c\u1ed1 \u0111\u1ecbnh trong balo, xe, nh\u00e0 ho\u1eb7c n\u01a1i l\u00e0m vi\u1ec7c h\u01a1n l\u00e0 <em data-start=\"2281\" data-end=\"2302\">d\u1ec5 c\u1ea7m tay m\u1ed7i ng\u00e0y<\/em>.<\/p>\n<\/li>\n<\/ul>\n<hr data-start=\"2305\" data-end=\"2308\" \/>\n<h2 data-start=\"2310\" data-end=\"2323\">\ud83d\udca1 \u01afu \u0111i\u1ec3m<\/h2>\n<p data-start=\"2325\" data-end=\"2487\">\u2714 <strong data-start=\"2327\" data-end=\"2345\">Dung t\u00edch l\u1edbn:<\/strong><br data-start=\"2345\" data-end=\"2348\" \/>Cho ph\u00e9p <strong data-start=\"2357\" data-end=\"2404\">x\u1ecbt \u0111\u01b0\u1ee3c nhi\u1ec1u tia \/ th\u1eddi gian phun d\u00e0i h\u01a1n<\/strong>, c\u00f3 th\u1ec3 h\u1eefu \u00edch trong t\u00ecnh hu\u1ed1ng c\u1ea7n s\u1eed d\u1ee5ng nhi\u1ec1u l\u1ea7n ho\u1eb7c ph\u1ea1m vi phun r\u1ed9ng h\u01a1n.<\/p>\n<p data-start=\"2489\" data-end=\"2640\">\u2714 <strong data-start=\"2491\" data-end=\"2522\">T\u00e1c d\u1ee5ng m\u1ea1nh h\u01a1n b\u00ecnh nh\u1ecf:<\/strong><br data-start=\"2522\" data-end=\"2525\" \/>V\u1edbi l\u01b0\u1ee3ng ch\u1ea5t cay l\u1edbn h\u01a1n, b\u00ecnh c\u00f3 th\u1ec3 t\u1ea1o hi\u1ec7u \u1ee9ng cay m\u1ea1nh v\u00e0 k\u00e9o d\u00e0i h\u01a1n khi ng\u01b0\u1eddi \u0111\u1ed1i di\u1ec7n ti\u1ebfp x\u00fac tr\u1ef1c di\u1ec7n.<\/p>\n<p data-start=\"2642\" data-end=\"2795\">\u2714 <strong data-start=\"2644\" data-end=\"2688\">Ph\u00f9 h\u1ee3p b\u1ea3o v\u1ec7 nhi\u1ec1u ng\u01b0\u1eddi ho\u1eb7c khu v\u1ef1c:<\/strong><br data-start=\"2688\" data-end=\"2691\" \/>D\u00f9ng trong kh\u00f4ng gian nh\u1ecf nh\u01b0 ph\u00f2ng l\u00e0m vi\u1ec7c hay xe h\u01a1i gi\u00fap ki\u1ec3m so\u00e1t t\u00ecnh hu\u1ed1ng hi\u1ec7u qu\u1ea3 h\u01a1n b\u00ecnh nh\u1ecf.<\/p>\n","protected":false},"excerpt":{"rendered":"<div>\u2705 Mi\u1ec5n ship to\u00e0n qu\u1ed1c<\/div>\n<div>\u2705 Nh\u1eadn h\u00e0ng ki\u1ec3m tra thanh to\u00e1n<\/div>\n<div>\u2705B\u1ea3o h\u00e0nh 1 th\u00e1ng l\u1ed7i 1 \u0111\u1ed5i 1<\/div>\n<div><\/div>\n<div><\/div>\n","protected":false},"featured_media":177,"template":"","meta":[],"product_brand":[],"product_cat":[34,22],"product_tag":[],"class_list":{"0":"post-176","1":"product","2":"type-product","3":"status-publish","4":"has-post-thumbnail","6":"product_cat-xit-cay-takedown","7":"product_cat-xit-hoi-cay","9":"first","10":"instock","11":"shipping-taxable","12":"purchasable","13":"product-type-simple"},"yoast_head":"<!-- This site is optimized with the Yoast SEO plugin v27.0 - https:\/\/yoast.com\/product\/yoast-seo-wordpress\/ -->\n<title>B\u00ecnh x\u1ecbt h\u01a1i cay Takedown 470ml - Baton - Ch\u00edch \u0110i\u1ec7n - X\u1ecbt Cay ch\u00ednh h\u00e3ng<\/title>\n<meta name=\"robots\" content=\"index, follow, max-snippet:-1, max-image-preview:large, max-video-preview:-1\" \/>\n<link rel=\"canonical\" href=\"https:\/\/dotuvechinhhang.vn\/?product=binh-xit-hoi-cay-takedown-470ml\" \/>\n<meta property=\"og:locale\" content=\"vi_VN\" \/>\n<meta property=\"og:type\" content=\"article\" \/>\n<meta property=\"og:title\" content=\"B\u00ecnh x\u1ecbt h\u01a1i cay Takedown 470ml - Baton - Ch\u00edch \u0110i\u1ec7n - X\u1ecbt Cay ch\u00ednh h\u00e3ng\" \/>\n<meta property=\"og:description\" content=\"\u2705 Mi\u1ec5n ship to\u00e0n qu\u1ed1c \u2705 Nh\u1eadn h\u00e0ng ki\u1ec3m tra thanh to\u00e1n \u2705B\u1ea3o h\u00e0nh 1 th\u00e1ng l\u1ed7i 1 \u0111\u1ed5i 1\" \/>\n<meta property=\"og:url\" content=\"https:\/\/dotuvechinhhang.vn\/?product=binh-xit-hoi-cay-takedown-470ml\" \/>\n<meta property=\"og:site_name\" content=\"Baton - Ch\u00edch \u0110i\u1ec7n - X\u1ecbt Cay ch\u00ednh h\u00e3ng\" \/>\n<meta property=\"article:modified_time\" content=\"2026-02-23T03:58:12+00:00\" \/>\n<meta property=\"og:image\" content=\"https:\/\/dotuvechinhhang.vn\/wp-content\/uploads\/2026\/02\/z6541166949280_3f09d6ce7cf0a70d9ee051846d9facd7.jpg\" \/>\n\t<meta property=\"og:image:width\" content=\"1920\" \/>\n\t<meta property=\"og:image:height\" content=\"2560\" \/>\n\t<meta property=\"og:image:type\" content=\"image\/jpeg\" \/>\n<meta name=\"twitter:card\" content=\"summary_large_image\" \/>\n<meta name=\"twitter:label1\" content=\"\u01af\u1edbc t\u00ednh th\u1eddi gian \u0111\u1ecdc\" \/>\n\t<meta name=\"twitter:data1\" content=\"3 ph\u00fat\" \/>\n<script type=\"application\/ld+json\" class=\"yoast-schema-graph\">{\"@context\":\"https:\/\/schema.org\",\"@graph\":[{\"@type\":\"WebPage\",\"@id\":\"https:\/\/dotuvechinhhang.vn\/?product=binh-xit-hoi-cay-takedown-470ml\",\"url\":\"https:\/\/dotuvechinhhang.vn\/?product=binh-xit-hoi-cay-takedown-470ml\",\"name\":\"B\u00ecnh x\u1ecbt h\u01a1i cay Takedown 470ml - Baton - Ch\u00edch \u0110i\u1ec7n - X\u1ecbt Cay ch\u00ednh h\u00e3ng\",\"isPartOf\":{\"@id\":\"https:\/\/dotuvechinhhang.vn\/#website\"},\"primaryImageOfPage\":{\"@id\":\"https:\/\/dotuvechinhhang.vn\/?product=binh-xit-hoi-cay-takedown-470ml#primaryimage\"},\"image\":{\"@id\":\"https:\/\/dotuvechinhhang.vn\/?product=binh-xit-hoi-cay-takedown-470ml#primaryimage\"},\"thumbnailUrl\":\"https:\/\/dotuvechinhhang.vn\/wp-content\/uploads\/2026\/02\/z6541166949280_3f09d6ce7cf0a70d9ee051846d9facd7.jpg\",\"datePublished\":\"2026-02-23T03:58:00+00:00\",\"dateModified\":\"2026-02-23T03:58:12+00:00\",\"breadcrumb\":{\"@id\":\"https:\/\/dotuvechinhhang.vn\/?product=binh-xit-hoi-cay-takedown-470ml#breadcrumb\"},\"inLanguage\":\"vi\",\"potentialAction\":[{\"@type\":\"ReadAction\",\"target\":[\"https:\/\/dotuvechinhhang.vn\/?product=binh-xit-hoi-cay-takedown-470ml\"]}]},{\"@type\":\"ImageObject\",\"inLanguage\":\"vi\",\"@id\":\"https:\/\/dotuvechinhhang.vn\/?product=binh-xit-hoi-cay-takedown-470ml#primaryimage\",\"url\":\"https:\/\/dotuvechinhhang.vn\/wp-content\/uploads\/2026\/02\/z6541166949280_3f09d6ce7cf0a70d9ee051846d9facd7.jpg\",\"contentUrl\":\"https:\/\/dotuvechinhhang.vn\/wp-content\/uploads\/2026\/02\/z6541166949280_3f09d6ce7cf0a70d9ee051846d9facd7.jpg\",\"width\":1920,\"height\":2560},{\"@type\":\"BreadcrumbList\",\"@id\":\"https:\/\/dotuvechinhhang.vn\/?product=binh-xit-hoi-cay-takedown-470ml#breadcrumb\",\"itemListElement\":[{\"@type\":\"ListItem\",\"position\":1,\"name\":\"Trang ch\u1ee7\",\"item\":\"https:\/\/dotuvechinhhang.vn\/\"},{\"@type\":\"ListItem\",\"position\":2,\"name\":\"S\u1ea3n ph\u1ea9m\",\"item\":\"https:\/\/dotuvechinhhang.vn\/?post_type=product\"},{\"@type\":\"ListItem\",\"position\":3,\"name\":\"B\u00ecnh x\u1ecbt h\u01a1i cay Takedown 470ml\"}]},{\"@type\":\"WebSite\",\"@id\":\"https:\/\/dotuvechinhhang.vn\/#website\",\"url\":\"https:\/\/dotuvechinhhang.vn\/\",\"name\":\"Baton - Ch\u00edch \u0110i\u1ec7n - X\u1ecbt Cay ch\u00ednh h\u00e3ng\",\"description\":\"\",\"potentialAction\":[{\"@type\":\"SearchAction\",\"target\":{\"@type\":\"EntryPoint\",\"urlTemplate\":\"https:\/\/dotuvechinhhang.vn\/?s={search_term_string}\"},\"query-input\":{\"@type\":\"PropertyValueSpecification\",\"valueRequired\":true,\"valueName\":\"search_term_string\"}}],\"inLanguage\":\"vi\"}]}<\/script>\n<!-- \/ Yoast SEO plugin. -->","yoast_head_json":{"title":"B\u00ecnh x\u1ecbt h\u01a1i cay Takedown 470ml - Baton - Ch\u00edch \u0110i\u1ec7n - X\u1ecbt Cay ch\u00ednh h\u00e3ng","robots":{"index":"index","follow":"follow","max-snippet":"max-snippet:-1","max-image-preview":"max-image-preview:large","max-video-preview":"max-video-preview:-1"},"canonical":"https:\/\/dotuvechinhhang.vn\/?product=binh-xit-hoi-cay-takedown-470ml","og_locale":"vi_VN","og_type":"article","og_title":"B\u00ecnh x\u1ecbt h\u01a1i cay Takedown 470ml - Baton - Ch\u00edch \u0110i\u1ec7n - X\u1ecbt Cay ch\u00ednh h\u00e3ng","og_description":"\u2705 Mi\u1ec5n ship to\u00e0n qu\u1ed1c \u2705 Nh\u1eadn h\u00e0ng ki\u1ec3m tra thanh to\u00e1n \u2705B\u1ea3o h\u00e0nh 1 th\u00e1ng l\u1ed7i 1 \u0111\u1ed5i 1","og_url":"https:\/\/dotuvechinhhang.vn\/?product=binh-xit-hoi-cay-takedown-470ml","og_site_name":"Baton - Ch\u00edch \u0110i\u1ec7n - X\u1ecbt Cay ch\u00ednh h\u00e3ng","article_modified_time":"2026-02-23T03:58:12+00:00","og_image":[{"width":1920,"height":2560,"url":"https:\/\/dotuvechinhhang.vn\/wp-content\/uploads\/2026\/02\/z6541166949280_3f09d6ce7cf0a70d9ee051846d9facd7.jpg","type":"image\/jpeg"}],"twitter_card":"summary_large_image","twitter_misc":{"\u01af\u1edbc t\u00ednh th\u1eddi gian \u0111\u1ecdc":"3 ph\u00fat"},"schema":{"@context":"https:\/\/schema.org","@graph":[{"@type":"WebPage","@id":"https:\/\/dotuvechinhhang.vn\/?product=binh-xit-hoi-cay-takedown-470ml","url":"https:\/\/dotuvechinhhang.vn\/?product=binh-xit-hoi-cay-takedown-470ml","name":"B\u00ecnh x\u1ecbt h\u01a1i cay Takedown 470ml - Baton - Ch\u00edch \u0110i\u1ec7n - X\u1ecbt Cay ch\u00ednh h\u00e3ng","isPartOf":{"@id":"https:\/\/dotuvechinhhang.vn\/#website"},"primaryImageOfPage":{"@id":"https:\/\/dotuvechinhhang.vn\/?product=binh-xit-hoi-cay-takedown-470ml#primaryimage"},"image":{"@id":"https:\/\/dotuvechinhhang.vn\/?product=binh-xit-hoi-cay-takedown-470ml#primaryimage"},"thumbnailUrl":"https:\/\/dotuvechinhhang.vn\/wp-content\/uploads\/2026\/02\/z6541166949280_3f09d6ce7cf0a70d9ee051846d9facd7.jpg","datePublished":"2026-02-23T03:58:00+00:00","dateModified":"2026-02-23T03:58:12+00:00","breadcrumb":{"@id":"https:\/\/dotuvechinhhang.vn\/?product=binh-xit-hoi-cay-takedown-470ml#breadcrumb"},"inLanguage":"vi","potentialAction":[{"@type":"ReadAction","target":["https:\/\/dotuvechinhhang.vn\/?product=binh-xit-hoi-cay-takedown-470ml"]}]},{"@type":"ImageObject","inLanguage":"vi","@id":"https:\/\/dotuvechinhhang.vn\/?product=binh-xit-hoi-cay-takedown-470ml#primaryimage","url":"https:\/\/dotuvechinhhang.vn\/wp-content\/uploads\/2026\/02\/z6541166949280_3f09d6ce7cf0a70d9ee051846d9facd7.jpg","contentUrl":"https:\/\/dotuvechinhhang.vn\/wp-content\/uploads\/2026\/02\/z6541166949280_3f09d6ce7cf0a70d9ee051846d9facd7.jpg","width":1920,"height":2560},{"@type":"BreadcrumbList","@id":"https:\/\/dotuvechinhhang.vn\/?product=binh-xit-hoi-cay-takedown-470ml#breadcrumb","itemListElement":[{"@type":"ListItem","position":1,"name":"Trang ch\u1ee7","item":"https:\/\/dotuvechinhhang.vn\/"},{"@type":"ListItem","position":2,"name":"S\u1ea3n ph\u1ea9m","item":"https:\/\/dotuvechinhhang.vn\/?post_type=product"},{"@type":"ListItem","position":3,"name":"B\u00ecnh x\u1ecbt h\u01a1i cay Takedown 470ml"}]},{"@type":"WebSite","@id":"https:\/\/dotuvechinhhang.vn\/#website","url":"https:\/\/dotuvechinhhang.vn\/","name":"Baton - Ch\u00edch \u0110i\u1ec7n - X\u1ecbt Cay ch\u00ednh h\u00e3ng","description":"","potentialAction":[{"@type":"SearchAction","target":{"@type":"EntryPoint","urlTemplate":"https:\/\/dotuvechinhhang.vn\/?s={search_term_string}"},"query-input":{"@type":"PropertyValueSpecification","valueRequired":true,"valueName":"search_term_string"}}],"inLanguage":"vi"}]}},"_links":{"self":[{"href":"https:\/\/dotuvechinhhang.vn\/index.php?rest_route=\/wp\/v2\/product\/176","targetHints":{"allow":["GET"]}}],"collection":[{"href":"https:\/\/dotuvechinhhang.vn\/index.php?rest_route=\/wp\/v2\/product"}],"about":[{"href":"https:\/\/dotuvechinhhang.vn\/index.php?rest_route=\/wp\/v2\/types\/product"}],"wp:featuredmedia":[{"embeddable":true,"href":"https:\/\/dotuvechinhhang.vn\/index.php?rest_route=\/wp\/v2\/media\/177"}],"wp:attachment":[{"href":"https:\/\/dotuvechinhhang.vn\/index.php?rest_route=%2Fwp%2Fv2%2Fmedia&parent=176"}],"wp:term":[{"taxonomy":"product_brand","embeddable":true,"href":"https:\/\/dotuvechinhhang.vn\/index.php?rest_route=%2Fwp%2Fv2%2Fproduct_brand&post=176"},{"taxonomy":"product_cat","embeddable":true,"href":"https:\/\/dotuvechinhhang.vn\/index.php?rest_route=%2Fwp%2Fv2%2Fproduct_cat&post=176"},{"taxonomy":"product_tag","embeddable":true,"href":"https:\/\/dotuvechinhhang.vn\/index.php?rest_route=%2Fwp%2Fv2%2Fproduct_tag&post=176"}],"curies":[{"name":"wp","href":"https:\/\/api.w.org\/{rel}","templated":true}]}}