{"id":160,"date":"2026-02-23T10:50:56","date_gmt":"2026-02-23T03:50:56","guid":{"rendered":"https:\/\/dotuvechinhhang.vn\/?post_type=product&#038;p=160"},"modified":"2026-02-23T10:50:56","modified_gmt":"2026-02-23T03:50:56","slug":"binh-xit-hoi-cay-nato-110ml","status":"publish","type":"product","link":"https:\/\/dotuvechinhhang.vn\/?product=binh-xit-hoi-cay-nato-110ml","title":{"rendered":"B\u00ecnh x\u1ecbt h\u01a1i cay Nato 110ml"},"content":{"rendered":"<h2 data-start=\"192\" data-end=\"248\">\ud83e\uddef B\u00ecnh X\u1ecbt H\u01a1i Cay NATO 110 ml \u2014 Gi\u1edbi thi\u1ec7u s\u1ea3n ph\u1ea9m<\/h2>\n<p data-start=\"250\" data-end=\"491\"><strong data-start=\"250\" data-end=\"267\">T\u00ean s\u1ea3n ph\u1ea9m:<\/strong> B\u00ecnh x\u1ecbt h\u01a1i cay NATO 110 ml<br data-start=\"296\" data-end=\"299\" \/><strong data-start=\"299\" data-end=\"308\">Lo\u1ea1i:<\/strong> X\u1ecbt h\u01a1i cay t\u1ef1 v\u1ec7 c\u1ea7m tay<br data-start=\"334\" data-end=\"337\" \/><strong data-start=\"337\" data-end=\"351\">Dung t\u00edch:<\/strong> ~110 ml<br data-start=\"359\" data-end=\"362\" \/><strong data-start=\"362\" data-end=\"377\">K\u00edch th\u01b0\u1edbc:<\/strong> B\u00ecnh l\u1edbn h\u01a1n c\u00e1c lo\u1ea1i x\u1ecbt mini, ph\u00f9 h\u1ee3p c\u1ea7m tay ho\u1eb7c \u0111\u1eb7t trong t\u00fai \u00e1o\/qu\u1ea7n.<\/p>\n<hr data-start=\"493\" data-end=\"496\" \/>\n<h2 data-start=\"498\" data-end=\"518\">\ud83d\udd0e \u0110\u1eb7c \u0111i\u1ec3m ch\u00ednh<\/h2>\n<h3 data-start=\"520\" data-end=\"540\">\ud83e\uddf4 Dung t\u00edch l\u1edbn<\/h3>\n<p data-start=\"541\" data-end=\"733\">B\u00ecnh c\u00f3 <strong data-start=\"549\" data-end=\"580\">n\u1ed3ng \u0111\u1ed9 v\u00e0 th\u1ec3 t\u00edch ~110 ml<\/strong>, l\u1edbn h\u01a1n c\u00e1c lo\u1ea1i x\u1ecbt tay nh\u1ecf (30\u201350 ml), gi\u00fap \u0111\u1ea3m b\u1ea3o <strong data-start=\"636\" data-end=\"686\">phun \u0111\u01b0\u1ee3c l\u00e2u h\u01a1n v\u00e0 ph\u1ea1m vi t\u00e1c d\u1ee5ng r\u1ed9ng h\u01a1n<\/strong> khi c\u1ea7n.<\/p>\n<h3 data-start=\"735\" data-end=\"754\">\ud83d\udccc Ph\u1ea1m vi phun<\/h3>\n<ul data-start=\"755\" data-end=\"917\">\n<li data-start=\"755\" data-end=\"917\">\n<p data-start=\"757\" data-end=\"917\">V\u00f9ng phun hi\u1ec7u qu\u1ea3 r\u1ed9ng, kho\u1ea3ng <strong data-start=\"789\" data-end=\"797\">~2 m<\/strong> ho\u1eb7c h\u01a1n t\u00f9y \u0111i\u1ec1u ki\u1ec7n gi\u00f3 \u2014 \u0111\u1ee7 \u0111\u1ec3 t\u1ea1o kho\u1ea3ng c\u00e1ch an to\u00e0n v\u1edbi \u0111\u1ed1i t\u01b0\u1ee3ng g\u00e2y h\u1ea1i.<\/p>\n<\/li>\n<\/ul>\n<h3 data-start=\"919\" data-end=\"934\">\ud83e\uddea Ch\u1ea5t cay<\/h3>\n<ul data-start=\"935\" data-end=\"1136\">\n<li data-start=\"935\" data-end=\"1136\">\n<p data-start=\"937\" data-end=\"1136\">Ho\u1ea1t ch\u1ea5t trong b\u00ecnh th\u01b0\u1eddng l\u00e0 <strong data-start=\"968\" data-end=\"1013\">h\u1ee3p ch\u1ea5t cay gi\u1ed1ng ti\u00eau \u1edbt (capsaicin\/OC)<\/strong>, g\u00e2y <strong data-start=\"1019\" data-end=\"1074\">ch\u00f3ng m\u1eb7t, cay m\u1eaft, ch\u1ea3y n\u01b0\u1edbc m\u1eaft, kh\u00f3 th\u1edf t\u1ea1m th\u1eddi<\/strong> khi ti\u1ebfp x\u00fac tr\u1ef1c ti\u1ebfp.<\/p>\n<\/li>\n<\/ul>\n<h3 data-start=\"1138\" data-end=\"1168\">\ud83d\udee0\ufe0f Thi\u1ebft k\u1ebf v\u1ecf v\u00e0 \u0111\u1ea7u x\u1ecbt<\/h3>\n<ul data-start=\"1169\" data-end=\"1400\">\n<li data-start=\"1169\" data-end=\"1321\">\n<p data-start=\"1171\" data-end=\"1321\">B\u00ecnh th\u01b0\u1eddng \u0111\u01b0\u1ee3c <strong data-start=\"1188\" data-end=\"1227\">l\u00e0m b\u1eb1ng kim lo\u1ea1i ho\u1eb7c h\u1ee3p kim c\u1ee9ng<\/strong>, thi\u1ebft k\u1ebf c\u1ea7n ch\u1eafc ch\u1eafn \u0111\u1ec3 b\u1ea3o qu\u1ea3n ch\u1ea5t cay an to\u00e0n.<\/p>\n<\/li>\n<li data-start=\"1322\" data-end=\"1400\">\n<p data-start=\"1324\" data-end=\"1400\">\u0110\u1ea7u x\u1ecbt gi\u00fap phun d\u1ea1ng <strong data-start=\"1347\" data-end=\"1374\">s\u01b0\u01a1ng ho\u1eb7c tia li\u00ean t\u1ee5c<\/strong>, \u0111\u1ec3 d\u1ec5 nh\u1eafm m\u1ee5c ti\u00eau h\u01a1n.<\/p>\n<\/li>\n<\/ul>\n<h3 data-start=\"1402\" data-end=\"1420\">\u23f1\ufe0f H\u1ea1n s\u1eed d\u1ee5ng<\/h3>\n<ul data-start=\"1421\" data-end=\"1614\">\n<li data-start=\"1421\" data-end=\"1614\">\n<p data-start=\"1423\" data-end=\"1614\">M\u1ed9t s\u1ed1 c\u1eeda h\u00e0ng cho bi\u1ebft b\u00ecnh c\u00f3 <strong data-start=\"1456\" data-end=\"1481\">h\u1ea1n d\u00f9ng kho\u1ea3ng 5 n\u0103m<\/strong> n\u1ebfu \u0111\u1ec3 k\u00edn v\u00e0 b\u1ea3o qu\u1ea3n t\u1ed1t (\u0111\u00e2y l\u00e0 tham kh\u1ea3o ph\u1ed5 bi\u1ebfn, kh\u00f4ng ph\u1ea3i quy \u0111\u1ecbnh ti\u00eau chu\u1ea9n c\u1ee5 th\u1ec3).<\/p>\n<\/li>\n<\/ul>\n<hr data-start=\"1616\" data-end=\"1619\" \/>\n<h2 data-start=\"1621\" data-end=\"1636\">\ud83d\udccc C\u00f4ng d\u1ee5ng<\/h2>\n<p data-start=\"1638\" data-end=\"1782\">\u2714 <strong data-start=\"1640\" data-end=\"1658\">T\u1ef1 v\u1ec7 c\u00e1 nh\u00e2n:<\/strong><br data-start=\"1658\" data-end=\"1661\" \/>D\u00f9ng \u0111\u1ec3 t\u1ea1o kho\u1ea3ng c\u00e1ch an to\u00e0n khi g\u1eb7p k\u1ebb x\u1ea5u, gi\u00fap b\u1ea1n c\u00f3 th\u1eddi gian ch\u1ea1y tho\u00e1t.<\/p>\n<p data-start=\"1784\" data-end=\"1935\">\u2714 <strong data-start=\"1786\" data-end=\"1805\">B\u1ea3o v\u1ec7 t\u00e0i s\u1ea3n:<\/strong><br data-start=\"1805\" data-end=\"1808\" \/>Trong tr\u01b0\u1eddng h\u1ee3p b\u1ecb \u0111e d\u1ecda c\u01b0\u1edbp gi\u1eadt, x\u1ecbt h\u01a1i cay c\u00f3 th\u1ec3 l\u00e0m \u0111\u1ed1i ph\u01b0\u01a1ng m\u1ea5t ph\u01b0\u01a1ng h\u01b0\u1edbng.<\/p>\n<p data-start=\"1937\" data-end=\"2108\">\u2714 <strong data-start=\"1939\" data-end=\"1970\">D\u00f9ng cho l\u1ef1c l\u01b0\u1ee3ng an ninh:<\/strong><br data-start=\"1970\" data-end=\"1973\" \/>M\u1ed9t s\u1ed1 phi\u00ean b\u1ea3n h\u01a1i cay v\u1edbi dung t\u00edch l\u1edbn t\u1eebng \u0111\u01b0\u1ee3c d\u00f9ng trong hu\u1ea5n luy\u1ec7n v\u00e0 ki\u1ec3m so\u00e1t \u0111\u00e1m \u0111\u00f4ng.<\/p>\n<hr data-start=\"2110\" data-end=\"2113\" \/>\n<h2 data-start=\"2115\" data-end=\"2144\">\u26a0\ufe0f Nh\u1eefng \u0111i\u1ec1u b\u1ea1n c\u1ea7n bi\u1ebft<\/h2>\n<h3 data-start=\"2146\" data-end=\"2159\">\u2757 Ph\u00e1p l\u00fd<\/h3>\n<p data-start=\"2160\" data-end=\"2381\">\u1ede nhi\u1ec1u n\u01a1i (bao g\u1ed3m Vi\u1ec7t Nam), <strong data-start=\"2192\" data-end=\"2241\">b\u00ecnh x\u1ecbt h\u01a1i cay \u0111\u01b0\u1ee3c xem l\u00e0 \u201cc\u00f4ng c\u1ee5 h\u1ed7 tr\u1ee3\u201d<\/strong> \u2014 mang theo ho\u1eb7c s\u1eed d\u1ee5ng sai m\u1ee5c \u0111\u00edch c\u00f3 th\u1ec3 <strong data-start=\"2287\" data-end=\"2318\">b\u1ecb coi l\u00e0 vi ph\u1ea1m ph\u00e1p lu\u1eadt<\/strong> n\u1ebfu kh\u00f4ng \u0111\u00fang quy \u0111\u1ecbnh.<\/p>\n<p data-start=\"2383\" data-end=\"2482\">\ud83d\udc49 Tr\u01b0\u1edbc khi mua ho\u1eb7c mang theo, b\u1ea1n n\u00ean ki\u1ec3m tra quy \u0111\u1ecbnh ph\u00e1p lu\u1eadt t\u1ea1i \u0111\u1ecba ph\u01b0\u01a1ng m\u00ecnh sinh s\u1ed1ng.<\/p>\n<h3 data-start=\"2484\" data-end=\"2509\">\u2757 T\u00e1c d\u1ee5ng v\u00e0 an to\u00e0n<\/h3>\n<ul data-start=\"2510\" data-end=\"2837\">\n<li data-start=\"2510\" data-end=\"2705\">\n<p data-start=\"2512\" data-end=\"2705\">Khi ti\u1ebfp x\u00fac v\u1edbi h\u01a1i cay, c\u01a1 th\u1ec3 s\u1ebd c\u00f3 ph\u1ea3n \u1ee9ng cay m\u1eaft, ch\u1ea3y n\u01b0\u1edbc m\u1eaft, ho, kh\u00f3 th\u1edf t\u1ea1m th\u1eddi; \u0111\u00e2y l\u00e0 m\u1ee5c \u0111\u00edch \u0111\u1ec3 v\u00f4 hi\u1ec7u h\u00f3a \u0111\u1ed1i ph\u01b0\u01a1ng trong ng\u1eafn h\u1ea1n.<\/p>\n<\/li>\n<li data-start=\"2706\" data-end=\"2837\">\n<p data-start=\"2708\" data-end=\"2837\">Vi\u1ec7c s\u1eed d\u1ee5ng c\u1ea7n c\u00e2n nh\u1eafc \u0111\u1ec3 <strong data-start=\"2737\" data-end=\"2804\">kh\u00f4ng g\u00e2y th\u01b0\u01a1ng t\u00edch nghi\u00eam tr\u1ecdng cho b\u1ea3n th\u00e2n ho\u1eb7c ng\u01b0\u1eddi kh\u00e1c<\/strong> ngo\u00e0i m\u1ee5c \u0111\u00edch t\u1ef1 v\u1ec7 ch\u00ednh \u0111\u00e1ng.<\/p>\n<\/li>\n<\/ul>\n<div class=\"TyagGW_tableContainer\"><\/div>\n","protected":false},"excerpt":{"rendered":"<div>\u2705 Mi\u1ec5n ship to\u00e0n qu\u1ed1c<\/div>\n<div>\u2705 Nh\u1eadn h\u00e0ng ki\u1ec3m tra thanh to\u00e1n<\/div>\n<div>\u2705B\u1ea3o h\u00e0nh 1 th\u00e1ng l\u1ed7i 1 \u0111\u1ed5i 1<\/div>\n<div><\/div>\n<div><\/div>\n","protected":false},"featured_media":161,"template":"","meta":[],"product_brand":[],"product_cat":[35,22],"product_tag":[],"class_list":{"0":"post-160","1":"product","2":"type-product","3":"status-publish","4":"has-post-thumbnail","6":"product_cat-xit-cay-nato","7":"product_cat-xit-hoi-cay","9":"first","10":"instock","11":"shipping-taxable","12":"purchasable","13":"product-type-simple"},"yoast_head":"<!-- This site is optimized with the Yoast SEO plugin v27.0 - https:\/\/yoast.com\/product\/yoast-seo-wordpress\/ -->\n<title>B\u00ecnh x\u1ecbt h\u01a1i cay Nato 110ml - Baton - Ch\u00edch \u0110i\u1ec7n - X\u1ecbt Cay ch\u00ednh h\u00e3ng<\/title>\n<meta name=\"description\" content=\"\ud83e\uddef B\u00ecnh X\u1ecbt H\u01a1i Cay NATO 110 ml \u2014 Gi\u1edbi thi\u1ec7u s\u1ea3n ph\u1ea9mT\u00ean s\u1ea3n ph\u1ea9m: B\u00ecnh x\u1ecbt h\u01a1i cay NATO 110 mlLo\u1ea1i: X\u1ecbt h\u01a1i cay t\u1ef1 v\u1ec7 c\u1ea7m tayDung t\u00edch: ~110 mlK\u00edch th\u01b0\u1edbc: B\u00ecnh l\u1edbn h\u01a1n c\u00e1c lo\u1ea1i x\u1ecbt mini, ph\u00f9 h\u1ee3p c\u1ea7m tay ho\u1eb7c \u0111\u1eb7t trong t\u00fai \u00e1o\/qu\u1ea7n.\" \/>\n<meta name=\"robots\" content=\"index, follow, max-snippet:-1, max-image-preview:large, max-video-preview:-1\" \/>\n<link rel=\"canonical\" href=\"https:\/\/dotuvechinhhang.vn\/?product=binh-xit-hoi-cay-nato-110ml\" \/>\n<meta property=\"og:locale\" content=\"vi_VN\" \/>\n<meta property=\"og:type\" content=\"article\" \/>\n<meta property=\"og:title\" content=\"B\u00ecnh x\u1ecbt h\u01a1i cay Nato 110ml - Baton - Ch\u00edch \u0110i\u1ec7n - X\u1ecbt Cay ch\u00ednh h\u00e3ng\" \/>\n<meta property=\"og:description\" content=\"\ud83e\uddef B\u00ecnh X\u1ecbt H\u01a1i Cay NATO 110 ml \u2014 Gi\u1edbi thi\u1ec7u s\u1ea3n ph\u1ea9mT\u00ean s\u1ea3n ph\u1ea9m: B\u00ecnh x\u1ecbt h\u01a1i cay NATO 110 mlLo\u1ea1i: X\u1ecbt h\u01a1i cay t\u1ef1 v\u1ec7 c\u1ea7m tayDung t\u00edch: ~110 mlK\u00edch th\u01b0\u1edbc: B\u00ecnh l\u1edbn h\u01a1n c\u00e1c lo\u1ea1i x\u1ecbt mini, ph\u00f9 h\u1ee3p c\u1ea7m tay ho\u1eb7c \u0111\u1eb7t trong t\u00fai \u00e1o\/qu\u1ea7n.\" \/>\n<meta property=\"og:url\" content=\"https:\/\/dotuvechinhhang.vn\/?product=binh-xit-hoi-cay-nato-110ml\" \/>\n<meta property=\"og:site_name\" content=\"Baton - Ch\u00edch \u0110i\u1ec7n - X\u1ecbt Cay ch\u00ednh h\u00e3ng\" \/>\n<meta property=\"og:image\" content=\"https:\/\/dotuvechinhhang.vn\/wp-content\/uploads\/2026\/02\/z6541166975416_717ca7de85344be4823a175a0a0e6136.jpg\" \/>\n\t<meta property=\"og:image:width\" content=\"1920\" \/>\n\t<meta property=\"og:image:height\" content=\"2560\" \/>\n\t<meta property=\"og:image:type\" content=\"image\/jpeg\" \/>\n<meta name=\"twitter:card\" content=\"summary_large_image\" \/>\n<meta name=\"twitter:label1\" content=\"\u01af\u1edbc t\u00ednh th\u1eddi gian \u0111\u1ecdc\" \/>\n\t<meta name=\"twitter:data1\" content=\"3 ph\u00fat\" \/>\n<script type=\"application\/ld+json\" class=\"yoast-schema-graph\">{\"@context\":\"https:\/\/schema.org\",\"@graph\":[{\"@type\":\"WebPage\",\"@id\":\"https:\/\/dotuvechinhhang.vn\/?product=binh-xit-hoi-cay-nato-110ml\",\"url\":\"https:\/\/dotuvechinhhang.vn\/?product=binh-xit-hoi-cay-nato-110ml\",\"name\":\"B\u00ecnh x\u1ecbt h\u01a1i cay Nato 110ml - Baton - Ch\u00edch \u0110i\u1ec7n - X\u1ecbt Cay ch\u00ednh h\u00e3ng\",\"isPartOf\":{\"@id\":\"https:\/\/dotuvechinhhang.vn\/#website\"},\"primaryImageOfPage\":{\"@id\":\"https:\/\/dotuvechinhhang.vn\/?product=binh-xit-hoi-cay-nato-110ml#primaryimage\"},\"image\":{\"@id\":\"https:\/\/dotuvechinhhang.vn\/?product=binh-xit-hoi-cay-nato-110ml#primaryimage\"},\"thumbnailUrl\":\"https:\/\/dotuvechinhhang.vn\/wp-content\/uploads\/2026\/02\/z6541166975416_717ca7de85344be4823a175a0a0e6136.jpg\",\"datePublished\":\"2026-02-23T03:50:56+00:00\",\"description\":\"\ud83e\uddef B\u00ecnh X\u1ecbt H\u01a1i Cay NATO 110 ml \u2014 Gi\u1edbi thi\u1ec7u s\u1ea3n ph\u1ea9mT\u00ean s\u1ea3n ph\u1ea9m: B\u00ecnh x\u1ecbt h\u01a1i cay NATO 110 mlLo\u1ea1i: X\u1ecbt h\u01a1i cay t\u1ef1 v\u1ec7 c\u1ea7m tayDung t\u00edch: ~110 mlK\u00edch th\u01b0\u1edbc: B\u00ecnh l\u1edbn h\u01a1n c\u00e1c lo\u1ea1i x\u1ecbt mini, ph\u00f9 h\u1ee3p c\u1ea7m tay ho\u1eb7c \u0111\u1eb7t trong t\u00fai \u00e1o\/qu\u1ea7n.\",\"breadcrumb\":{\"@id\":\"https:\/\/dotuvechinhhang.vn\/?product=binh-xit-hoi-cay-nato-110ml#breadcrumb\"},\"inLanguage\":\"vi\",\"potentialAction\":[{\"@type\":\"ReadAction\",\"target\":[\"https:\/\/dotuvechinhhang.vn\/?product=binh-xit-hoi-cay-nato-110ml\"]}]},{\"@type\":\"ImageObject\",\"inLanguage\":\"vi\",\"@id\":\"https:\/\/dotuvechinhhang.vn\/?product=binh-xit-hoi-cay-nato-110ml#primaryimage\",\"url\":\"https:\/\/dotuvechinhhang.vn\/wp-content\/uploads\/2026\/02\/z6541166975416_717ca7de85344be4823a175a0a0e6136.jpg\",\"contentUrl\":\"https:\/\/dotuvechinhhang.vn\/wp-content\/uploads\/2026\/02\/z6541166975416_717ca7de85344be4823a175a0a0e6136.jpg\",\"width\":1920,\"height\":2560},{\"@type\":\"BreadcrumbList\",\"@id\":\"https:\/\/dotuvechinhhang.vn\/?product=binh-xit-hoi-cay-nato-110ml#breadcrumb\",\"itemListElement\":[{\"@type\":\"ListItem\",\"position\":1,\"name\":\"Trang ch\u1ee7\",\"item\":\"https:\/\/dotuvechinhhang.vn\/\"},{\"@type\":\"ListItem\",\"position\":2,\"name\":\"S\u1ea3n ph\u1ea9m\",\"item\":\"https:\/\/dotuvechinhhang.vn\/?post_type=product\"},{\"@type\":\"ListItem\",\"position\":3,\"name\":\"B\u00ecnh x\u1ecbt h\u01a1i cay Nato 110ml\"}]},{\"@type\":\"WebSite\",\"@id\":\"https:\/\/dotuvechinhhang.vn\/#website\",\"url\":\"https:\/\/dotuvechinhhang.vn\/\",\"name\":\"Baton - Ch\u00edch \u0110i\u1ec7n - X\u1ecbt Cay ch\u00ednh h\u00e3ng\",\"description\":\"\",\"potentialAction\":[{\"@type\":\"SearchAction\",\"target\":{\"@type\":\"EntryPoint\",\"urlTemplate\":\"https:\/\/dotuvechinhhang.vn\/?s={search_term_string}\"},\"query-input\":{\"@type\":\"PropertyValueSpecification\",\"valueRequired\":true,\"valueName\":\"search_term_string\"}}],\"inLanguage\":\"vi\"}]}<\/script>\n<!-- \/ Yoast SEO plugin. -->","yoast_head_json":{"title":"B\u00ecnh x\u1ecbt h\u01a1i cay Nato 110ml - Baton - Ch\u00edch \u0110i\u1ec7n - X\u1ecbt Cay ch\u00ednh h\u00e3ng","description":"\ud83e\uddef B\u00ecnh X\u1ecbt H\u01a1i Cay NATO 110 ml \u2014 Gi\u1edbi thi\u1ec7u s\u1ea3n ph\u1ea9mT\u00ean s\u1ea3n ph\u1ea9m: B\u00ecnh x\u1ecbt h\u01a1i cay NATO 110 mlLo\u1ea1i: X\u1ecbt h\u01a1i cay t\u1ef1 v\u1ec7 c\u1ea7m tayDung t\u00edch: ~110 mlK\u00edch th\u01b0\u1edbc: B\u00ecnh l\u1edbn h\u01a1n c\u00e1c lo\u1ea1i x\u1ecbt mini, ph\u00f9 h\u1ee3p c\u1ea7m tay ho\u1eb7c \u0111\u1eb7t trong t\u00fai \u00e1o\/qu\u1ea7n.","robots":{"index":"index","follow":"follow","max-snippet":"max-snippet:-1","max-image-preview":"max-image-preview:large","max-video-preview":"max-video-preview:-1"},"canonical":"https:\/\/dotuvechinhhang.vn\/?product=binh-xit-hoi-cay-nato-110ml","og_locale":"vi_VN","og_type":"article","og_title":"B\u00ecnh x\u1ecbt h\u01a1i cay Nato 110ml - Baton - Ch\u00edch \u0110i\u1ec7n - X\u1ecbt Cay ch\u00ednh h\u00e3ng","og_description":"\ud83e\uddef B\u00ecnh X\u1ecbt H\u01a1i Cay NATO 110 ml \u2014 Gi\u1edbi thi\u1ec7u s\u1ea3n ph\u1ea9mT\u00ean s\u1ea3n ph\u1ea9m: B\u00ecnh x\u1ecbt h\u01a1i cay NATO 110 mlLo\u1ea1i: X\u1ecbt h\u01a1i cay t\u1ef1 v\u1ec7 c\u1ea7m tayDung t\u00edch: ~110 mlK\u00edch th\u01b0\u1edbc: B\u00ecnh l\u1edbn h\u01a1n c\u00e1c lo\u1ea1i x\u1ecbt mini, ph\u00f9 h\u1ee3p c\u1ea7m tay ho\u1eb7c \u0111\u1eb7t trong t\u00fai \u00e1o\/qu\u1ea7n.","og_url":"https:\/\/dotuvechinhhang.vn\/?product=binh-xit-hoi-cay-nato-110ml","og_site_name":"Baton - Ch\u00edch \u0110i\u1ec7n - X\u1ecbt Cay ch\u00ednh h\u00e3ng","og_image":[{"width":1920,"height":2560,"url":"https:\/\/dotuvechinhhang.vn\/wp-content\/uploads\/2026\/02\/z6541166975416_717ca7de85344be4823a175a0a0e6136.jpg","type":"image\/jpeg"}],"twitter_card":"summary_large_image","twitter_misc":{"\u01af\u1edbc t\u00ednh th\u1eddi gian \u0111\u1ecdc":"3 ph\u00fat"},"schema":{"@context":"https:\/\/schema.org","@graph":[{"@type":"WebPage","@id":"https:\/\/dotuvechinhhang.vn\/?product=binh-xit-hoi-cay-nato-110ml","url":"https:\/\/dotuvechinhhang.vn\/?product=binh-xit-hoi-cay-nato-110ml","name":"B\u00ecnh x\u1ecbt h\u01a1i cay Nato 110ml - Baton - Ch\u00edch \u0110i\u1ec7n - X\u1ecbt Cay ch\u00ednh h\u00e3ng","isPartOf":{"@id":"https:\/\/dotuvechinhhang.vn\/#website"},"primaryImageOfPage":{"@id":"https:\/\/dotuvechinhhang.vn\/?product=binh-xit-hoi-cay-nato-110ml#primaryimage"},"image":{"@id":"https:\/\/dotuvechinhhang.vn\/?product=binh-xit-hoi-cay-nato-110ml#primaryimage"},"thumbnailUrl":"https:\/\/dotuvechinhhang.vn\/wp-content\/uploads\/2026\/02\/z6541166975416_717ca7de85344be4823a175a0a0e6136.jpg","datePublished":"2026-02-23T03:50:56+00:00","description":"\ud83e\uddef B\u00ecnh X\u1ecbt H\u01a1i Cay NATO 110 ml \u2014 Gi\u1edbi thi\u1ec7u s\u1ea3n ph\u1ea9mT\u00ean s\u1ea3n ph\u1ea9m: B\u00ecnh x\u1ecbt h\u01a1i cay NATO 110 mlLo\u1ea1i: X\u1ecbt h\u01a1i cay t\u1ef1 v\u1ec7 c\u1ea7m tayDung t\u00edch: ~110 mlK\u00edch th\u01b0\u1edbc: B\u00ecnh l\u1edbn h\u01a1n c\u00e1c lo\u1ea1i x\u1ecbt mini, ph\u00f9 h\u1ee3p c\u1ea7m tay ho\u1eb7c \u0111\u1eb7t trong t\u00fai \u00e1o\/qu\u1ea7n.","breadcrumb":{"@id":"https:\/\/dotuvechinhhang.vn\/?product=binh-xit-hoi-cay-nato-110ml#breadcrumb"},"inLanguage":"vi","potentialAction":[{"@type":"ReadAction","target":["https:\/\/dotuvechinhhang.vn\/?product=binh-xit-hoi-cay-nato-110ml"]}]},{"@type":"ImageObject","inLanguage":"vi","@id":"https:\/\/dotuvechinhhang.vn\/?product=binh-xit-hoi-cay-nato-110ml#primaryimage","url":"https:\/\/dotuvechinhhang.vn\/wp-content\/uploads\/2026\/02\/z6541166975416_717ca7de85344be4823a175a0a0e6136.jpg","contentUrl":"https:\/\/dotuvechinhhang.vn\/wp-content\/uploads\/2026\/02\/z6541166975416_717ca7de85344be4823a175a0a0e6136.jpg","width":1920,"height":2560},{"@type":"BreadcrumbList","@id":"https:\/\/dotuvechinhhang.vn\/?product=binh-xit-hoi-cay-nato-110ml#breadcrumb","itemListElement":[{"@type":"ListItem","position":1,"name":"Trang ch\u1ee7","item":"https:\/\/dotuvechinhhang.vn\/"},{"@type":"ListItem","position":2,"name":"S\u1ea3n ph\u1ea9m","item":"https:\/\/dotuvechinhhang.vn\/?post_type=product"},{"@type":"ListItem","position":3,"name":"B\u00ecnh x\u1ecbt h\u01a1i cay Nato 110ml"}]},{"@type":"WebSite","@id":"https:\/\/dotuvechinhhang.vn\/#website","url":"https:\/\/dotuvechinhhang.vn\/","name":"Baton - Ch\u00edch \u0110i\u1ec7n - X\u1ecbt Cay ch\u00ednh h\u00e3ng","description":"","potentialAction":[{"@type":"SearchAction","target":{"@type":"EntryPoint","urlTemplate":"https:\/\/dotuvechinhhang.vn\/?s={search_term_string}"},"query-input":{"@type":"PropertyValueSpecification","valueRequired":true,"valueName":"search_term_string"}}],"inLanguage":"vi"}]}},"_links":{"self":[{"href":"https:\/\/dotuvechinhhang.vn\/index.php?rest_route=\/wp\/v2\/product\/160","targetHints":{"allow":["GET"]}}],"collection":[{"href":"https:\/\/dotuvechinhhang.vn\/index.php?rest_route=\/wp\/v2\/product"}],"about":[{"href":"https:\/\/dotuvechinhhang.vn\/index.php?rest_route=\/wp\/v2\/types\/product"}],"wp:featuredmedia":[{"embeddable":true,"href":"https:\/\/dotuvechinhhang.vn\/index.php?rest_route=\/wp\/v2\/media\/161"}],"wp:attachment":[{"href":"https:\/\/dotuvechinhhang.vn\/index.php?rest_route=%2Fwp%2Fv2%2Fmedia&parent=160"}],"wp:term":[{"taxonomy":"product_brand","embeddable":true,"href":"https:\/\/dotuvechinhhang.vn\/index.php?rest_route=%2Fwp%2Fv2%2Fproduct_brand&post=160"},{"taxonomy":"product_cat","embeddable":true,"href":"https:\/\/dotuvechinhhang.vn\/index.php?rest_route=%2Fwp%2Fv2%2Fproduct_cat&post=160"},{"taxonomy":"product_tag","embeddable":true,"href":"https:\/\/dotuvechinhhang.vn\/index.php?rest_route=%2Fwp%2Fv2%2Fproduct_tag&post=160"}],"curies":[{"name":"wp","href":"https:\/\/api.w.org\/{rel}","templated":true}]}}