{"id":155,"date":"2026-02-23T10:43:18","date_gmt":"2026-02-23T03:43:18","guid":{"rendered":"https:\/\/dotuvechinhhang.vn\/?post_type=product&#038;p=155"},"modified":"2026-02-23T10:43:18","modified_gmt":"2026-02-23T03:43:18","slug":"baton-shy-mau-titan","status":"publish","type":"product","link":"https:\/\/dotuvechinhhang.vn\/?product=baton-shy-mau-titan","title":{"rendered":"Baton SHY m\u00e0u titan"},"content":{"rendered":"<h2 data-start=\"365\" data-end=\"426\">\ud83d\udea8 T\u1ed5ng qu\u00e1t s\u1ea3n ph\u1ea9m: G\u1eady 3 Kh\u00fac SHY \u2013 M\u00e0u Titan (~65 cm)<\/h2>\n<p data-start=\"428\" data-end=\"622\"><strong data-start=\"428\" data-end=\"447\">T\u00ean th\u01b0\u1eddng g\u1ecdi:<\/strong> G\u1eady 3 kh\u00fac SHY \/ Baton 3 kh\u00fac SHY<br data-start=\"481\" data-end=\"484\" \/><strong data-start=\"484\" data-end=\"496\">M\u00e0u s\u1eafc:<\/strong> Titan (b\u1ec1 m\u1eb7t kim lo\u1ea1i x\u00e1m \u00e1nh, nh\u00ecn gi\u1ed1ng m\u00e0u titanium)<br data-start=\"553\" data-end=\"556\" \/><strong data-start=\"556\" data-end=\"574\">Ki\u1ec3u s\u1ea3n ph\u1ea9m:<\/strong> G\u1eady baton t\u1ef1 v\u1ec7 k\u00e9o d\u00e0i 3 kh\u00fac<br data-start=\"605\" data-end=\"608\" \/><strong data-start=\"608\" data-end=\"622\">Chi\u1ec1u d\u00e0i:<\/strong><\/p>\n<ul data-start=\"623\" data-end=\"694\">\n<li data-start=\"623\" data-end=\"652\">\n<p data-start=\"625\" data-end=\"652\">\ud83d\udccf <strong data-start=\"628\" data-end=\"640\">Thu g\u1ecdn:<\/strong> ~24\u201328 cm<\/p>\n<\/li>\n<li data-start=\"653\" data-end=\"694\">\n<p data-start=\"655\" data-end=\"694\">\ud83d\udccf <strong data-start=\"658\" data-end=\"668\">M\u1edf ra:<\/strong> ~60\u201367 cm (th\u01b0\u1eddng ~65 cm)<\/p>\n<\/li>\n<\/ul>\n<p data-start=\"696\" data-end=\"904\">Lo\u1ea1i n\u00e0y \u0111\u01b0\u1ee3c nhi\u1ec1u ng\u01b0\u1eddi d\u00f9ng v\u00e0 c\u1eeda h\u00e0ng v\u1eadt t\u01b0 t\u1ef1 v\u1ec7 \u1edf Vi\u1ec7t Nam g\u1ecdi l\u00e0 \u201cg\u1eady 3 kh\u00fac SHY m\u00e0u titan 65 cm\u201d \u2013 d\u00f9 tr\u00ean th\u1ef1c t\u1ebf n\u00f3 l\u00e0 m\u1ed9t d\u1ea1ng baton t\u1ef1 v\u1ec7 ch\u1ecbu l\u1ef1c theo ki\u1ec3u <strong data-start=\"867\" data-end=\"881\">Hummer\/ASP<\/strong> t\u00f9y theo m\u1eabu s\u1ea3n xu\u1ea5t.<\/p>\n<hr data-start=\"906\" data-end=\"909\" \/>\n<h2 data-start=\"911\" data-end=\"938\">\ud83d\udee0\ufe0f Thi\u1ebft k\u1ebf &amp; Ch\u1ea5t li\u1ec7u<\/h2>\n<h3 data-start=\"940\" data-end=\"955\">\ud83d\udd29 V\u1eadt li\u1ec7u<\/h3>\n<ul data-start=\"956\" data-end=\"1094\">\n<li data-start=\"956\" data-end=\"1013\">\n<p data-start=\"958\" data-end=\"1013\"><strong data-start=\"958\" data-end=\"1011\">H\u1ee3p kim th\u00e9p\/ch\u1ea5t li\u1ec7u kim lo\u1ea1i ch\u1ed1ng va \u0111\u1eadp m\u1ea1nh<\/strong><\/p>\n<\/li>\n<li data-start=\"1014\" data-end=\"1094\">\n<p data-start=\"1016\" data-end=\"1094\">L\u1edbp ho\u00e0n thi\u1ec7n m\u00e0u <strong data-start=\"1035\" data-end=\"1052\">titan x\u00e1m b\u1ea1c<\/strong> t\u1ea1o v\u1ebb sang tr\u1ecdng, b\u1ec1n b\u1ec9, kh\u00f3 tr\u1ea7y x\u01b0\u1edbc.<\/p>\n<\/li>\n<\/ul>\n<h3 data-start=\"1096\" data-end=\"1117\">\ud83e\uddf1 C\u1ea5u t\u1ea1o 3 kh\u00fac<\/h3>\n<ul data-start=\"1118\" data-end=\"1234\">\n<li data-start=\"1118\" data-end=\"1164\">\n<p data-start=\"1120\" data-end=\"1164\">G\u1ed3m <strong data-start=\"1124\" data-end=\"1162\">3 \u0111o\u1ea1n \u1ed1ng kim lo\u1ea1i tr\u01b0\u1ee3t v\u00e0o nhau<\/strong><\/p>\n<\/li>\n<li data-start=\"1165\" data-end=\"1234\">\n<p data-start=\"1167\" data-end=\"1234\">Khi bung ra kh\u00f3a ch\u1eafc b\u1eb1ng l\u1ef1c v\u1eb7n \u0111\u00f3ng, kh\u00f4ng d\u1ec5 x\u1eb9p l\u1ea1i khi d\u00f9ng.<\/p>\n<\/li>\n<\/ul>\n<h3 data-start=\"1236\" data-end=\"1249\">\u270b Tay c\u1ea7m<\/h3>\n<ul data-start=\"1250\" data-end=\"1359\">\n<li data-start=\"1250\" data-end=\"1290\">\n<p data-start=\"1252\" data-end=\"1290\">B\u1ecdc <strong data-start=\"1256\" data-end=\"1288\">cao su ho\u1eb7c nh\u1ef1a ch\u1ed1ng tr\u01b0\u1ee3t<\/strong><\/p>\n<\/li>\n<li data-start=\"1291\" data-end=\"1359\">\n<p data-start=\"1293\" data-end=\"1359\">Thi\u1ebft k\u1ebf r\u00e3nh d\u1ecdc t\u0103ng \u0111\u1ed9 b\u00e1m, kh\u00f4ng tr\u01b0\u1ee3t khi m\u1ed3 h\u00f4i ho\u1eb7c \u1ea9m \u01b0\u1edbt.<\/p>\n<\/li>\n<\/ul>\n<h3 data-start=\"1361\" data-end=\"1382\">\ud83e\ude9d C\u01a1 ch\u1ebf \u0111\u00f3ng\/m\u1edf<\/h3>\n<ul data-start=\"1383\" data-end=\"1466\">\n<li data-start=\"1383\" data-end=\"1431\">\n<p data-start=\"1385\" data-end=\"1431\">Cho ph\u00e9p <strong data-start=\"1394\" data-end=\"1429\">m\u1edf ra nhanh b\u1eb1ng c\u00e1ch vung m\u1ea1nh<\/strong><\/p>\n<\/li>\n<li data-start=\"1432\" data-end=\"1466\">\n<p data-start=\"1434\" data-end=\"1466\">Thu g\u1ecdn l\u1ea1i d\u1ec5 d\u00e0ng sau khi d\u00f9ng<\/p>\n<\/li>\n<\/ul>\n<hr data-start=\"1468\" data-end=\"1471\" \/>\n<h2 data-start=\"1473\" data-end=\"1510\">\ud83d\udccc \u01afu \u0111i\u1ec3m c\u1ee7a phi\u00ean b\u1ea3n m\u00e0u titan<\/h2>\n<p data-start=\"1512\" data-end=\"1548\">\u2728 <strong data-start=\"1514\" data-end=\"1546\">B\u1ec1 m\u1eb7t titan x\u00e1m sang tr\u1ecdng:<\/strong><\/p>\n<ul data-start=\"1549\" data-end=\"1644\">\n<li data-start=\"1549\" data-end=\"1614\">\n<p data-start=\"1551\" data-end=\"1614\">Kh\u00e1c m\u00e0u \u0111en truy\u1ec1n th\u1ed1ng, m\u00e0u titan th\u01b0\u1eddng nh\u00ecn cao c\u1ea5p h\u01a1n.<\/p>\n<\/li>\n<li data-start=\"1615\" data-end=\"1644\">\n<p data-start=\"1617\" data-end=\"1644\">D\u1ec5 v\u1ec7 sinh, b\u00e1m \u00edt v\u00e2n tay.<\/p>\n<\/li>\n<\/ul>\n<p data-start=\"1646\" data-end=\"1666\">\ud83d\udcaa <strong data-start=\"1649\" data-end=\"1664\">\u0110\u1ed9 b\u1ec1n cao:<\/strong><\/p>\n<ul data-start=\"1667\" data-end=\"1754\">\n<li data-start=\"1667\" data-end=\"1754\">\n<p data-start=\"1669\" data-end=\"1754\">Do h\u1ee3p kim kim lo\u1ea1i t\u1ed1t, ch\u1ecbu l\u1ef1c va \u0111\u1eadp t\u1ed1t h\u01a1n nhi\u1ec1u so v\u1edbi g\u1eady g\u1ea5p 3 kh\u00fac lo\u1ea1i r\u1ebb.<\/p>\n<\/li>\n<\/ul>\n<p data-start=\"1756\" data-end=\"1782\">\ud83d\udccf <strong data-start=\"1759\" data-end=\"1780\">Chi\u1ec1u d\u00e0i ~65 cm:<\/strong><\/p>\n<ul data-start=\"1783\" data-end=\"1845\">\n<li data-start=\"1783\" data-end=\"1845\">\n<p data-start=\"1785\" data-end=\"1845\">T\u1ea7m d\u00e0i l\u00fd t\u01b0\u1edfng \u0111\u1ec3 t\u1ea1o kho\u1ea3ng c\u00e1ch an to\u00e0n khi c\u1ea7n s\u1eed d\u1ee5ng.<\/p>\n<\/li>\n<\/ul>\n<p data-start=\"1847\" data-end=\"1874\">\ud83e\udde0 <strong data-start=\"1850\" data-end=\"1872\">Thi\u1ebft k\u1ebf ch\u1eafc tay:<\/strong><\/p>\n<ul data-start=\"1875\" data-end=\"1942\">\n<li data-start=\"1875\" data-end=\"1942\">\n<p data-start=\"1877\" data-end=\"1942\">Tay c\u1ea7m b\u1ecdc cao su\/nh\u1ef1a \u00f4m tay, thao t\u00e1c d\u1ec5 h\u01a1n khi c\u1ea7n d\u00f9ng g\u1ea5p.<\/p>\n<\/li>\n<\/ul>\n<hr data-start=\"1944\" data-end=\"1947\" \/>\n<h2 data-start=\"1949\" data-end=\"1971\">\ud83d\udcca Th\u00f4ng s\u1ed1 t\u00f3m t\u1eaft<\/h2>\n<div class=\"TyagGW_tableContainer\">\n<div class=\"group TyagGW_tableWrapper flex flex-col-reverse w-fit\" tabindex=\"-1\">\n<table class=\"w-fit min-w-(--thread-content-width)\" data-start=\"1973\" data-end=\"2318\">\n<thead data-start=\"1973\" data-end=\"2005\">\n<tr data-start=\"1973\" data-end=\"2005\">\n<th class=\"\" data-start=\"1973\" data-end=\"1990\" data-col-size=\"sm\"><strong data-start=\"1975\" data-end=\"1989\">Thu\u1ed9c t\u00ednh<\/strong><\/th>\n<th class=\"\" data-start=\"1990\" data-end=\"2005\" data-col-size=\"sm\"><strong data-start=\"1992\" data-end=\"2003\">Gi\u00e1 tr\u1ecb<\/strong><\/th>\n<\/tr>\n<\/thead>\n<tbody data-start=\"2039\" data-end=\"2318\">\n<tr data-start=\"2039\" data-end=\"2082\">\n<td data-start=\"2039\" data-end=\"2054\" data-col-size=\"sm\">T\u00ean s\u1ea3n ph\u1ea9m<\/td>\n<td data-start=\"2054\" data-end=\"2082\" data-col-size=\"sm\">G\u1eady 3 kh\u00fac SHY m\u00e0u Titan<\/td>\n<\/tr>\n<tr data-start=\"2083\" data-end=\"2121\">\n<td data-start=\"2083\" data-end=\"2090\" data-col-size=\"sm\">Ki\u1ec3u<\/td>\n<td data-start=\"2090\" data-end=\"2121\" data-col-size=\"sm\">Baton t\u1ef1 v\u1ec7 3 kh\u00fac m\u1edf nhanh<\/td>\n<\/tr>\n<tr data-start=\"2122\" data-end=\"2152\">\n<td data-start=\"2122\" data-end=\"2128\" data-col-size=\"sm\">M\u00e0u<\/td>\n<td data-start=\"2128\" data-end=\"2152\" data-col-size=\"sm\">Titan \/ x\u00e1m kim lo\u1ea1i<\/td>\n<\/tr>\n<tr data-start=\"2153\" data-end=\"2187\">\n<td data-start=\"2153\" data-end=\"2174\" data-col-size=\"sm\">Chi\u1ec1u d\u00e0i \u0111\u00f3ng g\u1ecdn<\/td>\n<td data-col-size=\"sm\" data-start=\"2174\" data-end=\"2187\">~24\u201328 cm<\/td>\n<\/tr>\n<tr data-start=\"2188\" data-end=\"2231\">\n<td data-start=\"2188\" data-end=\"2203\" data-col-size=\"sm\">Chi\u1ec1u d\u00e0i m\u1edf<\/td>\n<td data-start=\"2203\" data-end=\"2231\" data-col-size=\"sm\">~60\u201367 cm (kho\u1ea3ng 65 cm)<\/td>\n<\/tr>\n<tr data-start=\"2232\" data-end=\"2280\">\n<td data-start=\"2232\" data-end=\"2244\" data-col-size=\"sm\">Ch\u1ea5t li\u1ec7u<\/td>\n<td data-col-size=\"sm\" data-start=\"2244\" data-end=\"2280\">H\u1ee3p kim th\u00e9p \/ kim lo\u1ea1i ch\u1ecbu l\u1ef1c<\/td>\n<\/tr>\n<tr data-start=\"2281\" data-end=\"2318\">\n<td data-start=\"2281\" data-end=\"2291\" data-col-size=\"sm\">Tay c\u1ea7m<\/td>\n<td data-start=\"2291\" data-end=\"2318\" data-col-size=\"sm\">Cao su\/nh\u1ef1a ch\u1ed1ng tr\u01b0\u1ee3t<\/td>\n<\/tr>\n<\/tbody>\n<\/table>\n<\/div>\n<\/div>\n<hr data-start=\"2320\" data-end=\"2323\" \/>\n<h2 data-start=\"2325\" data-end=\"2359\">\u26a0\ufe0f L\u01b0u \u00fd v\u1ec1 ph\u00e1p lu\u1eadt &amp; an to\u00e0n<\/h2>\n<p data-start=\"2361\" data-end=\"2634\">\ud83d\udccc <strong data-start=\"2364\" data-end=\"2383\">G\u1eady baton t\u1ef1 v\u1ec7<\/strong> nh\u01b0 th\u1ebf n\u00e0y \u1edf nhi\u1ec1u n\u01b0\u1edbc, trong \u0111\u00f3 c\u00f3 Vi\u1ec7t Nam, c\u00f3 th\u1ec3 <strong data-start=\"2439\" data-end=\"2473\">b\u1ecb xem l\u00e0 c\u00f4ng c\u1ee5 t\u1ef1 v\u1ec7\/v\u0169 kh\u00ed<\/strong> n\u1ebfu mang ra n\u01a1i c\u00f4ng c\u1ed9ng. Vi\u1ec7c <strong data-start=\"2506\" data-end=\"2545\">mua, s\u1edf h\u1eefu, mang theo ho\u1eb7c s\u1eed d\u1ee5ng<\/strong> s\u1ea3n ph\u1ea9m n\u00e0y c\u00f3 th\u1ec3 b\u1ecb coi l\u00e0 <strong data-start=\"2576\" data-end=\"2633\">vi ph\u1ea1m ph\u00e1p lu\u1eadt n\u1ebfu kh\u00f4ng \u0111\u00fang m\u1ee5c \u0111\u00edch v\u00e0 quy \u0111\u1ecbnh<\/strong>.<\/p>\n<p data-start=\"2636\" data-end=\"2677\">\ud83d\udc49 Tr\u01b0\u1edbc khi mua ho\u1eb7c mang theo, b\u1ea1n n\u00ean:<\/p>\n<ul data-start=\"2678\" data-end=\"2843\">\n<li data-start=\"2678\" data-end=\"2733\">\n<p data-start=\"2680\" data-end=\"2733\">T\u00ecm hi\u1ec3u <strong data-start=\"2689\" data-end=\"2730\">ph\u00e1p lu\u1eadt \u0111\u1ecba ph\u01b0\u01a1ng v\u1ec1 c\u00f4ng c\u1ee5 t\u1ef1 v\u1ec7<\/strong>.<\/p>\n<\/li>\n<li data-start=\"2734\" data-end=\"2791\">\n<p data-start=\"2736\" data-end=\"2791\">Ch\u1ec9 d\u00f9ng trong m\u00f4i tr\u01b0\u1eddng an to\u00e0n ho\u1eb7c n\u01a1i \u0111\u01b0\u1ee3c ph\u00e9p.<\/p>\n<\/li>\n<li data-start=\"2792\" data-end=\"2843\">\n<p data-start=\"2794\" data-end=\"2843\">T\u1eadp luy\u1ec7n k\u1ef9 k\u1ef9 thu\u1eadt an to\u00e0n \u0111\u1ec3 tr\u00e1nh t\u1ef1 th\u01b0\u01a1ng.<\/p>\n<\/li>\n<\/ul>\n","protected":false},"excerpt":{"rendered":"<div>\u2705 Mi\u1ec5n ship to\u00e0n qu\u1ed1c<\/div>\n<div>\u2705 Nh\u1eadn h\u00e0ng ki\u1ec3m tra thanh to\u00e1n<\/div>\n<div>\u2705B\u1ea3o h\u00e0nh 1 th\u00e1ng l\u1ed7i 1 \u0111\u1ed5i 1<\/div>\n<div><\/div>\n<div><\/div>\n","protected":false},"featured_media":158,"template":"","meta":[],"product_brand":[],"product_cat":[20,24],"product_tag":[],"class_list":{"0":"post-155","1":"product","2":"type-product","3":"status-publish","4":"has-post-thumbnail","6":"product_cat-baton","7":"product_cat-baton-shy","9":"first","10":"instock","11":"shipping-taxable","12":"purchasable","13":"product-type-simple"},"yoast_head":"<!-- This site is optimized with the Yoast SEO plugin v27.0 - https:\/\/yoast.com\/product\/yoast-seo-wordpress\/ -->\n<title>Baton SHY m\u00e0u titan - Baton - Ch\u00edch \u0110i\u1ec7n - X\u1ecbt Cay ch\u00ednh h\u00e3ng<\/title>\n<meta name=\"description\" content=\"T\u00ean th\u01b0\u1eddng g\u1ecdi: G\u1eady 3 kh\u00fac SHY \/ Baton 3 kh\u00fac SHYM\u00e0u s\u1eafc: Titan (b\u1ec1 m\u1eb7t kim lo\u1ea1i x\u00e1m \u00e1nh, nh\u00ecn gi\u1ed1ng m\u00e0u titanium)Ki\u1ec3u s\u1ea3n ph\u1ea9m: G\u1eady baton t\u1ef1 v\u1ec7 k\u00e9o d\u00e0i 3 kh\u00facChi\u1ec1u d\u00e0i:\ud83d\udccf Thu g\u1ecdn: ~24\u201328 cm\ud83d\udccf M\u1edf ra: ~60\u201367 cm (th\u01b0\u1eddng ~65 cm)\" \/>\n<meta name=\"robots\" content=\"index, follow, max-snippet:-1, max-image-preview:large, max-video-preview:-1\" \/>\n<link rel=\"canonical\" href=\"https:\/\/dotuvechinhhang.vn\/?product=baton-shy-mau-titan\" \/>\n<meta property=\"og:locale\" content=\"vi_VN\" \/>\n<meta property=\"og:type\" content=\"article\" \/>\n<meta property=\"og:title\" content=\"Baton SHY m\u00e0u titan - Baton - Ch\u00edch \u0110i\u1ec7n - X\u1ecbt Cay ch\u00ednh h\u00e3ng\" \/>\n<meta property=\"og:description\" content=\"T\u00ean th\u01b0\u1eddng g\u1ecdi: G\u1eady 3 kh\u00fac SHY \/ Baton 3 kh\u00fac SHYM\u00e0u s\u1eafc: Titan (b\u1ec1 m\u1eb7t kim lo\u1ea1i x\u00e1m \u00e1nh, nh\u00ecn gi\u1ed1ng m\u00e0u titanium)Ki\u1ec3u s\u1ea3n ph\u1ea9m: G\u1eady baton t\u1ef1 v\u1ec7 k\u00e9o d\u00e0i 3 kh\u00facChi\u1ec1u d\u00e0i:\ud83d\udccf Thu g\u1ecdn: ~24\u201328 cm\ud83d\udccf M\u1edf ra: ~60\u201367 cm (th\u01b0\u1eddng ~65 cm)\" \/>\n<meta property=\"og:url\" content=\"https:\/\/dotuvechinhhang.vn\/?product=baton-shy-mau-titan\" \/>\n<meta property=\"og:site_name\" content=\"Baton - Ch\u00edch \u0110i\u1ec7n - X\u1ecbt Cay ch\u00ednh h\u00e3ng\" \/>\n<meta property=\"og:image\" content=\"https:\/\/dotuvechinhhang.vn\/wp-content\/uploads\/2026\/02\/z6541168894159_bc24a67811e422e877e372c5de49ca95-Copy-Copy-scaled.jpg\" \/>\n\t<meta property=\"og:image:width\" content=\"2560\" \/>\n\t<meta property=\"og:image:height\" content=\"2560\" \/>\n\t<meta property=\"og:image:type\" content=\"image\/jpeg\" \/>\n<meta name=\"twitter:card\" content=\"summary_large_image\" \/>\n<meta name=\"twitter:label1\" content=\"\u01af\u1edbc t\u00ednh th\u1eddi gian \u0111\u1ecdc\" \/>\n\t<meta name=\"twitter:data1\" content=\"3 ph\u00fat\" \/>\n<script type=\"application\/ld+json\" class=\"yoast-schema-graph\">{\"@context\":\"https:\/\/schema.org\",\"@graph\":[{\"@type\":\"WebPage\",\"@id\":\"https:\/\/dotuvechinhhang.vn\/?product=baton-shy-mau-titan\",\"url\":\"https:\/\/dotuvechinhhang.vn\/?product=baton-shy-mau-titan\",\"name\":\"Baton SHY m\u00e0u titan - Baton - Ch\u00edch \u0110i\u1ec7n - X\u1ecbt Cay ch\u00ednh h\u00e3ng\",\"isPartOf\":{\"@id\":\"https:\/\/dotuvechinhhang.vn\/#website\"},\"primaryImageOfPage\":{\"@id\":\"https:\/\/dotuvechinhhang.vn\/?product=baton-shy-mau-titan#primaryimage\"},\"image\":{\"@id\":\"https:\/\/dotuvechinhhang.vn\/?product=baton-shy-mau-titan#primaryimage\"},\"thumbnailUrl\":\"https:\/\/dotuvechinhhang.vn\/wp-content\/uploads\/2026\/02\/z6541168894159_bc24a67811e422e877e372c5de49ca95-Copy-Copy-scaled.jpg\",\"datePublished\":\"2026-02-23T03:43:18+00:00\",\"description\":\"T\u00ean th\u01b0\u1eddng g\u1ecdi: G\u1eady 3 kh\u00fac SHY \/ Baton 3 kh\u00fac SHYM\u00e0u s\u1eafc: Titan (b\u1ec1 m\u1eb7t kim lo\u1ea1i x\u00e1m \u00e1nh, nh\u00ecn gi\u1ed1ng m\u00e0u titanium)Ki\u1ec3u s\u1ea3n ph\u1ea9m: G\u1eady baton t\u1ef1 v\u1ec7 k\u00e9o d\u00e0i 3 kh\u00facChi\u1ec1u d\u00e0i:\ud83d\udccf Thu g\u1ecdn: ~24\u201328 cm\ud83d\udccf M\u1edf ra: ~60\u201367 cm (th\u01b0\u1eddng ~65 cm)\",\"breadcrumb\":{\"@id\":\"https:\/\/dotuvechinhhang.vn\/?product=baton-shy-mau-titan#breadcrumb\"},\"inLanguage\":\"vi\",\"potentialAction\":[{\"@type\":\"ReadAction\",\"target\":[\"https:\/\/dotuvechinhhang.vn\/?product=baton-shy-mau-titan\"]}]},{\"@type\":\"ImageObject\",\"inLanguage\":\"vi\",\"@id\":\"https:\/\/dotuvechinhhang.vn\/?product=baton-shy-mau-titan#primaryimage\",\"url\":\"https:\/\/dotuvechinhhang.vn\/wp-content\/uploads\/2026\/02\/z6541168894159_bc24a67811e422e877e372c5de49ca95-Copy-Copy-scaled.jpg\",\"contentUrl\":\"https:\/\/dotuvechinhhang.vn\/wp-content\/uploads\/2026\/02\/z6541168894159_bc24a67811e422e877e372c5de49ca95-Copy-Copy-scaled.jpg\",\"width\":2560,\"height\":2560},{\"@type\":\"BreadcrumbList\",\"@id\":\"https:\/\/dotuvechinhhang.vn\/?product=baton-shy-mau-titan#breadcrumb\",\"itemListElement\":[{\"@type\":\"ListItem\",\"position\":1,\"name\":\"Trang ch\u1ee7\",\"item\":\"https:\/\/dotuvechinhhang.vn\/\"},{\"@type\":\"ListItem\",\"position\":2,\"name\":\"S\u1ea3n ph\u1ea9m\",\"item\":\"https:\/\/dotuvechinhhang.vn\/?post_type=product\"},{\"@type\":\"ListItem\",\"position\":3,\"name\":\"Baton SHY m\u00e0u titan\"}]},{\"@type\":\"WebSite\",\"@id\":\"https:\/\/dotuvechinhhang.vn\/#website\",\"url\":\"https:\/\/dotuvechinhhang.vn\/\",\"name\":\"Baton - Ch\u00edch \u0110i\u1ec7n - X\u1ecbt Cay ch\u00ednh h\u00e3ng\",\"description\":\"\",\"potentialAction\":[{\"@type\":\"SearchAction\",\"target\":{\"@type\":\"EntryPoint\",\"urlTemplate\":\"https:\/\/dotuvechinhhang.vn\/?s={search_term_string}\"},\"query-input\":{\"@type\":\"PropertyValueSpecification\",\"valueRequired\":true,\"valueName\":\"search_term_string\"}}],\"inLanguage\":\"vi\"}]}<\/script>\n<!-- \/ Yoast SEO plugin. -->","yoast_head_json":{"title":"Baton SHY m\u00e0u titan - Baton - Ch\u00edch \u0110i\u1ec7n - X\u1ecbt Cay ch\u00ednh h\u00e3ng","description":"T\u00ean th\u01b0\u1eddng g\u1ecdi: G\u1eady 3 kh\u00fac SHY \/ Baton 3 kh\u00fac SHYM\u00e0u s\u1eafc: Titan (b\u1ec1 m\u1eb7t kim lo\u1ea1i x\u00e1m \u00e1nh, nh\u00ecn gi\u1ed1ng m\u00e0u titanium)Ki\u1ec3u s\u1ea3n ph\u1ea9m: G\u1eady baton t\u1ef1 v\u1ec7 k\u00e9o d\u00e0i 3 kh\u00facChi\u1ec1u d\u00e0i:\ud83d\udccf Thu g\u1ecdn: ~24\u201328 cm\ud83d\udccf M\u1edf ra: ~60\u201367 cm (th\u01b0\u1eddng ~65 cm)","robots":{"index":"index","follow":"follow","max-snippet":"max-snippet:-1","max-image-preview":"max-image-preview:large","max-video-preview":"max-video-preview:-1"},"canonical":"https:\/\/dotuvechinhhang.vn\/?product=baton-shy-mau-titan","og_locale":"vi_VN","og_type":"article","og_title":"Baton SHY m\u00e0u titan - Baton - Ch\u00edch \u0110i\u1ec7n - X\u1ecbt Cay ch\u00ednh h\u00e3ng","og_description":"T\u00ean th\u01b0\u1eddng g\u1ecdi: G\u1eady 3 kh\u00fac SHY \/ Baton 3 kh\u00fac SHYM\u00e0u s\u1eafc: Titan (b\u1ec1 m\u1eb7t kim lo\u1ea1i x\u00e1m \u00e1nh, nh\u00ecn gi\u1ed1ng m\u00e0u titanium)Ki\u1ec3u s\u1ea3n ph\u1ea9m: G\u1eady baton t\u1ef1 v\u1ec7 k\u00e9o d\u00e0i 3 kh\u00facChi\u1ec1u d\u00e0i:\ud83d\udccf Thu g\u1ecdn: ~24\u201328 cm\ud83d\udccf M\u1edf ra: ~60\u201367 cm (th\u01b0\u1eddng ~65 cm)","og_url":"https:\/\/dotuvechinhhang.vn\/?product=baton-shy-mau-titan","og_site_name":"Baton - Ch\u00edch \u0110i\u1ec7n - X\u1ecbt Cay ch\u00ednh h\u00e3ng","og_image":[{"width":2560,"height":2560,"url":"https:\/\/dotuvechinhhang.vn\/wp-content\/uploads\/2026\/02\/z6541168894159_bc24a67811e422e877e372c5de49ca95-Copy-Copy-scaled.jpg","type":"image\/jpeg"}],"twitter_card":"summary_large_image","twitter_misc":{"\u01af\u1edbc t\u00ednh th\u1eddi gian \u0111\u1ecdc":"3 ph\u00fat"},"schema":{"@context":"https:\/\/schema.org","@graph":[{"@type":"WebPage","@id":"https:\/\/dotuvechinhhang.vn\/?product=baton-shy-mau-titan","url":"https:\/\/dotuvechinhhang.vn\/?product=baton-shy-mau-titan","name":"Baton SHY m\u00e0u titan - Baton - Ch\u00edch \u0110i\u1ec7n - X\u1ecbt Cay ch\u00ednh h\u00e3ng","isPartOf":{"@id":"https:\/\/dotuvechinhhang.vn\/#website"},"primaryImageOfPage":{"@id":"https:\/\/dotuvechinhhang.vn\/?product=baton-shy-mau-titan#primaryimage"},"image":{"@id":"https:\/\/dotuvechinhhang.vn\/?product=baton-shy-mau-titan#primaryimage"},"thumbnailUrl":"https:\/\/dotuvechinhhang.vn\/wp-content\/uploads\/2026\/02\/z6541168894159_bc24a67811e422e877e372c5de49ca95-Copy-Copy-scaled.jpg","datePublished":"2026-02-23T03:43:18+00:00","description":"T\u00ean th\u01b0\u1eddng g\u1ecdi: G\u1eady 3 kh\u00fac SHY \/ Baton 3 kh\u00fac SHYM\u00e0u s\u1eafc: Titan (b\u1ec1 m\u1eb7t kim lo\u1ea1i x\u00e1m \u00e1nh, nh\u00ecn gi\u1ed1ng m\u00e0u titanium)Ki\u1ec3u s\u1ea3n ph\u1ea9m: G\u1eady baton t\u1ef1 v\u1ec7 k\u00e9o d\u00e0i 3 kh\u00facChi\u1ec1u d\u00e0i:\ud83d\udccf Thu g\u1ecdn: ~24\u201328 cm\ud83d\udccf M\u1edf ra: ~60\u201367 cm (th\u01b0\u1eddng ~65 cm)","breadcrumb":{"@id":"https:\/\/dotuvechinhhang.vn\/?product=baton-shy-mau-titan#breadcrumb"},"inLanguage":"vi","potentialAction":[{"@type":"ReadAction","target":["https:\/\/dotuvechinhhang.vn\/?product=baton-shy-mau-titan"]}]},{"@type":"ImageObject","inLanguage":"vi","@id":"https:\/\/dotuvechinhhang.vn\/?product=baton-shy-mau-titan#primaryimage","url":"https:\/\/dotuvechinhhang.vn\/wp-content\/uploads\/2026\/02\/z6541168894159_bc24a67811e422e877e372c5de49ca95-Copy-Copy-scaled.jpg","contentUrl":"https:\/\/dotuvechinhhang.vn\/wp-content\/uploads\/2026\/02\/z6541168894159_bc24a67811e422e877e372c5de49ca95-Copy-Copy-scaled.jpg","width":2560,"height":2560},{"@type":"BreadcrumbList","@id":"https:\/\/dotuvechinhhang.vn\/?product=baton-shy-mau-titan#breadcrumb","itemListElement":[{"@type":"ListItem","position":1,"name":"Trang ch\u1ee7","item":"https:\/\/dotuvechinhhang.vn\/"},{"@type":"ListItem","position":2,"name":"S\u1ea3n ph\u1ea9m","item":"https:\/\/dotuvechinhhang.vn\/?post_type=product"},{"@type":"ListItem","position":3,"name":"Baton SHY m\u00e0u titan"}]},{"@type":"WebSite","@id":"https:\/\/dotuvechinhhang.vn\/#website","url":"https:\/\/dotuvechinhhang.vn\/","name":"Baton - Ch\u00edch \u0110i\u1ec7n - X\u1ecbt Cay ch\u00ednh h\u00e3ng","description":"","potentialAction":[{"@type":"SearchAction","target":{"@type":"EntryPoint","urlTemplate":"https:\/\/dotuvechinhhang.vn\/?s={search_term_string}"},"query-input":{"@type":"PropertyValueSpecification","valueRequired":true,"valueName":"search_term_string"}}],"inLanguage":"vi"}]}},"_links":{"self":[{"href":"https:\/\/dotuvechinhhang.vn\/index.php?rest_route=\/wp\/v2\/product\/155","targetHints":{"allow":["GET"]}}],"collection":[{"href":"https:\/\/dotuvechinhhang.vn\/index.php?rest_route=\/wp\/v2\/product"}],"about":[{"href":"https:\/\/dotuvechinhhang.vn\/index.php?rest_route=\/wp\/v2\/types\/product"}],"wp:featuredmedia":[{"embeddable":true,"href":"https:\/\/dotuvechinhhang.vn\/index.php?rest_route=\/wp\/v2\/media\/158"}],"wp:attachment":[{"href":"https:\/\/dotuvechinhhang.vn\/index.php?rest_route=%2Fwp%2Fv2%2Fmedia&parent=155"}],"wp:term":[{"taxonomy":"product_brand","embeddable":true,"href":"https:\/\/dotuvechinhhang.vn\/index.php?rest_route=%2Fwp%2Fv2%2Fproduct_brand&post=155"},{"taxonomy":"product_cat","embeddable":true,"href":"https:\/\/dotuvechinhhang.vn\/index.php?rest_route=%2Fwp%2Fv2%2Fproduct_cat&post=155"},{"taxonomy":"product_tag","embeddable":true,"href":"https:\/\/dotuvechinhhang.vn\/index.php?rest_route=%2Fwp%2Fv2%2Fproduct_tag&post=155"}],"curies":[{"name":"wp","href":"https:\/\/api.w.org\/{rel}","templated":true}]}}