{"id":153,"date":"2026-02-23T10:41:32","date_gmt":"2026-02-23T03:41:32","guid":{"rendered":"https:\/\/dotuvechinhhang.vn\/?post_type=product&#038;p=153"},"modified":"2026-02-23T10:41:32","modified_gmt":"2026-02-23T03:41:32","slug":"baton-shy-mau-den","status":"publish","type":"product","link":"https:\/\/dotuvechinhhang.vn\/?product=baton-shy-mau-den","title":{"rendered":"Baton SHY m\u00e0u \u0111en"},"content":{"rendered":"<h2 data-start=\"284\" data-end=\"322\">\ud83e\ude93 G\u1eady 3 Kh\u00fac SHY \u2013 M\u00e0u \u0110en, ~65 cm<\/h2>\n<h3 data-start=\"324\" data-end=\"349\">\ud83d\udccc T\u1ed5ng quan s\u1ea3n ph\u1ea9m<\/h3>\n<p data-start=\"350\" data-end=\"480\"><strong data-start=\"350\" data-end=\"371\">T\u00ean g\u1ecdi ph\u1ed5 bi\u1ebfn:<\/strong> <em data-start=\"372\" data-end=\"408\">G\u1eady 3 kh\u00fac SHY (model baton t\u1ef1 v\u1ec7)<\/em><br data-start=\"408\" data-end=\"411\" \/><strong data-start=\"411\" data-end=\"423\">M\u00e0u s\u1eafc:<\/strong> \u0110en (\u0111en nh\u00e1m \/ \u0111en b\u00f3ng t\u00f9y phi\u00ean b\u1ea3n)<br data-start=\"463\" data-end=\"466\" \/><strong data-start=\"466\" data-end=\"480\">Chi\u1ec1u d\u00e0i:<\/strong><\/p>\n<ul data-start=\"481\" data-end=\"560\">\n<li data-start=\"481\" data-end=\"508\">\n<p data-start=\"483\" data-end=\"508\"><strong data-start=\"483\" data-end=\"496\">\u0110\u00f3ng g\u1ecdn:<\/strong> ~24\u201328 cm<\/p>\n<\/li>\n<li data-start=\"509\" data-end=\"560\">\n<p data-start=\"511\" data-end=\"560\"><strong data-start=\"511\" data-end=\"522\">M\u1edf \u0111\u1ea7y:<\/strong> ~60\u201367 cm (th\u01b0\u1eddng kho\u1ea3ng <strong data-start=\"548\" data-end=\"557\">65 cm<\/strong>)<\/p>\n<\/li>\n<\/ul>\n<p data-start=\"562\" data-end=\"774\">Lo\u1ea1i n\u00e0y th\u01b0\u1eddng \u0111\u01b0\u1ee3c nhi\u1ec1u ng\u01b0\u1eddi g\u1ecdi t\u1eaft v\u1edbi t\u00ean <em data-start=\"611\" data-end=\"643\">\u201cg\u1eady 3 kh\u00fac SHY 65 cm m\u00e0u \u0111en\u201d<\/em> \u2014 d\u00f9 tr\u00ean th\u1ef1c t\u1ebf c\u00f3 th\u1ec3 l\u00e0 baton t\u1ef1 v\u1ec7 s\u1ea3n xu\u1ea5t theo ki\u1ec3u d\u00e1ng SHY\/Hummer Police ch\u1ee9 kh\u00f4ng nh\u1ea5t thi\u1ebft l\u00e0 th\u01b0\u01a1ng hi\u1ec7u ch\u00ednh th\u1ed1ng.<\/p>\n<hr data-start=\"776\" data-end=\"779\" \/>\n<h2 data-start=\"781\" data-end=\"803\">\u2728 \u0110\u1eb7c \u0111i\u1ec3m thi\u1ebft k\u1ebf<\/h2>\n<h3 data-start=\"805\" data-end=\"822\">\ud83d\udee0\ufe0f Ch\u1ea5t li\u1ec7u<\/h3>\n<ul data-start=\"823\" data-end=\"958\">\n<li data-start=\"823\" data-end=\"899\">\n<p data-start=\"825\" data-end=\"899\"><strong data-start=\"825\" data-end=\"862\">H\u1ee3p kim th\u00e9p c\u1ee9ng \/ th\u00e9p r\u1ea5t b\u1ec1n:<\/strong> thi\u1ebft k\u1ebf ch\u1ecbu va \u0111\u1eadp, \u0111\u1ed9 c\u1ee9ng cao.<\/p>\n<\/li>\n<li data-start=\"900\" data-end=\"958\">\n<p data-start=\"902\" data-end=\"958\">L\u00f5i kim lo\u1ea1i b\u00ean trong gi\u00fap l\u1ef1c ph\u00e2n b\u1ed5 \u0111\u1ec1u khi s\u1eed d\u1ee5ng.<\/p>\n<\/li>\n<\/ul>\n<h3 data-start=\"960\" data-end=\"981\">\ud83d\udccf C\u1ea5u t\u1ea1o 3 kh\u00fac<\/h3>\n<ul data-start=\"982\" data-end=\"1094\">\n<li data-start=\"982\" data-end=\"1025\">\n<p data-start=\"984\" data-end=\"1025\">G\u1ed3m <strong data-start=\"988\" data-end=\"1007\">3 \u0111o\u1ea1n \u1ed1ng th\u00e9p<\/strong> tr\u01b0\u1ee3t v\u00e0o nhau.<\/p>\n<\/li>\n<li data-start=\"1026\" data-end=\"1094\">\n<p data-start=\"1028\" data-end=\"1094\">Khi m\u1edf: rung m\u1ea1nh \u0111\u1ec3 kh\u00f3a ch\u1ed1t t\u1ef1 \u0111\u1ed9ng, t\u1ea1o c\u00e2y baton c\u1ee9ng ch\u1eafc.<\/p>\n<\/li>\n<\/ul>\n<h3 data-start=\"1096\" data-end=\"1109\">\u270b Tay c\u1ea7m<\/h3>\n<ul data-start=\"1110\" data-end=\"1250\">\n<li data-start=\"1110\" data-end=\"1167\">\n<p data-start=\"1112\" data-end=\"1167\">B\u1ecdc <strong data-start=\"1116\" data-end=\"1148\">cao su ho\u1eb7c nh\u1ef1a ch\u1ed1ng tr\u01b0\u1ee3t<\/strong>, t\u1ea1o \u0111\u1ed9 b\u00e1m t\u1ed1t.<\/p>\n<\/li>\n<li data-start=\"1168\" data-end=\"1250\">\n<p data-start=\"1170\" data-end=\"1250\">V\u00f2ng tay c\u1ea7m th\u01b0\u1eddng c\u00f3 r\u00e3nh \u0111\u1ec3 gi\u1eef l\u1ef1c c\u1ea7m ch\u1eafc ngay c\u1ea3 khi tay \u01b0\u1edbt ho\u1eb7c m\u1ed3 h\u00f4i.<\/p>\n<\/li>\n<\/ul>\n<h3 data-start=\"1252\" data-end=\"1274\">\ud83d\udd10 C\u01a1 ch\u1ebf m\u1edf nhanh<\/h3>\n<ul data-start=\"1275\" data-end=\"1354\">\n<li data-start=\"1275\" data-end=\"1354\">\n<p data-start=\"1277\" data-end=\"1354\">Thi\u1ebft k\u1ebf \u0111\u1ec3 <strong data-start=\"1289\" data-end=\"1325\">b\u1eadt m\u1edf b\u1eb1ng l\u1ef1c vung v\u00e0 nh\u1ea5n nh\u1eb9<\/strong>, c\u00f3 th\u1ec3 thao t\u00e1c b\u1eb1ng 1 tay.<\/p>\n<\/li>\n<\/ul>\n<hr data-start=\"1356\" data-end=\"1359\" \/>\n<h2 data-start=\"1361\" data-end=\"1382\">\ud83d\udccc T\u00ednh n\u0103ng ch\u00ednh<\/h2>\n<p data-start=\"1384\" data-end=\"1488\">\u2705 <strong data-start=\"1386\" data-end=\"1414\">Chi\u1ec1u d\u00e0i ~65 cm khi m\u1edf:<\/strong><br data-start=\"1414\" data-end=\"1417\" \/>\u2013 T\u1ea7m d\u00e0i \u0111\u1ee7 \u0111\u1ec3 gi\u1eef kho\u1ea3ng c\u00e1ch an to\u00e0n trong t\u00ecnh hu\u1ed1ng c\u1ea7n s\u1eed d\u1ee5ng.<\/p>\n<p data-start=\"1490\" data-end=\"1564\">\u2705 <strong data-start=\"1492\" data-end=\"1512\">Thu g\u1ecdn d\u1ec5 d\u00e0ng:<\/strong><br data-start=\"1512\" data-end=\"1515\" \/>\u2013 D\u1ec5 c\u1ea5t trong balo, t\u00fai x\u00e1ch khi kh\u00f4ng d\u00f9ng t\u1edbi.<\/p>\n<p data-start=\"1566\" data-end=\"1639\">\u2705 <strong data-start=\"1568\" data-end=\"1586\">Ch\u1ea5t li\u1ec7u b\u1ec1n:<\/strong><br data-start=\"1586\" data-end=\"1589\" \/>\u2013 T\u0103ng kh\u1ea3 n\u0103ng ch\u1ecbu l\u1ef1c v\u00e0 \u0111\u1ed9 b\u1ec1n theo th\u1eddi gian.<\/p>\n<p data-start=\"1641\" data-end=\"1730\">\u2705 <strong data-start=\"1643\" data-end=\"1660\">C\u1ea7m n\u1eafm ch\u1eafc:<\/strong><br data-start=\"1660\" data-end=\"1663\" \/>\u2013 Tay c\u1ea7m ch\u1ed1ng tr\u01b0\u1ee3t gi\u00fap ki\u1ec3m so\u00e1t \u0111\u1ed9 ch\u00ednh x\u00e1c h\u01a1n khi thao t\u00e1c.<\/p>\n<hr data-start=\"1732\" data-end=\"1735\" \/>\n<h2 data-start=\"1737\" data-end=\"1771\">\u26a0\ufe0f L\u01b0u \u00fd v\u1ec1 ph\u00e1p lu\u1eadt &amp; an to\u00e0n<\/h2>\n<p data-start=\"1773\" data-end=\"2053\">\ud83d\udccc \u1ede nhi\u1ec1u n\u01a1i, trong \u0111\u00f3 c\u00f3 <strong data-start=\"1801\" data-end=\"1813\">Vi\u1ec7t Nam<\/strong>, <strong data-start=\"1815\" data-end=\"1841\">g\u1eady baton t\u1ef1 v\u1ec7 3 kh\u00fac<\/strong> \u0111\u01b0\u1ee3c xem l\u00e0 <strong data-start=\"1854\" data-end=\"1901\">v\u1eadt d\u1ee5ng nh\u1ea1y c\u1ea3m ho\u1eb7c c\u00f4ng c\u1ee5\/v\u0169 kh\u00ed t\u1ef1 v\u1ec7<\/strong> n\u1ebfu mang ra n\u01a1i c\u00f4ng c\u1ed9ng. Vi\u1ec7c s\u1edf h\u1eefu, mang theo ho\u1eb7c s\u1eed d\u1ee5ng c\u00f3 th\u1ec3 <strong data-start=\"1972\" data-end=\"2052\">b\u1ecb xem nh\u01b0 h\u00e0nh vi vi ph\u1ea1m ph\u00e1p lu\u1eadt n\u1ebfu kh\u00f4ng \u0111\u00fang m\u1ee5c \u0111\u00edch v\u00e0 n\u01a1i quy \u0111\u1ecbnh<\/strong>.<\/p>\n<p data-start=\"2055\" data-end=\"2116\">\ud83d\udc49 Tr\u01b0\u1edbc khi mua ho\u1eb7c mang theo g\u1eady n\u00e0y, b\u1ea1n n\u00ean t\u00ecm hi\u1ec3u k\u1ef9:<\/p>\n<ul data-start=\"2117\" data-end=\"2292\">\n<li data-start=\"2117\" data-end=\"2177\">\n<p data-start=\"2119\" data-end=\"2177\">Quy \u0111\u1ecbnh ph\u00e1p lu\u1eadt v\u1ec1 c\u00f4ng c\u1ee5 t\u1ef1 v\u1ec7 \u1edf n\u01a1i b\u1ea1n sinh s\u1ed1ng.<\/p>\n<\/li>\n<li data-start=\"2178\" data-end=\"2239\">\n<p data-start=\"2180\" data-end=\"2239\">C\u00e1c t\u00ecnh hu\u1ed1ng \u0111\u01b0\u1ee3c ph\u00e9p s\u1eed d\u1ee5ng v\u00e0 n\u01a1i b\u1ecb c\u1ea5m mang theo.<\/p>\n<\/li>\n<li data-start=\"2240\" data-end=\"2292\">\n<p data-start=\"2242\" data-end=\"2292\">Hu\u1ea5n luy\u1ec7n an to\u00e0n \u0111\u1ec3 tr\u00e1nh t\u1ef1 th\u01b0\u01a1ng khi s\u1eed d\u1ee5ng.<\/p>\n<\/li>\n<\/ul>\n","protected":false},"excerpt":{"rendered":"<div>\u2705 Mi\u1ec5n ship to\u00e0n qu\u1ed1c<\/div>\n<div>\u2705 Nh\u1eadn h\u00e0ng ki\u1ec3m tra thanh to\u00e1n<\/div>\n<div>\u2705B\u1ea3o h\u00e0nh 1 th\u00e1ng l\u1ed7i 1 \u0111\u1ed5i 1<\/div>\n<div><\/div>\n<div><\/div>\n","protected":false},"featured_media":154,"template":"","meta":[],"product_brand":[],"product_cat":[20,24],"product_tag":[],"class_list":{"0":"post-153","1":"product","2":"type-product","3":"status-publish","4":"has-post-thumbnail","6":"product_cat-baton","7":"product_cat-baton-shy","9":"first","10":"instock","11":"shipping-taxable","12":"purchasable","13":"product-type-simple"},"yoast_head":"<!-- This site is optimized with the Yoast SEO plugin v27.0 - https:\/\/yoast.com\/product\/yoast-seo-wordpress\/ -->\n<title>Baton SHY m\u00e0u \u0111en - Baton - Ch\u00edch \u0110i\u1ec7n - X\u1ecbt Cay ch\u00ednh h\u00e3ng<\/title>\n<meta name=\"description\" content=\"\ud83e\ude93 G\u1eady 3 Kh\u00fac SHY \u2013 M\u00e0u \u0110en, ~65 cm\ud83d\udccc T\u1ed5ng quan s\u1ea3n ph\u1ea9mT\u00ean g\u1ecdi ph\u1ed5 bi\u1ebfn: G\u1eady 3 kh\u00fac SHY (model baton t\u1ef1 v\u1ec7)M\u00e0u s\u1eafc: \u0110en (\u0111en nh\u00e1m \/ \u0111en b\u00f3ng t\u00f9y phi\u00ean b\u1ea3n)Chi\u1ec1u d\u00e0i:\u0110\u00f3ng g\u1ecdn: ~24\u201328 cmM\u1edf \u0111\u1ea7y: ~60\u201367 cm (th\u01b0\u1eddng kho\u1ea3ng 65 cm)\" \/>\n<meta name=\"robots\" content=\"index, follow, max-snippet:-1, max-image-preview:large, max-video-preview:-1\" \/>\n<link rel=\"canonical\" href=\"https:\/\/dotuvechinhhang.vn\/?product=baton-shy-mau-den\" \/>\n<meta property=\"og:locale\" content=\"vi_VN\" \/>\n<meta property=\"og:type\" content=\"article\" \/>\n<meta property=\"og:title\" content=\"Baton SHY m\u00e0u \u0111en - Baton - Ch\u00edch \u0110i\u1ec7n - X\u1ecbt Cay ch\u00ednh h\u00e3ng\" \/>\n<meta property=\"og:description\" content=\"\ud83e\ude93 G\u1eady 3 Kh\u00fac SHY \u2013 M\u00e0u \u0110en, ~65 cm\ud83d\udccc T\u1ed5ng quan s\u1ea3n ph\u1ea9mT\u00ean g\u1ecdi ph\u1ed5 bi\u1ebfn: G\u1eady 3 kh\u00fac SHY (model baton t\u1ef1 v\u1ec7)M\u00e0u s\u1eafc: \u0110en (\u0111en nh\u00e1m \/ \u0111en b\u00f3ng t\u00f9y phi\u00ean b\u1ea3n)Chi\u1ec1u d\u00e0i:\u0110\u00f3ng g\u1ecdn: ~24\u201328 cmM\u1edf \u0111\u1ea7y: ~60\u201367 cm (th\u01b0\u1eddng kho\u1ea3ng 65 cm)\" \/>\n<meta property=\"og:url\" content=\"https:\/\/dotuvechinhhang.vn\/?product=baton-shy-mau-den\" \/>\n<meta property=\"og:site_name\" content=\"Baton - Ch\u00edch \u0110i\u1ec7n - X\u1ecbt Cay ch\u00ednh h\u00e3ng\" \/>\n<meta property=\"og:image\" content=\"https:\/\/dotuvechinhhang.vn\/wp-content\/uploads\/2026\/02\/z6541168921324_ea3bf3c6c804c978fad2c61119442fa3-scaled.jpg\" \/>\n\t<meta property=\"og:image:width\" content=\"2560\" \/>\n\t<meta property=\"og:image:height\" content=\"2560\" \/>\n\t<meta property=\"og:image:type\" content=\"image\/jpeg\" \/>\n<meta name=\"twitter:card\" content=\"summary_large_image\" \/>\n<meta name=\"twitter:label1\" content=\"\u01af\u1edbc t\u00ednh th\u1eddi gian \u0111\u1ecdc\" \/>\n\t<meta name=\"twitter:data1\" content=\"3 ph\u00fat\" \/>\n<script type=\"application\/ld+json\" class=\"yoast-schema-graph\">{\"@context\":\"https:\/\/schema.org\",\"@graph\":[{\"@type\":\"WebPage\",\"@id\":\"https:\/\/dotuvechinhhang.vn\/?product=baton-shy-mau-den\",\"url\":\"https:\/\/dotuvechinhhang.vn\/?product=baton-shy-mau-den\",\"name\":\"Baton SHY m\u00e0u \u0111en - Baton - Ch\u00edch \u0110i\u1ec7n - X\u1ecbt Cay ch\u00ednh h\u00e3ng\",\"isPartOf\":{\"@id\":\"https:\/\/dotuvechinhhang.vn\/#website\"},\"primaryImageOfPage\":{\"@id\":\"https:\/\/dotuvechinhhang.vn\/?product=baton-shy-mau-den#primaryimage\"},\"image\":{\"@id\":\"https:\/\/dotuvechinhhang.vn\/?product=baton-shy-mau-den#primaryimage\"},\"thumbnailUrl\":\"https:\/\/dotuvechinhhang.vn\/wp-content\/uploads\/2026\/02\/z6541168921324_ea3bf3c6c804c978fad2c61119442fa3-scaled.jpg\",\"datePublished\":\"2026-02-23T03:41:32+00:00\",\"description\":\"\ud83e\ude93 G\u1eady 3 Kh\u00fac SHY \u2013 M\u00e0u \u0110en, ~65 cm\ud83d\udccc T\u1ed5ng quan s\u1ea3n ph\u1ea9mT\u00ean g\u1ecdi ph\u1ed5 bi\u1ebfn: G\u1eady 3 kh\u00fac SHY (model baton t\u1ef1 v\u1ec7)M\u00e0u s\u1eafc: \u0110en (\u0111en nh\u00e1m \/ \u0111en b\u00f3ng t\u00f9y phi\u00ean b\u1ea3n)Chi\u1ec1u d\u00e0i:\u0110\u00f3ng g\u1ecdn: ~24\u201328 cmM\u1edf \u0111\u1ea7y: ~60\u201367 cm (th\u01b0\u1eddng kho\u1ea3ng 65 cm)\",\"breadcrumb\":{\"@id\":\"https:\/\/dotuvechinhhang.vn\/?product=baton-shy-mau-den#breadcrumb\"},\"inLanguage\":\"vi\",\"potentialAction\":[{\"@type\":\"ReadAction\",\"target\":[\"https:\/\/dotuvechinhhang.vn\/?product=baton-shy-mau-den\"]}]},{\"@type\":\"ImageObject\",\"inLanguage\":\"vi\",\"@id\":\"https:\/\/dotuvechinhhang.vn\/?product=baton-shy-mau-den#primaryimage\",\"url\":\"https:\/\/dotuvechinhhang.vn\/wp-content\/uploads\/2026\/02\/z6541168921324_ea3bf3c6c804c978fad2c61119442fa3-scaled.jpg\",\"contentUrl\":\"https:\/\/dotuvechinhhang.vn\/wp-content\/uploads\/2026\/02\/z6541168921324_ea3bf3c6c804c978fad2c61119442fa3-scaled.jpg\",\"width\":2560,\"height\":2560},{\"@type\":\"BreadcrumbList\",\"@id\":\"https:\/\/dotuvechinhhang.vn\/?product=baton-shy-mau-den#breadcrumb\",\"itemListElement\":[{\"@type\":\"ListItem\",\"position\":1,\"name\":\"Trang ch\u1ee7\",\"item\":\"https:\/\/dotuvechinhhang.vn\/\"},{\"@type\":\"ListItem\",\"position\":2,\"name\":\"S\u1ea3n ph\u1ea9m\",\"item\":\"https:\/\/dotuvechinhhang.vn\/?post_type=product\"},{\"@type\":\"ListItem\",\"position\":3,\"name\":\"Baton SHY m\u00e0u \u0111en\"}]},{\"@type\":\"WebSite\",\"@id\":\"https:\/\/dotuvechinhhang.vn\/#website\",\"url\":\"https:\/\/dotuvechinhhang.vn\/\",\"name\":\"Baton - Ch\u00edch \u0110i\u1ec7n - X\u1ecbt Cay ch\u00ednh h\u00e3ng\",\"description\":\"\",\"potentialAction\":[{\"@type\":\"SearchAction\",\"target\":{\"@type\":\"EntryPoint\",\"urlTemplate\":\"https:\/\/dotuvechinhhang.vn\/?s={search_term_string}\"},\"query-input\":{\"@type\":\"PropertyValueSpecification\",\"valueRequired\":true,\"valueName\":\"search_term_string\"}}],\"inLanguage\":\"vi\"}]}<\/script>\n<!-- \/ Yoast SEO plugin. -->","yoast_head_json":{"title":"Baton SHY m\u00e0u \u0111en - Baton - Ch\u00edch \u0110i\u1ec7n - X\u1ecbt Cay ch\u00ednh h\u00e3ng","description":"\ud83e\ude93 G\u1eady 3 Kh\u00fac SHY \u2013 M\u00e0u \u0110en, ~65 cm\ud83d\udccc T\u1ed5ng quan s\u1ea3n ph\u1ea9mT\u00ean g\u1ecdi ph\u1ed5 bi\u1ebfn: G\u1eady 3 kh\u00fac SHY (model baton t\u1ef1 v\u1ec7)M\u00e0u s\u1eafc: \u0110en (\u0111en nh\u00e1m \/ \u0111en b\u00f3ng t\u00f9y phi\u00ean b\u1ea3n)Chi\u1ec1u d\u00e0i:\u0110\u00f3ng g\u1ecdn: ~24\u201328 cmM\u1edf \u0111\u1ea7y: ~60\u201367 cm (th\u01b0\u1eddng kho\u1ea3ng 65 cm)","robots":{"index":"index","follow":"follow","max-snippet":"max-snippet:-1","max-image-preview":"max-image-preview:large","max-video-preview":"max-video-preview:-1"},"canonical":"https:\/\/dotuvechinhhang.vn\/?product=baton-shy-mau-den","og_locale":"vi_VN","og_type":"article","og_title":"Baton SHY m\u00e0u \u0111en - Baton - Ch\u00edch \u0110i\u1ec7n - X\u1ecbt Cay ch\u00ednh h\u00e3ng","og_description":"\ud83e\ude93 G\u1eady 3 Kh\u00fac SHY \u2013 M\u00e0u \u0110en, ~65 cm\ud83d\udccc T\u1ed5ng quan s\u1ea3n ph\u1ea9mT\u00ean g\u1ecdi ph\u1ed5 bi\u1ebfn: G\u1eady 3 kh\u00fac SHY (model baton t\u1ef1 v\u1ec7)M\u00e0u s\u1eafc: \u0110en (\u0111en nh\u00e1m \/ \u0111en b\u00f3ng t\u00f9y phi\u00ean b\u1ea3n)Chi\u1ec1u d\u00e0i:\u0110\u00f3ng g\u1ecdn: ~24\u201328 cmM\u1edf \u0111\u1ea7y: ~60\u201367 cm (th\u01b0\u1eddng kho\u1ea3ng 65 cm)","og_url":"https:\/\/dotuvechinhhang.vn\/?product=baton-shy-mau-den","og_site_name":"Baton - Ch\u00edch \u0110i\u1ec7n - X\u1ecbt Cay ch\u00ednh h\u00e3ng","og_image":[{"width":2560,"height":2560,"url":"https:\/\/dotuvechinhhang.vn\/wp-content\/uploads\/2026\/02\/z6541168921324_ea3bf3c6c804c978fad2c61119442fa3-scaled.jpg","type":"image\/jpeg"}],"twitter_card":"summary_large_image","twitter_misc":{"\u01af\u1edbc t\u00ednh th\u1eddi gian \u0111\u1ecdc":"3 ph\u00fat"},"schema":{"@context":"https:\/\/schema.org","@graph":[{"@type":"WebPage","@id":"https:\/\/dotuvechinhhang.vn\/?product=baton-shy-mau-den","url":"https:\/\/dotuvechinhhang.vn\/?product=baton-shy-mau-den","name":"Baton SHY m\u00e0u \u0111en - Baton - Ch\u00edch \u0110i\u1ec7n - X\u1ecbt Cay ch\u00ednh h\u00e3ng","isPartOf":{"@id":"https:\/\/dotuvechinhhang.vn\/#website"},"primaryImageOfPage":{"@id":"https:\/\/dotuvechinhhang.vn\/?product=baton-shy-mau-den#primaryimage"},"image":{"@id":"https:\/\/dotuvechinhhang.vn\/?product=baton-shy-mau-den#primaryimage"},"thumbnailUrl":"https:\/\/dotuvechinhhang.vn\/wp-content\/uploads\/2026\/02\/z6541168921324_ea3bf3c6c804c978fad2c61119442fa3-scaled.jpg","datePublished":"2026-02-23T03:41:32+00:00","description":"\ud83e\ude93 G\u1eady 3 Kh\u00fac SHY \u2013 M\u00e0u \u0110en, ~65 cm\ud83d\udccc T\u1ed5ng quan s\u1ea3n ph\u1ea9mT\u00ean g\u1ecdi ph\u1ed5 bi\u1ebfn: G\u1eady 3 kh\u00fac SHY (model baton t\u1ef1 v\u1ec7)M\u00e0u s\u1eafc: \u0110en (\u0111en nh\u00e1m \/ \u0111en b\u00f3ng t\u00f9y phi\u00ean b\u1ea3n)Chi\u1ec1u d\u00e0i:\u0110\u00f3ng g\u1ecdn: ~24\u201328 cmM\u1edf \u0111\u1ea7y: ~60\u201367 cm (th\u01b0\u1eddng kho\u1ea3ng 65 cm)","breadcrumb":{"@id":"https:\/\/dotuvechinhhang.vn\/?product=baton-shy-mau-den#breadcrumb"},"inLanguage":"vi","potentialAction":[{"@type":"ReadAction","target":["https:\/\/dotuvechinhhang.vn\/?product=baton-shy-mau-den"]}]},{"@type":"ImageObject","inLanguage":"vi","@id":"https:\/\/dotuvechinhhang.vn\/?product=baton-shy-mau-den#primaryimage","url":"https:\/\/dotuvechinhhang.vn\/wp-content\/uploads\/2026\/02\/z6541168921324_ea3bf3c6c804c978fad2c61119442fa3-scaled.jpg","contentUrl":"https:\/\/dotuvechinhhang.vn\/wp-content\/uploads\/2026\/02\/z6541168921324_ea3bf3c6c804c978fad2c61119442fa3-scaled.jpg","width":2560,"height":2560},{"@type":"BreadcrumbList","@id":"https:\/\/dotuvechinhhang.vn\/?product=baton-shy-mau-den#breadcrumb","itemListElement":[{"@type":"ListItem","position":1,"name":"Trang ch\u1ee7","item":"https:\/\/dotuvechinhhang.vn\/"},{"@type":"ListItem","position":2,"name":"S\u1ea3n ph\u1ea9m","item":"https:\/\/dotuvechinhhang.vn\/?post_type=product"},{"@type":"ListItem","position":3,"name":"Baton SHY m\u00e0u \u0111en"}]},{"@type":"WebSite","@id":"https:\/\/dotuvechinhhang.vn\/#website","url":"https:\/\/dotuvechinhhang.vn\/","name":"Baton - Ch\u00edch \u0110i\u1ec7n - X\u1ecbt Cay ch\u00ednh h\u00e3ng","description":"","potentialAction":[{"@type":"SearchAction","target":{"@type":"EntryPoint","urlTemplate":"https:\/\/dotuvechinhhang.vn\/?s={search_term_string}"},"query-input":{"@type":"PropertyValueSpecification","valueRequired":true,"valueName":"search_term_string"}}],"inLanguage":"vi"}]}},"_links":{"self":[{"href":"https:\/\/dotuvechinhhang.vn\/index.php?rest_route=\/wp\/v2\/product\/153","targetHints":{"allow":["GET"]}}],"collection":[{"href":"https:\/\/dotuvechinhhang.vn\/index.php?rest_route=\/wp\/v2\/product"}],"about":[{"href":"https:\/\/dotuvechinhhang.vn\/index.php?rest_route=\/wp\/v2\/types\/product"}],"wp:featuredmedia":[{"embeddable":true,"href":"https:\/\/dotuvechinhhang.vn\/index.php?rest_route=\/wp\/v2\/media\/154"}],"wp:attachment":[{"href":"https:\/\/dotuvechinhhang.vn\/index.php?rest_route=%2Fwp%2Fv2%2Fmedia&parent=153"}],"wp:term":[{"taxonomy":"product_brand","embeddable":true,"href":"https:\/\/dotuvechinhhang.vn\/index.php?rest_route=%2Fwp%2Fv2%2Fproduct_brand&post=153"},{"taxonomy":"product_cat","embeddable":true,"href":"https:\/\/dotuvechinhhang.vn\/index.php?rest_route=%2Fwp%2Fv2%2Fproduct_cat&post=153"},{"taxonomy":"product_tag","embeddable":true,"href":"https:\/\/dotuvechinhhang.vn\/index.php?rest_route=%2Fwp%2Fv2%2Fproduct_tag&post=153"}],"curies":[{"name":"wp","href":"https:\/\/api.w.org\/{rel}","templated":true}]}}