{"id":148,"date":"2026-02-23T10:39:56","date_gmt":"2026-02-23T03:39:56","guid":{"rendered":"https:\/\/dotuvechinhhang.vn\/?post_type=product&#038;p=148"},"modified":"2026-02-23T10:39:56","modified_gmt":"2026-02-23T03:39:56","slug":"baton-shy-mau-trang","status":"publish","type":"product","link":"https:\/\/dotuvechinhhang.vn\/?product=baton-shy-mau-trang","title":{"rendered":"Baton SHY m\u00e0u tr\u1eafng"},"content":{"rendered":"<h2 data-start=\"420\" data-end=\"484\">\ud83e\ude93 G\u1eady 3 kh\u00fac SHY \u2013 Phi\u00ean b\u1ea3n m\u00e0u tr\u1eafng (d\u00e0i ~65 cm khi bung)<\/h2>\n<p data-start=\"486\" data-end=\"511\"><strong data-start=\"486\" data-end=\"511\">\ud83d\udccc C\u00e1i nh\u00ecn t\u1ed5ng quan<\/strong><\/p>\n<ul data-start=\"512\" data-end=\"1288\">\n<li data-start=\"512\" data-end=\"646\">\n<p data-start=\"514\" data-end=\"646\"><strong data-start=\"514\" data-end=\"526\">T\u00ean g\u1ecdi:<\/strong> Baton SHY \/ Baton Hummer Police 511 (m\u1ed9t phi\u00ean b\u1ea3n n\u00e2ng c\u1ea5p c\u1ee7a Baton ASP 511).<\/p>\n<\/li>\n<li data-start=\"647\" data-end=\"721\">\n<p data-start=\"649\" data-end=\"721\"><strong data-start=\"649\" data-end=\"667\">Lo\u1ea1i s\u1ea3n ph\u1ea9m:<\/strong> G\u1eady baton 3 kh\u00fac t\u1ef1 v\u1ec7 m\u1edf nhanh (telescopic baton).<\/p>\n<\/li>\n<li data-start=\"722\" data-end=\"857\">\n<p data-start=\"724\" data-end=\"857\"><strong data-start=\"724\" data-end=\"736\">M\u00e0u s\u1eafc:<\/strong> C\u00f3 phi\u00ean b\u1ea3n <strong data-start=\"750\" data-end=\"779\">tr\u1eafng \/ tr\u1eafng b\u1ea1c (white)<\/strong> ngo\u00e0i c\u00e1c m\u00e0u kh\u00e1c nh\u01b0 \u0111en ho\u1eb7c v\u00e0ng.<\/p>\n<\/li>\n<li data-start=\"858\" data-end=\"1038\">\n<p data-start=\"860\" data-end=\"1038\"><strong data-start=\"860\" data-end=\"875\">K\u00edch th\u01b0\u1edbc:<\/strong><br data-start=\"875\" data-end=\"878\" \/>\u2022 <strong data-start=\"882\" data-end=\"894\">Thu g\u1ecdn:<\/strong> ~24\u201328 cm \u2014 d\u1ec5 c\u1ea5t trong balo\/qu\u1ea7n.<br data-start=\"930\" data-end=\"933\" \/>\u2022 <strong data-start=\"937\" data-end=\"947\">M\u1edf ra:<\/strong> ~65\u201367 cm \u2014 t\u1ea7m d\u00e0i ti\u00eau chu\u1ea9n cho m\u1ee5c \u0111\u00edch t\u1ef1 v\u1ec7.<\/p>\n<\/li>\n<li data-start=\"1039\" data-end=\"1163\">\n<p data-start=\"1041\" data-end=\"1163\"><strong data-start=\"1041\" data-end=\"1055\">Ch\u1ea5t li\u1ec7u:<\/strong> H\u1ee3p kim th\u00e9p ho\u1eb7c th\u00e9p titan cao c\u1ea5p, r\u1ea5t c\u1ee9ng v\u00e0 b\u1ec1n ch\u1ecbu l\u1ef1c t\u1ed1t.<\/p>\n<\/li>\n<li data-start=\"1164\" data-end=\"1288\">\n<p data-start=\"1166\" data-end=\"1288\"><strong data-start=\"1166\" data-end=\"1178\">Tay c\u1ea7m:<\/strong> B\u1ecdc cao su ho\u1eb7c nh\u1ef1a ch\u1ed1ng tr\u01b0\u1ee3t, t\u1ea1o c\u1ea3m gi\u00e1c c\u1ea7m ch\u1eafc, d\u1ec5 \u0111i\u1ec1u khi\u1ec3n.<\/p>\n<\/li>\n<\/ul>\n<p data-start=\"1290\" data-end=\"1361\">\ud83c\udfa8 <strong data-start=\"1293\" data-end=\"1316\">Phi\u00ean b\u1ea3n m\u00e0u tr\u1eafng<\/strong> th\u01b0\u1eddng \u0111\u01b0\u1ee3c nhi\u1ec1u ng\u01b0\u1eddi d\u00f9ng y\u00eau th\u00edch v\u00ec:<\/p>\n<ul data-start=\"1362\" data-end=\"1558\">\n<li data-start=\"1362\" data-end=\"1467\">\n<p data-start=\"1364\" data-end=\"1467\">Tr\u00f4ng kh\u00e1c bi\u1ec7t v\u00e0 n\u1ed5i b\u1eadt h\u01a1n so v\u1edbi b\u1ea3n m\u00e0u \u0111en truy\u1ec1n th\u1ed1ng.<\/p>\n<\/li>\n<li data-start=\"1468\" data-end=\"1558\">\n<p data-start=\"1470\" data-end=\"1558\">D\u1ec5 nh\u1eadn bi\u1ebft trong b\u00f3ng t\u1ed1i ho\u1eb7c khi \u0111\u1ec3 trong t\u00fai.<\/p>\n<\/li>\n<\/ul>\n<hr data-start=\"1560\" data-end=\"1563\" \/>\n<h2 data-start=\"1565\" data-end=\"1609\">\ud83d\udccc \u01afu \u0111i\u1ec3m c\u1ee7a d\u00f2ng Baton SHY\/White 65 cm<\/h2>\n<ul data-start=\"1610\" data-end=\"2068\">\n<li data-start=\"1610\" data-end=\"1704\">\n<p data-start=\"1612\" data-end=\"1704\"><strong data-start=\"1612\" data-end=\"1627\">D\u1ec5 s\u1eed d\u1ee5ng:<\/strong> M\u1edf ra \/ thu v\u00e0o nhanh ch\u1ec9 v\u1edbi 1 tay.<\/p>\n<\/li>\n<li data-start=\"1705\" data-end=\"1821\">\n<p data-start=\"1707\" data-end=\"1821\"><strong data-start=\"1707\" data-end=\"1722\">\u0110\u1ed9 b\u1ec1n cao:<\/strong> Ch\u1ea5t li\u1ec7u th\u00e9p\/titan gi\u00fap ch\u1ecbu l\u1ef1c t\u1ed1t, kh\u00f4ng d\u1ec5 cong g\u00e3y.<\/p>\n<\/li>\n<li data-start=\"1822\" data-end=\"1966\">\n<p data-start=\"1824\" data-end=\"1966\"><strong data-start=\"1824\" data-end=\"1847\">K\u00edch th\u01b0\u1edbc ph\u00f9 h\u1ee3p:<\/strong> ~65 cm khi m\u1edf ra l\u00e0 chi\u1ec1u d\u00e0i l\u00fd t\u01b0\u1edfng \u0111\u1ec3 gi\u1eef kho\u1ea3ng c\u00e1ch an to\u00e0n khi t\u1ef1 v\u1ec7.<\/p>\n<\/li>\n<li data-start=\"1967\" data-end=\"2068\">\n<p data-start=\"1969\" data-end=\"2068\"><strong data-start=\"1969\" data-end=\"1986\">T\u00ednh g\u1ecdn nh\u1eb9:<\/strong> Thu g\u1ecdn d\u01b0\u1edbi 30 cm \u0111\u1ec3 mang theo ti\u1ec7n l\u1ee3i.<\/p>\n<\/li>\n<\/ul>\n<hr data-start=\"2070\" data-end=\"2073\" \/>\n<h2 data-start=\"2075\" data-end=\"2109\">\u26a0\ufe0f L\u01b0u \u00fd khi s\u1eed d\u1ee5ng v\u00e0 ph\u00e1p l\u00fd<\/h2>\n<p data-start=\"2110\" data-end=\"2400\">\ud83d\udccd \u1ede Vi\u1ec7t Nam, <strong data-start=\"2125\" data-end=\"2151\">g\u1eady baton 3 kh\u00fac t\u1ef1 v\u1ec7<\/strong> nh\u01b0 SHY\/Hummer Police \u0111\u01b0\u1ee3c coi l\u00e0 <strong data-start=\"2186\" data-end=\"2203\">c\u00f4ng c\u1ee5 t\u1ef1 v\u1ec7<\/strong>, v\u00e0 \u0111\u00f4i khi c\u00f3 th\u1ec3 \u0111\u01b0\u1ee3c xem nh\u01b0 <strong data-start=\"2236\" data-end=\"2256\">v\u0169 kh\u00ed nguy hi\u1ec3m<\/strong> n\u1ebfu mang theo n\u01a1i c\u00f4ng c\u1ed9ng. B\u1ea1n n\u00ean t\u00ecm hi\u1ec3u k\u1ef9 <strong data-start=\"2306\" data-end=\"2330\">ph\u00e1p lu\u1eadt \u0111\u1ecba ph\u01b0\u01a1ng<\/strong> tr\u01b0\u1edbc khi mua ho\u1eb7c mang theo.<\/p>\n","protected":false},"excerpt":{"rendered":"<div>\u2705 Mi\u1ec5n ship to\u00e0n qu\u1ed1c<\/div>\n<div>\u2705 Nh\u1eadn h\u00e0ng ki\u1ec3m tra thanh to\u00e1n<\/div>\n<div>\u2705B\u1ea3o h\u00e0nh 1 th\u00e1ng l\u1ed7i 1 \u0111\u1ed5i 1<\/div>\n<div><\/div>\n<div><\/div>\n","protected":false},"featured_media":149,"template":"","meta":[],"product_brand":[],"product_cat":[20,24],"product_tag":[],"class_list":{"0":"post-148","1":"product","2":"type-product","3":"status-publish","4":"has-post-thumbnail","6":"product_cat-baton","7":"product_cat-baton-shy","9":"first","10":"instock","11":"shipping-taxable","12":"purchasable","13":"product-type-simple"},"yoast_head":"<!-- This site is optimized with the Yoast SEO plugin v27.0 - https:\/\/yoast.com\/product\/yoast-seo-wordpress\/ -->\n<title>Baton SHY m\u00e0u tr\u1eafng - Baton - Ch\u00edch \u0110i\u1ec7n - X\u1ecbt Cay ch\u00ednh h\u00e3ng<\/title>\n<meta name=\"description\" content=\"T\u00ean g\u1ecdi: Baton SHY \/ Baton Hummer Police 511 (m\u1ed9t phi\u00ean b\u1ea3n n\u00e2ng c\u1ea5p c\u1ee7a Baton ASP 511).Lo\u1ea1i s\u1ea3n ph\u1ea9m: G\u1eady baton 3 kh\u00fac t\u1ef1 v\u1ec7 m\u1edf nhanh (telescopic baton).M\u00e0u s\u1eafc: C\u00f3 phi\u00ean b\u1ea3n tr\u1eafng \/ tr\u1eafng b\u1ea1c (white) ngo\u00e0i c\u00e1c m\u00e0u kh\u00e1c nh\u01b0 \u0111en ho\u1eb7c v\u00e0ng.K\u00edch th\u01b0\u1edbc:\u2022 Thu g\u1ecdn: ~24\u201328 cm \u2014 d\u1ec5 c\u1ea5t trong balo\/qu\u1ea7n.\u2022 M\u1edf ra: ~65\u201367 cm \u2014 t\u1ea7m d\u00e0i ti\u00eau chu\u1ea9n cho m\u1ee5c \u0111\u00edch t\u1ef1 v\u1ec7.Ch\u1ea5t li\u1ec7u: H\u1ee3p kim th\u00e9p ho\u1eb7c th\u00e9p titan cao c\u1ea5p, r\u1ea5t c\u1ee9ng v\u00e0 b\u1ec1n ch\u1ecbu l\u1ef1c t\u1ed1t.Tay c\u1ea7m: B\u1ecdc cao su ho\u1eb7c nh\u1ef1a ch\u1ed1ng tr\u01b0\u1ee3t, t\u1ea1o c\u1ea3m gi\u00e1c c\u1ea7m ch\u1eafc, d\u1ec5 \u0111i\u1ec1u khi\u1ec3n.\" \/>\n<meta name=\"robots\" content=\"index, follow, max-snippet:-1, max-image-preview:large, max-video-preview:-1\" \/>\n<link rel=\"canonical\" href=\"https:\/\/dotuvechinhhang.vn\/?product=baton-shy-mau-trang\" \/>\n<meta property=\"og:locale\" content=\"vi_VN\" \/>\n<meta property=\"og:type\" content=\"article\" \/>\n<meta property=\"og:title\" content=\"Baton SHY m\u00e0u tr\u1eafng - Baton - Ch\u00edch \u0110i\u1ec7n - X\u1ecbt Cay ch\u00ednh h\u00e3ng\" \/>\n<meta property=\"og:description\" content=\"T\u00ean g\u1ecdi: Baton SHY \/ Baton Hummer Police 511 (m\u1ed9t phi\u00ean b\u1ea3n n\u00e2ng c\u1ea5p c\u1ee7a Baton ASP 511).Lo\u1ea1i s\u1ea3n ph\u1ea9m: G\u1eady baton 3 kh\u00fac t\u1ef1 v\u1ec7 m\u1edf nhanh (telescopic baton).M\u00e0u s\u1eafc: C\u00f3 phi\u00ean b\u1ea3n tr\u1eafng \/ tr\u1eafng b\u1ea1c (white) ngo\u00e0i c\u00e1c m\u00e0u kh\u00e1c nh\u01b0 \u0111en ho\u1eb7c v\u00e0ng.K\u00edch th\u01b0\u1edbc:\u2022 Thu g\u1ecdn: ~24\u201328 cm \u2014 d\u1ec5 c\u1ea5t trong balo\/qu\u1ea7n.\u2022 M\u1edf ra: ~65\u201367 cm \u2014 t\u1ea7m d\u00e0i ti\u00eau chu\u1ea9n cho m\u1ee5c \u0111\u00edch t\u1ef1 v\u1ec7.Ch\u1ea5t li\u1ec7u: H\u1ee3p kim th\u00e9p ho\u1eb7c th\u00e9p titan cao c\u1ea5p, r\u1ea5t c\u1ee9ng v\u00e0 b\u1ec1n ch\u1ecbu l\u1ef1c t\u1ed1t.Tay c\u1ea7m: B\u1ecdc cao su ho\u1eb7c nh\u1ef1a ch\u1ed1ng tr\u01b0\u1ee3t, t\u1ea1o c\u1ea3m gi\u00e1c c\u1ea7m ch\u1eafc, d\u1ec5 \u0111i\u1ec1u khi\u1ec3n.\" \/>\n<meta property=\"og:url\" content=\"https:\/\/dotuvechinhhang.vn\/?product=baton-shy-mau-trang\" \/>\n<meta property=\"og:site_name\" content=\"Baton - Ch\u00edch \u0110i\u1ec7n - X\u1ecbt Cay ch\u00ednh h\u00e3ng\" \/>\n<meta property=\"og:image\" content=\"https:\/\/dotuvechinhhang.vn\/wp-content\/uploads\/2026\/02\/z6541167086656_eff6efb8ec9470301bf18310cad4b95a-scaled.jpg\" \/>\n\t<meta property=\"og:image:width\" content=\"2560\" \/>\n\t<meta property=\"og:image:height\" content=\"2560\" \/>\n\t<meta property=\"og:image:type\" content=\"image\/jpeg\" \/>\n<meta name=\"twitter:card\" content=\"summary_large_image\" \/>\n<meta name=\"twitter:label1\" content=\"\u01af\u1edbc t\u00ednh th\u1eddi gian \u0111\u1ecdc\" \/>\n\t<meta name=\"twitter:data1\" content=\"2 ph\u00fat\" \/>\n<script type=\"application\/ld+json\" class=\"yoast-schema-graph\">{\"@context\":\"https:\/\/schema.org\",\"@graph\":[{\"@type\":\"WebPage\",\"@id\":\"https:\/\/dotuvechinhhang.vn\/?product=baton-shy-mau-trang\",\"url\":\"https:\/\/dotuvechinhhang.vn\/?product=baton-shy-mau-trang\",\"name\":\"Baton SHY m\u00e0u tr\u1eafng - Baton - Ch\u00edch \u0110i\u1ec7n - X\u1ecbt Cay ch\u00ednh h\u00e3ng\",\"isPartOf\":{\"@id\":\"https:\/\/dotuvechinhhang.vn\/#website\"},\"primaryImageOfPage\":{\"@id\":\"https:\/\/dotuvechinhhang.vn\/?product=baton-shy-mau-trang#primaryimage\"},\"image\":{\"@id\":\"https:\/\/dotuvechinhhang.vn\/?product=baton-shy-mau-trang#primaryimage\"},\"thumbnailUrl\":\"https:\/\/dotuvechinhhang.vn\/wp-content\/uploads\/2026\/02\/z6541167086656_eff6efb8ec9470301bf18310cad4b95a-scaled.jpg\",\"datePublished\":\"2026-02-23T03:39:56+00:00\",\"description\":\"T\u00ean g\u1ecdi: Baton SHY \/ Baton Hummer Police 511 (m\u1ed9t phi\u00ean b\u1ea3n n\u00e2ng c\u1ea5p c\u1ee7a Baton ASP 511).Lo\u1ea1i s\u1ea3n ph\u1ea9m: G\u1eady baton 3 kh\u00fac t\u1ef1 v\u1ec7 m\u1edf nhanh (telescopic baton).M\u00e0u s\u1eafc: C\u00f3 phi\u00ean b\u1ea3n tr\u1eafng \/ tr\u1eafng b\u1ea1c (white) ngo\u00e0i c\u00e1c m\u00e0u kh\u00e1c nh\u01b0 \u0111en ho\u1eb7c v\u00e0ng.K\u00edch th\u01b0\u1edbc:\u2022 Thu g\u1ecdn: ~24\u201328 cm \u2014 d\u1ec5 c\u1ea5t trong balo\/qu\u1ea7n.\u2022 M\u1edf ra: ~65\u201367 cm \u2014 t\u1ea7m d\u00e0i ti\u00eau chu\u1ea9n cho m\u1ee5c \u0111\u00edch t\u1ef1 v\u1ec7.Ch\u1ea5t li\u1ec7u: H\u1ee3p kim th\u00e9p ho\u1eb7c th\u00e9p titan cao c\u1ea5p, r\u1ea5t c\u1ee9ng v\u00e0 b\u1ec1n ch\u1ecbu l\u1ef1c t\u1ed1t.Tay c\u1ea7m: B\u1ecdc cao su ho\u1eb7c nh\u1ef1a ch\u1ed1ng tr\u01b0\u1ee3t, t\u1ea1o c\u1ea3m gi\u00e1c c\u1ea7m ch\u1eafc, d\u1ec5 \u0111i\u1ec1u khi\u1ec3n.\",\"breadcrumb\":{\"@id\":\"https:\/\/dotuvechinhhang.vn\/?product=baton-shy-mau-trang#breadcrumb\"},\"inLanguage\":\"vi\",\"potentialAction\":[{\"@type\":\"ReadAction\",\"target\":[\"https:\/\/dotuvechinhhang.vn\/?product=baton-shy-mau-trang\"]}]},{\"@type\":\"ImageObject\",\"inLanguage\":\"vi\",\"@id\":\"https:\/\/dotuvechinhhang.vn\/?product=baton-shy-mau-trang#primaryimage\",\"url\":\"https:\/\/dotuvechinhhang.vn\/wp-content\/uploads\/2026\/02\/z6541167086656_eff6efb8ec9470301bf18310cad4b95a-scaled.jpg\",\"contentUrl\":\"https:\/\/dotuvechinhhang.vn\/wp-content\/uploads\/2026\/02\/z6541167086656_eff6efb8ec9470301bf18310cad4b95a-scaled.jpg\",\"width\":2560,\"height\":2560},{\"@type\":\"BreadcrumbList\",\"@id\":\"https:\/\/dotuvechinhhang.vn\/?product=baton-shy-mau-trang#breadcrumb\",\"itemListElement\":[{\"@type\":\"ListItem\",\"position\":1,\"name\":\"Trang ch\u1ee7\",\"item\":\"https:\/\/dotuvechinhhang.vn\/\"},{\"@type\":\"ListItem\",\"position\":2,\"name\":\"S\u1ea3n ph\u1ea9m\",\"item\":\"https:\/\/dotuvechinhhang.vn\/?post_type=product\"},{\"@type\":\"ListItem\",\"position\":3,\"name\":\"Baton SHY m\u00e0u tr\u1eafng\"}]},{\"@type\":\"WebSite\",\"@id\":\"https:\/\/dotuvechinhhang.vn\/#website\",\"url\":\"https:\/\/dotuvechinhhang.vn\/\",\"name\":\"Baton - Ch\u00edch \u0110i\u1ec7n - X\u1ecbt Cay ch\u00ednh h\u00e3ng\",\"description\":\"\",\"potentialAction\":[{\"@type\":\"SearchAction\",\"target\":{\"@type\":\"EntryPoint\",\"urlTemplate\":\"https:\/\/dotuvechinhhang.vn\/?s={search_term_string}\"},\"query-input\":{\"@type\":\"PropertyValueSpecification\",\"valueRequired\":true,\"valueName\":\"search_term_string\"}}],\"inLanguage\":\"vi\"}]}<\/script>\n<!-- \/ Yoast SEO plugin. -->","yoast_head_json":{"title":"Baton SHY m\u00e0u tr\u1eafng - Baton - Ch\u00edch \u0110i\u1ec7n - X\u1ecbt Cay ch\u00ednh h\u00e3ng","description":"T\u00ean g\u1ecdi: Baton SHY \/ Baton Hummer Police 511 (m\u1ed9t phi\u00ean b\u1ea3n n\u00e2ng c\u1ea5p c\u1ee7a Baton ASP 511).Lo\u1ea1i s\u1ea3n ph\u1ea9m: G\u1eady baton 3 kh\u00fac t\u1ef1 v\u1ec7 m\u1edf nhanh (telescopic baton).M\u00e0u s\u1eafc: C\u00f3 phi\u00ean b\u1ea3n tr\u1eafng \/ tr\u1eafng b\u1ea1c (white) ngo\u00e0i c\u00e1c m\u00e0u kh\u00e1c nh\u01b0 \u0111en ho\u1eb7c v\u00e0ng.K\u00edch th\u01b0\u1edbc:\u2022 Thu g\u1ecdn: ~24\u201328 cm \u2014 d\u1ec5 c\u1ea5t trong balo\/qu\u1ea7n.\u2022 M\u1edf ra: ~65\u201367 cm \u2014 t\u1ea7m d\u00e0i ti\u00eau chu\u1ea9n cho m\u1ee5c \u0111\u00edch t\u1ef1 v\u1ec7.Ch\u1ea5t li\u1ec7u: H\u1ee3p kim th\u00e9p ho\u1eb7c th\u00e9p titan cao c\u1ea5p, r\u1ea5t c\u1ee9ng v\u00e0 b\u1ec1n ch\u1ecbu l\u1ef1c t\u1ed1t.Tay c\u1ea7m: B\u1ecdc cao su ho\u1eb7c nh\u1ef1a ch\u1ed1ng tr\u01b0\u1ee3t, t\u1ea1o c\u1ea3m gi\u00e1c c\u1ea7m ch\u1eafc, d\u1ec5 \u0111i\u1ec1u khi\u1ec3n.","robots":{"index":"index","follow":"follow","max-snippet":"max-snippet:-1","max-image-preview":"max-image-preview:large","max-video-preview":"max-video-preview:-1"},"canonical":"https:\/\/dotuvechinhhang.vn\/?product=baton-shy-mau-trang","og_locale":"vi_VN","og_type":"article","og_title":"Baton SHY m\u00e0u tr\u1eafng - Baton - Ch\u00edch \u0110i\u1ec7n - X\u1ecbt Cay ch\u00ednh h\u00e3ng","og_description":"T\u00ean g\u1ecdi: Baton SHY \/ Baton Hummer Police 511 (m\u1ed9t phi\u00ean b\u1ea3n n\u00e2ng c\u1ea5p c\u1ee7a Baton ASP 511).Lo\u1ea1i s\u1ea3n ph\u1ea9m: G\u1eady baton 3 kh\u00fac t\u1ef1 v\u1ec7 m\u1edf nhanh (telescopic baton).M\u00e0u s\u1eafc: C\u00f3 phi\u00ean b\u1ea3n tr\u1eafng \/ tr\u1eafng b\u1ea1c (white) ngo\u00e0i c\u00e1c m\u00e0u kh\u00e1c nh\u01b0 \u0111en ho\u1eb7c v\u00e0ng.K\u00edch th\u01b0\u1edbc:\u2022 Thu g\u1ecdn: ~24\u201328 cm \u2014 d\u1ec5 c\u1ea5t trong balo\/qu\u1ea7n.\u2022 M\u1edf ra: ~65\u201367 cm \u2014 t\u1ea7m d\u00e0i ti\u00eau chu\u1ea9n cho m\u1ee5c \u0111\u00edch t\u1ef1 v\u1ec7.Ch\u1ea5t li\u1ec7u: H\u1ee3p kim th\u00e9p ho\u1eb7c th\u00e9p titan cao c\u1ea5p, r\u1ea5t c\u1ee9ng v\u00e0 b\u1ec1n ch\u1ecbu l\u1ef1c t\u1ed1t.Tay c\u1ea7m: B\u1ecdc cao su ho\u1eb7c nh\u1ef1a ch\u1ed1ng tr\u01b0\u1ee3t, t\u1ea1o c\u1ea3m gi\u00e1c c\u1ea7m ch\u1eafc, d\u1ec5 \u0111i\u1ec1u khi\u1ec3n.","og_url":"https:\/\/dotuvechinhhang.vn\/?product=baton-shy-mau-trang","og_site_name":"Baton - Ch\u00edch \u0110i\u1ec7n - X\u1ecbt Cay ch\u00ednh h\u00e3ng","og_image":[{"width":2560,"height":2560,"url":"https:\/\/dotuvechinhhang.vn\/wp-content\/uploads\/2026\/02\/z6541167086656_eff6efb8ec9470301bf18310cad4b95a-scaled.jpg","type":"image\/jpeg"}],"twitter_card":"summary_large_image","twitter_misc":{"\u01af\u1edbc t\u00ednh th\u1eddi gian \u0111\u1ecdc":"2 ph\u00fat"},"schema":{"@context":"https:\/\/schema.org","@graph":[{"@type":"WebPage","@id":"https:\/\/dotuvechinhhang.vn\/?product=baton-shy-mau-trang","url":"https:\/\/dotuvechinhhang.vn\/?product=baton-shy-mau-trang","name":"Baton SHY m\u00e0u tr\u1eafng - Baton - Ch\u00edch \u0110i\u1ec7n - X\u1ecbt Cay ch\u00ednh h\u00e3ng","isPartOf":{"@id":"https:\/\/dotuvechinhhang.vn\/#website"},"primaryImageOfPage":{"@id":"https:\/\/dotuvechinhhang.vn\/?product=baton-shy-mau-trang#primaryimage"},"image":{"@id":"https:\/\/dotuvechinhhang.vn\/?product=baton-shy-mau-trang#primaryimage"},"thumbnailUrl":"https:\/\/dotuvechinhhang.vn\/wp-content\/uploads\/2026\/02\/z6541167086656_eff6efb8ec9470301bf18310cad4b95a-scaled.jpg","datePublished":"2026-02-23T03:39:56+00:00","description":"T\u00ean g\u1ecdi: Baton SHY \/ Baton Hummer Police 511 (m\u1ed9t phi\u00ean b\u1ea3n n\u00e2ng c\u1ea5p c\u1ee7a Baton ASP 511).Lo\u1ea1i s\u1ea3n ph\u1ea9m: G\u1eady baton 3 kh\u00fac t\u1ef1 v\u1ec7 m\u1edf nhanh (telescopic baton).M\u00e0u s\u1eafc: C\u00f3 phi\u00ean b\u1ea3n tr\u1eafng \/ tr\u1eafng b\u1ea1c (white) ngo\u00e0i c\u00e1c m\u00e0u kh\u00e1c nh\u01b0 \u0111en ho\u1eb7c v\u00e0ng.K\u00edch th\u01b0\u1edbc:\u2022 Thu g\u1ecdn: ~24\u201328 cm \u2014 d\u1ec5 c\u1ea5t trong balo\/qu\u1ea7n.\u2022 M\u1edf ra: ~65\u201367 cm \u2014 t\u1ea7m d\u00e0i ti\u00eau chu\u1ea9n cho m\u1ee5c \u0111\u00edch t\u1ef1 v\u1ec7.Ch\u1ea5t li\u1ec7u: H\u1ee3p kim th\u00e9p ho\u1eb7c th\u00e9p titan cao c\u1ea5p, r\u1ea5t c\u1ee9ng v\u00e0 b\u1ec1n ch\u1ecbu l\u1ef1c t\u1ed1t.Tay c\u1ea7m: B\u1ecdc cao su ho\u1eb7c nh\u1ef1a ch\u1ed1ng tr\u01b0\u1ee3t, t\u1ea1o c\u1ea3m gi\u00e1c c\u1ea7m ch\u1eafc, d\u1ec5 \u0111i\u1ec1u khi\u1ec3n.","breadcrumb":{"@id":"https:\/\/dotuvechinhhang.vn\/?product=baton-shy-mau-trang#breadcrumb"},"inLanguage":"vi","potentialAction":[{"@type":"ReadAction","target":["https:\/\/dotuvechinhhang.vn\/?product=baton-shy-mau-trang"]}]},{"@type":"ImageObject","inLanguage":"vi","@id":"https:\/\/dotuvechinhhang.vn\/?product=baton-shy-mau-trang#primaryimage","url":"https:\/\/dotuvechinhhang.vn\/wp-content\/uploads\/2026\/02\/z6541167086656_eff6efb8ec9470301bf18310cad4b95a-scaled.jpg","contentUrl":"https:\/\/dotuvechinhhang.vn\/wp-content\/uploads\/2026\/02\/z6541167086656_eff6efb8ec9470301bf18310cad4b95a-scaled.jpg","width":2560,"height":2560},{"@type":"BreadcrumbList","@id":"https:\/\/dotuvechinhhang.vn\/?product=baton-shy-mau-trang#breadcrumb","itemListElement":[{"@type":"ListItem","position":1,"name":"Trang ch\u1ee7","item":"https:\/\/dotuvechinhhang.vn\/"},{"@type":"ListItem","position":2,"name":"S\u1ea3n ph\u1ea9m","item":"https:\/\/dotuvechinhhang.vn\/?post_type=product"},{"@type":"ListItem","position":3,"name":"Baton SHY m\u00e0u tr\u1eafng"}]},{"@type":"WebSite","@id":"https:\/\/dotuvechinhhang.vn\/#website","url":"https:\/\/dotuvechinhhang.vn\/","name":"Baton - Ch\u00edch \u0110i\u1ec7n - X\u1ecbt Cay ch\u00ednh h\u00e3ng","description":"","potentialAction":[{"@type":"SearchAction","target":{"@type":"EntryPoint","urlTemplate":"https:\/\/dotuvechinhhang.vn\/?s={search_term_string}"},"query-input":{"@type":"PropertyValueSpecification","valueRequired":true,"valueName":"search_term_string"}}],"inLanguage":"vi"}]}},"_links":{"self":[{"href":"https:\/\/dotuvechinhhang.vn\/index.php?rest_route=\/wp\/v2\/product\/148","targetHints":{"allow":["GET"]}}],"collection":[{"href":"https:\/\/dotuvechinhhang.vn\/index.php?rest_route=\/wp\/v2\/product"}],"about":[{"href":"https:\/\/dotuvechinhhang.vn\/index.php?rest_route=\/wp\/v2\/types\/product"}],"wp:featuredmedia":[{"embeddable":true,"href":"https:\/\/dotuvechinhhang.vn\/index.php?rest_route=\/wp\/v2\/media\/149"}],"wp:attachment":[{"href":"https:\/\/dotuvechinhhang.vn\/index.php?rest_route=%2Fwp%2Fv2%2Fmedia&parent=148"}],"wp:term":[{"taxonomy":"product_brand","embeddable":true,"href":"https:\/\/dotuvechinhhang.vn\/index.php?rest_route=%2Fwp%2Fv2%2Fproduct_brand&post=148"},{"taxonomy":"product_cat","embeddable":true,"href":"https:\/\/dotuvechinhhang.vn\/index.php?rest_route=%2Fwp%2Fv2%2Fproduct_cat&post=148"},{"taxonomy":"product_tag","embeddable":true,"href":"https:\/\/dotuvechinhhang.vn\/index.php?rest_route=%2Fwp%2Fv2%2Fproduct_tag&post=148"}],"curies":[{"name":"wp","href":"https:\/\/api.w.org\/{rel}","templated":true}]}}