{"id":143,"date":"2026-02-23T10:36:42","date_gmt":"2026-02-23T03:36:42","guid":{"rendered":"https:\/\/dotuvechinhhang.vn\/?post_type=product&#038;p=143"},"modified":"2026-02-23T10:36:43","modified_gmt":"2026-02-23T03:36:43","slug":"baton-shy-mau-vang","status":"publish","type":"product","link":"https:\/\/dotuvechinhhang.vn\/?product=baton-shy-mau-vang","title":{"rendered":"Baton SHY m\u00e0u v\u00e0ng"},"content":{"rendered":"<h3 data-start=\"410\" data-end=\"478\">\ud83d\udd25 Gi\u1edbi thi\u1ec7u v\u1ec1 g\u1eady 3 kh\u00fac <em data-start=\"442\" data-end=\"447\">SHY<\/em> m\u00e0u v\u00e0ng \u2013 chi\u1ec1u d\u00e0i m\u1edf ~65 cm<\/h3>\n<p data-start=\"480\" data-end=\"670\">\ud83d\udc49 <strong data-start=\"483\" data-end=\"501\">G\u1eady 3 kh\u00fac SHY<\/strong> th\u01b0\u1eddng \u0111\u01b0\u1ee3c m\u00f4 t\u1ea3 trong c\u1ed9ng \u0111\u1ed3ng \u0111\u1ed3 t\u1ef1 v\u1ec7 l\u00e0 m\u1ed9t m\u1eabu <em data-start=\"556\" data-end=\"571\">baton cao c\u1ea5p<\/em>, b\u1ea3n n\u00e2ng c\u1ea5p t\u1eeb c\u00e1c d\u00f2ng 3 kh\u00fac ph\u1ed5 bi\u1ebfn nh\u01b0 Baton ASP 511.<\/p>\n<p data-start=\"672\" data-end=\"693\"><strong data-start=\"672\" data-end=\"693\">\u2728 \u0110\u1eb7c \u0111i\u1ec3m chung:<\/strong><\/p>\n<ul data-start=\"694\" data-end=\"1553\">\n<li data-start=\"694\" data-end=\"825\">\n<p data-start=\"696\" data-end=\"825\"><strong data-start=\"696\" data-end=\"710\">Ch\u1ea5t li\u1ec7u:<\/strong> H\u1ee3p kim th\u00e9p c\u1ee9ng, b\u1ec1n ch\u1ecbu l\u1ef1c, th\u01b0\u1eddng \u0111\u01b0\u1ee3c qu\u1ea3ng c\u00e1o l\u00e0 th\u00e9p <em data-start=\"774\" data-end=\"784\">si\u00eau b\u1ec1n<\/em>.<\/p>\n<\/li>\n<li data-start=\"826\" data-end=\"970\">\n<p data-start=\"828\" data-end=\"970\"><strong data-start=\"828\" data-end=\"848\">Thi\u1ebft k\u1ebf 3 kh\u00fac:<\/strong> Thu g\u1ecdn d\u1ec5 d\u00e0ng trong t\u00fai\/qu\u1ea7n (~26\u201328 cm) v\u00e0 <strong data-start=\"895\" data-end=\"929\">bung \u0111\u1ea7y ~65\u201367 cm khi s\u1eed d\u1ee5ng<\/strong>.<\/p>\n<\/li>\n<li data-start=\"971\" data-end=\"1116\">\n<p data-start=\"973\" data-end=\"1116\"><strong data-start=\"973\" data-end=\"985\">Tay c\u1ea7m:<\/strong> C\u00f3 <strong data-start=\"989\" data-end=\"1030\">v\u00f2ng cao su ho\u1eb7c b\u1ecdc nh\u1ef1a ch\u1ed1ng tr\u01b0\u1ee3t<\/strong> gi\u00fap c\u1ea7m ch\u1eafc, gi\u1ea3m tr\u01b0\u1ee3t khi vung \/ s\u1eed d\u1ee5ng.<\/p>\n<\/li>\n<li data-start=\"1117\" data-end=\"1378\">\n<p data-start=\"1119\" data-end=\"1378\"><strong data-start=\"1119\" data-end=\"1131\">M\u00e0u s\u1eafc:<\/strong> Ngo\u00e0i b\u1ea3n m\u00e0u \u0111en truy\u1ec1n th\u1ed1ng, nhi\u1ec1u ng\u01b0\u1eddi b\u00e1n\/c\u1ed9ng \u0111\u1ed3ng chia s\u1ebb r\u1eb1ng c\u00f2n <strong data-start=\"1207\" data-end=\"1259\">phi\u00ean b\u1ea3n m\u00e0u v\u00e0ng (v\u00e0ng kim lo\u1ea1i ho\u1eb7c v\u00e0ng \u00e1nh)<\/strong> \u0111\u1ec3 l\u1ef1a ch\u1ecdn \u2013 th\u01b0\u1eddng \u0111\u01b0\u1ee3c g\u1ecdi chung theo m\u00e0u th\u00e2n baton ho\u1eb7c l\u1edbp ph\u1ee7 anodized.<\/p>\n<\/li>\n<li data-start=\"1379\" data-end=\"1553\">\n<p data-start=\"1381\" data-end=\"1553\"><strong data-start=\"1381\" data-end=\"1403\">Th\u01b0\u01a1ng hi\u1ec7u\/logos:<\/strong> Tr\u00ean th\u00e2n c\u00f3 th\u1ec3 g\u1eafn bi\u1ec3u t\u01b0\u1ee3ng \u201c\u0111\u1ea1i b\u00e0ng\u201d ho\u1eb7c t\u00ean SHY n\u1ebfu l\u00e0 b\u1ea3n thi\u1ebft k\u1ebf theo phong c\u00e1ch <em data-start=\"1496\" data-end=\"1514\">baton hummer\/ASP<\/em>.<\/p>\n<\/li>\n<\/ul>\n<p data-start=\"1555\" data-end=\"1583\"><strong data-start=\"1555\" data-end=\"1583\">\ud83d\udccf K\u00edch th\u01b0\u1edbc &amp; s\u1eed d\u1ee5ng:<\/strong><\/p>\n<ul data-start=\"1584\" data-end=\"1944\">\n<li data-start=\"1584\" data-end=\"1673\">\n<p data-start=\"1586\" data-end=\"1673\"><em data-start=\"1586\" data-end=\"1600\">Khi thu g\u1ecdn:<\/em> D\u00e0i kho\u1ea3ng <strong data-start=\"1612\" data-end=\"1625\">~24\u201328 cm<\/strong> d\u1ec5 c\u1ea5t.<\/p>\n<\/li>\n<li data-start=\"1674\" data-end=\"1823\">\n<p data-start=\"1676\" data-end=\"1823\"><em data-start=\"1676\" data-end=\"1688\">Khi m\u1edf ra:<\/em> D\u00e0i kho\u1ea3ng <strong data-start=\"1700\" data-end=\"1713\">~65\u201367 cm<\/strong> \u2014 d\u1ea1ng baton t\u1ef1 v\u1ec7 ti\u00eau chu\u1ea9n, \u0111\u1ee7 t\u1ea7m \u0111\u1ec3 gi\u1eef kho\u1ea3ng c\u00e1ch v\u1edbi nguy c\u01a1.<\/p>\n<\/li>\n<li data-start=\"1824\" data-end=\"1944\">\n<p data-start=\"1826\" data-end=\"1944\">Lo\u1ea1i n\u00e0y th\u01b0\u1eddng d\u00f9ng \u0111\u1ec3 <strong data-start=\"1850\" data-end=\"1880\">ph\u00f2ng th\u00e2n \/ t\u1ef1 v\u1ec7 c\u00e1 nh\u00e2n<\/strong>, d\u1ec5 r\u00fat ra nhanh khi c\u1ea7n.<\/p>\n<\/li>\n<\/ul>\n<p data-start=\"1946\" data-end=\"1967\">\ud83d\udccc <strong data-start=\"1949\" data-end=\"1965\">L\u01b0u \u00fd chung:<\/strong><\/p>\n<ul data-start=\"1968\" data-end=\"2369\">\n<li data-start=\"1968\" data-end=\"2162\">\n<p data-start=\"1970\" data-end=\"2162\">\u0110\u00e2y th\u01b0\u1eddng l\u00e0 s\u1ea3n ph\u1ea9m <em data-start=\"1993\" data-end=\"2006\">chuy\u00ean d\u1ee5ng<\/em>, \u00edt \u0111\u01b0\u1ee3c b\u00e1n tr\u00ean c\u00e1c trang th\u01b0\u01a1ng m\u1ea1i ph\u1ed5 bi\u1ebfn \u2014 th\u01b0\u1eddng \u0111\u01b0\u1ee3c b\u00e1n qua c\u00e1c c\u1eeda h\u00e0ng v\u1ec1 \u0111\u1ed3 t\u1ef1 v\u1ec7, thi\u1ebft b\u1ecb an ninh.<\/p>\n<\/li>\n<li data-start=\"2163\" data-end=\"2369\">\n<p data-start=\"2165\" data-end=\"2369\">\u1ede Vi\u1ec7t Nam, baton g\u1eady 3 kh\u00fac c\u00f3 th\u1ec3 \u0111\u01b0\u1ee3c xem l\u00e0 <strong data-start=\"2213\" data-end=\"2247\">v\u1eadt d\u1ee5ng nh\u1ea1y c\u1ea3m\/v\u0169 kh\u00ed t\u1ef1 v\u1ec7<\/strong> theo quy \u0111\u1ecbnh ph\u00e1p lu\u1eadt, n\u00ean b\u1ea1n c\u1ea7n n\u1eafm r\u00f5 lu\u1eadt tr\u01b0\u1edbc khi s\u1edf h\u1eefu ho\u1eb7c mang theo.<\/p>\n<\/li>\n<\/ul>\n","protected":false},"excerpt":{"rendered":"<div>\u2705 Mi\u1ec5n ship to\u00e0n qu\u1ed1c<\/div>\n<div>\u2705 Nh\u1eadn h\u00e0ng ki\u1ec3m tra thanh to\u00e1n<\/div>\n<div>\u2705B\u1ea3o h\u00e0nh 1 th\u00e1ng l\u1ed7i 1 \u0111\u1ed5i 1<\/div>\n<div><\/div>\n<div><\/div>\n","protected":false},"featured_media":147,"template":"","meta":[],"product_brand":[],"product_cat":[20,24],"product_tag":[],"class_list":{"0":"post-143","1":"product","2":"type-product","3":"status-publish","4":"has-post-thumbnail","6":"product_cat-baton","7":"product_cat-baton-shy","9":"first","10":"instock","11":"shipping-taxable","12":"purchasable","13":"product-type-simple"},"yoast_head":"<!-- This site is optimized with the Yoast SEO plugin v27.0 - https:\/\/yoast.com\/product\/yoast-seo-wordpress\/ -->\n<title>Baton SHY m\u00e0u v\u00e0ng - Baton - Ch\u00edch \u0110i\u1ec7n - X\u1ecbt Cay ch\u00ednh h\u00e3ng<\/title>\n<meta name=\"description\" content=\"\ud83d\udc49 G\u1eady 3 kh\u00fac SHY th\u01b0\u1eddng \u0111\u01b0\u1ee3c m\u00f4 t\u1ea3 trong c\u1ed9ng \u0111\u1ed3ng \u0111\u1ed3 t\u1ef1 v\u1ec7 l\u00e0 m\u1ed9t m\u1eabu baton cao c\u1ea5p, b\u1ea3n n\u00e2ng c\u1ea5p t\u1eeb c\u00e1c d\u00f2ng 3 kh\u00fac ph\u1ed5 bi\u1ebfn nh\u01b0 Baton ASP 511.\" \/>\n<meta name=\"robots\" content=\"index, follow, max-snippet:-1, max-image-preview:large, max-video-preview:-1\" \/>\n<link rel=\"canonical\" href=\"https:\/\/dotuvechinhhang.vn\/?product=baton-shy-mau-vang\" \/>\n<meta property=\"og:locale\" content=\"vi_VN\" \/>\n<meta property=\"og:type\" content=\"article\" \/>\n<meta property=\"og:title\" content=\"Baton SHY m\u00e0u v\u00e0ng - Baton - Ch\u00edch \u0110i\u1ec7n - X\u1ecbt Cay ch\u00ednh h\u00e3ng\" \/>\n<meta property=\"og:description\" content=\"\ud83d\udc49 G\u1eady 3 kh\u00fac SHY th\u01b0\u1eddng \u0111\u01b0\u1ee3c m\u00f4 t\u1ea3 trong c\u1ed9ng \u0111\u1ed3ng \u0111\u1ed3 t\u1ef1 v\u1ec7 l\u00e0 m\u1ed9t m\u1eabu baton cao c\u1ea5p, b\u1ea3n n\u00e2ng c\u1ea5p t\u1eeb c\u00e1c d\u00f2ng 3 kh\u00fac ph\u1ed5 bi\u1ebfn nh\u01b0 Baton ASP 511.\" \/>\n<meta property=\"og:url\" content=\"https:\/\/dotuvechinhhang.vn\/?product=baton-shy-mau-vang\" \/>\n<meta property=\"og:site_name\" content=\"Baton - Ch\u00edch \u0110i\u1ec7n - X\u1ecbt Cay ch\u00ednh h\u00e3ng\" \/>\n<meta property=\"article:modified_time\" content=\"2026-02-23T03:36:43+00:00\" \/>\n<meta property=\"og:image\" content=\"https:\/\/dotuvechinhhang.vn\/wp-content\/uploads\/2026\/02\/z6541168871580_c119652f05eb7f20b906ec47e2201c40-scaled.jpg\" \/>\n\t<meta property=\"og:image:width\" content=\"2560\" \/>\n\t<meta property=\"og:image:height\" content=\"2560\" \/>\n\t<meta property=\"og:image:type\" content=\"image\/jpeg\" \/>\n<meta name=\"twitter:card\" content=\"summary_large_image\" \/>\n<meta name=\"twitter:label1\" content=\"\u01af\u1edbc t\u00ednh th\u1eddi gian \u0111\u1ecdc\" \/>\n\t<meta name=\"twitter:data1\" content=\"2 ph\u00fat\" \/>\n<script type=\"application\/ld+json\" class=\"yoast-schema-graph\">{\"@context\":\"https:\/\/schema.org\",\"@graph\":[{\"@type\":\"WebPage\",\"@id\":\"https:\/\/dotuvechinhhang.vn\/?product=baton-shy-mau-vang\",\"url\":\"https:\/\/dotuvechinhhang.vn\/?product=baton-shy-mau-vang\",\"name\":\"Baton SHY m\u00e0u v\u00e0ng - Baton - Ch\u00edch \u0110i\u1ec7n - X\u1ecbt Cay ch\u00ednh h\u00e3ng\",\"isPartOf\":{\"@id\":\"https:\/\/dotuvechinhhang.vn\/#website\"},\"primaryImageOfPage\":{\"@id\":\"https:\/\/dotuvechinhhang.vn\/?product=baton-shy-mau-vang#primaryimage\"},\"image\":{\"@id\":\"https:\/\/dotuvechinhhang.vn\/?product=baton-shy-mau-vang#primaryimage\"},\"thumbnailUrl\":\"https:\/\/dotuvechinhhang.vn\/wp-content\/uploads\/2026\/02\/z6541168871580_c119652f05eb7f20b906ec47e2201c40-scaled.jpg\",\"datePublished\":\"2026-02-23T03:36:42+00:00\",\"dateModified\":\"2026-02-23T03:36:43+00:00\",\"description\":\"\ud83d\udc49 G\u1eady 3 kh\u00fac SHY th\u01b0\u1eddng \u0111\u01b0\u1ee3c m\u00f4 t\u1ea3 trong c\u1ed9ng \u0111\u1ed3ng \u0111\u1ed3 t\u1ef1 v\u1ec7 l\u00e0 m\u1ed9t m\u1eabu baton cao c\u1ea5p, b\u1ea3n n\u00e2ng c\u1ea5p t\u1eeb c\u00e1c d\u00f2ng 3 kh\u00fac ph\u1ed5 bi\u1ebfn nh\u01b0 Baton ASP 511.\",\"breadcrumb\":{\"@id\":\"https:\/\/dotuvechinhhang.vn\/?product=baton-shy-mau-vang#breadcrumb\"},\"inLanguage\":\"vi\",\"potentialAction\":[{\"@type\":\"ReadAction\",\"target\":[\"https:\/\/dotuvechinhhang.vn\/?product=baton-shy-mau-vang\"]}]},{\"@type\":\"ImageObject\",\"inLanguage\":\"vi\",\"@id\":\"https:\/\/dotuvechinhhang.vn\/?product=baton-shy-mau-vang#primaryimage\",\"url\":\"https:\/\/dotuvechinhhang.vn\/wp-content\/uploads\/2026\/02\/z6541168871580_c119652f05eb7f20b906ec47e2201c40-scaled.jpg\",\"contentUrl\":\"https:\/\/dotuvechinhhang.vn\/wp-content\/uploads\/2026\/02\/z6541168871580_c119652f05eb7f20b906ec47e2201c40-scaled.jpg\",\"width\":2560,\"height\":2560},{\"@type\":\"BreadcrumbList\",\"@id\":\"https:\/\/dotuvechinhhang.vn\/?product=baton-shy-mau-vang#breadcrumb\",\"itemListElement\":[{\"@type\":\"ListItem\",\"position\":1,\"name\":\"Trang ch\u1ee7\",\"item\":\"https:\/\/dotuvechinhhang.vn\/\"},{\"@type\":\"ListItem\",\"position\":2,\"name\":\"S\u1ea3n ph\u1ea9m\",\"item\":\"https:\/\/dotuvechinhhang.vn\/?post_type=product\"},{\"@type\":\"ListItem\",\"position\":3,\"name\":\"Baton SHY m\u00e0u v\u00e0ng\"}]},{\"@type\":\"WebSite\",\"@id\":\"https:\/\/dotuvechinhhang.vn\/#website\",\"url\":\"https:\/\/dotuvechinhhang.vn\/\",\"name\":\"Baton - Ch\u00edch \u0110i\u1ec7n - X\u1ecbt Cay ch\u00ednh h\u00e3ng\",\"description\":\"\",\"potentialAction\":[{\"@type\":\"SearchAction\",\"target\":{\"@type\":\"EntryPoint\",\"urlTemplate\":\"https:\/\/dotuvechinhhang.vn\/?s={search_term_string}\"},\"query-input\":{\"@type\":\"PropertyValueSpecification\",\"valueRequired\":true,\"valueName\":\"search_term_string\"}}],\"inLanguage\":\"vi\"}]}<\/script>\n<!-- \/ Yoast SEO plugin. -->","yoast_head_json":{"title":"Baton SHY m\u00e0u v\u00e0ng - Baton - Ch\u00edch \u0110i\u1ec7n - X\u1ecbt Cay ch\u00ednh h\u00e3ng","description":"\ud83d\udc49 G\u1eady 3 kh\u00fac SHY th\u01b0\u1eddng \u0111\u01b0\u1ee3c m\u00f4 t\u1ea3 trong c\u1ed9ng \u0111\u1ed3ng \u0111\u1ed3 t\u1ef1 v\u1ec7 l\u00e0 m\u1ed9t m\u1eabu baton cao c\u1ea5p, b\u1ea3n n\u00e2ng c\u1ea5p t\u1eeb c\u00e1c d\u00f2ng 3 kh\u00fac ph\u1ed5 bi\u1ebfn nh\u01b0 Baton ASP 511.","robots":{"index":"index","follow":"follow","max-snippet":"max-snippet:-1","max-image-preview":"max-image-preview:large","max-video-preview":"max-video-preview:-1"},"canonical":"https:\/\/dotuvechinhhang.vn\/?product=baton-shy-mau-vang","og_locale":"vi_VN","og_type":"article","og_title":"Baton SHY m\u00e0u v\u00e0ng - Baton - Ch\u00edch \u0110i\u1ec7n - X\u1ecbt Cay ch\u00ednh h\u00e3ng","og_description":"\ud83d\udc49 G\u1eady 3 kh\u00fac SHY th\u01b0\u1eddng \u0111\u01b0\u1ee3c m\u00f4 t\u1ea3 trong c\u1ed9ng \u0111\u1ed3ng \u0111\u1ed3 t\u1ef1 v\u1ec7 l\u00e0 m\u1ed9t m\u1eabu baton cao c\u1ea5p, b\u1ea3n n\u00e2ng c\u1ea5p t\u1eeb c\u00e1c d\u00f2ng 3 kh\u00fac ph\u1ed5 bi\u1ebfn nh\u01b0 Baton ASP 511.","og_url":"https:\/\/dotuvechinhhang.vn\/?product=baton-shy-mau-vang","og_site_name":"Baton - Ch\u00edch \u0110i\u1ec7n - X\u1ecbt Cay ch\u00ednh h\u00e3ng","article_modified_time":"2026-02-23T03:36:43+00:00","og_image":[{"width":2560,"height":2560,"url":"https:\/\/dotuvechinhhang.vn\/wp-content\/uploads\/2026\/02\/z6541168871580_c119652f05eb7f20b906ec47e2201c40-scaled.jpg","type":"image\/jpeg"}],"twitter_card":"summary_large_image","twitter_misc":{"\u01af\u1edbc t\u00ednh th\u1eddi gian \u0111\u1ecdc":"2 ph\u00fat"},"schema":{"@context":"https:\/\/schema.org","@graph":[{"@type":"WebPage","@id":"https:\/\/dotuvechinhhang.vn\/?product=baton-shy-mau-vang","url":"https:\/\/dotuvechinhhang.vn\/?product=baton-shy-mau-vang","name":"Baton SHY m\u00e0u v\u00e0ng - Baton - Ch\u00edch \u0110i\u1ec7n - X\u1ecbt Cay ch\u00ednh h\u00e3ng","isPartOf":{"@id":"https:\/\/dotuvechinhhang.vn\/#website"},"primaryImageOfPage":{"@id":"https:\/\/dotuvechinhhang.vn\/?product=baton-shy-mau-vang#primaryimage"},"image":{"@id":"https:\/\/dotuvechinhhang.vn\/?product=baton-shy-mau-vang#primaryimage"},"thumbnailUrl":"https:\/\/dotuvechinhhang.vn\/wp-content\/uploads\/2026\/02\/z6541168871580_c119652f05eb7f20b906ec47e2201c40-scaled.jpg","datePublished":"2026-02-23T03:36:42+00:00","dateModified":"2026-02-23T03:36:43+00:00","description":"\ud83d\udc49 G\u1eady 3 kh\u00fac SHY th\u01b0\u1eddng \u0111\u01b0\u1ee3c m\u00f4 t\u1ea3 trong c\u1ed9ng \u0111\u1ed3ng \u0111\u1ed3 t\u1ef1 v\u1ec7 l\u00e0 m\u1ed9t m\u1eabu baton cao c\u1ea5p, b\u1ea3n n\u00e2ng c\u1ea5p t\u1eeb c\u00e1c d\u00f2ng 3 kh\u00fac ph\u1ed5 bi\u1ebfn nh\u01b0 Baton ASP 511.","breadcrumb":{"@id":"https:\/\/dotuvechinhhang.vn\/?product=baton-shy-mau-vang#breadcrumb"},"inLanguage":"vi","potentialAction":[{"@type":"ReadAction","target":["https:\/\/dotuvechinhhang.vn\/?product=baton-shy-mau-vang"]}]},{"@type":"ImageObject","inLanguage":"vi","@id":"https:\/\/dotuvechinhhang.vn\/?product=baton-shy-mau-vang#primaryimage","url":"https:\/\/dotuvechinhhang.vn\/wp-content\/uploads\/2026\/02\/z6541168871580_c119652f05eb7f20b906ec47e2201c40-scaled.jpg","contentUrl":"https:\/\/dotuvechinhhang.vn\/wp-content\/uploads\/2026\/02\/z6541168871580_c119652f05eb7f20b906ec47e2201c40-scaled.jpg","width":2560,"height":2560},{"@type":"BreadcrumbList","@id":"https:\/\/dotuvechinhhang.vn\/?product=baton-shy-mau-vang#breadcrumb","itemListElement":[{"@type":"ListItem","position":1,"name":"Trang ch\u1ee7","item":"https:\/\/dotuvechinhhang.vn\/"},{"@type":"ListItem","position":2,"name":"S\u1ea3n ph\u1ea9m","item":"https:\/\/dotuvechinhhang.vn\/?post_type=product"},{"@type":"ListItem","position":3,"name":"Baton SHY m\u00e0u v\u00e0ng"}]},{"@type":"WebSite","@id":"https:\/\/dotuvechinhhang.vn\/#website","url":"https:\/\/dotuvechinhhang.vn\/","name":"Baton - Ch\u00edch \u0110i\u1ec7n - X\u1ecbt Cay ch\u00ednh h\u00e3ng","description":"","potentialAction":[{"@type":"SearchAction","target":{"@type":"EntryPoint","urlTemplate":"https:\/\/dotuvechinhhang.vn\/?s={search_term_string}"},"query-input":{"@type":"PropertyValueSpecification","valueRequired":true,"valueName":"search_term_string"}}],"inLanguage":"vi"}]}},"_links":{"self":[{"href":"https:\/\/dotuvechinhhang.vn\/index.php?rest_route=\/wp\/v2\/product\/143","targetHints":{"allow":["GET"]}}],"collection":[{"href":"https:\/\/dotuvechinhhang.vn\/index.php?rest_route=\/wp\/v2\/product"}],"about":[{"href":"https:\/\/dotuvechinhhang.vn\/index.php?rest_route=\/wp\/v2\/types\/product"}],"wp:featuredmedia":[{"embeddable":true,"href":"https:\/\/dotuvechinhhang.vn\/index.php?rest_route=\/wp\/v2\/media\/147"}],"wp:attachment":[{"href":"https:\/\/dotuvechinhhang.vn\/index.php?rest_route=%2Fwp%2Fv2%2Fmedia&parent=143"}],"wp:term":[{"taxonomy":"product_brand","embeddable":true,"href":"https:\/\/dotuvechinhhang.vn\/index.php?rest_route=%2Fwp%2Fv2%2Fproduct_brand&post=143"},{"taxonomy":"product_cat","embeddable":true,"href":"https:\/\/dotuvechinhhang.vn\/index.php?rest_route=%2Fwp%2Fv2%2Fproduct_cat&post=143"},{"taxonomy":"product_tag","embeddable":true,"href":"https:\/\/dotuvechinhhang.vn\/index.php?rest_route=%2Fwp%2Fv2%2Fproduct_tag&post=143"}],"curies":[{"name":"wp","href":"https:\/\/api.w.org\/{rel}","templated":true}]}}