{"id":110,"date":"2026-02-23T09:16:38","date_gmt":"2026-02-23T02:16:38","guid":{"rendered":"https:\/\/dotuvechinhhang.vn\/?post_type=product&#038;p=110"},"modified":"2026-02-23T09:16:38","modified_gmt":"2026-02-23T02:16:38","slug":"tay-dam-gau-mau-titan","status":"publish","type":"product","link":"https:\/\/dotuvechinhhang.vn\/?product=tay-dam-gau-mau-titan","title":{"rendered":"Tay \u0111\u1ea5m g\u1ea5u m\u00e0u titan"},"content":{"rendered":"<p>Th\u00f4ng tin s\u1ea3n ph\u1ea9m Tay \u0111\u1ea5m g\u1ea5u m\u00e0u titan<br \/>\n\u2705 M\u00e0u: titan<br \/>\n\u2705 Gia c\u00f4ng t\u1ea1o m\u00e0u b\u1eb1ng nhi\u1ec7t \u0111\u1ed9 cao<br \/>\n\u2705 C\u00f3 qu\u1ea5n d\u00e2y n\u1ec9 d\u00e0y ch\u1ed1ng \u0111au tay khi s\u1eed d\u1ee5ng<\/p>\n","protected":false},"excerpt":{"rendered":"<p>\u2705 Mi\u1ec5n ship to\u00e0n qu\u1ed1c<br \/>\n\u2705 Nh\u1eadn h\u00e0ng ki\u1ec3m tra thanh to\u00e1n<br \/>\n\u2705B\u1ea3o h\u00e0nh 1 th\u00e1ng l\u1ed7i 1 \u0111\u1ed5i 1<\/p>\n","protected":false},"featured_media":111,"template":"","meta":[],"product_brand":[],"product_cat":[39,41],"product_tag":[],"class_list":{"0":"post-110","1":"product","2":"type-product","3":"status-publish","4":"has-post-thumbnail","6":"product_cat-san-pham-khac","7":"product_cat-tay-dam-gau","9":"first","10":"instock","11":"shipping-taxable","12":"purchasable","13":"product-type-simple"},"yoast_head":"<!-- This site is optimized with the Yoast SEO plugin v27.0 - https:\/\/yoast.com\/product\/yoast-seo-wordpress\/ -->\n<title>Tay \u0111\u1ea5m g\u1ea5u m\u00e0u titan - Baton - Ch\u00edch \u0110i\u1ec7n - X\u1ecbt Cay ch\u00ednh h\u00e3ng<\/title>\n<meta name=\"description\" content=\"Th\u00f4ng tin s\u1ea3n ph\u1ea9m Tay \u0111\u1ea5m g\u1ea5u m\u00e0u titan\u2705 M\u00e0u: titan\u2705 Gia c\u00f4ng t\u1ea1o m\u00e0u b\u1eb1ng nhi\u1ec7t \u0111\u1ed9 cao\u2705 C\u00f3 qu\u1ea5n d\u00e2y n\u1ec9 d\u00e0y ch\u1ed1ng \u0111au tay khi s\u1eed d\u1ee5ng\" \/>\n<meta name=\"robots\" content=\"index, follow, max-snippet:-1, max-image-preview:large, max-video-preview:-1\" \/>\n<link rel=\"canonical\" href=\"https:\/\/dotuvechinhhang.vn\/?product=tay-dam-gau-mau-titan\" \/>\n<meta property=\"og:locale\" content=\"vi_VN\" \/>\n<meta property=\"og:type\" content=\"article\" \/>\n<meta property=\"og:title\" content=\"Tay \u0111\u1ea5m g\u1ea5u m\u00e0u titan - Baton - Ch\u00edch \u0110i\u1ec7n - X\u1ecbt Cay ch\u00ednh h\u00e3ng\" \/>\n<meta property=\"og:description\" content=\"Th\u00f4ng tin s\u1ea3n ph\u1ea9m Tay \u0111\u1ea5m g\u1ea5u m\u00e0u titan\u2705 M\u00e0u: titan\u2705 Gia c\u00f4ng t\u1ea1o m\u00e0u b\u1eb1ng nhi\u1ec7t \u0111\u1ed9 cao\u2705 C\u00f3 qu\u1ea5n d\u00e2y n\u1ec9 d\u00e0y ch\u1ed1ng \u0111au tay khi s\u1eed d\u1ee5ng\" \/>\n<meta property=\"og:url\" content=\"https:\/\/dotuvechinhhang.vn\/?product=tay-dam-gau-mau-titan\" \/>\n<meta property=\"og:site_name\" content=\"Baton - Ch\u00edch \u0110i\u1ec7n - X\u1ecbt Cay ch\u00ednh h\u00e3ng\" \/>\n<meta property=\"og:image\" content=\"https:\/\/dotuvechinhhang.vn\/wp-content\/uploads\/2026\/02\/z6541163935400_bb6389c67ca03b6ec5f4c584e168f771-scaled.jpg\" \/>\n\t<meta property=\"og:image:width\" content=\"2560\" \/>\n\t<meta property=\"og:image:height\" content=\"2560\" \/>\n\t<meta property=\"og:image:type\" content=\"image\/jpeg\" \/>\n<meta name=\"twitter:card\" content=\"summary_large_image\" \/>\n<meta name=\"twitter:label1\" content=\"\u01af\u1edbc t\u00ednh th\u1eddi gian \u0111\u1ecdc\" \/>\n\t<meta name=\"twitter:data1\" content=\"1 ph\u00fat\" \/>\n<script type=\"application\/ld+json\" class=\"yoast-schema-graph\">{\"@context\":\"https:\/\/schema.org\",\"@graph\":[{\"@type\":\"WebPage\",\"@id\":\"https:\/\/dotuvechinhhang.vn\/?product=tay-dam-gau-mau-titan\",\"url\":\"https:\/\/dotuvechinhhang.vn\/?product=tay-dam-gau-mau-titan\",\"name\":\"Tay \u0111\u1ea5m g\u1ea5u m\u00e0u titan - Baton - Ch\u00edch \u0110i\u1ec7n - X\u1ecbt Cay ch\u00ednh h\u00e3ng\",\"isPartOf\":{\"@id\":\"https:\/\/dotuvechinhhang.vn\/#website\"},\"primaryImageOfPage\":{\"@id\":\"https:\/\/dotuvechinhhang.vn\/?product=tay-dam-gau-mau-titan#primaryimage\"},\"image\":{\"@id\":\"https:\/\/dotuvechinhhang.vn\/?product=tay-dam-gau-mau-titan#primaryimage\"},\"thumbnailUrl\":\"https:\/\/dotuvechinhhang.vn\/wp-content\/uploads\/2026\/02\/z6541163935400_bb6389c67ca03b6ec5f4c584e168f771-scaled.jpg\",\"datePublished\":\"2026-02-23T02:16:38+00:00\",\"description\":\"Th\u00f4ng tin s\u1ea3n ph\u1ea9m Tay \u0111\u1ea5m g\u1ea5u m\u00e0u titan\u2705 M\u00e0u: titan\u2705 Gia c\u00f4ng t\u1ea1o m\u00e0u b\u1eb1ng nhi\u1ec7t \u0111\u1ed9 cao\u2705 C\u00f3 qu\u1ea5n d\u00e2y n\u1ec9 d\u00e0y ch\u1ed1ng \u0111au tay khi s\u1eed d\u1ee5ng\",\"breadcrumb\":{\"@id\":\"https:\/\/dotuvechinhhang.vn\/?product=tay-dam-gau-mau-titan#breadcrumb\"},\"inLanguage\":\"vi\",\"potentialAction\":[{\"@type\":\"ReadAction\",\"target\":[\"https:\/\/dotuvechinhhang.vn\/?product=tay-dam-gau-mau-titan\"]}]},{\"@type\":\"ImageObject\",\"inLanguage\":\"vi\",\"@id\":\"https:\/\/dotuvechinhhang.vn\/?product=tay-dam-gau-mau-titan#primaryimage\",\"url\":\"https:\/\/dotuvechinhhang.vn\/wp-content\/uploads\/2026\/02\/z6541163935400_bb6389c67ca03b6ec5f4c584e168f771-scaled.jpg\",\"contentUrl\":\"https:\/\/dotuvechinhhang.vn\/wp-content\/uploads\/2026\/02\/z6541163935400_bb6389c67ca03b6ec5f4c584e168f771-scaled.jpg\",\"width\":2560,\"height\":2560},{\"@type\":\"BreadcrumbList\",\"@id\":\"https:\/\/dotuvechinhhang.vn\/?product=tay-dam-gau-mau-titan#breadcrumb\",\"itemListElement\":[{\"@type\":\"ListItem\",\"position\":1,\"name\":\"Trang ch\u1ee7\",\"item\":\"https:\/\/dotuvechinhhang.vn\/\"},{\"@type\":\"ListItem\",\"position\":2,\"name\":\"S\u1ea3n ph\u1ea9m\",\"item\":\"https:\/\/dotuvechinhhang.vn\/?post_type=product\"},{\"@type\":\"ListItem\",\"position\":3,\"name\":\"Tay \u0111\u1ea5m g\u1ea5u m\u00e0u titan\"}]},{\"@type\":\"WebSite\",\"@id\":\"https:\/\/dotuvechinhhang.vn\/#website\",\"url\":\"https:\/\/dotuvechinhhang.vn\/\",\"name\":\"Baton - Ch\u00edch \u0110i\u1ec7n - X\u1ecbt Cay ch\u00ednh h\u00e3ng\",\"description\":\"\",\"potentialAction\":[{\"@type\":\"SearchAction\",\"target\":{\"@type\":\"EntryPoint\",\"urlTemplate\":\"https:\/\/dotuvechinhhang.vn\/?s={search_term_string}\"},\"query-input\":{\"@type\":\"PropertyValueSpecification\",\"valueRequired\":true,\"valueName\":\"search_term_string\"}}],\"inLanguage\":\"vi\"}]}<\/script>\n<!-- \/ Yoast SEO plugin. -->","yoast_head_json":{"title":"Tay \u0111\u1ea5m g\u1ea5u m\u00e0u titan - Baton - Ch\u00edch \u0110i\u1ec7n - X\u1ecbt Cay ch\u00ednh h\u00e3ng","description":"Th\u00f4ng tin s\u1ea3n ph\u1ea9m Tay \u0111\u1ea5m g\u1ea5u m\u00e0u titan\u2705 M\u00e0u: titan\u2705 Gia c\u00f4ng t\u1ea1o m\u00e0u b\u1eb1ng nhi\u1ec7t \u0111\u1ed9 cao\u2705 C\u00f3 qu\u1ea5n d\u00e2y n\u1ec9 d\u00e0y ch\u1ed1ng \u0111au tay khi s\u1eed d\u1ee5ng","robots":{"index":"index","follow":"follow","max-snippet":"max-snippet:-1","max-image-preview":"max-image-preview:large","max-video-preview":"max-video-preview:-1"},"canonical":"https:\/\/dotuvechinhhang.vn\/?product=tay-dam-gau-mau-titan","og_locale":"vi_VN","og_type":"article","og_title":"Tay \u0111\u1ea5m g\u1ea5u m\u00e0u titan - Baton - Ch\u00edch \u0110i\u1ec7n - X\u1ecbt Cay ch\u00ednh h\u00e3ng","og_description":"Th\u00f4ng tin s\u1ea3n ph\u1ea9m Tay \u0111\u1ea5m g\u1ea5u m\u00e0u titan\u2705 M\u00e0u: titan\u2705 Gia c\u00f4ng t\u1ea1o m\u00e0u b\u1eb1ng nhi\u1ec7t \u0111\u1ed9 cao\u2705 C\u00f3 qu\u1ea5n d\u00e2y n\u1ec9 d\u00e0y ch\u1ed1ng \u0111au tay khi s\u1eed d\u1ee5ng","og_url":"https:\/\/dotuvechinhhang.vn\/?product=tay-dam-gau-mau-titan","og_site_name":"Baton - Ch\u00edch \u0110i\u1ec7n - X\u1ecbt Cay ch\u00ednh h\u00e3ng","og_image":[{"width":2560,"height":2560,"url":"https:\/\/dotuvechinhhang.vn\/wp-content\/uploads\/2026\/02\/z6541163935400_bb6389c67ca03b6ec5f4c584e168f771-scaled.jpg","type":"image\/jpeg"}],"twitter_card":"summary_large_image","twitter_misc":{"\u01af\u1edbc t\u00ednh th\u1eddi gian \u0111\u1ecdc":"1 ph\u00fat"},"schema":{"@context":"https:\/\/schema.org","@graph":[{"@type":"WebPage","@id":"https:\/\/dotuvechinhhang.vn\/?product=tay-dam-gau-mau-titan","url":"https:\/\/dotuvechinhhang.vn\/?product=tay-dam-gau-mau-titan","name":"Tay \u0111\u1ea5m g\u1ea5u m\u00e0u titan - Baton - Ch\u00edch \u0110i\u1ec7n - X\u1ecbt Cay ch\u00ednh h\u00e3ng","isPartOf":{"@id":"https:\/\/dotuvechinhhang.vn\/#website"},"primaryImageOfPage":{"@id":"https:\/\/dotuvechinhhang.vn\/?product=tay-dam-gau-mau-titan#primaryimage"},"image":{"@id":"https:\/\/dotuvechinhhang.vn\/?product=tay-dam-gau-mau-titan#primaryimage"},"thumbnailUrl":"https:\/\/dotuvechinhhang.vn\/wp-content\/uploads\/2026\/02\/z6541163935400_bb6389c67ca03b6ec5f4c584e168f771-scaled.jpg","datePublished":"2026-02-23T02:16:38+00:00","description":"Th\u00f4ng tin s\u1ea3n ph\u1ea9m Tay \u0111\u1ea5m g\u1ea5u m\u00e0u titan\u2705 M\u00e0u: titan\u2705 Gia c\u00f4ng t\u1ea1o m\u00e0u b\u1eb1ng nhi\u1ec7t \u0111\u1ed9 cao\u2705 C\u00f3 qu\u1ea5n d\u00e2y n\u1ec9 d\u00e0y ch\u1ed1ng \u0111au tay khi s\u1eed d\u1ee5ng","breadcrumb":{"@id":"https:\/\/dotuvechinhhang.vn\/?product=tay-dam-gau-mau-titan#breadcrumb"},"inLanguage":"vi","potentialAction":[{"@type":"ReadAction","target":["https:\/\/dotuvechinhhang.vn\/?product=tay-dam-gau-mau-titan"]}]},{"@type":"ImageObject","inLanguage":"vi","@id":"https:\/\/dotuvechinhhang.vn\/?product=tay-dam-gau-mau-titan#primaryimage","url":"https:\/\/dotuvechinhhang.vn\/wp-content\/uploads\/2026\/02\/z6541163935400_bb6389c67ca03b6ec5f4c584e168f771-scaled.jpg","contentUrl":"https:\/\/dotuvechinhhang.vn\/wp-content\/uploads\/2026\/02\/z6541163935400_bb6389c67ca03b6ec5f4c584e168f771-scaled.jpg","width":2560,"height":2560},{"@type":"BreadcrumbList","@id":"https:\/\/dotuvechinhhang.vn\/?product=tay-dam-gau-mau-titan#breadcrumb","itemListElement":[{"@type":"ListItem","position":1,"name":"Trang ch\u1ee7","item":"https:\/\/dotuvechinhhang.vn\/"},{"@type":"ListItem","position":2,"name":"S\u1ea3n ph\u1ea9m","item":"https:\/\/dotuvechinhhang.vn\/?post_type=product"},{"@type":"ListItem","position":3,"name":"Tay \u0111\u1ea5m g\u1ea5u m\u00e0u titan"}]},{"@type":"WebSite","@id":"https:\/\/dotuvechinhhang.vn\/#website","url":"https:\/\/dotuvechinhhang.vn\/","name":"Baton - Ch\u00edch \u0110i\u1ec7n - X\u1ecbt Cay ch\u00ednh h\u00e3ng","description":"","potentialAction":[{"@type":"SearchAction","target":{"@type":"EntryPoint","urlTemplate":"https:\/\/dotuvechinhhang.vn\/?s={search_term_string}"},"query-input":{"@type":"PropertyValueSpecification","valueRequired":true,"valueName":"search_term_string"}}],"inLanguage":"vi"}]}},"_links":{"self":[{"href":"https:\/\/dotuvechinhhang.vn\/index.php?rest_route=\/wp\/v2\/product\/110","targetHints":{"allow":["GET"]}}],"collection":[{"href":"https:\/\/dotuvechinhhang.vn\/index.php?rest_route=\/wp\/v2\/product"}],"about":[{"href":"https:\/\/dotuvechinhhang.vn\/index.php?rest_route=\/wp\/v2\/types\/product"}],"wp:featuredmedia":[{"embeddable":true,"href":"https:\/\/dotuvechinhhang.vn\/index.php?rest_route=\/wp\/v2\/media\/111"}],"wp:attachment":[{"href":"https:\/\/dotuvechinhhang.vn\/index.php?rest_route=%2Fwp%2Fv2%2Fmedia&parent=110"}],"wp:term":[{"taxonomy":"product_brand","embeddable":true,"href":"https:\/\/dotuvechinhhang.vn\/index.php?rest_route=%2Fwp%2Fv2%2Fproduct_brand&post=110"},{"taxonomy":"product_cat","embeddable":true,"href":"https:\/\/dotuvechinhhang.vn\/index.php?rest_route=%2Fwp%2Fv2%2Fproduct_cat&post=110"},{"taxonomy":"product_tag","embeddable":true,"href":"https:\/\/dotuvechinhhang.vn\/index.php?rest_route=%2Fwp%2Fv2%2Fproduct_tag&post=110"}],"curies":[{"name":"wp","href":"https:\/\/api.w.org\/{rel}","templated":true}]}}