{"id":102,"date":"2026-02-23T09:09:50","date_gmt":"2026-02-23T02:09:50","guid":{"rendered":"https:\/\/dotuvechinhhang.vn\/?post_type=product&#038;p=102"},"modified":"2026-02-23T09:09:50","modified_gmt":"2026-02-23T02:09:50","slug":"cong-so-8","status":"publish","type":"product","link":"https:\/\/dotuvechinhhang.vn\/?product=cong-so-8","title":{"rendered":"C\u00f2ng s\u1ed1 8"},"content":{"rendered":"<p>S\u1ea3n ph\u1ea9m ch\u00ednh h\u00e3ng c\u1ee7a B\u1ed9 C\u00f4ng An KC c\u00f3 kh\u1eafc logo bocongankc ch\u1ed1ng h\u00e0ng gi\u1ea3<br \/>\n\u2705 Ch\u1ea5t li\u1ec7u: Th\u00e9p m\u1ea1 titan ch\u1ed1ng r\u1ec9<br \/>\n\u2705 \u0110i k\u00e8m 2 ch\u00eca kh\u00f3a<br \/>\nS\u1ea3n ph\u1ea9m ch\u1ea5t l\u01b0\u1ee3ng cao, d\u00e0y d\u1eb7n, l\u01b0\u1ee1i kh\u00f3a h\u00ecnh r\u0103ng c\u01b0a c\u1ef1c k\u1ef3 ch\u1eafc ch\u1eafn kh\u00f4ng th\u1ec3 tho\u00e1t n\u1ebfu \u0111\u00e3 b\u1ecb kh\u00f3a tay.<br \/>\nMi\u1ec5n ship to\u00e0n qu\u1ed1c v\u00e0 \u0111\u01b0\u1ee3c ki\u1ec3m tra h\u00e0ng tr\u01b0\u1edbc khi thanh to\u00e1n<\/p>\n","protected":false},"excerpt":{"rendered":"<p>\u2705 Mi\u1ec5n ship to\u00e0n qu\u1ed1c<br \/>\n\u2705 Nh\u1eadn h\u00e0ng ki\u1ec3m tra thanh to\u00e1n<br \/>\n\u2705B\u1ea3o h\u00e0nh 1 th\u00e1ng l\u1ed7i 1 \u0111\u1ed5i 1<\/p>\n","protected":false},"featured_media":103,"template":"","meta":[],"product_brand":[],"product_cat":[40,39],"product_tag":[],"class_list":{"0":"post-102","1":"product","2":"type-product","3":"status-publish","4":"has-post-thumbnail","6":"product_cat-cong-so-8","7":"product_cat-san-pham-khac","9":"first","10":"instock","11":"shipping-taxable","12":"purchasable","13":"product-type-simple"},"yoast_head":"<!-- This site is optimized with the Yoast SEO plugin v27.0 - https:\/\/yoast.com\/product\/yoast-seo-wordpress\/ -->\n<title>C\u00f2ng s\u1ed1 8 - Baton - Ch\u00edch \u0110i\u1ec7n - X\u1ecbt Cay ch\u00ednh h\u00e3ng<\/title>\n<meta name=\"description\" content=\"S\u1ea3n ph\u1ea9m ch\u00ednh h\u00e3ng c\u1ee7a B\u1ed9 C\u00f4ng An KC c\u00f3 kh\u1eafc logo bocongankc ch\u1ed1ng h\u00e0ng gi\u1ea3\u2705 Ch\u1ea5t li\u1ec7u: Th\u00e9p m\u1ea1 titan ch\u1ed1ng r\u1ec9\u2705 \u0110i k\u00e8m 2 ch\u00eca kh\u00f3a\u00a0S\u1ea3n ph\u1ea9m ch\u1ea5t l\u01b0\u1ee3ng cao, d\u00e0y d\u1eb7n, l\u01b0\u1ee1i kh\u00f3a h\u00ecnh r\u0103ng c\u01b0a c\u1ef1c k\u1ef3 ch\u1eafc ch\u1eafn kh\u00f4ng th\u1ec3 tho\u00e1t n\u1ebfu \u0111\u00e3 b\u1ecb kh\u00f3a tay.Mi\u1ec5n ship to\u00e0n qu\u1ed1c v\u00e0 \u0111\u01b0\u1ee3c ki\u1ec3m tra h\u00e0ng tr\u01b0\u1edbc khi thanh to\u00e1n\" \/>\n<meta name=\"robots\" content=\"index, follow, max-snippet:-1, max-image-preview:large, max-video-preview:-1\" \/>\n<link rel=\"canonical\" href=\"https:\/\/dotuvechinhhang.vn\/?product=cong-so-8\" \/>\n<meta property=\"og:locale\" content=\"vi_VN\" \/>\n<meta property=\"og:type\" content=\"article\" \/>\n<meta property=\"og:title\" content=\"C\u00f2ng s\u1ed1 8 - Baton - Ch\u00edch \u0110i\u1ec7n - X\u1ecbt Cay ch\u00ednh h\u00e3ng\" \/>\n<meta property=\"og:description\" content=\"S\u1ea3n ph\u1ea9m ch\u00ednh h\u00e3ng c\u1ee7a B\u1ed9 C\u00f4ng An KC c\u00f3 kh\u1eafc logo bocongankc ch\u1ed1ng h\u00e0ng gi\u1ea3\u2705 Ch\u1ea5t li\u1ec7u: Th\u00e9p m\u1ea1 titan ch\u1ed1ng r\u1ec9\u2705 \u0110i k\u00e8m 2 ch\u00eca kh\u00f3a\u00a0S\u1ea3n ph\u1ea9m ch\u1ea5t l\u01b0\u1ee3ng cao, d\u00e0y d\u1eb7n, l\u01b0\u1ee1i kh\u00f3a h\u00ecnh r\u0103ng c\u01b0a c\u1ef1c k\u1ef3 ch\u1eafc ch\u1eafn kh\u00f4ng th\u1ec3 tho\u00e1t n\u1ebfu \u0111\u00e3 b\u1ecb kh\u00f3a tay.Mi\u1ec5n ship to\u00e0n qu\u1ed1c v\u00e0 \u0111\u01b0\u1ee3c ki\u1ec3m tra h\u00e0ng tr\u01b0\u1edbc khi thanh to\u00e1n\" \/>\n<meta property=\"og:url\" content=\"https:\/\/dotuvechinhhang.vn\/?product=cong-so-8\" \/>\n<meta property=\"og:site_name\" content=\"Baton - Ch\u00edch \u0110i\u1ec7n - X\u1ecbt Cay ch\u00ednh h\u00e3ng\" \/>\n<meta property=\"og:image\" content=\"https:\/\/dotuvechinhhang.vn\/wp-content\/uploads\/2026\/02\/z6541163876737_b095869333a1417c8781bf643bfc5659-scaled.jpg\" \/>\n\t<meta property=\"og:image:width\" content=\"2560\" \/>\n\t<meta property=\"og:image:height\" content=\"2560\" \/>\n\t<meta property=\"og:image:type\" content=\"image\/jpeg\" \/>\n<meta name=\"twitter:card\" content=\"summary_large_image\" \/>\n<meta name=\"twitter:label1\" content=\"\u01af\u1edbc t\u00ednh th\u1eddi gian \u0111\u1ecdc\" \/>\n\t<meta name=\"twitter:data1\" content=\"1 ph\u00fat\" \/>\n<script type=\"application\/ld+json\" class=\"yoast-schema-graph\">{\"@context\":\"https:\/\/schema.org\",\"@graph\":[{\"@type\":\"WebPage\",\"@id\":\"https:\/\/dotuvechinhhang.vn\/?product=cong-so-8\",\"url\":\"https:\/\/dotuvechinhhang.vn\/?product=cong-so-8\",\"name\":\"C\u00f2ng s\u1ed1 8 - Baton - Ch\u00edch \u0110i\u1ec7n - X\u1ecbt Cay ch\u00ednh h\u00e3ng\",\"isPartOf\":{\"@id\":\"https:\/\/dotuvechinhhang.vn\/#website\"},\"primaryImageOfPage\":{\"@id\":\"https:\/\/dotuvechinhhang.vn\/?product=cong-so-8#primaryimage\"},\"image\":{\"@id\":\"https:\/\/dotuvechinhhang.vn\/?product=cong-so-8#primaryimage\"},\"thumbnailUrl\":\"https:\/\/dotuvechinhhang.vn\/wp-content\/uploads\/2026\/02\/z6541163876737_b095869333a1417c8781bf643bfc5659-scaled.jpg\",\"datePublished\":\"2026-02-23T02:09:50+00:00\",\"description\":\"S\u1ea3n ph\u1ea9m ch\u00ednh h\u00e3ng c\u1ee7a B\u1ed9 C\u00f4ng An KC c\u00f3 kh\u1eafc logo bocongankc ch\u1ed1ng h\u00e0ng gi\u1ea3\u2705 Ch\u1ea5t li\u1ec7u: Th\u00e9p m\u1ea1 titan ch\u1ed1ng r\u1ec9\u2705 \u0110i k\u00e8m 2 ch\u00eca kh\u00f3a\u00a0S\u1ea3n ph\u1ea9m ch\u1ea5t l\u01b0\u1ee3ng cao, d\u00e0y d\u1eb7n, l\u01b0\u1ee1i kh\u00f3a h\u00ecnh r\u0103ng c\u01b0a c\u1ef1c k\u1ef3 ch\u1eafc ch\u1eafn kh\u00f4ng th\u1ec3 tho\u00e1t n\u1ebfu \u0111\u00e3 b\u1ecb kh\u00f3a tay.Mi\u1ec5n ship to\u00e0n qu\u1ed1c v\u00e0 \u0111\u01b0\u1ee3c ki\u1ec3m tra h\u00e0ng tr\u01b0\u1edbc khi thanh to\u00e1n\",\"breadcrumb\":{\"@id\":\"https:\/\/dotuvechinhhang.vn\/?product=cong-so-8#breadcrumb\"},\"inLanguage\":\"vi\",\"potentialAction\":[{\"@type\":\"ReadAction\",\"target\":[\"https:\/\/dotuvechinhhang.vn\/?product=cong-so-8\"]}]},{\"@type\":\"ImageObject\",\"inLanguage\":\"vi\",\"@id\":\"https:\/\/dotuvechinhhang.vn\/?product=cong-so-8#primaryimage\",\"url\":\"https:\/\/dotuvechinhhang.vn\/wp-content\/uploads\/2026\/02\/z6541163876737_b095869333a1417c8781bf643bfc5659-scaled.jpg\",\"contentUrl\":\"https:\/\/dotuvechinhhang.vn\/wp-content\/uploads\/2026\/02\/z6541163876737_b095869333a1417c8781bf643bfc5659-scaled.jpg\",\"width\":2560,\"height\":2560},{\"@type\":\"BreadcrumbList\",\"@id\":\"https:\/\/dotuvechinhhang.vn\/?product=cong-so-8#breadcrumb\",\"itemListElement\":[{\"@type\":\"ListItem\",\"position\":1,\"name\":\"Trang ch\u1ee7\",\"item\":\"https:\/\/dotuvechinhhang.vn\/\"},{\"@type\":\"ListItem\",\"position\":2,\"name\":\"S\u1ea3n ph\u1ea9m\",\"item\":\"https:\/\/dotuvechinhhang.vn\/?post_type=product\"},{\"@type\":\"ListItem\",\"position\":3,\"name\":\"C\u00f2ng s\u1ed1 8\"}]},{\"@type\":\"WebSite\",\"@id\":\"https:\/\/dotuvechinhhang.vn\/#website\",\"url\":\"https:\/\/dotuvechinhhang.vn\/\",\"name\":\"Baton - Ch\u00edch \u0110i\u1ec7n - X\u1ecbt Cay ch\u00ednh h\u00e3ng\",\"description\":\"\",\"potentialAction\":[{\"@type\":\"SearchAction\",\"target\":{\"@type\":\"EntryPoint\",\"urlTemplate\":\"https:\/\/dotuvechinhhang.vn\/?s={search_term_string}\"},\"query-input\":{\"@type\":\"PropertyValueSpecification\",\"valueRequired\":true,\"valueName\":\"search_term_string\"}}],\"inLanguage\":\"vi\"}]}<\/script>\n<!-- \/ Yoast SEO plugin. -->","yoast_head_json":{"title":"C\u00f2ng s\u1ed1 8 - Baton - Ch\u00edch \u0110i\u1ec7n - X\u1ecbt Cay ch\u00ednh h\u00e3ng","description":"S\u1ea3n ph\u1ea9m ch\u00ednh h\u00e3ng c\u1ee7a B\u1ed9 C\u00f4ng An KC c\u00f3 kh\u1eafc logo bocongankc ch\u1ed1ng h\u00e0ng gi\u1ea3\u2705 Ch\u1ea5t li\u1ec7u: Th\u00e9p m\u1ea1 titan ch\u1ed1ng r\u1ec9\u2705 \u0110i k\u00e8m 2 ch\u00eca kh\u00f3a\u00a0S\u1ea3n ph\u1ea9m ch\u1ea5t l\u01b0\u1ee3ng cao, d\u00e0y d\u1eb7n, l\u01b0\u1ee1i kh\u00f3a h\u00ecnh r\u0103ng c\u01b0a c\u1ef1c k\u1ef3 ch\u1eafc ch\u1eafn kh\u00f4ng th\u1ec3 tho\u00e1t n\u1ebfu \u0111\u00e3 b\u1ecb kh\u00f3a tay.Mi\u1ec5n ship to\u00e0n qu\u1ed1c v\u00e0 \u0111\u01b0\u1ee3c ki\u1ec3m tra h\u00e0ng tr\u01b0\u1edbc khi thanh to\u00e1n","robots":{"index":"index","follow":"follow","max-snippet":"max-snippet:-1","max-image-preview":"max-image-preview:large","max-video-preview":"max-video-preview:-1"},"canonical":"https:\/\/dotuvechinhhang.vn\/?product=cong-so-8","og_locale":"vi_VN","og_type":"article","og_title":"C\u00f2ng s\u1ed1 8 - Baton - Ch\u00edch \u0110i\u1ec7n - X\u1ecbt Cay ch\u00ednh h\u00e3ng","og_description":"S\u1ea3n ph\u1ea9m ch\u00ednh h\u00e3ng c\u1ee7a B\u1ed9 C\u00f4ng An KC c\u00f3 kh\u1eafc logo bocongankc ch\u1ed1ng h\u00e0ng gi\u1ea3\u2705 Ch\u1ea5t li\u1ec7u: Th\u00e9p m\u1ea1 titan ch\u1ed1ng r\u1ec9\u2705 \u0110i k\u00e8m 2 ch\u00eca kh\u00f3a\u00a0S\u1ea3n ph\u1ea9m ch\u1ea5t l\u01b0\u1ee3ng cao, d\u00e0y d\u1eb7n, l\u01b0\u1ee1i kh\u00f3a h\u00ecnh r\u0103ng c\u01b0a c\u1ef1c k\u1ef3 ch\u1eafc ch\u1eafn kh\u00f4ng th\u1ec3 tho\u00e1t n\u1ebfu \u0111\u00e3 b\u1ecb kh\u00f3a tay.Mi\u1ec5n ship to\u00e0n qu\u1ed1c v\u00e0 \u0111\u01b0\u1ee3c ki\u1ec3m tra h\u00e0ng tr\u01b0\u1edbc khi thanh to\u00e1n","og_url":"https:\/\/dotuvechinhhang.vn\/?product=cong-so-8","og_site_name":"Baton - Ch\u00edch \u0110i\u1ec7n - X\u1ecbt Cay ch\u00ednh h\u00e3ng","og_image":[{"width":2560,"height":2560,"url":"https:\/\/dotuvechinhhang.vn\/wp-content\/uploads\/2026\/02\/z6541163876737_b095869333a1417c8781bf643bfc5659-scaled.jpg","type":"image\/jpeg"}],"twitter_card":"summary_large_image","twitter_misc":{"\u01af\u1edbc t\u00ednh th\u1eddi gian \u0111\u1ecdc":"1 ph\u00fat"},"schema":{"@context":"https:\/\/schema.org","@graph":[{"@type":"WebPage","@id":"https:\/\/dotuvechinhhang.vn\/?product=cong-so-8","url":"https:\/\/dotuvechinhhang.vn\/?product=cong-so-8","name":"C\u00f2ng s\u1ed1 8 - Baton - Ch\u00edch \u0110i\u1ec7n - X\u1ecbt Cay ch\u00ednh h\u00e3ng","isPartOf":{"@id":"https:\/\/dotuvechinhhang.vn\/#website"},"primaryImageOfPage":{"@id":"https:\/\/dotuvechinhhang.vn\/?product=cong-so-8#primaryimage"},"image":{"@id":"https:\/\/dotuvechinhhang.vn\/?product=cong-so-8#primaryimage"},"thumbnailUrl":"https:\/\/dotuvechinhhang.vn\/wp-content\/uploads\/2026\/02\/z6541163876737_b095869333a1417c8781bf643bfc5659-scaled.jpg","datePublished":"2026-02-23T02:09:50+00:00","description":"S\u1ea3n ph\u1ea9m ch\u00ednh h\u00e3ng c\u1ee7a B\u1ed9 C\u00f4ng An KC c\u00f3 kh\u1eafc logo bocongankc ch\u1ed1ng h\u00e0ng gi\u1ea3\u2705 Ch\u1ea5t li\u1ec7u: Th\u00e9p m\u1ea1 titan ch\u1ed1ng r\u1ec9\u2705 \u0110i k\u00e8m 2 ch\u00eca kh\u00f3a\u00a0S\u1ea3n ph\u1ea9m ch\u1ea5t l\u01b0\u1ee3ng cao, d\u00e0y d\u1eb7n, l\u01b0\u1ee1i kh\u00f3a h\u00ecnh r\u0103ng c\u01b0a c\u1ef1c k\u1ef3 ch\u1eafc ch\u1eafn kh\u00f4ng th\u1ec3 tho\u00e1t n\u1ebfu \u0111\u00e3 b\u1ecb kh\u00f3a tay.Mi\u1ec5n ship to\u00e0n qu\u1ed1c v\u00e0 \u0111\u01b0\u1ee3c ki\u1ec3m tra h\u00e0ng tr\u01b0\u1edbc khi thanh to\u00e1n","breadcrumb":{"@id":"https:\/\/dotuvechinhhang.vn\/?product=cong-so-8#breadcrumb"},"inLanguage":"vi","potentialAction":[{"@type":"ReadAction","target":["https:\/\/dotuvechinhhang.vn\/?product=cong-so-8"]}]},{"@type":"ImageObject","inLanguage":"vi","@id":"https:\/\/dotuvechinhhang.vn\/?product=cong-so-8#primaryimage","url":"https:\/\/dotuvechinhhang.vn\/wp-content\/uploads\/2026\/02\/z6541163876737_b095869333a1417c8781bf643bfc5659-scaled.jpg","contentUrl":"https:\/\/dotuvechinhhang.vn\/wp-content\/uploads\/2026\/02\/z6541163876737_b095869333a1417c8781bf643bfc5659-scaled.jpg","width":2560,"height":2560},{"@type":"BreadcrumbList","@id":"https:\/\/dotuvechinhhang.vn\/?product=cong-so-8#breadcrumb","itemListElement":[{"@type":"ListItem","position":1,"name":"Trang ch\u1ee7","item":"https:\/\/dotuvechinhhang.vn\/"},{"@type":"ListItem","position":2,"name":"S\u1ea3n ph\u1ea9m","item":"https:\/\/dotuvechinhhang.vn\/?post_type=product"},{"@type":"ListItem","position":3,"name":"C\u00f2ng s\u1ed1 8"}]},{"@type":"WebSite","@id":"https:\/\/dotuvechinhhang.vn\/#website","url":"https:\/\/dotuvechinhhang.vn\/","name":"Baton - Ch\u00edch \u0110i\u1ec7n - X\u1ecbt Cay ch\u00ednh h\u00e3ng","description":"","potentialAction":[{"@type":"SearchAction","target":{"@type":"EntryPoint","urlTemplate":"https:\/\/dotuvechinhhang.vn\/?s={search_term_string}"},"query-input":{"@type":"PropertyValueSpecification","valueRequired":true,"valueName":"search_term_string"}}],"inLanguage":"vi"}]}},"_links":{"self":[{"href":"https:\/\/dotuvechinhhang.vn\/index.php?rest_route=\/wp\/v2\/product\/102","targetHints":{"allow":["GET"]}}],"collection":[{"href":"https:\/\/dotuvechinhhang.vn\/index.php?rest_route=\/wp\/v2\/product"}],"about":[{"href":"https:\/\/dotuvechinhhang.vn\/index.php?rest_route=\/wp\/v2\/types\/product"}],"wp:featuredmedia":[{"embeddable":true,"href":"https:\/\/dotuvechinhhang.vn\/index.php?rest_route=\/wp\/v2\/media\/103"}],"wp:attachment":[{"href":"https:\/\/dotuvechinhhang.vn\/index.php?rest_route=%2Fwp%2Fv2%2Fmedia&parent=102"}],"wp:term":[{"taxonomy":"product_brand","embeddable":true,"href":"https:\/\/dotuvechinhhang.vn\/index.php?rest_route=%2Fwp%2Fv2%2Fproduct_brand&post=102"},{"taxonomy":"product_cat","embeddable":true,"href":"https:\/\/dotuvechinhhang.vn\/index.php?rest_route=%2Fwp%2Fv2%2Fproduct_cat&post=102"},{"taxonomy":"product_tag","embeddable":true,"href":"https:\/\/dotuvechinhhang.vn\/index.php?rest_route=%2Fwp%2Fv2%2Fproduct_tag&post=102"}],"curies":[{"name":"wp","href":"https:\/\/api.w.org\/{rel}","templated":true}]}}