{"id":64,"date":"2026-02-21T21:35:29","date_gmt":"2026-02-21T14:35:29","guid":{"rendered":"https:\/\/dotuvechinhhang.vn\/?page_id=64"},"modified":"2026-02-23T11:55:41","modified_gmt":"2026-02-23T04:55:41","slug":"cac-san-pham-khac","status":"publish","type":"page","link":"https:\/\/dotuvechinhhang.vn\/?page_id=64","title":{"rendered":"C\u00c1C S\u1ea2N PH\u1ea8M KH\u00c1C"},"content":{"rendered":"\n\t\n  \n    <div class=\"row large-columns-4 medium-columns-3 small-columns-2 row-small\" >\n  \n\t     <div class=\"product-small col has-hover product type-product post-110 status-publish first instock product_cat-san-pham-khac product_cat-tay-dam-gau has-post-thumbnail shipping-taxable purchasable product-type-simple\">\n\t<div class=\"col-inner\">\n\t\n<div class=\"badge-container absolute left top z-1\">\n\n<\/div>\n\t<div class=\"product-small box \">\n\t\t<div class=\"box-image\">\n\t\t\t<div class=\"image-fade_in_back\">\n\t\t\t\t<a href=\"https:\/\/dotuvechinhhang.vn\/?product=tay-dam-gau-mau-titan\" aria-label=\"Tay \u0111\u1ea5m g\u1ea5u m\u00e0u titan\">\n\t\t\t\t\t<img loading=\"lazy\" decoding=\"async\" width=\"300\" height=\"300\" src=\"https:\/\/dotuvechinhhang.vn\/wp-content\/uploads\/2026\/02\/z6541163935400_bb6389c67ca03b6ec5f4c584e168f771-300x300.jpg\" class=\"attachment-woocommerce_thumbnail size-woocommerce_thumbnail\" alt=\"Tay \u0111\u1ea5m g\u1ea5u m\u00e0u titan\" srcset=\"https:\/\/dotuvechinhhang.vn\/wp-content\/uploads\/2026\/02\/z6541163935400_bb6389c67ca03b6ec5f4c584e168f771-300x300.jpg 300w, https:\/\/dotuvechinhhang.vn\/wp-content\/uploads\/2026\/02\/z6541163935400_bb6389c67ca03b6ec5f4c584e168f771-1024x1024.jpg 1024w, https:\/\/dotuvechinhhang.vn\/wp-content\/uploads\/2026\/02\/z6541163935400_bb6389c67ca03b6ec5f4c584e168f771-150x150.jpg 150w, https:\/\/dotuvechinhhang.vn\/wp-content\/uploads\/2026\/02\/z6541163935400_bb6389c67ca03b6ec5f4c584e168f771-768x768.jpg 768w, https:\/\/dotuvechinhhang.vn\/wp-content\/uploads\/2026\/02\/z6541163935400_bb6389c67ca03b6ec5f4c584e168f771-1536x1536.jpg 1536w, https:\/\/dotuvechinhhang.vn\/wp-content\/uploads\/2026\/02\/z6541163935400_bb6389c67ca03b6ec5f4c584e168f771-2048x2048.jpg 2048w, https:\/\/dotuvechinhhang.vn\/wp-content\/uploads\/2026\/02\/z6541163935400_bb6389c67ca03b6ec5f4c584e168f771-600x600.jpg 600w, https:\/\/dotuvechinhhang.vn\/wp-content\/uploads\/2026\/02\/z6541163935400_bb6389c67ca03b6ec5f4c584e168f771-100x100.jpg 100w\" sizes=\"auto, (max-width: 300px) 100vw, 300px\" \/>\t\t\t\t<\/a>\n\t\t\t<\/div>\n\t\t\t<div class=\"image-tools is-small top right show-on-hover\">\n\t\t\t\t\t\t\t<\/div>\n\t\t\t<div class=\"image-tools is-small hide-for-small bottom left show-on-hover\">\n\t\t\t\t\t\t\t<\/div>\n\t\t\t<div class=\"image-tools grid-tools text-center hide-for-small bottom hover-slide-in show-on-hover\">\n\t\t\t\t  <a class=\"quick-view\" data-prod=\"110\" href=\"#quick-view\">Xem nhanh<\/a>\t\t\t<\/div>\n\t\t\t\t\t<\/div>\n\n\t\t<div class=\"box-text box-text-products\">\n\t\t\t<div class=\"title-wrapper\">\t\t<p class=\"category uppercase is-smaller no-text-overflow product-cat op-7\">\n\t\t\tS\u1ea2N PH\u1ea8M KH\u00c1C\t\t<\/p>\n\t<p class=\"name product-title woocommerce-loop-product__title\"><a href=\"https:\/\/dotuvechinhhang.vn\/?product=tay-dam-gau-mau-titan\" class=\"woocommerce-LoopProduct-link woocommerce-loop-product__link\">Tay \u0111\u1ea5m g\u1ea5u m\u00e0u titan<\/a><\/p><\/div><div class=\"price-wrapper\">\n\t<span class=\"price\"><span class=\"woocommerce-Price-amount amount\"><bdi>200,000&nbsp;<span class=\"woocommerce-Price-currencySymbol\">VND<\/span><\/bdi><\/span><\/span>\n<\/div>\t\t<\/div>\n\t<\/div>\n\t\t<\/div>\n<\/div><div class=\"product-small col has-hover product type-product post-106 status-publish instock product_cat-san-pham-khac product_cat-tay-dam-gau has-post-thumbnail shipping-taxable purchasable product-type-simple\">\n\t<div class=\"col-inner\">\n\t\n<div class=\"badge-container absolute left top z-1\">\n\n<\/div>\n\t<div class=\"product-small box \">\n\t\t<div class=\"box-image\">\n\t\t\t<div class=\"image-fade_in_back\">\n\t\t\t\t<a href=\"https:\/\/dotuvechinhhang.vn\/?product=tay-dam-gau-titan-mau-den\" aria-label=\"Tay \u0111\u1ea5m g\u1ea5u titan m\u00e0u \u0111en\">\n\t\t\t\t\t<img loading=\"lazy\" decoding=\"async\" width=\"300\" height=\"300\" src=\"https:\/\/dotuvechinhhang.vn\/wp-content\/uploads\/2026\/02\/z6541163942462_58b4312e54b36aba0e5d2485aa73729d-300x300.jpg\" class=\"attachment-woocommerce_thumbnail size-woocommerce_thumbnail\" alt=\"Tay \u0111\u1ea5m g\u1ea5u titan m\u00e0u \u0111en\" srcset=\"https:\/\/dotuvechinhhang.vn\/wp-content\/uploads\/2026\/02\/z6541163942462_58b4312e54b36aba0e5d2485aa73729d-300x300.jpg 300w, https:\/\/dotuvechinhhang.vn\/wp-content\/uploads\/2026\/02\/z6541163942462_58b4312e54b36aba0e5d2485aa73729d-1024x1024.jpg 1024w, https:\/\/dotuvechinhhang.vn\/wp-content\/uploads\/2026\/02\/z6541163942462_58b4312e54b36aba0e5d2485aa73729d-150x150.jpg 150w, https:\/\/dotuvechinhhang.vn\/wp-content\/uploads\/2026\/02\/z6541163942462_58b4312e54b36aba0e5d2485aa73729d-768x768.jpg 768w, https:\/\/dotuvechinhhang.vn\/wp-content\/uploads\/2026\/02\/z6541163942462_58b4312e54b36aba0e5d2485aa73729d-1536x1536.jpg 1536w, https:\/\/dotuvechinhhang.vn\/wp-content\/uploads\/2026\/02\/z6541163942462_58b4312e54b36aba0e5d2485aa73729d-2048x2048.jpg 2048w, https:\/\/dotuvechinhhang.vn\/wp-content\/uploads\/2026\/02\/z6541163942462_58b4312e54b36aba0e5d2485aa73729d-600x600.jpg 600w, https:\/\/dotuvechinhhang.vn\/wp-content\/uploads\/2026\/02\/z6541163942462_58b4312e54b36aba0e5d2485aa73729d-100x100.jpg 100w\" sizes=\"auto, (max-width: 300px) 100vw, 300px\" \/><img loading=\"lazy\" decoding=\"async\" width=\"300\" height=\"300\" src=\"https:\/\/dotuvechinhhang.vn\/wp-content\/uploads\/2026\/02\/z6541163946787_f9814ce1490a8a8c18998b79c2fb66d8-300x300.jpg\" class=\"show-on-hover absolute fill hide-for-small back-image\" alt=\"\" srcset=\"https:\/\/dotuvechinhhang.vn\/wp-content\/uploads\/2026\/02\/z6541163946787_f9814ce1490a8a8c18998b79c2fb66d8-300x300.jpg 300w, https:\/\/dotuvechinhhang.vn\/wp-content\/uploads\/2026\/02\/z6541163946787_f9814ce1490a8a8c18998b79c2fb66d8-1024x1024.jpg 1024w, https:\/\/dotuvechinhhang.vn\/wp-content\/uploads\/2026\/02\/z6541163946787_f9814ce1490a8a8c18998b79c2fb66d8-150x150.jpg 150w, https:\/\/dotuvechinhhang.vn\/wp-content\/uploads\/2026\/02\/z6541163946787_f9814ce1490a8a8c18998b79c2fb66d8-768x768.jpg 768w, https:\/\/dotuvechinhhang.vn\/wp-content\/uploads\/2026\/02\/z6541163946787_f9814ce1490a8a8c18998b79c2fb66d8-1536x1536.jpg 1536w, https:\/\/dotuvechinhhang.vn\/wp-content\/uploads\/2026\/02\/z6541163946787_f9814ce1490a8a8c18998b79c2fb66d8-2048x2048.jpg 2048w, https:\/\/dotuvechinhhang.vn\/wp-content\/uploads\/2026\/02\/z6541163946787_f9814ce1490a8a8c18998b79c2fb66d8-600x600.jpg 600w, https:\/\/dotuvechinhhang.vn\/wp-content\/uploads\/2026\/02\/z6541163946787_f9814ce1490a8a8c18998b79c2fb66d8-100x100.jpg 100w\" sizes=\"auto, (max-width: 300px) 100vw, 300px\" \/>\t\t\t\t<\/a>\n\t\t\t<\/div>\n\t\t\t<div class=\"image-tools is-small top right show-on-hover\">\n\t\t\t\t\t\t\t<\/div>\n\t\t\t<div class=\"image-tools is-small hide-for-small bottom left show-on-hover\">\n\t\t\t\t\t\t\t<\/div>\n\t\t\t<div class=\"image-tools grid-tools text-center hide-for-small bottom hover-slide-in show-on-hover\">\n\t\t\t\t  <a class=\"quick-view\" data-prod=\"106\" href=\"#quick-view\">Xem nhanh<\/a>\t\t\t<\/div>\n\t\t\t\t\t<\/div>\n\n\t\t<div class=\"box-text box-text-products\">\n\t\t\t<div class=\"title-wrapper\">\t\t<p class=\"category uppercase is-smaller no-text-overflow product-cat op-7\">\n\t\t\tS\u1ea2N PH\u1ea8M KH\u00c1C\t\t<\/p>\n\t<p class=\"name product-title woocommerce-loop-product__title\"><a href=\"https:\/\/dotuvechinhhang.vn\/?product=tay-dam-gau-titan-mau-den\" class=\"woocommerce-LoopProduct-link woocommerce-loop-product__link\">Tay \u0111\u1ea5m g\u1ea5u titan m\u00e0u \u0111en<\/a><\/p><\/div><div class=\"price-wrapper\">\n\t<span class=\"price\"><span class=\"woocommerce-Price-amount amount\"><bdi>200,000&nbsp;<span class=\"woocommerce-Price-currencySymbol\">VND<\/span><\/bdi><\/span><\/span>\n<\/div>\t\t<\/div>\n\t<\/div>\n\t\t<\/div>\n<\/div><div class=\"product-small col has-hover product type-product post-102 status-publish last instock product_cat-cong-so-8 product_cat-san-pham-khac has-post-thumbnail shipping-taxable purchasable product-type-simple\">\n\t<div class=\"col-inner\">\n\t\n<div class=\"badge-container absolute left top z-1\">\n\n<\/div>\n\t<div class=\"product-small box \">\n\t\t<div class=\"box-image\">\n\t\t\t<div class=\"image-fade_in_back\">\n\t\t\t\t<a href=\"https:\/\/dotuvechinhhang.vn\/?product=cong-so-8\" aria-label=\"C\u00f2ng s\u1ed1 8\">\n\t\t\t\t\t<img loading=\"lazy\" decoding=\"async\" width=\"300\" height=\"300\" src=\"https:\/\/dotuvechinhhang.vn\/wp-content\/uploads\/2026\/02\/z6541163876737_b095869333a1417c8781bf643bfc5659-300x300.jpg\" class=\"attachment-woocommerce_thumbnail size-woocommerce_thumbnail\" alt=\"C\u00f2ng s\u1ed1 8\" srcset=\"https:\/\/dotuvechinhhang.vn\/wp-content\/uploads\/2026\/02\/z6541163876737_b095869333a1417c8781bf643bfc5659-300x300.jpg 300w, https:\/\/dotuvechinhhang.vn\/wp-content\/uploads\/2026\/02\/z6541163876737_b095869333a1417c8781bf643bfc5659-1024x1024.jpg 1024w, https:\/\/dotuvechinhhang.vn\/wp-content\/uploads\/2026\/02\/z6541163876737_b095869333a1417c8781bf643bfc5659-150x150.jpg 150w, https:\/\/dotuvechinhhang.vn\/wp-content\/uploads\/2026\/02\/z6541163876737_b095869333a1417c8781bf643bfc5659-768x768.jpg 768w, https:\/\/dotuvechinhhang.vn\/wp-content\/uploads\/2026\/02\/z6541163876737_b095869333a1417c8781bf643bfc5659-1536x1536.jpg 1536w, https:\/\/dotuvechinhhang.vn\/wp-content\/uploads\/2026\/02\/z6541163876737_b095869333a1417c8781bf643bfc5659-2048x2048.jpg 2048w, https:\/\/dotuvechinhhang.vn\/wp-content\/uploads\/2026\/02\/z6541163876737_b095869333a1417c8781bf643bfc5659-600x600.jpg 600w, https:\/\/dotuvechinhhang.vn\/wp-content\/uploads\/2026\/02\/z6541163876737_b095869333a1417c8781bf643bfc5659-100x100.jpg 100w\" sizes=\"auto, (max-width: 300px) 100vw, 300px\" \/><img loading=\"lazy\" decoding=\"async\" width=\"300\" height=\"300\" src=\"https:\/\/dotuvechinhhang.vn\/wp-content\/uploads\/2026\/02\/z6541163863660_2edc4afc49498a15bd653c66ce906441-300x300.jpg\" class=\"show-on-hover absolute fill hide-for-small back-image\" alt=\"\" srcset=\"https:\/\/dotuvechinhhang.vn\/wp-content\/uploads\/2026\/02\/z6541163863660_2edc4afc49498a15bd653c66ce906441-300x300.jpg 300w, https:\/\/dotuvechinhhang.vn\/wp-content\/uploads\/2026\/02\/z6541163863660_2edc4afc49498a15bd653c66ce906441-1024x1024.jpg 1024w, https:\/\/dotuvechinhhang.vn\/wp-content\/uploads\/2026\/02\/z6541163863660_2edc4afc49498a15bd653c66ce906441-150x150.jpg 150w, https:\/\/dotuvechinhhang.vn\/wp-content\/uploads\/2026\/02\/z6541163863660_2edc4afc49498a15bd653c66ce906441-768x768.jpg 768w, https:\/\/dotuvechinhhang.vn\/wp-content\/uploads\/2026\/02\/z6541163863660_2edc4afc49498a15bd653c66ce906441-1536x1536.jpg 1536w, https:\/\/dotuvechinhhang.vn\/wp-content\/uploads\/2026\/02\/z6541163863660_2edc4afc49498a15bd653c66ce906441-2048x2048.jpg 2048w, https:\/\/dotuvechinhhang.vn\/wp-content\/uploads\/2026\/02\/z6541163863660_2edc4afc49498a15bd653c66ce906441-600x600.jpg 600w, https:\/\/dotuvechinhhang.vn\/wp-content\/uploads\/2026\/02\/z6541163863660_2edc4afc49498a15bd653c66ce906441-100x100.jpg 100w\" sizes=\"auto, (max-width: 300px) 100vw, 300px\" \/>\t\t\t\t<\/a>\n\t\t\t<\/div>\n\t\t\t<div class=\"image-tools is-small top right show-on-hover\">\n\t\t\t\t\t\t\t<\/div>\n\t\t\t<div class=\"image-tools is-small hide-for-small bottom left show-on-hover\">\n\t\t\t\t\t\t\t<\/div>\n\t\t\t<div class=\"image-tools grid-tools text-center hide-for-small bottom hover-slide-in show-on-hover\">\n\t\t\t\t  <a class=\"quick-view\" data-prod=\"102\" href=\"#quick-view\">Xem nhanh<\/a>\t\t\t<\/div>\n\t\t\t\t\t<\/div>\n\n\t\t<div class=\"box-text box-text-products\">\n\t\t\t<div class=\"title-wrapper\">\t\t<p class=\"category uppercase is-smaller no-text-overflow product-cat op-7\">\n\t\t\tC\u00f2ng s\u1ed1 8\t\t<\/p>\n\t<p class=\"name product-title woocommerce-loop-product__title\"><a href=\"https:\/\/dotuvechinhhang.vn\/?product=cong-so-8\" class=\"woocommerce-LoopProduct-link woocommerce-loop-product__link\">C\u00f2ng s\u1ed1 8<\/a><\/p><\/div><div class=\"price-wrapper\">\n\t<span class=\"price\"><span class=\"woocommerce-Price-amount amount\"><bdi>590,000&nbsp;<span class=\"woocommerce-Price-currencySymbol\">VND<\/span><\/bdi><\/span><\/span>\n<\/div>\t\t<\/div>\n\t<\/div>\n\t\t<\/div>\n<\/div><\/div>\n\n\n","protected":false},"excerpt":{"rendered":"","protected":false},"author":1,"featured_media":0,"parent":0,"menu_order":0,"comment_status":"closed","ping_status":"closed","template":"","meta":{"footnotes":""},"class_list":["post-64","page","type-page","status-publish","hentry"],"yoast_head":"<!-- This site is optimized with the Yoast SEO plugin v27.0 - https:\/\/yoast.com\/product\/yoast-seo-wordpress\/ -->\n<title>C\u00c1C S\u1ea2N PH\u1ea8M KH\u00c1C - Baton - Ch\u00edch \u0110i\u1ec7n - X\u1ecbt Cay ch\u00ednh h\u00e3ng<\/title>\n<meta name=\"robots\" content=\"index, follow, max-snippet:-1, max-image-preview:large, max-video-preview:-1\" \/>\n<link rel=\"canonical\" href=\"https:\/\/dotuvechinhhang.vn\/?page_id=64\" \/>\n<meta property=\"og:locale\" content=\"vi_VN\" \/>\n<meta property=\"og:type\" content=\"article\" \/>\n<meta property=\"og:title\" content=\"C\u00c1C S\u1ea2N PH\u1ea8M KH\u00c1C - Baton - Ch\u00edch \u0110i\u1ec7n - X\u1ecbt Cay ch\u00ednh h\u00e3ng\" \/>\n<meta property=\"og:url\" content=\"https:\/\/dotuvechinhhang.vn\/?page_id=64\" \/>\n<meta property=\"og:site_name\" content=\"Baton - Ch\u00edch \u0110i\u1ec7n - X\u1ecbt Cay ch\u00ednh h\u00e3ng\" \/>\n<meta property=\"article:modified_time\" content=\"2026-02-23T04:55:41+00:00\" \/>\n<meta name=\"twitter:card\" content=\"summary_large_image\" \/>\n<script type=\"application\/ld+json\" class=\"yoast-schema-graph\">{\"@context\":\"https:\/\/schema.org\",\"@graph\":[{\"@type\":\"WebPage\",\"@id\":\"https:\/\/dotuvechinhhang.vn\/?page_id=64\",\"url\":\"https:\/\/dotuvechinhhang.vn\/?page_id=64\",\"name\":\"C\u00c1C S\u1ea2N PH\u1ea8M KH\u00c1C - Baton - Ch\u00edch \u0110i\u1ec7n - X\u1ecbt Cay ch\u00ednh h\u00e3ng\",\"isPartOf\":{\"@id\":\"https:\/\/dotuvechinhhang.vn\/#website\"},\"datePublished\":\"2026-02-21T14:35:29+00:00\",\"dateModified\":\"2026-02-23T04:55:41+00:00\",\"breadcrumb\":{\"@id\":\"https:\/\/dotuvechinhhang.vn\/?page_id=64#breadcrumb\"},\"inLanguage\":\"vi\",\"potentialAction\":[{\"@type\":\"ReadAction\",\"target\":[\"https:\/\/dotuvechinhhang.vn\/?page_id=64\"]}]},{\"@type\":\"BreadcrumbList\",\"@id\":\"https:\/\/dotuvechinhhang.vn\/?page_id=64#breadcrumb\",\"itemListElement\":[{\"@type\":\"ListItem\",\"position\":1,\"name\":\"Trang ch\u1ee7\",\"item\":\"https:\/\/dotuvechinhhang.vn\/\"},{\"@type\":\"ListItem\",\"position\":2,\"name\":\"C\u00c1C S\u1ea2N PH\u1ea8M KH\u00c1C\"}]},{\"@type\":\"WebSite\",\"@id\":\"https:\/\/dotuvechinhhang.vn\/#website\",\"url\":\"https:\/\/dotuvechinhhang.vn\/\",\"name\":\"Baton - Ch\u00edch \u0110i\u1ec7n - X\u1ecbt Cay ch\u00ednh h\u00e3ng\",\"description\":\"\",\"potentialAction\":[{\"@type\":\"SearchAction\",\"target\":{\"@type\":\"EntryPoint\",\"urlTemplate\":\"https:\/\/dotuvechinhhang.vn\/?s={search_term_string}\"},\"query-input\":{\"@type\":\"PropertyValueSpecification\",\"valueRequired\":true,\"valueName\":\"search_term_string\"}}],\"inLanguage\":\"vi\"}]}<\/script>\n<!-- \/ Yoast SEO plugin. -->","yoast_head_json":{"title":"C\u00c1C S\u1ea2N PH\u1ea8M KH\u00c1C - Baton - Ch\u00edch \u0110i\u1ec7n - X\u1ecbt Cay ch\u00ednh h\u00e3ng","robots":{"index":"index","follow":"follow","max-snippet":"max-snippet:-1","max-image-preview":"max-image-preview:large","max-video-preview":"max-video-preview:-1"},"canonical":"https:\/\/dotuvechinhhang.vn\/?page_id=64","og_locale":"vi_VN","og_type":"article","og_title":"C\u00c1C S\u1ea2N PH\u1ea8M KH\u00c1C - Baton - Ch\u00edch \u0110i\u1ec7n - X\u1ecbt Cay ch\u00ednh h\u00e3ng","og_url":"https:\/\/dotuvechinhhang.vn\/?page_id=64","og_site_name":"Baton - Ch\u00edch \u0110i\u1ec7n - X\u1ecbt Cay ch\u00ednh h\u00e3ng","article_modified_time":"2026-02-23T04:55:41+00:00","twitter_card":"summary_large_image","schema":{"@context":"https:\/\/schema.org","@graph":[{"@type":"WebPage","@id":"https:\/\/dotuvechinhhang.vn\/?page_id=64","url":"https:\/\/dotuvechinhhang.vn\/?page_id=64","name":"C\u00c1C S\u1ea2N PH\u1ea8M KH\u00c1C - Baton - Ch\u00edch \u0110i\u1ec7n - X\u1ecbt Cay ch\u00ednh h\u00e3ng","isPartOf":{"@id":"https:\/\/dotuvechinhhang.vn\/#website"},"datePublished":"2026-02-21T14:35:29+00:00","dateModified":"2026-02-23T04:55:41+00:00","breadcrumb":{"@id":"https:\/\/dotuvechinhhang.vn\/?page_id=64#breadcrumb"},"inLanguage":"vi","potentialAction":[{"@type":"ReadAction","target":["https:\/\/dotuvechinhhang.vn\/?page_id=64"]}]},{"@type":"BreadcrumbList","@id":"https:\/\/dotuvechinhhang.vn\/?page_id=64#breadcrumb","itemListElement":[{"@type":"ListItem","position":1,"name":"Trang ch\u1ee7","item":"https:\/\/dotuvechinhhang.vn\/"},{"@type":"ListItem","position":2,"name":"C\u00c1C S\u1ea2N PH\u1ea8M KH\u00c1C"}]},{"@type":"WebSite","@id":"https:\/\/dotuvechinhhang.vn\/#website","url":"https:\/\/dotuvechinhhang.vn\/","name":"Baton - Ch\u00edch \u0110i\u1ec7n - X\u1ecbt Cay ch\u00ednh h\u00e3ng","description":"","potentialAction":[{"@type":"SearchAction","target":{"@type":"EntryPoint","urlTemplate":"https:\/\/dotuvechinhhang.vn\/?s={search_term_string}"},"query-input":{"@type":"PropertyValueSpecification","valueRequired":true,"valueName":"search_term_string"}}],"inLanguage":"vi"}]}},"_links":{"self":[{"href":"https:\/\/dotuvechinhhang.vn\/index.php?rest_route=\/wp\/v2\/pages\/64","targetHints":{"allow":["GET"]}}],"collection":[{"href":"https:\/\/dotuvechinhhang.vn\/index.php?rest_route=\/wp\/v2\/pages"}],"about":[{"href":"https:\/\/dotuvechinhhang.vn\/index.php?rest_route=\/wp\/v2\/types\/page"}],"author":[{"embeddable":true,"href":"https:\/\/dotuvechinhhang.vn\/index.php?rest_route=\/wp\/v2\/users\/1"}],"replies":[{"embeddable":true,"href":"https:\/\/dotuvechinhhang.vn\/index.php?rest_route=%2Fwp%2Fv2%2Fcomments&post=64"}],"version-history":[{"count":2,"href":"https:\/\/dotuvechinhhang.vn\/index.php?rest_route=\/wp\/v2\/pages\/64\/revisions"}],"predecessor-version":[{"id":284,"href":"https:\/\/dotuvechinhhang.vn\/index.php?rest_route=\/wp\/v2\/pages\/64\/revisions\/284"}],"wp:attachment":[{"href":"https:\/\/dotuvechinhhang.vn\/index.php?rest_route=%2Fwp%2Fv2%2Fmedia&parent=64"}],"curies":[{"name":"wp","href":"https:\/\/api.w.org\/{rel}","templated":true}]}}